{"id":86914,"date":"2024-06-26T10:56:35","date_gmt":"2024-06-25T22:42:14","guid":{"rendered":"https:\/\/factory.sale\/?post_type=product&#038;p=86914"},"modified":"2024-06-26T10:57:17","modified_gmt":"2024-06-26T10:57:17","slug":"paviljon-double-165-m%c2%b2-165-m%c2%b2","status":"publish","type":"product","link":"https:\/\/factory.sale\/et\/toode\/paviljon-double-165-m%c2%b2-165-m%c2%b2\/","title":{"rendered":"Paviljon Double 16,5 m\u00b2 + 16,5 m\u00b2"},"content":{"rendered":"<p>Paviljon Double 16,5 m\u00b2 + 16,5 m\u00b2 koos 3 m koridoriga on suurep\u00e4rase ilu ja disaini t\u00f6\u00f6. See paviljon k\u00f6idab naabrite, k\u00fclaliste v\u00f5i uudishimulike m\u00f6\u00f6dujate t\u00e4helepanu. Me garanteerime, et naudite igat hetke, mida veedate oma mini-restoranis. Teil on suurep\u00e4rane koht, kus p\u00e4\u00e4seda igap\u00e4eva muredest ja sukelduda oma rahu oaasi.<\/p>\n<p>&nbsp;<\/p>\n<p>&nbsp;<\/p>\n<p><strong>Tehnilised andmed:<\/strong><\/p>\n<p>Mahutab: 15-30 inimest<br \/>\nPuit: m\u00e4nnipuit<br \/>\nKuju: kaheksanurk<br \/>\nV\u00e4lism\u00f5\u00f5dud: 12,02 m x 4,52 m<br \/>\nSiseala: 2 x 16,5 m\u00b2 + 5,4 m\u00b2 koridor<br \/>\nK\u00f5rgus: 3,574 m<br \/>\nSeina k\u00f5rgus: 1,95 m<br \/>\nSeina paksus: 45 mm<br \/>\nP\u00f5randalaudade paksus: 18 mm<br \/>\nLakkeplaatide paksus: 18 mm<br \/>\nKatusematerjal: Soome bituumensindlid<br \/>\nAknasuurus: 13 tk (7 avatavat) topeltklaasiga, akna suurus 1020 x 1060 mm<br \/>\nUkse suurus: 1020 x 1600 mm, liimpuit (m\u00e4nnipuit)<\/p>\n<p>See paviljon tarnitakse t\u00f6\u00f6tlemata\/ v\u00e4rvimata.<\/p>\n<p>&nbsp;<\/p>\n<p>&nbsp;<\/p>\n<p><strong>Standardkomplekt:<\/strong><\/p>\n<p>P\u00f5randalauad<br \/>\nPaviljoni seinad<br \/>\nKatus kaetud bituumensindlitega<br \/>\n13 topeltklaasidega akent (7 avatavat)<br \/>\n2 prantsuse stiilis topeltklaasidega ust, puidust k\u00e4epideme ja lukuga<br \/>\nM\u00e4rkus: BBQ komplekt, pingid ja siseseinad ei kuulu komplekti ja tuleb tellida eraldi.<\/p>\n<p>&nbsp;<\/p>\n<p><strong>Tarne:<\/strong> paviljon tarnitakse alustel, aluse suurus:<\/p>\n<p>1 alus (1,2 x 3,5 x 2,6) 1800 kg<br \/>\n1 alus (1,2 x 3,5 x 2,6) 1800 kg<br \/>\n1 alus (1,2 x 4,0 x 2,6) 900 kg<\/p>\n<p>&nbsp;<\/p>\n<p>&nbsp;<\/p>\n<p><strong>Katuse v\u00e4rv:<\/strong><\/p>\n<p>Must, punane, roheline, hall<\/p>\n<p><img loading=\"lazy\" decoding=\"async\" class=\"alignnone wp-image-86382\" src=\"https:\/\/factory.sale\/wp-content\/uploads\/2024\/06\/colours-2-300x69.png\" alt=\"\" width=\"778\" height=\"179\" srcset=\"https:\/\/factory.sale\/wp-content\/uploads\/2024\/06\/colours-2-300x69.png 300w, https:\/\/factory.sale\/wp-content\/uploads\/2024\/06\/colours-2-150x35.png 150w, https:\/\/factory.sale\/wp-content\/uploads\/2024\/06\/colours-2-600x139.png 600w, https:\/\/factory.sale\/wp-content\/uploads\/2024\/06\/colours-2.png 640w\" sizes=\"auto, (max-width: 778px) 100vw, 778px\" \/><\/p>\n<p>&nbsp;<\/p>\n<p>&nbsp;<\/p>\n<p><strong>Lisaks saadaval (hinnad ilma k\u00e4ibemaksuta):<\/strong><\/p>\n<p><strong>BBQ grill ja korsten:<\/strong><\/p>\n<p>Standard 8 nurka 661,25 .-<br \/>\nLuxury 1075,25 .-<br \/>\nFlame 1219 .-<br \/>\nLarge flame 1598,5 .-<br \/>\nGrillilaua ohutuspiire 80,5 .-<br \/>\nBBQ laua kate 23 .-<br \/>\nSuitsueemaldaja 506 .-<br \/>\nLuksuslik BBQ laud 103,5 .-<\/p>\n<p>&nbsp;<\/p>\n<p>&nbsp;<\/p>\n<p><strong>Sisemised pingid:<\/strong><\/p>\n<p>\u00dches paviljonis 126,5 .-<br \/>\nKahes paviljonis 253 .-<br \/>\nVahesein uste jaotusega 189,75 .-<\/p>\n<p>&nbsp;<\/p>\n<p><strong>Avatavad aknad:<\/strong><\/p>\n<p>7 kolmeteistk\u00fcmnest (standard) \/ 0 .-<br \/>\n8 kolmeteistk\u00fcmnest \/ 75,9 .-<br \/>\n9 kolmeteistk\u00fcmnest \/ 155,25 .-<br \/>\n10 kolmeteistk\u00fcmnest \/ 230 .-<br \/>\n11 kolmeteistk\u00fcmnest \/ 303,6 .-<br \/>\n12 kolmeteistk\u00fcmnest \/ 379,5 .-<br \/>\n13 kolmeteistk\u00fcmnest \/ 455,4 .-<\/p>\n<p>&nbsp;<\/p>\n<p><strong>P\u00f5randavalikud:<\/strong><\/p>\n<p>Luksusp\u00f5rand 28 mm 885,5 .-<br \/>\nLuksuslik isolatsiooniga p\u00f5rand 1265 .-<br \/>\nLuksuslik isolatsiooniga p\u00f5rand ventilatsiooniga 28 mm 1581,25 .-<\/p>\n<p>&nbsp;<\/p>\n<p>&nbsp;<\/p>\n<p><strong><em>Samuti saadaval tarvikud, k\u00fcsi lisainfot.<\/em><\/strong><\/p>\n<div style=\"width: 1920px;\" class=\"wp-video\"><!--[if lt IE 9]><script>document.createElement('video');<\/script><![endif]-->\n<video class=\"wp-video-shortcode\" id=\"video-86914-1\" width=\"1920\" height=\"1080\" preload=\"metadata\" controls=\"controls\"><source type=\"video\/mp4\" src=\"https:\/\/factory.sale\/wp-content\/uploads\/2024\/06\/VID_20200513_113117.mp4?_=1\" \/><a href=\"https:\/\/factory.sale\/wp-content\/uploads\/2024\/06\/VID_20200513_113117.mp4\">https:\/\/factory.sale\/wp-content\/uploads\/2024\/06\/VID_20200513_113117.mp4<\/a><\/video><\/div>\n","protected":false},"excerpt":{"rendered":"<p>Paviljon Double 16,5 m\u00b2 + 16,5 m\u00b2 koos 3 m koridoriga on suurep\u00e4rase ilu ja disaini kooslus. See paviljon k\u00f6idab naabrite, k\u00fclaliste v\u00f5i uudishimulike m\u00f6\u00f6dujate t\u00e4helepanu. Me garanteerime, et naudite igat hetke, mida veedate oma mini-restoranis. Teil on suurep\u00e4rane koht, kus p\u00e4\u00e4seda igap\u00e4eva muredest ja sukelduda oma rahu oaasi.<\/p>\n","protected":false},"featured_media":87047,"comment_status":"open","ping_status":"closed","template":"","meta":{"_acf_changed":false},"factory":[],"free-shipment":[],"product_brand":[],"product_cat":[924,2924],"product_tag":[1483,928,1484,2714],"class_list":{"0":"post-86914","1":"product","2":"type-product","3":"status-publish","4":"has-post-thumbnail","6":"product_cat-aiatooted","7":"product_cat-grillmajad","8":"product_tag-garden-et","9":"product_tag-grill-et","10":"product_tag-yard-et","11":"product_tag-yard-and-garden-et","13":"first","14":"instock","15":"sale","16":"taxable","17":"shipping-taxable","18":"purchasable","19":"product-type-simple"},"acf":[],"_links":{"self":[{"href":"https:\/\/factory.sale\/et\/wp-json\/wp\/v2\/product\/86914","targetHints":{"allow":["GET"]}}],"collection":[{"href":"https:\/\/factory.sale\/et\/wp-json\/wp\/v2\/product"}],"about":[{"href":"https:\/\/factory.sale\/et\/wp-json\/wp\/v2\/types\/product"}],"replies":[{"embeddable":true,"href":"https:\/\/factory.sale\/et\/wp-json\/wp\/v2\/comments?post=86914"}],"wp:featuredmedia":[{"embeddable":true,"href":"https:\/\/factory.sale\/et\/wp-json\/wp\/v2\/media\/87047"}],"wp:attachment":[{"href":"https:\/\/factory.sale\/et\/wp-json\/wp\/v2\/media?parent=86914"}],"wp:term":[{"taxonomy":"factory","embeddable":true,"href":"https:\/\/factory.sale\/et\/wp-json\/wp\/v2\/factory?post=86914"},{"taxonomy":"free-shipment","embeddable":true,"href":"https:\/\/factory.sale\/et\/wp-json\/wp\/v2\/free-shipment?post=86914"},{"taxonomy":"product_brand","embeddable":true,"href":"https:\/\/factory.sale\/et\/wp-json\/wp\/v2\/product_brand?post=86914"},{"taxonomy":"product_cat","embeddable":true,"href":"https:\/\/factory.sale\/et\/wp-json\/wp\/v2\/product_cat?post=86914"},{"taxonomy":"product_tag","embeddable":true,"href":"https:\/\/factory.sale\/et\/wp-json\/wp\/v2\/product_tag?post=86914"}],"curies":[{"name":"wp","href":"https:\/\/api.w.org\/{rel}","templated":true}]}}