{"id":86871,"date":"2024-06-26T11:07:09","date_gmt":"2024-06-26T11:07:41","guid":{"rendered":"https:\/\/factory.sale\/?post_type=product&#038;p=86871"},"modified":"2024-06-26T11:07:41","modified_gmt":"2024-06-26T11:07:41","slug":"topelt-grillimaja-165-m%c2%b2","status":"publish","type":"product","link":"https:\/\/factory.sale\/et\/toode\/topelt-grillimaja-165-m%c2%b2\/","title":{"rendered":"Topelt grillimaja 16,5 m\u00b2"},"content":{"rendered":"<p>Topelt grillimaja 16,5 m\u00b2 on suurep\u00e4rase ilu ja disaini kooslus. See maja k\u00f6idab naabrite, k\u00fclaliste v\u00f5i uudishimulike m\u00f6\u00f6dujate t\u00e4helepanu. Me garanteerime, et naudite igat hetke, mida veedate oma mini-restoranis.<\/p>\n<p>&nbsp;<\/p>\n<p><strong>Tehnilised andmed:<\/strong><\/p>\n<p>Mahutab: 26-39 inimest<br \/>\nPuit: m\u00e4nnipuit<br \/>\nKuju: 2 omavahel \u00fchendatud kaheksanurkset maja<br \/>\nV\u00e4lism\u00f5\u00f5dud: 5,13 m x 12,66 m<br \/>\nSisem\u00f5\u00f5dud: 4,53 m x 12,06 m<br \/>\nSiseala: 2 x 16,5 m\u00b2 maja + 5,78 m\u00b2 koridor<br \/>\nK\u00f5rgus: 3,55 m<br \/>\nSeina k\u00f5rgus: 1,20 m<br \/>\nSeina paksus: 45 mm<br \/>\nP\u00f5randalaudade paksus: 18 mm<br \/>\nLakkeplaatide paksus: 18 mm<br \/>\nKatusematerjal: Soome bituumensindlid<br \/>\nAknasuurus: 9 tk (5 avatavat) topeltklaasidega, akna suurus 880 x 510 mm<br \/>\nUkse suurus: 780 x 1500 mm, liimpuit (m\u00e4nni)<\/p>\n<p>&nbsp;<\/p>\n<p>&nbsp;<\/p>\n<p><strong>Standardkomplekt:<\/strong><\/p>\n<p>P\u00f5randalauad<br \/>\nSirged seinad<br \/>\nKatus kaetud bituumensindlitega<br \/>\nPikendatav standardkorsten<br \/>\n9 topeltklaasidega akent (5 avatavat)<br \/>\nM\u00e4rkus: BBQ komplekt, pingid ja siseseinad ei kuulu komplekti ja tuleb tellida eraldi.<\/p>\n<p>&nbsp;<\/p>\n<p><strong>Tarne:<\/strong> maja tarnitakse alustel, aluse suurus:<\/p>\n<p>1 tk (1,2 x 3,5 x 2,6) 1800 kg<br \/>\n1 tk (1,2 x 3,5 x 2,6) 1800 kg<br \/>\n1 tk (1,2 x 3,8 x 2,6) 900 kg<\/p>\n<p><img loading=\"lazy\" decoding=\"async\" class=\"alignnone wp-image-86874\" src=\"https:\/\/factory.sale\/wp-content\/uploads\/2024\/06\/grill-moodud-4-300x172.png\" alt=\"\" width=\"635\" height=\"364\" srcset=\"https:\/\/factory.sale\/wp-content\/uploads\/2024\/06\/grill-moodud-4-300x172.png 300w, https:\/\/factory.sale\/wp-content\/uploads\/2024\/06\/grill-moodud-4-1024x586.png 1024w, https:\/\/factory.sale\/wp-content\/uploads\/2024\/06\/grill-moodud-4-150x86.png 150w, https:\/\/factory.sale\/wp-content\/uploads\/2024\/06\/grill-moodud-4-1536x879.png 1536w, https:\/\/factory.sale\/wp-content\/uploads\/2024\/06\/grill-moodud-4-600x343.png 600w, https:\/\/factory.sale\/wp-content\/uploads\/2024\/06\/grill-moodud-4.png 1640w\" sizes=\"auto, (max-width: 635px) 100vw, 635px\" \/><\/p>\n<p><strong>Katuse v\u00e4rv:<\/strong><\/p>\n<p>Must, punane, roheline, hall<\/p>\n<p><img loading=\"lazy\" decoding=\"async\" class=\"alignnone wp-image-86382\" src=\"https:\/\/factory.sale\/wp-content\/uploads\/2024\/06\/colours-2-300x69.png\" alt=\"\" width=\"626\" height=\"144\" srcset=\"https:\/\/factory.sale\/wp-content\/uploads\/2024\/06\/colours-2-300x69.png 300w, https:\/\/factory.sale\/wp-content\/uploads\/2024\/06\/colours-2-150x35.png 150w, https:\/\/factory.sale\/wp-content\/uploads\/2024\/06\/colours-2-600x139.png 600w, https:\/\/factory.sale\/wp-content\/uploads\/2024\/06\/colours-2.png 640w\" sizes=\"auto, (max-width: 626px) 100vw, 626px\" \/><\/p>\n<p>&nbsp;<\/p>\n<p>&nbsp;<\/p>\n<p><strong>Lisaks saadaval (hinnad ilma k\u00e4ibemaksuta):<\/strong><\/p>\n<p><strong>BBQ grill ja korsten:<\/strong><\/p>\n<p>Standard 6 nurka 598 .-<br \/>\nLuxury 1075,25 .-<br \/>\nFlame 1219 .-<br \/>\nLarge flame 1598,5 .-<br \/>\nGrillilaua ohutuspiire 80,5 .-<br \/>\nBBQ laua kate 20,7 .-<br \/>\nSuitsueemaldaja 506 .-<br \/>\nLuksuslik BBQ laud 103,5 .-<\/p>\n<p>&nbsp;<\/p>\n<p><strong>Pingid:<\/strong><\/p>\n<p>\u00dches majas 126,5 .-<br \/>\nKahes majas 253 .-<\/p>\n<p>Vahesein uste jaotusega 189,75 .-<\/p>\n<p>&nbsp;<\/p>\n<p><strong>Aknad:<\/strong><\/p>\n<p>Katus aknaga 189,75 .-<br \/>\nKatuseluuk 569,25 .-<br \/>\nKardinad 32,2 .-<\/p>\n<p>&nbsp;<\/p>\n<p>&nbsp;<\/p>\n<p><strong>Seina k\u00f5rgus:<\/strong><\/p>\n<p>Standard 120 cm 0 .-<br \/>\n133 cm 379,5 .-<br \/>\n146 cm 759 .-<\/p>\n<p>&nbsp;<\/p>\n<p><strong>Avatavad aknad:<\/strong><\/p>\n<p>5 \u00fcheksast (standard) \/ 0 .-<br \/>\n6 \u00fcheksast \/ 40,25 .-<br \/>\n7 \u00fcheksast \/ 74,75 .-<br \/>\n8 \u00fcheksast \/ 115 .-<br \/>\n9 \u00fcheksast \/ 155,25 .-<\/p>\n<p>&nbsp;<\/p>\n<p>Isolatsiooniga katus \/ 1581,25 .-<\/p>\n<p>&nbsp;<\/p>\n<p><strong>P\u00f5randavalikud:<\/strong><\/p>\n<p>Luksusp\u00f5rand 28 mm 885,5 .-<br \/>\nLuksuslik isolatsiooniga p\u00f5rand 1265 .-<br \/>\nLuksuslik isolatsiooniga p\u00f5rand ventilatsiooniga 28 mm 1581,25 .-<\/p>\n<p>&nbsp;<\/p>\n<p><em><strong>Samuti saadaval tarvikud, k\u00fcsi lisainfot.<\/strong><\/em><\/p>\n<p>&nbsp;<\/p>\n<p>&nbsp;<\/p>\n<p><a href=\"https:\/\/factory.sale\/wp-content\/uploads\/2024\/06\/Grill-Cabin-16.5-16.5-assembly.pdf\" target=\"_blank\" rel=\"noopener\">Paigaldamine<\/a><\/p>\n<p><a href=\"https:\/\/factory.sale\/wp-content\/uploads\/2024\/06\/Grill-Cabin-16.5-16.5-facade.pdf\" target=\"_blank\" rel=\"noopener\">Fassaadiplaan<\/a><\/p>\n<div style=\"width: 1920px;\" class=\"wp-video\"><!--[if lt IE 9]><script>document.createElement('video');<\/script><![endif]-->\n<video class=\"wp-video-shortcode\" id=\"video-86871-1\" width=\"1920\" height=\"1080\" preload=\"metadata\" controls=\"controls\"><source type=\"video\/mp4\" src=\"https:\/\/factory.sale\/wp-content\/uploads\/2024\/06\/VID_20200513_113117.mp4?_=1\" \/><a href=\"https:\/\/factory.sale\/wp-content\/uploads\/2024\/06\/VID_20200513_113117.mp4\">https:\/\/factory.sale\/wp-content\/uploads\/2024\/06\/VID_20200513_113117.mp4<\/a><\/video><\/div>\n","protected":false},"excerpt":{"rendered":"<p>Topelt grillimaja 16,5 m\u00b2 on suurep\u00e4rase ilu ja disaini kooslus. See maja k\u00f6idab naabrite, k\u00fclaliste v\u00f5i uudishimulike m\u00f6\u00f6dujate t\u00e4helepanu. Me garanteerime, et naudite igat hetke, mida veedate oma mini-restoranis.<\/p>\n","protected":false},"featured_media":87056,"comment_status":"open","ping_status":"closed","template":"","meta":{"_acf_changed":false},"factory":[],"free-shipment":[],"product_brand":[],"product_cat":[917,2923],"product_tag":[1035,1034,2465],"class_list":{"0":"post-86871","1":"product","2":"type-product","3":"status-publish","4":"has-post-thumbnail","6":"product_cat-garden-yard","7":"product_cat-grill-cabins-2","8":"product_tag-garden","9":"product_tag-yard","10":"product_tag-yard-and-garden","12":"first","13":"instock","14":"sale","15":"taxable","16":"shipping-taxable","17":"purchasable","18":"product-type-simple"},"acf":[],"_links":{"self":[{"href":"https:\/\/factory.sale\/et\/wp-json\/wp\/v2\/product\/86871","targetHints":{"allow":["GET"]}}],"collection":[{"href":"https:\/\/factory.sale\/et\/wp-json\/wp\/v2\/product"}],"about":[{"href":"https:\/\/factory.sale\/et\/wp-json\/wp\/v2\/types\/product"}],"replies":[{"embeddable":true,"href":"https:\/\/factory.sale\/et\/wp-json\/wp\/v2\/comments?post=86871"}],"wp:featuredmedia":[{"embeddable":true,"href":"https:\/\/factory.sale\/et\/wp-json\/wp\/v2\/media\/87056"}],"wp:attachment":[{"href":"https:\/\/factory.sale\/et\/wp-json\/wp\/v2\/media?parent=86871"}],"wp:term":[{"taxonomy":"factory","embeddable":true,"href":"https:\/\/factory.sale\/et\/wp-json\/wp\/v2\/factory?post=86871"},{"taxonomy":"free-shipment","embeddable":true,"href":"https:\/\/factory.sale\/et\/wp-json\/wp\/v2\/free-shipment?post=86871"},{"taxonomy":"product_brand","embeddable":true,"href":"https:\/\/factory.sale\/et\/wp-json\/wp\/v2\/product_brand?post=86871"},{"taxonomy":"product_cat","embeddable":true,"href":"https:\/\/factory.sale\/et\/wp-json\/wp\/v2\/product_cat?post=86871"},{"taxonomy":"product_tag","embeddable":true,"href":"https:\/\/factory.sale\/et\/wp-json\/wp\/v2\/product_tag?post=86871"}],"curies":[{"name":"wp","href":"https:\/\/api.w.org\/{rel}","templated":true}]}}