{"id":86839,"date":"2024-06-25T19:10:17","date_gmt":"2024-06-25T19:15:50","guid":{"rendered":"https:\/\/factory.sale\/?post_type=product&#038;p=86839"},"modified":"2024-06-25T19:44:06","modified_gmt":"2024-06-25T19:44:06","slug":"kampingugrillimaja-92-m%c2%b2-92-m%c2%b2","status":"publish","type":"product","link":"https:\/\/factory.sale\/et\/toode\/kampingugrillimaja-92-m%c2%b2-92-m%c2%b2\/","title":{"rendered":"K\u00e4mpingugrillimaja 9,2 m\u00b2 + 9,2 m\u00b2"},"content":{"rendered":"<p>K\u00e4mpingugrillimaja 9,2 m\u00b2 + 9,2 m\u00b2: Majakeste kuusnurkne kuju ja nad kasutavad neid sageli aiakuuridena, suveresidentsidena, t\u00f6\u00f6tubadena, kalurih\u00fcttidena, k\u00e4mpingumajadena, restoranidena, j\u00f5ulumajakestena ja paljudel muudel eesm\u00e4rkidel.<\/p>\n<p>&nbsp;<\/p>\n<p>&nbsp;<\/p>\n<p><strong>Tehnilised andmed:<\/strong><\/p>\n<p>Mahutab: 24-30 inimest<br \/>\nPuit: m\u00e4nnipuit<br \/>\nKuju: kuusnurk<br \/>\nV\u00e4lism\u00f5\u00f5dud: 3,77 m x 8,41 m<br \/>\nSiseala: 9,2 m\u00b2 (2 tk.) + 3,38 m\u00b2 koridor<br \/>\nK\u00f5rgus: 2,90 m<br \/>\nSeina k\u00f5rgus: 1,20 m<br \/>\nSeina paksus: 45 mm<br \/>\nP\u00f5randalaudade paksus: 18 mm<br \/>\nLakkeplaatide paksus: 18 mm<br \/>\nKatusematerjal: Soome bituumensindlid<br \/>\nAknasuurus: 7 tk (3 avatavat) topeltklaasidega, akna suurus 880 x 510 mm<br \/>\nUkse suurus: 780 x 1500 mm, liimpuit (m\u00e4nnipuit)<\/p>\n<p>&nbsp;<\/p>\n<p><strong>Standardkomplekt:<\/strong><\/p>\n<p>P\u00f5randalauad<br \/>\nSirged seinad<br \/>\nKatus kaetud bituumensindlitega<br \/>\nPikendatav standardkorsten<br \/>\n7 topeltklaasidega akent (3 avatavat)<br \/>\nM\u00e4rkus: BBQ komplekt, pingid ja siseseinad ei kuulu komplekti ja tuleb tellida eraldi.<\/p>\n<p>&nbsp;<\/p>\n<p><strong>Tarne:<\/strong> maja tarnitakse alustel, aluse suurus:<\/p>\n<p>1 tk (1,2 x 2,5 x 2,6) 1200 kg, 1 tk (1,2 x 2,5 x 2,6) 1200 kg ja 1 tk (1,2 x 3,0 x 2,6) 600 kg<\/p>\n<p><img loading=\"lazy\" decoding=\"async\" class=\"alignnone wp-image-86846\" src=\"https:\/\/factory.sale\/wp-content\/uploads\/2024\/06\/grill-moodud-2-300x194.png\" alt=\"\" width=\"577\" height=\"373\" srcset=\"https:\/\/factory.sale\/wp-content\/uploads\/2024\/06\/grill-moodud-2-300x194.png 300w, https:\/\/factory.sale\/wp-content\/uploads\/2024\/06\/grill-moodud-2-1024x662.png 1024w, https:\/\/factory.sale\/wp-content\/uploads\/2024\/06\/grill-moodud-2-150x97.png 150w, https:\/\/factory.sale\/wp-content\/uploads\/2024\/06\/grill-moodud-2-1536x993.png 1536w, https:\/\/factory.sale\/wp-content\/uploads\/2024\/06\/grill-moodud-2-600x388.png 600w, https:\/\/factory.sale\/wp-content\/uploads\/2024\/06\/grill-moodud-2.png 1590w\" sizes=\"auto, (max-width: 577px) 100vw, 577px\" \/><\/p>\n<p>&nbsp;<\/p>\n<p><strong>Katuse v\u00e4rv:<\/strong><\/p>\n<p>Must, punane, roheline, hall<\/p>\n<p><img loading=\"lazy\" decoding=\"async\" class=\"alignnone wp-image-86382\" src=\"https:\/\/factory.sale\/wp-content\/uploads\/2024\/06\/colours-2-300x69.png\" alt=\"\" width=\"687\" height=\"158\" srcset=\"https:\/\/factory.sale\/wp-content\/uploads\/2024\/06\/colours-2-300x69.png 300w, https:\/\/factory.sale\/wp-content\/uploads\/2024\/06\/colours-2-150x35.png 150w, https:\/\/factory.sale\/wp-content\/uploads\/2024\/06\/colours-2-600x139.png 600w, https:\/\/factory.sale\/wp-content\/uploads\/2024\/06\/colours-2.png 640w\" sizes=\"auto, (max-width: 687px) 100vw, 687px\" \/><\/p>\n<p>&nbsp;<\/p>\n<p>&nbsp;<\/p>\n<p><strong>Sisemised pingid:<\/strong><\/p>\n<p>\u00dches majas 126,5 .-<br \/>\nKahes majas 253 .-<br \/>\nPadjakomplekt 138 .-<\/p>\n<p>Vahesein uste jaotusega 189,75 .-<\/p>\n<p>&nbsp;<\/p>\n<p><strong>Aknad:<\/strong><\/p>\n<p>Katus aknaga 189,75 .-<br \/>\nKatuseluuk 569,25 .-<br \/>\nKardinad 32,2 .-<\/p>\n<p>&nbsp;<\/p>\n<p><strong>Seina k\u00f5rgus:<\/strong><\/p>\n<p>Standard 120 cm 0 .-<br \/>\n133 cm 379,5 .-<br \/>\n146 cm 759 .-<\/p>\n<p>&nbsp;<\/p>\n<p>&nbsp;<\/p>\n<p><strong>Avatavad aknad:<\/strong><\/p>\n<p>3 seitsmest (standard) \/ 0 .-<br \/>\n4 seitsmest \/ 40,25 .-<br \/>\n5 seitsmest \/ 74,75 .-<br \/>\n6 seitsmest \/ 115 .-<br \/>\n7 seitsmest \/ 155,25 .-<\/p>\n<p>Isolatsiooniga katus 1201,75 .-<\/p>\n<p>&nbsp;<\/p>\n<p><strong>P\u00f5randavalikud:<\/strong><\/p>\n<p>Luksusp\u00f5rand 28 mm 506 .-<br \/>\nLuksuslik isolatsiooniga p\u00f5rand 28 mm 736 .-<br \/>\nLuksuslik isolatsiooniga p\u00f5rand ventilatsiooniga 28 mm 1115,5 .-<\/p>\n<p>&nbsp;<\/p>\n<p><strong><em>Samuti saadaval tarvikud, k\u00fcsi lisainfot.<\/em><\/strong><\/p>\n<p>&nbsp;<\/p>\n<div style=\"width: 1920px;\" class=\"wp-video\"><!--[if lt IE 9]><script>document.createElement('video');<\/script><![endif]-->\n<video class=\"wp-video-shortcode\" id=\"video-86839-1\" width=\"1920\" height=\"1080\" preload=\"metadata\" controls=\"controls\"><source type=\"video\/mp4\" src=\"https:\/\/factory.sale\/wp-content\/uploads\/2024\/06\/VID_20200513_113117.mp4?_=1\" \/><a href=\"https:\/\/factory.sale\/wp-content\/uploads\/2024\/06\/VID_20200513_113117.mp4\">https:\/\/factory.sale\/wp-content\/uploads\/2024\/06\/VID_20200513_113117.mp4<\/a><\/video><\/div>\n","protected":false},"excerpt":{"rendered":"<p>K\u00e4mpingugrillimaja 9,2 m\u00b2 + 9,2 m\u00b2: Majakeste kuusnurkne kuju ja nad kasutavad neid sageli aiakuuridena, suveresidentsidena, t\u00f6\u00f6tubadena, kalurih\u00fcttidena, k\u00e4mpingumajadena, restoranidena, j\u00f5ulumajakestena ja paljudel muudel eesm\u00e4rkidel.<\/p>\n","protected":false},"featured_media":86831,"comment_status":"open","ping_status":"closed","template":"","meta":{"_acf_changed":false},"factory":[],"free-shipment":[],"product_brand":[],"product_cat":[924,2924],"product_tag":[1483,2714],"class_list":{"0":"post-86839","1":"product","2":"type-product","3":"status-publish","4":"has-post-thumbnail","6":"product_cat-aiatooted","7":"product_cat-grillmajad","8":"product_tag-garden-et","9":"product_tag-yard-and-garden-et","11":"first","12":"instock","13":"sale","14":"taxable","15":"shipping-taxable","16":"purchasable","17":"product-type-simple"},"acf":[],"_links":{"self":[{"href":"https:\/\/factory.sale\/et\/wp-json\/wp\/v2\/product\/86839","targetHints":{"allow":["GET"]}}],"collection":[{"href":"https:\/\/factory.sale\/et\/wp-json\/wp\/v2\/product"}],"about":[{"href":"https:\/\/factory.sale\/et\/wp-json\/wp\/v2\/types\/product"}],"replies":[{"embeddable":true,"href":"https:\/\/factory.sale\/et\/wp-json\/wp\/v2\/comments?post=86839"}],"wp:featuredmedia":[{"embeddable":true,"href":"https:\/\/factory.sale\/et\/wp-json\/wp\/v2\/media\/86831"}],"wp:attachment":[{"href":"https:\/\/factory.sale\/et\/wp-json\/wp\/v2\/media?parent=86839"}],"wp:term":[{"taxonomy":"factory","embeddable":true,"href":"https:\/\/factory.sale\/et\/wp-json\/wp\/v2\/factory?post=86839"},{"taxonomy":"free-shipment","embeddable":true,"href":"https:\/\/factory.sale\/et\/wp-json\/wp\/v2\/free-shipment?post=86839"},{"taxonomy":"product_brand","embeddable":true,"href":"https:\/\/factory.sale\/et\/wp-json\/wp\/v2\/product_brand?post=86839"},{"taxonomy":"product_cat","embeddable":true,"href":"https:\/\/factory.sale\/et\/wp-json\/wp\/v2\/product_cat?post=86839"},{"taxonomy":"product_tag","embeddable":true,"href":"https:\/\/factory.sale\/et\/wp-json\/wp\/v2\/product_tag?post=86839"}],"curies":[{"name":"wp","href":"https:\/\/api.w.org\/{rel}","templated":true}]}}