{"id":86819,"date":"2024-06-26T10:34:15","date_gmt":"2024-06-26T10:34:53","guid":{"rendered":"https:\/\/factory.sale\/?post_type=product&#038;p=86819"},"modified":"2024-06-26T10:34:53","modified_gmt":"2024-06-26T10:34:53","slug":"kampingugrillimaja-92-m%c2%b2-laiendusega-4-m","status":"publish","type":"product","link":"https:\/\/factory.sale\/et\/toode\/kampingugrillimaja-92-m%c2%b2-laiendusega-4-m\/","title":{"rendered":"K\u00e4mpingugrillimaja 9,2 m\u00b2 laiendusega (4 m)"},"content":{"rendered":"<p>Grillimaja 9,2 m\u00b2 laiendusega (2,5 m) on suurep\u00e4rase ilu ja disaini kooslus. See maja k\u00f6idab naabrite, k\u00fclaliste v\u00f5i uudishimulike m\u00f6\u00f6dujate t\u00e4helepanu. Me garanteerime, et naudite igat hetke, mida veedate oma mini-restoranis. Teil on suurep\u00e4rane koht, kus p\u00e4\u00e4seda igap\u00e4eva muredest ja sukelduda oma rahu oaasi.<\/p>\n<p>&nbsp;<\/p>\n<p>&nbsp;<\/p>\n<p><strong>Tehnilised andmed:<\/strong><\/p>\n<p>Mahutab: 12-15 inimest<br \/>\nPuit: m\u00e4nnipuit<br \/>\nKuju: kuusnurk<br \/>\nV\u00e4lism\u00f5\u00f5dud: 3,77 m x 7,30 m<br \/>\nSiseala: 9,2 m\u00b2 + 9,2 m\u00b2 laiendus<br \/>\nK\u00f5rgus: 2,90 m<br \/>\nSeina k\u00f5rgus: 1,20 m<br \/>\nSeina paksus: 45 mm<br \/>\nP\u00f5randalaudade paksus: 18 mm<br \/>\nLakkeplaatide paksus: 18 mm<br \/>\nKatusematerjal: Soome bituumensindlid<br \/>\nAknasuurus: 3 tk (1 avatav) topeltklaasiga, akna suurus 880 x 510 mm<br \/>\nUkse suurus: 780 x 1500 mm, liimpuit (m\u00e4nnipuit)<\/p>\n<p>&nbsp;<\/p>\n<p><strong>Standardkomplekt:<\/strong><\/p>\n<p>P\u00f5randalauad<br \/>\nSirged seinad<br \/>\nKatus kaetud bituumensindlitega<br \/>\nPikendatav standard korsten<br \/>\n3 topeltklaasidega akent (1 avatav)<br \/>\nUks topeltklaasidega kuusnurkse akna, puidust k\u00e4epideme ja lukuga<br \/>\nKeskmine standard BBQ<br \/>\nGrilli \u00fcmber paigaldatud laud<br \/>\n4 pinki (2 pikendatavat magamiseks)<br \/>\nMadratsid pinkidel<br \/>\nToimetatakse t\u00f6\u00f6tlemata \/ v\u00e4rvimata<\/p>\n<p><strong>Tarne:<\/strong> maja tarnitakse alustel, aluse suurus<\/p>\n<p>1 alus (1,2 x 3,0 x 2,6) 1100 kg ja (1,2 x 2,45 x 2,6) 800 kg<\/p>\n<p><img loading=\"lazy\" decoding=\"async\" class=\"alignnone wp-image-86817\" src=\"https:\/\/factory.sale\/wp-content\/uploads\/2024\/06\/moodud-grill-212x300.png\" alt=\"\" width=\"485\" height=\"686\" srcset=\"https:\/\/factory.sale\/wp-content\/uploads\/2024\/06\/moodud-grill-212x300.png 212w, https:\/\/factory.sale\/wp-content\/uploads\/2024\/06\/moodud-grill-724x1024.png 724w, https:\/\/factory.sale\/wp-content\/uploads\/2024\/06\/moodud-grill-106x150.png 106w, https:\/\/factory.sale\/wp-content\/uploads\/2024\/06\/moodud-grill-600x849.png 600w, https:\/\/factory.sale\/wp-content\/uploads\/2024\/06\/moodud-grill.png 728w\" sizes=\"auto, (max-width: 485px) 100vw, 485px\" \/><\/p>\n<p>&nbsp;<\/p>\n<p><strong>Katuse v\u00e4rv:<\/strong><\/p>\n<p>Must, punane, roheline, hall<\/p>\n<p><img loading=\"lazy\" decoding=\"async\" class=\"alignnone wp-image-86382\" src=\"https:\/\/factory.sale\/wp-content\/uploads\/2024\/06\/colours-2-300x69.png\" alt=\"\" width=\"534\" height=\"123\" srcset=\"https:\/\/factory.sale\/wp-content\/uploads\/2024\/06\/colours-2-300x69.png 300w, https:\/\/factory.sale\/wp-content\/uploads\/2024\/06\/colours-2-150x35.png 150w, https:\/\/factory.sale\/wp-content\/uploads\/2024\/06\/colours-2-600x139.png 600w, https:\/\/factory.sale\/wp-content\/uploads\/2024\/06\/colours-2.png 640w\" sizes=\"auto, (max-width: 534px) 100vw, 534px\" \/><\/p>\n<p>&nbsp;<\/p>\n<p><strong>Lisaks saadaval (hinnad ilma k\u00e4ibemaksuta):<\/strong><\/p>\n<p><strong>BBQ grill ja korsten:<\/strong><\/p>\n<p>Standard 0.-<br \/>\nLuxury 517,5 .-<br \/>\nFlame 569,25 .-<br \/>\nLarge flame 966 .-<\/p>\n<p>&nbsp;<\/p>\n<p>&nbsp;<\/p>\n<p><strong>Patjade komplekt:<\/strong><\/p>\n<p>Sinine\/pruun 0.-<\/p>\n<p>Luksuslik padjakomplekt 63,25 .-<\/p>\n<p>Katus aknaga 189,75 .-<\/p>\n<p>Katuseluuk 569,25 .-<\/p>\n<p>Kardinad 32,2 .-<\/p>\n<p>&nbsp;<\/p>\n<p><strong>Seina k\u00f5rgus:<\/strong><\/p>\n<p>Standard 120 cm 0.-<br \/>\n133 cm 230 .-<br \/>\n146 cm 460 .-<br \/>\nVahesein uste ja laienduse vahel 189,75 .-<\/p>\n<p>&nbsp;<\/p>\n<p><strong>Avatavad aknad:<\/strong><\/p>\n<p>1 kolmest (standard) &#8211; 0.-<br \/>\n2 kolmest &#8211; 40,25 .-<br \/>\n3 kolmest &#8211; 74,75 .-<br \/>\nLisaklaas 80,5 .-<\/p>\n<p>Isolatsiooniga katus 695,75 .-<\/p>\n<p>&nbsp;<\/p>\n<p><strong>P\u00f5randavalikud:<\/strong><\/p>\n<p>Standard 18 mm 0.-<br \/>\nLuksusp\u00f5rand 28 mm 356,5 .-<br \/>\nLuksuslik isolatsiooniga p\u00f5rand 28 mm 557,75 .-<br \/>\nLuksuslik isolatsiooniga p\u00f5rand ventilatsiooniga 28 mm 770,5 .-<\/p>\n<p>&nbsp;<\/p>\n<p><strong><em>Samuti saadaval tarvikud, k\u00fcsi lisainfot.<\/em><\/strong><\/p>\n<p>&nbsp;<\/p>\n<div style=\"width: 1920px;\" class=\"wp-video\"><!--[if lt IE 9]><script>document.createElement('video');<\/script><![endif]-->\n<video class=\"wp-video-shortcode\" id=\"video-86819-1\" width=\"1920\" height=\"1080\" preload=\"metadata\" controls=\"controls\"><source type=\"video\/mp4\" src=\"https:\/\/factory.sale\/wp-content\/uploads\/2024\/06\/VID_20200513_113117.mp4?_=1\" \/><a href=\"https:\/\/factory.sale\/wp-content\/uploads\/2024\/06\/VID_20200513_113117.mp4\">https:\/\/factory.sale\/wp-content\/uploads\/2024\/06\/VID_20200513_113117.mp4<\/a><\/video><\/div>\n","protected":false},"excerpt":{"rendered":"<p>Grillimaja 9,2 m\u00b2 laiendusega (2,5 m) on suurep\u00e4rase ilu ja disaini kooslus. See maja k\u00f6idab naabrite, k\u00fclaliste v\u00f5i uudishimulike m\u00f6\u00f6dujate t\u00e4helepanu. Me garanteerime, et naudite igat hetke, mida veedate oma mini-restoranis. Teil on suurep\u00e4rane koht, kus p\u00e4\u00e4seda igap\u00e4eva muredest ja sukelduda oma rahu oaasi.<\/p>\n","protected":false},"featured_media":87022,"comment_status":"open","ping_status":"closed","template":"","meta":{"_acf_changed":false},"factory":[],"free-shipment":[],"product_brand":[],"product_cat":[924,2924],"product_tag":[928,2714],"class_list":{"0":"post-86819","1":"product","2":"type-product","3":"status-publish","4":"has-post-thumbnail","6":"product_cat-aiatooted","7":"product_cat-grillmajad","8":"product_tag-grill-et","9":"product_tag-yard-and-garden-et","11":"first","12":"instock","13":"sale","14":"taxable","15":"shipping-taxable","16":"purchasable","17":"product-type-simple"},"acf":[],"_links":{"self":[{"href":"https:\/\/factory.sale\/et\/wp-json\/wp\/v2\/product\/86819","targetHints":{"allow":["GET"]}}],"collection":[{"href":"https:\/\/factory.sale\/et\/wp-json\/wp\/v2\/product"}],"about":[{"href":"https:\/\/factory.sale\/et\/wp-json\/wp\/v2\/types\/product"}],"replies":[{"embeddable":true,"href":"https:\/\/factory.sale\/et\/wp-json\/wp\/v2\/comments?post=86819"}],"wp:featuredmedia":[{"embeddable":true,"href":"https:\/\/factory.sale\/et\/wp-json\/wp\/v2\/media\/87022"}],"wp:attachment":[{"href":"https:\/\/factory.sale\/et\/wp-json\/wp\/v2\/media?parent=86819"}],"wp:term":[{"taxonomy":"factory","embeddable":true,"href":"https:\/\/factory.sale\/et\/wp-json\/wp\/v2\/factory?post=86819"},{"taxonomy":"free-shipment","embeddable":true,"href":"https:\/\/factory.sale\/et\/wp-json\/wp\/v2\/free-shipment?post=86819"},{"taxonomy":"product_brand","embeddable":true,"href":"https:\/\/factory.sale\/et\/wp-json\/wp\/v2\/product_brand?post=86819"},{"taxonomy":"product_cat","embeddable":true,"href":"https:\/\/factory.sale\/et\/wp-json\/wp\/v2\/product_cat?post=86819"},{"taxonomy":"product_tag","embeddable":true,"href":"https:\/\/factory.sale\/et\/wp-json\/wp\/v2\/product_tag?post=86819"}],"curies":[{"name":"wp","href":"https:\/\/api.w.org\/{rel}","templated":true}]}}