{"id":86782,"date":"2024-06-25T11:29:42","date_gmt":"2024-06-25T11:40:57","guid":{"rendered":"https:\/\/factory.sale\/?post_type=product&#038;p=86782"},"modified":"2024-09-28T23:15:23","modified_gmt":"2024-09-28T20:15:23","slug":"pooninguga-kampingumajake-250-m%c2%b2","status":"publish","type":"product","link":"https:\/\/factory.sale\/et\/toode\/pooninguga-kampingumajake-250-m%c2%b2\/","title":{"rendered":"P\u00f6\u00f6ninguga k\u00e4mpingumajake 25,0 m\u00b2"},"content":{"rendered":"<p>P\u00f6\u00f6ninguga ja isoleeritud k\u00e4mpingumaja. See on suurep\u00e4rane valik k\u00e4mpingukohtadele. P\u00f6\u00f6ningul on piisavalt ruumi magamistoa jaoks. P\u00f6\u00f6ningu alla saab paigaldada WC. See on maja, kus sooviksite veeta n\u00e4dalavahetuse lihtsalt kahekesi.<\/p>\n<p>&nbsp;<\/p>\n<p>&nbsp;<\/p>\n<p><strong>Tehnilised andmed:<\/strong><\/p>\n<p>Mahutab: 2-6 inimest<br \/>\nV\u00e4lism\u00f5\u00f5dud: 6442 x k 5338 mm<br \/>\nSiseala: 25,0 m\u00b2<br \/>\nPuit: m\u00e4nnipuit<br \/>\nSeinad: m\u00e4nnipuidust sise- ja v\u00e4lispaneelid: 18 mm; Isolatsiooniga seinte paksus: 249 mm<br \/>\nP\u00f5rand: Esimene korrus: lauad 28 mm, veekindel, puidust raam 45\u00d795 mm, kivivilla isolatsioon 100 mm, hingav membraan, OSB 18 mm; P\u00f6\u00f6ningu p\u00f5rand: lauad 28 mm, hingav membraan, puidust raam 45\u00d7120 mm, kivivilla isolatsioon 100 mm, veekindel, puidust paneelid 18 mm<br \/>\nAknasuurus: 1200 x 1300 mm<br \/>\nUkse suurus: 1580 x 2150 mm<br \/>\nKivivilla isolatsioon: 200 mm (katus ja seinad), 100 mm (p\u00f6\u00f6ningu p\u00f5rand), 100 mm (esimese korruse p\u00f5rand)<br \/>\nKatus: 1. Bituumenkatus 18 mm; 2. Puidust paneelid 18\u00d7145 mm; 3. Difusioonikile; 4. Puidust sarikad 45 mm, kivivilla isolatsioon 200 mm; 5. Aurut\u00f5kkekile; 6. Puidust paneelid 18\u00d7145 mm; 7. \u00d5huvahe (ventileeritud), puidust liistud 18\u00d770 mm; 8. Puidust paneelid 18\u00d7145 mm<\/p>\n<p>&nbsp;<\/p>\n<p>&nbsp;<\/p>\n<p><strong>Standardkomplekt:<\/strong><\/p>\n<p>Isolatsiooniga p\u00f5randapaneelid<br \/>\nIsolatsiooniga seinapaneelid<br \/>\n6 topeltklaasidega akent (6 avatavat)<br \/>\nIsolatsiooniga katusepaneelid, kaetud bituumenkatusekividega<br \/>\nPrantsuse stiilis topeltklaasidega uks puidust k\u00e4epideme ja lukuga<br \/>\nToote pakkimine \u2013 tasapinnaline pakk (KIT)<\/p>\n<p>&nbsp;<\/p>\n<p>&nbsp;<\/p>\n<p><strong>Tarne:<\/strong><\/p>\n<p>1 tk. x 1,2 x 6,2 x 2,6 m<br \/>\n3 tk. x 1,2 x 3,4 x 2,4 m<br \/>\n2 tk. x 1,2 x 3,3 x 2,4 m<br \/>\nKogukaal: 8500 kg<\/p>\n<p>&nbsp;<\/p>\n<p><strong>Saadaval olevad bituumenkatuskivide v\u00e4rvid:<\/strong><\/p>\n<p>Must, roheline, punane<\/p>\n<p><img loading=\"lazy\" decoding=\"async\" class=\"alignnone wp-image-86157\" src=\"https:\/\/factory.sale\/wp-content\/uploads\/2024\/06\/colours-wooden-me-300x82.png\" alt=\"\" width=\"596\" height=\"163\" srcset=\"https:\/\/factory.sale\/wp-content\/uploads\/2024\/06\/colours-wooden-me-300x82.png 300w, https:\/\/factory.sale\/wp-content\/uploads\/2024\/06\/colours-wooden-me-150x41.png 150w, https:\/\/factory.sale\/wp-content\/uploads\/2024\/06\/colours-wooden-me-600x164.png 600w, https:\/\/factory.sale\/wp-content\/uploads\/2024\/06\/colours-wooden-me.png 638w\" sizes=\"auto, (max-width: 596px) 100vw, 596px\" \/><\/p>\n<p>&nbsp;<\/p>\n<p><strong><em>Samuti saadaval palju m\u00f6\u00f6blit, k\u00fcsi lisainfot.<\/em><\/strong><\/p>\n<p>&nbsp;<\/p>\n<p><img loading=\"lazy\" decoding=\"async\" class=\"alignnone wp-image-86772\" src=\"https:\/\/factory.sale\/wp-content\/uploads\/2024\/06\/plan-1-300x222.png\" alt=\"\" width=\"488\" height=\"361\" srcset=\"https:\/\/factory.sale\/wp-content\/uploads\/2024\/06\/plan-1-300x222.png 300w, https:\/\/factory.sale\/wp-content\/uploads\/2024\/06\/plan-1-1024x757.png 1024w, https:\/\/factory.sale\/wp-content\/uploads\/2024\/06\/plan-1-150x111.png 150w, https:\/\/factory.sale\/wp-content\/uploads\/2024\/06\/plan-1-1536x1136.png 1536w, https:\/\/factory.sale\/wp-content\/uploads\/2024\/06\/plan-1-600x444.png 600w, https:\/\/factory.sale\/wp-content\/uploads\/2024\/06\/plan-1.png 1590w\" sizes=\"auto, (max-width: 488px) 100vw, 488px\" \/><\/p>\n<p><img loading=\"lazy\" decoding=\"async\" class=\"alignnone wp-image-86775\" src=\"https:\/\/factory.sale\/wp-content\/uploads\/2024\/06\/plan-2-261x300.png\" alt=\"\" width=\"434\" height=\"499\" srcset=\"https:\/\/factory.sale\/wp-content\/uploads\/2024\/06\/plan-2-261x300.png 261w, https:\/\/factory.sale\/wp-content\/uploads\/2024\/06\/plan-2-890x1024.png 890w, https:\/\/factory.sale\/wp-content\/uploads\/2024\/06\/plan-2-130x150.png 130w, https:\/\/factory.sale\/wp-content\/uploads\/2024\/06\/plan-2-600x690.png 600w, https:\/\/factory.sale\/wp-content\/uploads\/2024\/06\/plan-2.png 1036w\" sizes=\"auto, (max-width: 434px) 100vw, 434px\" \/><\/p>\n<p><img loading=\"lazy\" decoding=\"async\" class=\"alignnone wp-image-86778\" src=\"https:\/\/factory.sale\/wp-content\/uploads\/2024\/06\/facade-plan-300x210.png\" alt=\"\" width=\"539\" height=\"377\" srcset=\"https:\/\/factory.sale\/wp-content\/uploads\/2024\/06\/facade-plan-300x210.png 300w, https:\/\/factory.sale\/wp-content\/uploads\/2024\/06\/facade-plan-1024x718.png 1024w, https:\/\/factory.sale\/wp-content\/uploads\/2024\/06\/facade-plan-150x105.png 150w, https:\/\/factory.sale\/wp-content\/uploads\/2024\/06\/facade-plan-1536x1077.png 1536w, https:\/\/factory.sale\/wp-content\/uploads\/2024\/06\/facade-plan-600x421.png 600w, https:\/\/factory.sale\/wp-content\/uploads\/2024\/06\/facade-plan.png 1688w\" sizes=\"auto, (max-width: 539px) 100vw, 539px\" \/><\/p>\n","protected":false},"excerpt":{"rendered":"<p>P\u00f6\u00f6ninguga ja isoleeritud k\u00e4mpingumaja. See on suurep\u00e4rane valik k\u00e4mpingukohtadele. P\u00f6\u00f6ningul on piisavalt ruumi magamistoa jaoks. P\u00f6\u00f6ningu alla saab paigaldada WC. See on maja, kus sooviksite veeta n\u00e4dalavahetuse lihtsalt kahekesi.<\/p>\n","protected":false},"featured_media":86761,"comment_status":"open","ping_status":"closed","template":"","meta":{"_acf_changed":false},"factory":[],"free-shipment":[],"product_brand":[],"product_cat":[801,2888],"product_tag":[],"class_list":{"0":"post-86782","1":"product","2":"type-product","3":"status-publish","4":"has-post-thumbnail","6":"product_cat-elementmajad-2","7":"product_cat-kampingumajakesed","9":"first","10":"instock","11":"sale","12":"taxable","13":"shipping-taxable","14":"purchasable","15":"product-type-simple"},"acf":[],"_links":{"self":[{"href":"https:\/\/factory.sale\/et\/wp-json\/wp\/v2\/product\/86782","targetHints":{"allow":["GET"]}}],"collection":[{"href":"https:\/\/factory.sale\/et\/wp-json\/wp\/v2\/product"}],"about":[{"href":"https:\/\/factory.sale\/et\/wp-json\/wp\/v2\/types\/product"}],"replies":[{"embeddable":true,"href":"https:\/\/factory.sale\/et\/wp-json\/wp\/v2\/comments?post=86782"}],"wp:featuredmedia":[{"embeddable":true,"href":"https:\/\/factory.sale\/et\/wp-json\/wp\/v2\/media\/86761"}],"wp:attachment":[{"href":"https:\/\/factory.sale\/et\/wp-json\/wp\/v2\/media?parent=86782"}],"wp:term":[{"taxonomy":"factory","embeddable":true,"href":"https:\/\/factory.sale\/et\/wp-json\/wp\/v2\/factory?post=86782"},{"taxonomy":"free-shipment","embeddable":true,"href":"https:\/\/factory.sale\/et\/wp-json\/wp\/v2\/free-shipment?post=86782"},{"taxonomy":"product_brand","embeddable":true,"href":"https:\/\/factory.sale\/et\/wp-json\/wp\/v2\/product_brand?post=86782"},{"taxonomy":"product_cat","embeddable":true,"href":"https:\/\/factory.sale\/et\/wp-json\/wp\/v2\/product_cat?post=86782"},{"taxonomy":"product_tag","embeddable":true,"href":"https:\/\/factory.sale\/et\/wp-json\/wp\/v2\/product_tag?post=86782"}],"curies":[{"name":"wp","href":"https:\/\/api.w.org\/{rel}","templated":true}]}}