{"id":86746,"date":"2024-06-25T10:56:16","date_gmt":"2024-06-25T11:07:22","guid":{"rendered":"https:\/\/factory.sale\/?post_type=product&#038;p=86746"},"modified":"2026-02-06T21:49:44","modified_gmt":"2026-02-06T18:49:44","slug":"isolatsiooniga-kahetoaline-kampingumajake-48-m-x-59-m","status":"publish","type":"product","link":"https:\/\/factory.sale\/et\/toode\/isolatsiooniga-kahetoaline-kampingumajake-48-m-x-59-m\/","title":{"rendered":"Isolatsiooniga kahetoaline k\u00e4mpingumajake 4,8 m x 5,9 m"},"content":{"rendered":"<p>Kogege enneolematut mitmek\u00fclgsust meie soojustatud k\u00e4mpingumajaga. See koosneb kahest \u00fchendatud \u00fcksusest, pakkudes l\u00f5putuid kohandamisv\u00f5imalusi alates eluruumist kuni saunakonfiguratsioonideni, mis on kohandatud vastavalt individuaalsetele eelistustele ja ideedele.<\/p>\n<p>Nautige aastaringset mugavust t\u00e4nu isolatsioonile ja ulatuslikele mugavustele. Elektripaigaldised, du\u0161\u0161, tualett, kraanikauss ja boiler on saadaval soovi korral. Tagatud on hubane ja mugav viibimine olenemata aastaajast.<\/p>\n<p>&nbsp;<\/p>\n<p>&nbsp;<\/p>\n<p><strong>Tehnilised andmed:<\/strong><\/p>\n<p>Pikkus: 5,9 m<br \/>\nLaius: 4,8 m<br \/>\nKuju: pod<br \/>\nPuit: m\u00e4nd<br \/>\nSiseala: 22,28 m\u00b2<br \/>\nParem pool: 11,14 m\u00b2;<br \/>\nVasak pool: 2,2 m\u00b2 terrass + 4 m\u00b2 ruumi vannile ja WC-le + 4,86 m\u00b2 tuba<br \/>\nSeinad: m\u00e4nnipaneelid, 14 mm nii seest kui v\u00e4ljast<br \/>\nK\u00f5rgus: 2,63 m<br \/>\nKaalu: 6000 kg (2 x 3000 kg)<br \/>\nK\u00fclgseinte paksus: 126 mm<br \/>\nV\u00e4lisseinte paksus: 118 mm<br \/>\nP\u00f5randa paksus: 158 mm, p\u00f5randalauad 28 mm<br \/>\nIsolatsioon: kivivill k\u00f5ikides seintes, katustes ja p\u00f5randates, paksus 100 mm<br \/>\nKatusematerjal: bituumensindel<br \/>\nUkse suurus, mm: 85 x 192<br \/>\nAkende suurus, mm: 82 x 122<br \/>\nWC-akna suurus: 39 x 68<br \/>\nKlaas: topeltklaas<br \/>\nLukk: silindriga<br \/>\nK\u00e4epide: standard<\/p>\n<p>&nbsp;<\/p>\n<p><strong>Standardkomplekt sisaldab:<\/strong><\/p>\n<p>3 tuba<br \/>\nPuidust m\u00e4nnip\u00f5randalauad<br \/>\nSoojustatud seinad<br \/>\nKatus kaetud bituumensindlitega, v\u00e4rvides must, punane v\u00f5i roheline<br \/>\nUks: 1 x, v\u00e4line uks topeltklaasi ja lukuga; 1 x, siseuks; 1 x, l\u00fckanduks<br \/>\n3 x avanevat topeltklaasiga akent + WC aken<\/p>\n<p><img loading=\"lazy\" decoding=\"async\" class=\"alignnone wp-image-86738\" src=\"https:\/\/factory.sale\/wp-content\/uploads\/2024\/06\/dual-pod-moodud-300x240.png\" alt=\"\" width=\"477\" height=\"382\" srcset=\"https:\/\/factory.sale\/wp-content\/uploads\/2024\/06\/dual-pod-moodud-300x240.png 300w, https:\/\/factory.sale\/wp-content\/uploads\/2024\/06\/dual-pod-moodud-1024x818.png 1024w, https:\/\/factory.sale\/wp-content\/uploads\/2024\/06\/dual-pod-moodud-150x120.png 150w, https:\/\/factory.sale\/wp-content\/uploads\/2024\/06\/dual-pod-moodud-600x479.png 600w, https:\/\/factory.sale\/wp-content\/uploads\/2024\/06\/dual-pod-moodud.png 1478w\" sizes=\"auto, (max-width: 477px) 100vw, 477px\" \/><\/p>\n<p><img loading=\"lazy\" decoding=\"async\" class=\"alignnone wp-image-86744\" src=\"https:\/\/factory.sale\/wp-content\/uploads\/2024\/06\/dual-pod-ulevalt-vaade-300x250.png\" alt=\"\" width=\"490\" height=\"408\" srcset=\"https:\/\/factory.sale\/wp-content\/uploads\/2024\/06\/dual-pod-ulevalt-vaade-300x250.png 300w, https:\/\/factory.sale\/wp-content\/uploads\/2024\/06\/dual-pod-ulevalt-vaade-1024x855.png 1024w, https:\/\/factory.sale\/wp-content\/uploads\/2024\/06\/dual-pod-ulevalt-vaade-150x125.png 150w, https:\/\/factory.sale\/wp-content\/uploads\/2024\/06\/dual-pod-ulevalt-vaade-600x501.png 600w, https:\/\/factory.sale\/wp-content\/uploads\/2024\/06\/dual-pod-ulevalt-vaade.png 1212w\" sizes=\"auto, (max-width: 490px) 100vw, 490px\" \/><\/p>\n<p>&nbsp;<\/p>\n<p>&nbsp;<\/p>\n<p><strong>Saadaval olevad bituumensindel katuse v\u00e4rvid:<\/strong><\/p>\n<p>Must, roheline, punane<\/p>\n<p><strong><img loading=\"lazy\" decoding=\"async\" class=\"alignnone wp-image-86157\" src=\"https:\/\/factory.sale\/wp-content\/uploads\/2024\/06\/colours-wooden-me-300x82.png\" alt=\"\" width=\"520\" height=\"142\" srcset=\"https:\/\/factory.sale\/wp-content\/uploads\/2024\/06\/colours-wooden-me-300x82.png 300w, https:\/\/factory.sale\/wp-content\/uploads\/2024\/06\/colours-wooden-me-150x41.png 150w, https:\/\/factory.sale\/wp-content\/uploads\/2024\/06\/colours-wooden-me-600x164.png 600w, https:\/\/factory.sale\/wp-content\/uploads\/2024\/06\/colours-wooden-me.png 638w\" sizes=\"auto, (max-width: 520px) 100vw, 520px\" \/><\/strong><\/p>\n<p>&nbsp;<\/p>\n<p><strong>Lisaks saadaval (hinnad ilma k\u00e4ibemaksuta):<\/strong><\/p>\n<p><strong>Elekter:<\/strong><\/p>\n<p>\u00dcksik pistikupesa 69 .-<br \/>\nTopeltpistikupesa 74,75 .-<br \/>\n\u00dcksik l\u00fcliti 69 .-<br \/>\nTopeltl\u00fcliti 86,25 .-<br \/>\nKaabel \u00fche lambi jaoks 28,75 .-<br \/>\nKaitsmepaneel 138 .-<\/p>\n<p>&nbsp;<\/p>\n<p><strong>Sanitaartehnika paigaldusega:<\/strong><\/p>\n<p>WC 189,75 .-<br \/>\nDu\u0161\u0161 316,25 .-<br \/>\nKraanikauss 253 .-<br \/>\n30 l boiler 253 .-<\/p>\n<p><strong>V\u00e4lisv\u00e4rv<\/strong> 442,75 .-<\/p>\n<p><strong>Lakitud p\u00f5rand<\/strong> 207 .-<\/p>\n<p>&nbsp;<\/p>\n<p><em><strong>Samuti saadaval palju m\u00f6\u00f6blit, k\u00fcsi lisainfot.<\/strong><\/em><\/p>\n<p>&nbsp;<\/p>\n<div class=\"video-wrapper \"><iframe loading=\"lazy\" title=\"The folding bench from Woodprofesionals\" width=\"500\" height=\"281\" src=\"https:\/\/www.youtube.com\/embed\/rihF8b40BVs?feature=oembed\" frameborder=\"0\" allow=\"accelerometer; autoplay; clipboard-write; encrypted-media; gyroscope; picture-in-picture; web-share\" referrerpolicy=\"strict-origin-when-cross-origin\" allowfullscreen><\/iframe><\/div>\n","protected":false},"excerpt":{"rendered":"<p>Kogege enneolematut mitmek\u00fclgsust meie isolatsiooniga k\u00e4mpingumajaga. See koosneb kahest \u00fchendatud \u00fcksusest, pakkudes l\u00f5putuid kohandamisv\u00f5imalusi alates eluruumist kuni saunakonfiguratsioonideni, mis on kohandatud vastavalt individuaalsetele eelistustele ja ideedele.<\/p>\n","protected":false},"featured_media":86719,"comment_status":"open","ping_status":"closed","template":"","meta":{"_acf_changed":false},"factory":[],"free-shipment":[],"product_brand":[],"product_cat":[793,2887],"product_tag":[],"class_list":{"0":"post-86746","1":"product","2":"type-product","3":"status-publish","4":"has-post-thumbnail","6":"product_cat-element-house","7":"product_cat-camping-cabins","9":"first","10":"instock","11":"sale","12":"taxable","13":"shipping-taxable","14":"purchasable","15":"product-type-simple"},"acf":[],"_links":{"self":[{"href":"https:\/\/factory.sale\/et\/wp-json\/wp\/v2\/product\/86746","targetHints":{"allow":["GET"]}}],"collection":[{"href":"https:\/\/factory.sale\/et\/wp-json\/wp\/v2\/product"}],"about":[{"href":"https:\/\/factory.sale\/et\/wp-json\/wp\/v2\/types\/product"}],"replies":[{"embeddable":true,"href":"https:\/\/factory.sale\/et\/wp-json\/wp\/v2\/comments?post=86746"}],"wp:featuredmedia":[{"embeddable":true,"href":"https:\/\/factory.sale\/et\/wp-json\/wp\/v2\/media\/86719"}],"wp:attachment":[{"href":"https:\/\/factory.sale\/et\/wp-json\/wp\/v2\/media?parent=86746"}],"wp:term":[{"taxonomy":"factory","embeddable":true,"href":"https:\/\/factory.sale\/et\/wp-json\/wp\/v2\/factory?post=86746"},{"taxonomy":"free-shipment","embeddable":true,"href":"https:\/\/factory.sale\/et\/wp-json\/wp\/v2\/free-shipment?post=86746"},{"taxonomy":"product_brand","embeddable":true,"href":"https:\/\/factory.sale\/et\/wp-json\/wp\/v2\/product_brand?post=86746"},{"taxonomy":"product_cat","embeddable":true,"href":"https:\/\/factory.sale\/et\/wp-json\/wp\/v2\/product_cat?post=86746"},{"taxonomy":"product_tag","embeddable":true,"href":"https:\/\/factory.sale\/et\/wp-json\/wp\/v2\/product_tag?post=86746"}],"curies":[{"name":"wp","href":"https:\/\/api.w.org\/{rel}","templated":true}]}}