{"id":86712,"date":"2024-06-25T10:19:16","date_gmt":"2024-06-25T10:30:54","guid":{"rendered":"https:\/\/factory.sale\/?post_type=product&#038;p=86712"},"modified":"2026-02-06T22:09:21","modified_gmt":"2026-02-06T19:09:21","slug":"isolatsiooniga-kampingumajake-24-m-x-66-m-kulgsissepaasuga","status":"publish","type":"product","link":"https:\/\/factory.sale\/et\/toode\/isolatsiooniga-kampingumajake-24-m-x-66-m-kulgsissepaasuga\/","title":{"rendered":"Isolatsiooniga k\u00e4mpingumajake 2,4 m x 6,6 m (k\u00fclgsissep\u00e4\u00e4suga)"},"content":{"rendered":"<p>Isolatsiooniga k\u00e4mpingumajake (k\u00fclgsissep\u00e4\u00e4suga), see on ainulaadne disaintoode, mis on populaarne kogu Euroopas. Seda majakest saab kasutada ka talvel, see v\u00f5ib olla paigaldatud otse \u00a0puidust terrassile, parvele, haagisele. See majake on mobiilne ja seda saab kergesti \u00fchest kohast teise liigutada.<\/p>\n<p>&nbsp;<\/p>\n<p><strong>Tehnilised andmed:<\/strong><\/p>\n<p>Suurus: 2-6 inimest<br \/>\nTuba: 1<br \/>\nSiseala: 12,8 m\u00b2<br \/>\nV\u00e4lism\u00f5\u00f5dud: 2,4 m x 6,6 m<br \/>\nK\u00f5rgus: 2,6 m<br \/>\nPuit: m\u00e4nnipuit<br \/>\nSeinad: m\u00e4nnipuidust sise- ja v\u00e4lispaneelid: 14 mm; Isolatsiooniga k\u00fclgseina paksus: 126 mm; Isolatsiooniga esi- ja tagaseina paksus: 118 mm<br \/>\nP\u00f5rand: m\u00e4nnipuit: 28 mm; Isolatsiooniga p\u00f5randa paksus: 158 mm<br \/>\nKivivilla isolatsioon: 100 mm (p\u00f5rand ja seinad)<br \/>\nKatuse viimistlus: Soome bituumensindel katus<br \/>\nAkna suurus: 700 x 900 mm<br \/>\nUkse suurus: 1010 x 1820 mm<\/p>\n<p>&nbsp;<\/p>\n<p>&nbsp;<\/p>\n<p><strong>Standardpakett:<\/strong><\/p>\n<p>Isolatsiooniga seinad kaetud bituumen katusesindlitega<br \/>\nIsolatsiooniga m\u00e4nnipuidust p\u00f5rand<br \/>\n2 topeltklaasidega avatavat akent esi- ja tagaseinas<br \/>\nTaani topeltklaasidega uks koos tavalise k\u00e4epideme ja lukuga<\/p>\n<p>&nbsp;<\/p>\n<p>&nbsp;<\/p>\n<p><strong>Tarne:<\/strong><\/p>\n<p>Aluse suurus (LxPxK): 1p (1,2 x 6,6 x 2,6) 3400 kg<br \/>\nKokku pandud maja suurus (LxPxK): (2,4 x 6,7 x 2,6) 3400 kg<\/p>\n<p><img loading=\"lazy\" decoding=\"async\" class=\"alignnone wp-image-86692\" src=\"https:\/\/factory.sale\/wp-content\/uploads\/2024\/06\/6.6m-moodud-300x155.png\" alt=\"\" width=\"594\" height=\"307\" srcset=\"https:\/\/factory.sale\/wp-content\/uploads\/2024\/06\/6.6m-moodud-300x155.png 300w, https:\/\/factory.sale\/wp-content\/uploads\/2024\/06\/6.6m-moodud-1024x529.png 1024w, https:\/\/factory.sale\/wp-content\/uploads\/2024\/06\/6.6m-moodud-150x77.png 150w, https:\/\/factory.sale\/wp-content\/uploads\/2024\/06\/6.6m-moodud-1536x793.png 1536w, https:\/\/factory.sale\/wp-content\/uploads\/2024\/06\/6.6m-moodud-2048x1058.png 2048w, https:\/\/factory.sale\/wp-content\/uploads\/2024\/06\/6.6m-moodud-600x310.png 600w\" sizes=\"auto, (max-width: 594px) 100vw, 594px\" \/><\/p>\n<p>&nbsp;<\/p>\n<p><strong>Saadaval olevad bituumensindlite v\u00e4rvid:<\/strong><\/p>\n<p>Must, roheline, punane<\/p>\n<p><img loading=\"lazy\" decoding=\"async\" class=\"alignnone wp-image-86157\" src=\"https:\/\/factory.sale\/wp-content\/uploads\/2024\/06\/colours-wooden-me-300x82.png\" alt=\"\" width=\"516\" height=\"141\" srcset=\"https:\/\/factory.sale\/wp-content\/uploads\/2024\/06\/colours-wooden-me-300x82.png 300w, https:\/\/factory.sale\/wp-content\/uploads\/2024\/06\/colours-wooden-me-150x41.png 150w, https:\/\/factory.sale\/wp-content\/uploads\/2024\/06\/colours-wooden-me-600x164.png 600w, https:\/\/factory.sale\/wp-content\/uploads\/2024\/06\/colours-wooden-me.png 638w\" sizes=\"auto, (max-width: 516px) 100vw, 516px\" \/><\/p>\n<p>&nbsp;<\/p>\n<p><strong>Lisaks saadaval (hinnad ilma k\u00e4ibemaksuta):<\/strong><\/p>\n<p>Poolpanoraamaken 1265 .-<br \/>\nT\u00e4ispanoraamaken 1518 .-<br \/>\nTopeltklaasidega aken, professionaalselt v\u00e4rvitud v\u00e4rvikambris antratsiitv\u00e4rvi, tagaseinas 63,25 .-<br \/>\nTavalised dekoratiivplaadid 0 .-<br \/>\nLiimitud dekoratiivplaadid 126,5 .-<br \/>\nTavaline uks 0 .-<br \/>\nPremium \u00fchekordne uks antratsiitv\u00e4rvi 189,75 .-<br \/>\nLisasisesein 366,85 .-<br \/>\nLisasisesein uksega 506 .-<\/p>\n<p>&nbsp;<\/p>\n<p>&nbsp;<\/p>\n<p><strong>Elekter:<\/strong><\/p>\n<p>\u00dcksik pistikupesa 69 .-<br \/>\nTopeltpistikupesa 74,75 .-<br \/>\n\u00dcksik l\u00fcliti 69 .-<br \/>\nTopelt l\u00fcliti 86,25 .-<br \/>\nKaabel \u00fche lambi jaoks 28,75 .-<br \/>\nKaitsmepaneel 138 .-<\/p>\n<p>&nbsp;<\/p>\n<p>&nbsp;<\/p>\n<p><strong><em>V\u00e4lisv\u00e4rvi v\u00e4rv Camping PODile 189,75 .-<\/em><\/strong><\/p>\n<p><strong><em>Samuti saadaval palju m\u00f6\u00f6blit, k\u00fcsi lisainfot.<\/em><\/strong><\/p>\n<p>&nbsp;<\/p>\n<p>&nbsp;<\/p>\n<p><a href=\"https:\/\/factory.sale\/wp-content\/uploads\/2024\/06\/Luxury-Insulated-Camping-Pod-5.5-x-2.4-1.pdf\" target=\"_blank\" rel=\"noopener\">Paigaldusjuhised<\/a><\/p>\n<p>&nbsp;<\/p>\n<p>&nbsp;<\/p>\n<div class=\"video-wrapper \"><iframe loading=\"lazy\" title=\"The folding bench from Woodprofesionals\" width=\"500\" height=\"281\" src=\"https:\/\/www.youtube.com\/embed\/rihF8b40BVs?feature=oembed\" frameborder=\"0\" allow=\"accelerometer; autoplay; clipboard-write; encrypted-media; gyroscope; picture-in-picture; web-share\" referrerpolicy=\"strict-origin-when-cross-origin\" allowfullscreen><\/iframe><\/div>\n<p>&nbsp;<\/p>\n","protected":false},"excerpt":{"rendered":"<p>Isolatsiooniga k\u00e4mpingumajake (k\u00fclgsissep\u00e4\u00e4suga), see on ainulaadne disaintoode, mis on populaarne kogu Euroopas. Seda majakest saab kasutada ka talvel, see v\u00f5ib olla paigaldatud otse padjanditele v\u00f5i isegi puidust terrassile, parvele, haagisele. See majake on mobiilne ja seda saab kergesti \u00fchest kohast teise liigutada.<\/p>\n","protected":false},"featured_media":86695,"comment_status":"open","ping_status":"closed","template":"","meta":{"_acf_changed":false},"factory":[],"free-shipment":[],"product_brand":[],"product_cat":[801,2888],"product_tag":[],"class_list":{"0":"post-86712","1":"product","2":"type-product","3":"status-publish","4":"has-post-thumbnail","6":"product_cat-elementmajad-2","7":"product_cat-kampingumajakesed","9":"first","10":"instock","11":"sale","12":"taxable","13":"shipping-taxable","14":"purchasable","15":"product-type-simple"},"acf":[],"_links":{"self":[{"href":"https:\/\/factory.sale\/et\/wp-json\/wp\/v2\/product\/86712","targetHints":{"allow":["GET"]}}],"collection":[{"href":"https:\/\/factory.sale\/et\/wp-json\/wp\/v2\/product"}],"about":[{"href":"https:\/\/factory.sale\/et\/wp-json\/wp\/v2\/types\/product"}],"replies":[{"embeddable":true,"href":"https:\/\/factory.sale\/et\/wp-json\/wp\/v2\/comments?post=86712"}],"wp:featuredmedia":[{"embeddable":true,"href":"https:\/\/factory.sale\/et\/wp-json\/wp\/v2\/media\/86695"}],"wp:attachment":[{"href":"https:\/\/factory.sale\/et\/wp-json\/wp\/v2\/media?parent=86712"}],"wp:term":[{"taxonomy":"factory","embeddable":true,"href":"https:\/\/factory.sale\/et\/wp-json\/wp\/v2\/factory?post=86712"},{"taxonomy":"free-shipment","embeddable":true,"href":"https:\/\/factory.sale\/et\/wp-json\/wp\/v2\/free-shipment?post=86712"},{"taxonomy":"product_brand","embeddable":true,"href":"https:\/\/factory.sale\/et\/wp-json\/wp\/v2\/product_brand?post=86712"},{"taxonomy":"product_cat","embeddable":true,"href":"https:\/\/factory.sale\/et\/wp-json\/wp\/v2\/product_cat?post=86712"},{"taxonomy":"product_tag","embeddable":true,"href":"https:\/\/factory.sale\/et\/wp-json\/wp\/v2\/product_tag?post=86712"}],"curies":[{"name":"wp","href":"https:\/\/api.w.org\/{rel}","templated":true}]}}