{"id":86661,"date":"2024-06-25T09:32:06","date_gmt":"2024-06-25T09:37:55","guid":{"rendered":"https:\/\/factory.sale\/?post_type=product&#038;p=86661"},"modified":"2024-06-26T01:32:24","modified_gmt":"2024-06-26T01:32:24","slug":"kampingumajake-16-5-m%c2%b2-kahe-laiendusega","status":"publish","type":"product","link":"https:\/\/factory.sale\/et\/toode\/kampingumajake-16-5-m%c2%b2-kahe-laiendusega\/","title":{"rendered":"K\u00e4mpingumajake 16.5 m\u00b2 kahe laiendusega"},"content":{"rendered":"<p>Suurem ja avaram k\u00e4mpingumajake annab piisavalt ruumi k\u00f5igile teie asjadele, olgu need ajutised v\u00f5i alalised. Kahe laiendusega majake on suurem ja ruumikam, pakkudes rohkem elamispinda, mida saab kasutada ka hoiualana. Need majakesed sobivad h\u00e4sti ka k\u00e4mpinguks. Kolm eraldi ruumi v\u00f5imaldavad majakese kujundada elutoaks, magamistoaks ja vannitoaks.<\/p>\n<p>K\u00e4mpingumajakese seinad on valmistatud \u00fcmardatud kuuselaudadest m\u00f5\u00f5tudega 45 x 145 mm. Majakese katus koosneb kaheksast katusepaneelist. Iga laienduse katus on valmistatud kahest paneelist. Kogu katus on kaetud 6-kihilise bituumenplaatidega. Laienduse suurus on umbes 4 ruutmeetrit (P x L \u2013 2.5 x 1.6 m). P\u00f5rand on h\u00f5lpsasti kokku pandav eraldi komponentidest. K\u00e4mpingumajakesel on stiilne rustikaalne sissep\u00e4\u00e4s. Ukses on kuusnurkne topeltklaasidega aken. Lukustatava ukse kohal on veranda.<\/p>\n<p>See k\u00e4mpingumajake talub talveilma ja pakub teile t\u00e4iuslikku kohta l\u00f5\u00f5gastumiseks ka talvel. Lisaks on saadaval valikuliselt isolatsiooniga katus ja p\u00f5rand. Isolatsioon: 5 cm paksune kivivill. Isolatsiooniga katuse ja p\u00f5randapaneelidega muutub k\u00e4mpingumajake atraktiivsemaks kasutamiseks nii suvel kui talvel. Suvehooajal hoiab isolatsioon kuumuse eemal ja majake ei kuumene \u00fcle. Talvel ei lase isolatsioon soojust v\u00e4lja.<\/p>\n<p>&nbsp;<\/p>\n<p>&nbsp;<\/p>\n<p><strong>Tehnilised andmed:<\/strong><\/p>\n<p>Inimesed: 5-6 inimest<br \/>\nPuit: kuusk<br \/>\nKuju: Kaheksanurk + 2 ristk\u00fclikut<br \/>\nToad: 3<br \/>\nSiseala: 24.5 m2<br \/>\nKoguk\u00f5rgus: 3446 mm<br \/>\nSeinak\u00f5rgus: 1155 mm<br \/>\nP\u00f5randa paksus: 18 mm<br \/>\nKatuse paksus: 18 mm<br \/>\nSeina paksus: 45 mm<br \/>\nV\u00e4lism\u00f5\u00f5dud: 8150 x 6240 mm<br \/>\nUkse suurus: 780 x 1500 mm<br \/>\nAknasuurus: 880 x 510 mm<\/p>\n<p>&nbsp;<\/p>\n<p><strong>Standardkomplekt:<\/strong><\/p>\n<p>Puidust seinad, p\u00f5randad, katusepaneelid;<br \/>\nKatus kaetud valitud v\u00e4rvi bituumensindlitega: punane, roheline, must;<br \/>\n4 topeltklaasidega akent (k\u00f5ik avanevad);<br \/>\nLukustatav uks topeltklaasidega kuusnurkse aknaga;<br \/>\n3 tuba: 8-nurkne majake ja 2 ristk\u00fclikukujulist laiendust;<\/p>\n<p>&nbsp;<\/p>\n<p><strong>Tarne:<\/strong><\/p>\n<p>Kauba suurus: 2 alust: 1. alus \u2013 3.75 x 1.2 x 2.55 m ja 2. alus \u2013 3.75 x 1.2 x 2.55 m.<br \/>\nKaal: 2500 kg.<br \/>\nK\u00e4mpingumajake 16.5 m\u00b2 kahe laiendusega tarnitakse kliendile kokkupanemata, kuid t\u00e4ielikult komplekteerituna, koos \u00fcksikasjalike kokkupanekujuhiste, jooniste ja hooldusjuhistega.<\/p>\n<p><img loading=\"lazy\" decoding=\"async\" class=\"alignnone  wp-image-86635\" src=\"https:\/\/factory.sale\/wp-content\/uploads\/2024\/06\/16.5m-foundation-300x206.png\" alt=\"\" width=\"533\" height=\"366\" srcset=\"https:\/\/factory.sale\/wp-content\/uploads\/2024\/06\/16.5m-foundation-300x206.png 300w, https:\/\/factory.sale\/wp-content\/uploads\/2024\/06\/16.5m-foundation-1024x704.png 1024w, https:\/\/factory.sale\/wp-content\/uploads\/2024\/06\/16.5m-foundation-150x103.png 150w, https:\/\/factory.sale\/wp-content\/uploads\/2024\/06\/16.5m-foundation-600x413.png 600w, https:\/\/factory.sale\/wp-content\/uploads\/2024\/06\/16.5m-foundation.png 1326w\" sizes=\"auto, (max-width: 533px) 100vw, 533px\" \/><\/p>\n<p>&nbsp;<\/p>\n<p>&nbsp;<\/p>\n<p><strong>Saadaval olevad bituumensindlite v\u00e4rvid:<\/strong><\/p>\n<p>Must, roheline, punane<\/p>\n<p><img loading=\"lazy\" decoding=\"async\" class=\"alignnone  wp-image-86157\" src=\"https:\/\/factory.sale\/wp-content\/uploads\/2024\/06\/colours-wooden-me-300x82.png\" alt=\"\" width=\"520\" height=\"142\" srcset=\"https:\/\/factory.sale\/wp-content\/uploads\/2024\/06\/colours-wooden-me-300x82.png 300w, https:\/\/factory.sale\/wp-content\/uploads\/2024\/06\/colours-wooden-me-150x41.png 150w, https:\/\/factory.sale\/wp-content\/uploads\/2024\/06\/colours-wooden-me-600x164.png 600w, https:\/\/factory.sale\/wp-content\/uploads\/2024\/06\/colours-wooden-me.png 638w\" sizes=\"auto, (max-width: 520px) 100vw, 520px\" \/><\/p>\n<p>&nbsp;<\/p>\n<p><strong>Lisaks saadaval (hinnad ilma k\u00e4ibemaksuta):<\/strong><\/p>\n<p><strong>Ehitusvalikud:<\/strong><\/p>\n<p>Isolatsiooniga p\u00f5rand 621 .-<br \/>\nIsolatsiooniga katus 1702 .-<br \/>\n28 mm p\u00f5randalauad keele- ja soone\u00fchendusega 874 .-<\/p>\n<p>&nbsp;<\/p>\n<p><strong>Seina k\u00f5rgus:<\/strong><\/p>\n<p>Standard 115,5 cm 0 .-<br \/>\n\u00dcks segment k\u00f5rgem 128,5 cm 408,25 .-<br \/>\nKaks segmenti k\u00f5rgem 141,5 cm 787,75 .-<\/p>\n<p>&nbsp;<\/p>\n<p><strong>Vahesein uste ja laienduse vahel:<\/strong><\/p>\n<p>1 tk 241,5 .-<br \/>\n2 tk 483 .-<\/p>\n<p>&nbsp;<\/p>\n<p><strong>Katusepaneel aknaga:<\/strong> 442,75 .-<\/p>\n<p>&nbsp;<\/p>\n<p>&nbsp;<\/p>\n<p><strong>Lisatarvikud:<\/strong><\/p>\n<p>Kardinad 46 .-<br \/>\nUstoppar 23 .-<br \/>\nRoostevabast terasest ukse l\u00e4vi 34,5 .-<br \/>\nRiiul 46 .-<br \/>\nLillepott 80,5 .-<br \/>\nP\u00f5dranahad 218,5 .-<\/p>\n<p><strong>V\u00e4lisv\u00e4rv. P\u00d5HIV\u00c4RV<\/strong> 1104 .-<br \/>\n<strong>V\u00e4lisv\u00e4rv. TEINE V\u00c4RV<\/strong> 281,75 .-<\/p>\n<p>&nbsp;<\/p>\n<p>&nbsp;<\/p>\n<p><a href=\"https:\/\/factory.sale\/wp-content\/uploads\/2024\/06\/16.5-m2-Cabin-with-exten-GRILL-CAMPING-SAUNA-ASSEMBLY-INSTRUCTION.pdf\" target=\"_blank\" rel=\"noopener\">Paigaldusjuhend<\/a><\/p>\n<p><a href=\"https:\/\/factory.sale\/wp-content\/uploads\/2024\/06\/Only-Extensions-ASSEMBLY-INSTRUCTION.pdf\" target=\"_blank\" rel=\"noopener\">Paigaldusjuhend laiendustele<\/a><\/p>\n","protected":false},"excerpt":{"rendered":"<p>Suurem ja avaram k\u00e4mpingumajake annab piisavalt ruumi k\u00f5igile teie asjadele, olgu need ajutised v\u00f5i alalised. Kahe laiendusega majake on suurem ja ruumikam, pakkudes rohkem elamispinda, mida saab kasutada ka hoiualana. Need majakesed sobivad h\u00e4sti ka k\u00e4mpinguks. Kolm eraldi ruumi v\u00f5imaldavad majakese kujundada elutoaks, magamistoaks ja vannitoaks.<\/p>\n","protected":false},"featured_media":86644,"comment_status":"open","ping_status":"closed","template":"","meta":{"_acf_changed":false},"factory":[],"free-shipment":[],"product_brand":[],"product_cat":[2356,2888],"product_tag":[],"class_list":{"0":"post-86661","1":"product","2":"type-product","3":"status-publish","4":"has-post-thumbnail","6":"product_cat-aiarajatised","7":"product_cat-kampingumajakesed","9":"first","10":"instock","11":"sale","12":"taxable","13":"shipping-taxable","14":"purchasable","15":"product-type-simple"},"acf":[],"_links":{"self":[{"href":"https:\/\/factory.sale\/et\/wp-json\/wp\/v2\/product\/86661","targetHints":{"allow":["GET"]}}],"collection":[{"href":"https:\/\/factory.sale\/et\/wp-json\/wp\/v2\/product"}],"about":[{"href":"https:\/\/factory.sale\/et\/wp-json\/wp\/v2\/types\/product"}],"replies":[{"embeddable":true,"href":"https:\/\/factory.sale\/et\/wp-json\/wp\/v2\/comments?post=86661"}],"wp:featuredmedia":[{"embeddable":true,"href":"https:\/\/factory.sale\/et\/wp-json\/wp\/v2\/media\/86644"}],"wp:attachment":[{"href":"https:\/\/factory.sale\/et\/wp-json\/wp\/v2\/media?parent=86661"}],"wp:term":[{"taxonomy":"factory","embeddable":true,"href":"https:\/\/factory.sale\/et\/wp-json\/wp\/v2\/factory?post=86661"},{"taxonomy":"free-shipment","embeddable":true,"href":"https:\/\/factory.sale\/et\/wp-json\/wp\/v2\/free-shipment?post=86661"},{"taxonomy":"product_brand","embeddable":true,"href":"https:\/\/factory.sale\/et\/wp-json\/wp\/v2\/product_brand?post=86661"},{"taxonomy":"product_cat","embeddable":true,"href":"https:\/\/factory.sale\/et\/wp-json\/wp\/v2\/product_cat?post=86661"},{"taxonomy":"product_tag","embeddable":true,"href":"https:\/\/factory.sale\/et\/wp-json\/wp\/v2\/product_tag?post=86661"}],"curies":[{"name":"wp","href":"https:\/\/api.w.org\/{rel}","templated":true}]}}