{"id":86625,"date":"2024-06-24T23:21:16","date_gmt":"2024-06-24T23:25:31","guid":{"rendered":"https:\/\/factory.sale\/?post_type=product&#038;p=86625"},"modified":"2025-01-12T22:42:53","modified_gmt":"2025-01-12T19:42:53","slug":"isolatsiooniga-kampingumajake-3-m-x-5-9-m","status":"publish","type":"product","link":"https:\/\/factory.sale\/et\/toode\/isolatsiooniga-kampingumajake-3-m-x-5-9-m\/","title":{"rendered":"Isolatsiooniga k\u00e4mpingumajake 3 m x 5.9 m"},"content":{"rendered":"<p>K\u00e4mpingumaja, tuntud ka kui gl\u00e4mping, on suurep\u00e4rane valik v\u00e4litingimustes elamiseks ja \u00f6\u00f6bimiseks. See pakub hubast, mugavat ja avarat majutust kuni 2-6 inimesele (s\u00f5ltuvalt valitud suurusest). Selle eriline kuju sulandub maastikuga, muutes vaate v\u00e4ga loomulikuks ja meeldivaks.<\/p>\n<p>K\u00e4mpingumaja v\u00f5imaldab inimestel nautida suurep\u00e4raseid v\u00e4litingimusi, mist\u00f5ttu valivad selle sageli k\u00e4mpingu omanikud ja muusikafestivalide korraldajad, kes soovivad pakkuda oma klientidele rafineeritumat ja mugavamat telkimisv\u00f5imalust.<\/p>\n<p>K\u00e4mpingumajasid saab suurep\u00e4raselt kasutada ka kauni aia- v\u00f5i k\u00fclalistemajana, suveresidentsina, kodukontorina, t\u00f6\u00f6kohana, kalurimajana, rannamajana, vaba aja veetmise kohana v\u00f5i laste m\u00e4ngumajana.<\/p>\n<p>Parimatest kvaliteetsetest materjalidest toodetud k\u00e4mpingumajad pakuvad ainulaadset k\u00e4mpingumajutust, pakkudes uskumatut vaba aja veetmise kogemust.<\/p>\n<p>&nbsp;<\/p>\n<p><strong>Tehniline teave:<\/strong><\/p>\n<p>Suurus: 2-6 inimest<br \/>\nToad: 2<br \/>\nSiseala: 14.73 m\u00b2<br \/>\nV\u00e4lism\u00f5\u00f5dud: 3.25 m x 5.9 m<br \/>\nK\u00f5rgus: 2.75 m<br \/>\nPuit: m\u00e4nnipuit<br \/>\nSeinad: m\u00e4nnipuidust sise- ja v\u00e4lispaneelid: 14 mm; Isolatsiooniga k\u00fclgseina paksus: 126 mm; Isolatsiooniga esi- ja tagaseina paksus: 118 mm<br \/>\nP\u00f5rand: m\u00e4nnipuit: 28 mm; Isolatsiooniga p\u00f5randa paksus: 158 mm<br \/>\nKivivilla isolatsioon: 100 mm (p\u00f5rand ja seinad)<br \/>\nKatuse viimistlus: Soome bituumen katusesindlid<br \/>\nAknasuurus: 700 x 900 mm<br \/>\nUkse suurus: 1010 x 1820 mm<br \/>\nTerrass: pikkus kohandatav (lisatasu eest)<\/p>\n<p>&nbsp;<\/p>\n<p>&nbsp;<\/p>\n<p><strong>Standardkomplekt:<\/strong><\/p>\n<p>Isolatsiooniga seinad, kaetud bituumen katusesindlitega<br \/>\nIsolatsiooniga m\u00e4nnipuidust p\u00f5rand<br \/>\n1 topeltklaasidega avatav aken tagaseinas<br \/>\nTaani topeltklaasidega uks koos tavalise k\u00e4epideme ja lukuga<br \/>\nSisev\u00e4ike tuba uksega (vannitoa jaoks)<\/p>\n<p>&nbsp;<\/p>\n<p><strong>Tarne:<\/strong> kaal 3200 kg, suurus: kokkupanemata majake 1.2 m x 5.9 m x 2.6 m<\/p>\n<p>&nbsp;<\/p>\n<p>&nbsp;<\/p>\n<p><strong>Saadaval olevad bituumensindlite v\u00e4rvid:<\/strong><\/p>\n<p>Must, roheline, punane<\/p>\n<p><strong><img loading=\"lazy\" decoding=\"async\" class=\"alignnone wp-image-86157\" src=\"https:\/\/factory.sale\/wp-content\/uploads\/2024\/06\/colours-wooden-me-300x82.png\" alt=\"\" width=\"501\" height=\"137\" srcset=\"https:\/\/factory.sale\/wp-content\/uploads\/2024\/06\/colours-wooden-me-300x82.png 300w, https:\/\/factory.sale\/wp-content\/uploads\/2024\/06\/colours-wooden-me-150x41.png 150w, https:\/\/factory.sale\/wp-content\/uploads\/2024\/06\/colours-wooden-me-600x164.png 600w, https:\/\/factory.sale\/wp-content\/uploads\/2024\/06\/colours-wooden-me.png 638w\" sizes=\"auto, (max-width: 501px) 100vw, 501px\" \/><\/strong><\/p>\n<p>&nbsp;<\/p>\n<p><strong>Lisaks saadaval (hinnad ilma k\u00e4ibemaksuta):<\/strong><\/p>\n<p>Poolpanoraamaken 1265 .-<br \/>\nT\u00e4ispanoraamaken 1518 .-<br \/>\nTopeltklaasidega aken, professionaalselt v\u00e4rvitud v\u00e4rvikambris antratsiitv\u00e4rvi, tagaseinas 63,25 .-<\/p>\n<p>&nbsp;<\/p>\n<p><strong>Terrass:<\/strong><\/p>\n<p>Terrassi ei ole 0 .-<br \/>\n1 m pikkune terrass 143,75 .-<br \/>\n2 m pikkune terrass 281,75 .-<br \/>\n3 m pikkune terrass 419,75 .-<\/p>\n<p>&nbsp;<\/p>\n<p><strong><em>Samuti saadaval palju m\u00f6\u00f6blit, k\u00fcsi lisainfot.<\/em><\/strong><\/p>\n<p>&nbsp;<\/p>\n<p>&nbsp;<\/p>\n<div class=\"video-wrapper \"><iframe loading=\"lazy\" title=\"The folding bench from Woodprofesionals\" width=\"500\" height=\"281\" src=\"https:\/\/www.youtube.com\/embed\/rihF8b40BVs?feature=oembed\" frameborder=\"0\" allow=\"accelerometer; autoplay; clipboard-write; encrypted-media; gyroscope; picture-in-picture; web-share\" referrerpolicy=\"strict-origin-when-cross-origin\" allowfullscreen><\/iframe><\/div>\n","protected":false},"excerpt":{"rendered":"<p>K\u00e4mpingumaja, tuntud ka kui gl\u00e4mping, on suurep\u00e4rane valik v\u00e4litingimustes elamiseks ja \u00f6\u00f6bimiseks. See pakub hubast, mugavat ja avarat majutust kuni 2-6 inimesele (s\u00f5ltuvalt valitud suurusest). Selle eriline kuju sulandub maastikuga, muutes vaate v\u00e4ga loomulikuks ja meeldivaks.<\/p>\n","protected":false},"featured_media":86623,"comment_status":"open","ping_status":"closed","template":"","meta":{"_acf_changed":false},"factory":[],"free-shipment":[],"product_brand":[],"product_cat":[801,2888],"product_tag":[],"class_list":{"0":"post-86625","1":"product","2":"type-product","3":"status-publish","4":"has-post-thumbnail","6":"product_cat-elementmajad-2","7":"product_cat-kampingumajakesed","9":"first","10":"instock","11":"sale","12":"taxable","13":"shipping-taxable","14":"purchasable","15":"product-type-simple"},"acf":[],"_links":{"self":[{"href":"https:\/\/factory.sale\/et\/wp-json\/wp\/v2\/product\/86625","targetHints":{"allow":["GET"]}}],"collection":[{"href":"https:\/\/factory.sale\/et\/wp-json\/wp\/v2\/product"}],"about":[{"href":"https:\/\/factory.sale\/et\/wp-json\/wp\/v2\/types\/product"}],"replies":[{"embeddable":true,"href":"https:\/\/factory.sale\/et\/wp-json\/wp\/v2\/comments?post=86625"}],"wp:featuredmedia":[{"embeddable":true,"href":"https:\/\/factory.sale\/et\/wp-json\/wp\/v2\/media\/86623"}],"wp:attachment":[{"href":"https:\/\/factory.sale\/et\/wp-json\/wp\/v2\/media?parent=86625"}],"wp:term":[{"taxonomy":"factory","embeddable":true,"href":"https:\/\/factory.sale\/et\/wp-json\/wp\/v2\/factory?post=86625"},{"taxonomy":"free-shipment","embeddable":true,"href":"https:\/\/factory.sale\/et\/wp-json\/wp\/v2\/free-shipment?post=86625"},{"taxonomy":"product_brand","embeddable":true,"href":"https:\/\/factory.sale\/et\/wp-json\/wp\/v2\/product_brand?post=86625"},{"taxonomy":"product_cat","embeddable":true,"href":"https:\/\/factory.sale\/et\/wp-json\/wp\/v2\/product_cat?post=86625"},{"taxonomy":"product_tag","embeddable":true,"href":"https:\/\/factory.sale\/et\/wp-json\/wp\/v2\/product_tag?post=86625"}],"curies":[{"name":"wp","href":"https:\/\/api.w.org\/{rel}","templated":true}]}}