{"id":86613,"date":"2024-06-24T22:39:45","date_gmt":"2024-06-24T23:07:25","guid":{"rendered":"https:\/\/factory.sale\/?post_type=product&#038;p=86613"},"modified":"2024-09-29T22:51:02","modified_gmt":"2024-09-29T19:51:02","slug":"kampingumajake-kulgsissepaasuga-2-4-x-5-9-m","status":"publish","type":"product","link":"https:\/\/factory.sale\/et\/toode\/kampingumajake-kulgsissepaasuga-2-4-x-5-9-m\/","title":{"rendered":"K\u00e4mpingumajake k\u00fclgsissep\u00e4\u00e4suga 2.4 \u00d7 5.9 m"},"content":{"rendered":"<p><strong>Tehnilised andmed:<\/strong><\/p>\n<p>Inimesed: 2 \u2013 4 inimest<br \/>\nPuit: kuusk<br \/>\nKuju: pod<br \/>\nToad: 2<br \/>\nSiseala: 12,0 m\u00b2<br \/>\nKoguk\u00f5rgus: 2280 mm<br \/>\nP\u00f5randa paksus: 28 mm<br \/>\nKatuse paksus: 38 mm<br \/>\nSeina paksus: 38 mm<br \/>\nV\u00e4lism\u00f5\u00f5dud: 5900 x 2400 mm<br \/>\nUkse suurus: 1020 x 1700 mm<br \/>\nAknasuurus: 672 x 704 mm<\/p>\n<p>&nbsp;<\/p>\n<p><strong>Standardkomplekt:<\/strong><\/p>\n<p>Kuusest valmistatud;<br \/>\nKatus kaetud teie valitud v\u00e4rvi bituumensindlitega;<br \/>\nKaks avatavat akent k\u00fclgseintes (t\u00e4isklaassein lisavalikuna.<br \/>\nM\u00f5\u00f5dud (L x K): 2995 x 2995 mm; Klaasi paksus: 10 mm karastatud klaas (pruun));<br \/>\nTopeltuksed lukuga ja topeltklaasidega aknad;<br \/>\nPrantsuse stiilis topeltklaasidega uks lukuga ja standardselt k\u00e4epidemega ees;<br \/>\n2 avatavat akent k\u00fclgseintes;<br \/>\nVentilatsioon;<br \/>\nSisevahesein, mis jagab magamis- ja elutoatsooni.<br \/>\nK\u00e4mpingupod k\u00fclgsissep\u00e4\u00e4suga 2.4\u00d75.9 kohaletoimetamine: K\u00e4mpingupod toimetatakse kliendile t\u00e4ielikult kokkupanduna!<\/p>\n<p>&nbsp;<\/p>\n<p><strong>Tarne:<\/strong><\/p>\n<p>Kauba suurus (P x L x K): 6 x 2,4 x 2,6 m;<br \/>\nKaal: 2200 kg.<br \/>\nTarneaeg: 4 kuni 8 n\u00e4dalat.<\/p>\n<p>&nbsp;<\/p>\n<p><strong>Saadaval olevad bituumensindlite v\u00e4rvid:<\/strong><\/p>\n<p>Must, roheline, punane<\/p>\n<p><strong><img loading=\"lazy\" decoding=\"async\" class=\"alignnone wp-image-86157\" src=\"https:\/\/factory.sale\/wp-content\/uploads\/2024\/06\/colours-wooden-me-300x82.png\" alt=\"\" width=\"512\" height=\"140\" srcset=\"https:\/\/factory.sale\/wp-content\/uploads\/2024\/06\/colours-wooden-me-300x82.png 300w, https:\/\/factory.sale\/wp-content\/uploads\/2024\/06\/colours-wooden-me-150x41.png 150w, https:\/\/factory.sale\/wp-content\/uploads\/2024\/06\/colours-wooden-me-600x164.png 600w, https:\/\/factory.sale\/wp-content\/uploads\/2024\/06\/colours-wooden-me.png 638w\" sizes=\"auto, (max-width: 512px) 100vw, 512px\" \/><\/strong><\/p>\n<p>&nbsp;<\/p>\n<p><strong>Lisaks saadaval (hinnad ilma k\u00e4ibemaksuta):<\/strong><\/p>\n<p>T\u00e4isklaasist k\u00fclgsein + 1040,75 .-<br \/>\nImpregneerimine v\u00e4lispuidu peitsv\u00e4rviga + 569,25 .-<br \/>\nImpregneerimine v\u00e4lispuidu v\u00e4rviga + 569,25 .-<\/p>\n<p>&nbsp;<\/p>\n<p><strong>M\u00f6\u00f6bel:<\/strong><\/p>\n<p>Kaheinimesevoodi + 178,25 .-<br \/>\nLaud + 69 .-<br \/>\nTumba + 69 .-<br \/>\n\u00dcheinimesevoodi + 109,25 .-<br \/>\nRoostevabast terasest ukse l\u00e4vi + 34,5 .-<\/p>\n<p>&nbsp;<\/p>\n<p>&nbsp;<\/p>\n<p>&nbsp;<\/p>\n<p><a href=\"https:\/\/factory.sale\/wp-content\/uploads\/2024\/06\/plan-59-side-entry.pdf\" target=\"_blank\" rel=\"noopener\">Joonis<\/a><\/p>\n","protected":false},"excerpt":{"rendered":"<ul>\n<li>Kuusest valmistatud;<\/li>\n<li>Katus kaetud teie valitud v\u00e4rvi bituumensindlitega;<\/li>\n<li>Kaks avatavat akent k\u00fclgseintes (t\u00e4isklaassein lisavalikuna.<br \/>\nM\u00f5\u00f5dud (L x K): 2995 x 2995 mm; Klaasi paksus: 10 mm karastatud klaas (pruun));<\/li>\n<li>Topeltuksed lukuga ja topeltklaasidega aknad;<\/li>\n<li>Prantsuse stiilis topeltklaasidega uks lukuga ja standardselt k\u00e4epidemega ees;<\/li>\n<li>2 avatavat akent k\u00fclgseintes;<\/li>\n<li>Ventilatsioon;<\/li>\n<li>Sisevahesein, mis jagab magamis- ja elutoatsooni.<\/li>\n<\/ul>\n","protected":false},"featured_media":86604,"comment_status":"open","ping_status":"closed","template":"","meta":{"_acf_changed":false},"factory":[],"free-shipment":[],"product_brand":[],"product_cat":[801,2888],"product_tag":[],"class_list":{"0":"post-86613","1":"product","2":"type-product","3":"status-publish","4":"has-post-thumbnail","6":"product_cat-elementmajad-2","7":"product_cat-kampingumajakesed","9":"first","10":"instock","11":"sale","12":"taxable","13":"shipping-taxable","14":"purchasable","15":"product-type-simple"},"acf":[],"_links":{"self":[{"href":"https:\/\/factory.sale\/et\/wp-json\/wp\/v2\/product\/86613","targetHints":{"allow":["GET"]}}],"collection":[{"href":"https:\/\/factory.sale\/et\/wp-json\/wp\/v2\/product"}],"about":[{"href":"https:\/\/factory.sale\/et\/wp-json\/wp\/v2\/types\/product"}],"replies":[{"embeddable":true,"href":"https:\/\/factory.sale\/et\/wp-json\/wp\/v2\/comments?post=86613"}],"wp:featuredmedia":[{"embeddable":true,"href":"https:\/\/factory.sale\/et\/wp-json\/wp\/v2\/media\/86604"}],"wp:attachment":[{"href":"https:\/\/factory.sale\/et\/wp-json\/wp\/v2\/media?parent=86613"}],"wp:term":[{"taxonomy":"factory","embeddable":true,"href":"https:\/\/factory.sale\/et\/wp-json\/wp\/v2\/factory?post=86613"},{"taxonomy":"free-shipment","embeddable":true,"href":"https:\/\/factory.sale\/et\/wp-json\/wp\/v2\/free-shipment?post=86613"},{"taxonomy":"product_brand","embeddable":true,"href":"https:\/\/factory.sale\/et\/wp-json\/wp\/v2\/product_brand?post=86613"},{"taxonomy":"product_cat","embeddable":true,"href":"https:\/\/factory.sale\/et\/wp-json\/wp\/v2\/product_cat?post=86613"},{"taxonomy":"product_tag","embeddable":true,"href":"https:\/\/factory.sale\/et\/wp-json\/wp\/v2\/product_tag?post=86613"}],"curies":[{"name":"wp","href":"https:\/\/api.w.org\/{rel}","templated":true}]}}