{"id":86594,"date":"2024-06-24T22:12:57","date_gmt":"2024-06-24T22:16:53","guid":{"rendered":"https:\/\/factory.sale\/?post_type=product&#038;p=86594"},"modified":"2024-09-30T03:32:22","modified_gmt":"2024-09-30T00:32:22","slug":"isolatsiooniga-kampingumajake-3-m-x-48-m","status":"publish","type":"product","link":"https:\/\/factory.sale\/et\/toode\/isolatsiooniga-kampingumajake-3-m-x-48-m\/","title":{"rendered":"Isolatsiooniga k\u00e4mpingumajake 3 m x 4,8 m"},"content":{"rendered":"<p>Isolatsiooniga k\u00e4mpingumajake, see on ainulaadne disaintoode, mis on populaarne kogu Euroopas. Seda majakest saab kasutada ka talvel, see v\u00f5ib olla paigaldatud otse puidust terrassile, alusele v\u00f5i haagisele. See k\u00e4mpingumajake on mobiilne &#8211; seda saab kergesti \u00fchest kohast teise liigutada.<\/p>\n<p>&nbsp;<\/p>\n<p>&nbsp;<\/p>\n<p><strong>Tehnilised andmed:<\/strong><\/p>\n<p>Suurus: 2-6 inimest<br \/>\nToad: 2<br \/>\nSiseala: 11.46 m\u00b2<br \/>\nV\u00e4lism\u00f5\u00f5dud: 3.25 m x 4.8 m<br \/>\nK\u00f5rgus: 2.75 m<br \/>\nPuit: m\u00e4nnipuit<br \/>\nSeinad: m\u00e4nnipuidust sise- ja v\u00e4lispaneelid: 14 mm; Isolatsiooniga k\u00fclgseina paksus: 126 mm; Isolatsiooniga esi- ja tagaseina paksus: 118 mm<br \/>\nP\u00f5rand: m\u00e4nnipuit: 28 mm; Isolatsiooniga p\u00f5randa paksus: 158 mm<br \/>\nKivivilla isolatsioon: 100 mm (p\u00f5rand ja seinad)<br \/>\nKatuse viimistlus: Soome bituumen katusesindlid<br \/>\nAknasuurus: 700 x 900 mm<br \/>\nUkse suurus: 1010 x 1820 mm<br \/>\nTerrass: pikkus kohandatav (lisatasu eest)<\/p>\n<p>&nbsp;<\/p>\n<p>&nbsp;<\/p>\n<p><strong>Standardkomplekt:<\/strong><\/p>\n<p>Isolatsiooniga majakese seinad kaetud bituumen katusesindlitega<br \/>\nIsolatsiooniga m\u00e4nnipuidust p\u00f5rand<br \/>\n1 topeltklaasidega avatav aken tagaseinas<br \/>\nTaani topeltklaasidega uks koos tavalise k\u00e4epideme ja lukuga<br \/>\nSisev\u00e4ike tuba uksega (vannitoa jaoks)<br \/>\nTerrass 28 mm immutatud terrassilaudadest (lisavalikuna)<\/p>\n<p>&nbsp;<\/p>\n<p>&nbsp;<\/p>\n<p><strong>Tarne:<\/strong><\/p>\n<p>Aluse suurus (LxPxK): 1p (1.2 x 4.8 x 2.6) 2400 kg<\/p>\n<p><strong><img loading=\"lazy\" decoding=\"async\" class=\"alignnone wp-image-86577\" src=\"https:\/\/factory.sale\/wp-content\/uploads\/2024\/06\/Insulated-pod-3.0-x-4.8-moodud-300x200.png\" alt=\"\" width=\"515\" height=\"343\" srcset=\"https:\/\/factory.sale\/wp-content\/uploads\/2024\/06\/Insulated-pod-3.0-x-4.8-moodud-300x200.png 300w, https:\/\/factory.sale\/wp-content\/uploads\/2024\/06\/Insulated-pod-3.0-x-4.8-moodud-1024x682.png 1024w, https:\/\/factory.sale\/wp-content\/uploads\/2024\/06\/Insulated-pod-3.0-x-4.8-moodud-150x100.png 150w, https:\/\/factory.sale\/wp-content\/uploads\/2024\/06\/Insulated-pod-3.0-x-4.8-moodud-600x400.png 600w, https:\/\/factory.sale\/wp-content\/uploads\/2024\/06\/Insulated-pod-3.0-x-4.8-moodud.png 1438w\" sizes=\"auto, (max-width: 515px) 100vw, 515px\" \/><\/strong><\/p>\n<p>&nbsp;<\/p>\n<p>&nbsp;<\/p>\n<p><strong>Saadaval olevad bituumensindlite v\u00e4rvid:<\/strong><\/p>\n<p>Must, roheline, punane<\/p>\n<p><img loading=\"lazy\" decoding=\"async\" class=\"alignnone wp-image-86157\" src=\"https:\/\/factory.sale\/wp-content\/uploads\/2024\/06\/colours-wooden-me-300x82.png\" alt=\"\" width=\"530\" height=\"145\" srcset=\"https:\/\/factory.sale\/wp-content\/uploads\/2024\/06\/colours-wooden-me-300x82.png 300w, https:\/\/factory.sale\/wp-content\/uploads\/2024\/06\/colours-wooden-me-150x41.png 150w, https:\/\/factory.sale\/wp-content\/uploads\/2024\/06\/colours-wooden-me-600x164.png 600w, https:\/\/factory.sale\/wp-content\/uploads\/2024\/06\/colours-wooden-me.png 638w\" sizes=\"auto, (max-width: 530px) 100vw, 530px\" \/><\/p>\n<p>&nbsp;<\/p>\n<p><strong>Lisaks saadaval (hinnad ilma k\u00e4ibemaksuta):<\/strong><\/p>\n<p>Poolpanoraamaken + 1265 .-<br \/>\nT\u00e4ispanoraamaken + 1518 .-<br \/>\nTopeltklaasidega aken, professionaalselt v\u00e4rvitud v\u00e4rvikambris antratsiitv\u00e4rvi, tagaseinas + \u00a063,25 .-<\/p>\n<p>&nbsp;<\/p>\n<p>&nbsp;<\/p>\n<p><strong>Terrass:<\/strong><\/p>\n<p>Terrassi ei ole 0 .-<br \/>\n1 m pikkune terrass + \u00a0143,75 .-<br \/>\n2 m pikkune terrass + 281,75 .-<br \/>\n3 m pikkune terrass + 419,75 .-<\/p>\n<p>&nbsp;<\/p>\n<p>&nbsp;<\/p>\n<p><strong><em>Samuti saadaval palju m\u00f6\u00f6blit, k\u00fcsi lisainfot.<\/em><\/strong><\/p>\n<p>&nbsp;<\/p>\n<p><a href=\"https:\/\/factory.sale\/wp-content\/uploads\/2024\/06\/Luxury-Insulated-Camping-Pod-5.5-x-2.4.pdf\" target=\"_blank\" rel=\"noopener\">Paigaldusjuhised<\/a><\/p>\n<p>&nbsp;<\/p>\n<p>&nbsp;<\/p>\n<div class=\"video-wrapper \"><iframe loading=\"lazy\" title=\"The folding bench from Woodprofesionals\" width=\"500\" height=\"281\" src=\"https:\/\/www.youtube.com\/embed\/rihF8b40BVs?feature=oembed\" frameborder=\"0\" allow=\"accelerometer; autoplay; clipboard-write; encrypted-media; gyroscope; picture-in-picture; web-share\" referrerpolicy=\"strict-origin-when-cross-origin\" allowfullscreen><\/iframe><\/div>\n","protected":false},"excerpt":{"rendered":"<p>Isolatsiooniga k\u00e4mpingumajake, see on ainulaadne disaintoode, mis on populaarne kogu Euroopas. Seda majakest saab kasutada ka talvel, see v\u00f5ib olla paigaldatud otse puidust terrassile, alusele v\u00f5i haagisele. See k\u00e4mpingumajake on mobiilne &#8211; seda saab kergesti \u00fchest kohast teise liigutada.<\/p>\n","protected":false},"featured_media":86580,"comment_status":"open","ping_status":"closed","template":"","meta":{"_acf_changed":false},"factory":[],"free-shipment":[],"product_brand":[],"product_cat":[801,2888],"product_tag":[],"class_list":{"0":"post-86594","1":"product","2":"type-product","3":"status-publish","4":"has-post-thumbnail","6":"product_cat-elementmajad-2","7":"product_cat-kampingumajakesed","9":"first","10":"instock","11":"sale","12":"taxable","13":"shipping-taxable","14":"purchasable","15":"product-type-simple"},"acf":[],"_links":{"self":[{"href":"https:\/\/factory.sale\/et\/wp-json\/wp\/v2\/product\/86594","targetHints":{"allow":["GET"]}}],"collection":[{"href":"https:\/\/factory.sale\/et\/wp-json\/wp\/v2\/product"}],"about":[{"href":"https:\/\/factory.sale\/et\/wp-json\/wp\/v2\/types\/product"}],"replies":[{"embeddable":true,"href":"https:\/\/factory.sale\/et\/wp-json\/wp\/v2\/comments?post=86594"}],"wp:featuredmedia":[{"embeddable":true,"href":"https:\/\/factory.sale\/et\/wp-json\/wp\/v2\/media\/86580"}],"wp:attachment":[{"href":"https:\/\/factory.sale\/et\/wp-json\/wp\/v2\/media?parent=86594"}],"wp:term":[{"taxonomy":"factory","embeddable":true,"href":"https:\/\/factory.sale\/et\/wp-json\/wp\/v2\/factory?post=86594"},{"taxonomy":"free-shipment","embeddable":true,"href":"https:\/\/factory.sale\/et\/wp-json\/wp\/v2\/free-shipment?post=86594"},{"taxonomy":"product_brand","embeddable":true,"href":"https:\/\/factory.sale\/et\/wp-json\/wp\/v2\/product_brand?post=86594"},{"taxonomy":"product_cat","embeddable":true,"href":"https:\/\/factory.sale\/et\/wp-json\/wp\/v2\/product_cat?post=86594"},{"taxonomy":"product_tag","embeddable":true,"href":"https:\/\/factory.sale\/et\/wp-json\/wp\/v2\/product_tag?post=86594"}],"curies":[{"name":"wp","href":"https:\/\/api.w.org\/{rel}","templated":true}]}}