{"id":86570,"date":"2024-06-24T21:42:56","date_gmt":"2024-06-24T21:49:10","guid":{"rendered":"https:\/\/factory.sale\/?post_type=product&#038;p=86570"},"modified":"2024-09-28T23:02:59","modified_gmt":"2024-09-28T20:02:59","slug":"isolatsiooniga-kampingumajake-2-4-m-x-4-8-m-sissepaasuga-kuljelt","status":"publish","type":"product","link":"https:\/\/factory.sale\/et\/toode\/isolatsiooniga-kampingumajake-2-4-m-x-4-8-m-sissepaasuga-kuljelt\/","title":{"rendered":"Isolatsiooniga k\u00e4mpingumajake 2.4 m x 4.8 m (sissep\u00e4\u00e4suga k\u00fcljelt)"},"content":{"rendered":"<p>Isolatsiooniga k\u00e4mpingumaja (sissep\u00e4\u00e4suga k\u00fcljelt) on ainulaadse disainiga toode, mis on populaarne kogu Euroopas. Seda majakest saab kasutada ka talvel, see v\u00f5ib olla paigutatud otse alustele v\u00f5i isegi puidust terrassile, parvele, haagisele. See maja on mobiilne ja seda saab h\u00f5lpsasti \u00fchest kohast teise liigutada.<\/p>\n<p>&nbsp;<\/p>\n<p><strong>Tehnilised andmed:<\/strong><\/p>\n<p>Suurus: 2-4 inimest<br \/>\nSisetuba: 8,1 m\u00b2<br \/>\nV\u00e4lism\u00f5\u00f5tmed: 2,4 m x 4,8 m<br \/>\nK\u00f5rgus: 2,6 m<br \/>\nPuit: m\u00e4nnipuit<br \/>\nSeinad: m\u00e4nnipuitpaneelid seest ja v\u00e4ljast: 14 mm; Isolatsiooniga k\u00fclgseina paksus: 126 mm; Isolatsiooniga esi- ja tagaseina paksus: 118 mm<br \/>\nP\u00f5rand: m\u00e4nnipuit: 28 mm; Isolatsiooniga p\u00f5randa paksus: 158 mm<br \/>\nKivivilla isolatsioon: 100 mm (p\u00f5rand ja seinad)<br \/>\nKatuse viimistlus: Soome bituumensindlid<br \/>\nAkna suurus: 700 x 900 mm<br \/>\nUkse suurus: 1010 x 1820 mm<\/p>\n<p>&nbsp;<\/p>\n<p>&nbsp;<\/p>\n<p><strong>Standardkomplekt:<\/strong><\/p>\n<p>Seinad kaetud bituumensindlitega<br \/>\nIsolatsiooniga m\u00e4nnipuidust p\u00f5rand<br \/>\n2 avanevat kahekordse klaasiga akent esi- ja tagaseintes<br \/>\nTaani kahekordse klaasiga uks tavalise k\u00e4epideme ja lukuga<\/p>\n<p>&nbsp;<\/p>\n<p>&nbsp;<\/p>\n<p><strong>Tarne:<\/strong><\/p>\n<p>Aluse suurus (LxPxK): 1p (1,2 x 4,8 x 2,6) 2200 kg<br \/>\nKokkupandud podi suurus (LxPxK): (2,4 x 4,9 x 2,6) 2200 kg<\/p>\n<p><img loading=\"lazy\" decoding=\"async\" class=\"alignnone wp-image-86550\" src=\"https:\/\/factory.sale\/wp-content\/uploads\/2024\/06\/Insulated-pod-4.8m-with-side-entrance-moodud-300x203.png\" alt=\"\" width=\"599\" height=\"405\" srcset=\"https:\/\/factory.sale\/wp-content\/uploads\/2024\/06\/Insulated-pod-4.8m-with-side-entrance-moodud-300x203.png 300w, https:\/\/factory.sale\/wp-content\/uploads\/2024\/06\/Insulated-pod-4.8m-with-side-entrance-moodud-150x102.png 150w, https:\/\/factory.sale\/wp-content\/uploads\/2024\/06\/Insulated-pod-4.8m-with-side-entrance-moodud-600x406.png 600w, https:\/\/factory.sale\/wp-content\/uploads\/2024\/06\/Insulated-pod-4.8m-with-side-entrance-moodud.png 1004w\" sizes=\"auto, (max-width: 599px) 100vw, 599px\" \/><\/p>\n<p>&nbsp;<\/p>\n<p><strong>Saadaval olevad bituumensindlite v\u00e4rvid:<\/strong><\/p>\n<p>Must, roheline, punane<\/p>\n<p><img loading=\"lazy\" decoding=\"async\" class=\"alignnone wp-image-86157\" src=\"https:\/\/factory.sale\/wp-content\/uploads\/2024\/06\/colours-wooden-me-300x82.png\" alt=\"\" width=\"604\" height=\"165\" srcset=\"https:\/\/factory.sale\/wp-content\/uploads\/2024\/06\/colours-wooden-me-300x82.png 300w, https:\/\/factory.sale\/wp-content\/uploads\/2024\/06\/colours-wooden-me-150x41.png 150w, https:\/\/factory.sale\/wp-content\/uploads\/2024\/06\/colours-wooden-me-600x164.png 600w, https:\/\/factory.sale\/wp-content\/uploads\/2024\/06\/colours-wooden-me.png 638w\" sizes=\"auto, (max-width: 604px) 100vw, 604px\" \/><\/p>\n<p>&nbsp;<\/p>\n<p><strong>Lisaks saadaval (hinnad ilma k\u00e4ibemaksuta):<\/strong><\/p>\n<p>Poolpanoraamaken 1265 .-<br \/>\nT\u00e4ispanoraamaken 1518 .-<br \/>\nKahekordse klaasiga aken, professionaalselt v\u00e4rvitud v\u00e4rvimiskambris antratsiitv\u00e4rviga, tagaseinas 63,25 .-<\/p>\n<p><strong>Standarddekoratiivlauad<\/strong> 0.-<\/p>\n<p><strong>Liimitud dekoratiivlauad<\/strong> 126,5 .-<\/p>\n<p><strong>Standarduks<\/strong> 0.-<\/p>\n<p><strong>Premium \u00fcksik uks antratsiitv\u00e4rviga<\/strong> 189,75 .-<\/p>\n<p>&nbsp;<\/p>\n<p>&nbsp;<\/p>\n<p><strong>Elektrivarustus:<\/strong><\/p>\n<p>\u00dcksik pistikupesa 69 .-<br \/>\nKahekordne pistikupesa 74,75 .-<br \/>\n\u00dcksikl\u00fcliti 69 .-<br \/>\nKahekordne l\u00fcliti 86,25 .-<br \/>\nKaabel \u00fche lambi jaoks 28,75 .-<br \/>\nKaitsmete paneel 138 .-<\/p>\n<p>&nbsp;<\/p>\n<p><strong>K\u00e4mpingupodi v\u00e4lisv\u00e4rv 189,75 .-<\/strong><\/p>\n<p><strong>Saadaval ka palju m\u00f6\u00f6blit, k\u00fcsi lisa.<\/strong><\/p>\n<p>&nbsp;<\/p>\n<p>&nbsp;<\/p>\n<p><a href=\"https:\/\/factory.sale\/wp-content\/uploads\/2024\/06\/Luxury-Insulated-Camping-Pod-5.5-x-2.4-1.pdf\" target=\"_blank\" rel=\"noopener\">Paigaldusjuhised<\/a><\/p>\n<p>&nbsp;<\/p>\n<p>&nbsp;<\/p>\n<div class=\"video-wrapper \"><iframe loading=\"lazy\" title=\"The folding bench from Woodprofesionals\" width=\"500\" height=\"281\" src=\"https:\/\/www.youtube.com\/embed\/rihF8b40BVs?feature=oembed\" frameborder=\"0\" allow=\"accelerometer; autoplay; clipboard-write; encrypted-media; gyroscope; picture-in-picture; web-share\" referrerpolicy=\"strict-origin-when-cross-origin\" allowfullscreen><\/iframe><\/div>\n","protected":false},"excerpt":{"rendered":"<p>Isolatsiooniga k\u00e4mpingumaja (sissep\u00e4\u00e4suga k\u00fcljelt) on ainulaadse disainiga toode, mis on populaarne kogu Euroopas. Seda majakest saab kasutada ka talvel, see v\u00f5ib olla paigutatud otse alustele v\u00f5i isegi puidust terrassile, parvele, haagisele. See maja on mobiilne ja seda saab h\u00f5lpsasti \u00fchest kohast teise liigutada.<\/p>\n","protected":false},"featured_media":86553,"comment_status":"open","ping_status":"closed","template":"","meta":{"_acf_changed":false},"factory":[],"free-shipment":[],"product_brand":[],"product_cat":[793,2887],"product_tag":[],"class_list":{"0":"post-86570","1":"product","2":"type-product","3":"status-publish","4":"has-post-thumbnail","6":"product_cat-element-house","7":"product_cat-camping-cabins","9":"first","10":"instock","11":"sale","12":"taxable","13":"shipping-taxable","14":"purchasable","15":"product-type-simple"},"acf":[],"_links":{"self":[{"href":"https:\/\/factory.sale\/et\/wp-json\/wp\/v2\/product\/86570","targetHints":{"allow":["GET"]}}],"collection":[{"href":"https:\/\/factory.sale\/et\/wp-json\/wp\/v2\/product"}],"about":[{"href":"https:\/\/factory.sale\/et\/wp-json\/wp\/v2\/types\/product"}],"replies":[{"embeddable":true,"href":"https:\/\/factory.sale\/et\/wp-json\/wp\/v2\/comments?post=86570"}],"wp:featuredmedia":[{"embeddable":true,"href":"https:\/\/factory.sale\/et\/wp-json\/wp\/v2\/media\/86553"}],"wp:attachment":[{"href":"https:\/\/factory.sale\/et\/wp-json\/wp\/v2\/media?parent=86570"}],"wp:term":[{"taxonomy":"factory","embeddable":true,"href":"https:\/\/factory.sale\/et\/wp-json\/wp\/v2\/factory?post=86570"},{"taxonomy":"free-shipment","embeddable":true,"href":"https:\/\/factory.sale\/et\/wp-json\/wp\/v2\/free-shipment?post=86570"},{"taxonomy":"product_brand","embeddable":true,"href":"https:\/\/factory.sale\/et\/wp-json\/wp\/v2\/product_brand?post=86570"},{"taxonomy":"product_cat","embeddable":true,"href":"https:\/\/factory.sale\/et\/wp-json\/wp\/v2\/product_cat?post=86570"},{"taxonomy":"product_tag","embeddable":true,"href":"https:\/\/factory.sale\/et\/wp-json\/wp\/v2\/product_tag?post=86570"}],"curies":[{"name":"wp","href":"https:\/\/api.w.org\/{rel}","templated":true}]}}