{"id":86543,"date":"2024-06-24T21:14:09","date_gmt":"2024-06-24T21:24:32","guid":{"rendered":"https:\/\/factory.sale\/?post_type=product&#038;p=86543"},"modified":"2025-01-12T21:32:43","modified_gmt":"2025-01-12T18:32:43","slug":"kampingumajake-3-m-x-5-9-m","status":"publish","type":"product","link":"https:\/\/factory.sale\/et\/toode\/kampingumajake-3-m-x-5-9-m\/","title":{"rendered":"K\u00e4mpingumajake 3 m x 5.9 m"},"content":{"rendered":"<p>K\u00e4mpingumaja, tuntud ka kui gl\u00e4mping, on suurep\u00e4rane valik \u00f5ues \u00f6\u00f6bimiseks. See pakub hubast, mugavat ja avarat majutust kuni 2-6 inimesele (s\u00f5ltuvalt valitud suurusest). Selle erakordne kuju sulandub maastikku, muutes vaate loomulikuks ja meeldivaks.<\/p>\n<p>K\u00e4mpingumaja v\u00f5imaldab inimestel nautida suurep\u00e4rast loodust, mist\u00f5ttu valivad selle tihti laagriplatside omanikud ja muusikafestivalide korraldajad, kes soovivad pakkuda oma klientidele \u00a0mugavamat t\u00fc\u00fcpi majutust.<\/p>\n<p>Samuti saab k\u00e4mpingumaju ideaalselt kasutada kauni aia- v\u00f5i k\u00fclalistemajana, suveresidentsina, kodukontorina, t\u00f6\u00f6kojana, kalurimajana, rannamajana, puhkealana v\u00f5i m\u00e4ngumajana lastele.<\/p>\n<p>Valmistatud parimatest kvaliteetsetest materjalidest, k\u00e4mpingumajad pakuvad ainulaadset telkimismajutust, pakkudes uskumatut puhkeelamust.<\/p>\n<p>&nbsp;<\/p>\n<p><strong>Tehnilised andmed:<\/strong><\/p>\n<p>Suurus: 2-4 inimest<br \/>\nRuume: 2<br \/>\nSiseala: 15,03 m\u00b2<br \/>\nV\u00e4lism\u00f5\u00f5tmed: 3,0 m x 5,9 m<br \/>\nK\u00f5rgus: 2,7 m<br \/>\nPuit: m\u00e4nnipuit<br \/>\nSeina paksus: 46 mm<br \/>\nP\u00f5randa paksus: 28 mm<br \/>\nKatuseviimistlus: Soome bituumensindlid<br \/>\nAkna suurus: 700 x 900 mm<br \/>\nUkse suurus: 1030 x 1900 mm<\/p>\n<p>&nbsp;<\/p>\n<p><strong>Standardkomplekt:<\/strong><\/p>\n<p>Seinad kaetud bituumensindlitega<br \/>\nP\u00f5rand 28 mm m\u00e4nniplaadist<br \/>\n1 topeltklaasiga avatav aken tagaseinas<br \/>\nPrantsuse stiilis topeltklaasiga uks tavalise k\u00e4epideme ja lukuga<br \/>\nSees v\u00e4ike tuba uksega (vannitoa jaoks)<br \/>\nKohaletoimetamine: kaal 3000 kg, suurus: kokkupanemata kabiin 1,2 m x 5,9 m x 1,3 m.<\/p>\n<p><img loading=\"lazy\" decoding=\"async\" class=\"alignnone wp-image-86537\" src=\"https:\/\/factory.sale\/wp-content\/uploads\/2024\/06\/camping-pod-3.0-m-x-5.9-m-moodud-300x182.png\" alt=\"\" width=\"546\" height=\"331\" srcset=\"https:\/\/factory.sale\/wp-content\/uploads\/2024\/06\/camping-pod-3.0-m-x-5.9-m-moodud-300x182.png 300w, https:\/\/factory.sale\/wp-content\/uploads\/2024\/06\/camping-pod-3.0-m-x-5.9-m-moodud-1024x620.png 1024w, https:\/\/factory.sale\/wp-content\/uploads\/2024\/06\/camping-pod-3.0-m-x-5.9-m-moodud-150x91.png 150w, https:\/\/factory.sale\/wp-content\/uploads\/2024\/06\/camping-pod-3.0-m-x-5.9-m-moodud-1536x931.png 1536w, https:\/\/factory.sale\/wp-content\/uploads\/2024\/06\/camping-pod-3.0-m-x-5.9-m-moodud-600x364.png 600w, https:\/\/factory.sale\/wp-content\/uploads\/2024\/06\/camping-pod-3.0-m-x-5.9-m-moodud.png 1644w\" sizes=\"auto, (max-width: 546px) 100vw, 546px\" \/><\/p>\n<p>&nbsp;<\/p>\n<p><strong>Saadaval bituumensindlite v\u00e4rvid:<\/strong><\/p>\n<p>Must, roheline, punane<\/p>\n<p><strong><img loading=\"lazy\" decoding=\"async\" class=\"alignnone wp-image-86157\" src=\"https:\/\/factory.sale\/wp-content\/uploads\/2024\/06\/colours-wooden-me-300x82.png\" alt=\"\" width=\"633\" height=\"173\" srcset=\"https:\/\/factory.sale\/wp-content\/uploads\/2024\/06\/colours-wooden-me-300x82.png 300w, https:\/\/factory.sale\/wp-content\/uploads\/2024\/06\/colours-wooden-me-150x41.png 150w, https:\/\/factory.sale\/wp-content\/uploads\/2024\/06\/colours-wooden-me-600x164.png 600w, https:\/\/factory.sale\/wp-content\/uploads\/2024\/06\/colours-wooden-me.png 638w\" sizes=\"auto, (max-width: 633px) 100vw, 633px\" \/><\/strong><\/p>\n<p>&nbsp;<\/p>\n<p><strong>Lisaks saadaval (hinnad ilma k\u00e4ibemaksuta):<\/strong><\/p>\n<p>Poolpanoraamaken + 1265 .-<\/p>\n<p>T\u00e4ispanoraamaken + 1518 .-<\/p>\n<p>Topeltklaasiga aken, professionaalselt maalitud antratsiithallis v\u00e4rvitoonis, tagaseinas + 63,25 .-<\/p>\n<p>&nbsp;<\/p>\n<p>&nbsp;<\/p>\n<p><strong>Terass:<\/strong><\/p>\n<p>Ilma terrassita 0 .-<\/p>\n<p>Terrass pikkusega 1 m + 143,75 .-<\/p>\n<p>Terrass pikkusega 2 m + 281,75 .-<\/p>\n<p>Terrass pikkusega 3 m + 419,75 .-<\/p>\n<p>&nbsp;<\/p>\n<p>&nbsp;<\/p>\n<p><strong><em>Saadaval ka palju m\u00f6\u00f6blit, k\u00fcsi lisainfot.<\/em><\/strong><\/p>\n<p>&nbsp;<\/p>\n<p>&nbsp;<\/p>\n<p><a href=\"https:\/\/factory.sale\/wp-content\/uploads\/2024\/06\/Camping-Pod-2.4-x-4.0-m.pdf\" target=\"_blank\" rel=\"noopener\">Paigaldusjuhised<\/a><\/p>\n<div class=\"video-wrapper \"><iframe loading=\"lazy\" title=\"The folding bench from Woodprofesionals\" width=\"500\" height=\"281\" src=\"https:\/\/www.youtube.com\/embed\/rihF8b40BVs?feature=oembed\" frameborder=\"0\" allow=\"accelerometer; autoplay; clipboard-write; encrypted-media; gyroscope; picture-in-picture; web-share\" referrerpolicy=\"strict-origin-when-cross-origin\" allowfullscreen><\/iframe><\/div>\n","protected":false},"excerpt":{"rendered":"<p>K\u00e4mpingumaja, tuntud ka kui gl\u00e4mping, on suurep\u00e4rane valik \u00f5ues \u00f6\u00f6bimiseks. See pakub hubast, mugavat ja avarat majutust kuni 2-6 inimesele (s\u00f5ltuvalt valitud suurusest). Selle erakordne kuju sulandub maastikku, muutes vaate loomulikuks ja meeldivaks.<\/p>\n","protected":false},"featured_media":86540,"comment_status":"open","ping_status":"closed","template":"","meta":{"_acf_changed":false},"factory":[],"free-shipment":[],"product_brand":[],"product_cat":[801,2888],"product_tag":[],"class_list":{"0":"post-86543","1":"product","2":"type-product","3":"status-publish","4":"has-post-thumbnail","6":"product_cat-elementmajad-2","7":"product_cat-kampingumajakesed","9":"first","10":"instock","11":"sale","12":"taxable","13":"shipping-taxable","14":"purchasable","15":"product-type-simple"},"acf":[],"_links":{"self":[{"href":"https:\/\/factory.sale\/et\/wp-json\/wp\/v2\/product\/86543","targetHints":{"allow":["GET"]}}],"collection":[{"href":"https:\/\/factory.sale\/et\/wp-json\/wp\/v2\/product"}],"about":[{"href":"https:\/\/factory.sale\/et\/wp-json\/wp\/v2\/types\/product"}],"replies":[{"embeddable":true,"href":"https:\/\/factory.sale\/et\/wp-json\/wp\/v2\/comments?post=86543"}],"wp:featuredmedia":[{"embeddable":true,"href":"https:\/\/factory.sale\/et\/wp-json\/wp\/v2\/media\/86540"}],"wp:attachment":[{"href":"https:\/\/factory.sale\/et\/wp-json\/wp\/v2\/media?parent=86543"}],"wp:term":[{"taxonomy":"factory","embeddable":true,"href":"https:\/\/factory.sale\/et\/wp-json\/wp\/v2\/factory?post=86543"},{"taxonomy":"free-shipment","embeddable":true,"href":"https:\/\/factory.sale\/et\/wp-json\/wp\/v2\/free-shipment?post=86543"},{"taxonomy":"product_brand","embeddable":true,"href":"https:\/\/factory.sale\/et\/wp-json\/wp\/v2\/product_brand?post=86543"},{"taxonomy":"product_cat","embeddable":true,"href":"https:\/\/factory.sale\/et\/wp-json\/wp\/v2\/product_cat?post=86543"},{"taxonomy":"product_tag","embeddable":true,"href":"https:\/\/factory.sale\/et\/wp-json\/wp\/v2\/product_tag?post=86543"}],"curies":[{"name":"wp","href":"https:\/\/api.w.org\/{rel}","templated":true}]}}