{"id":86519,"date":"2024-06-26T09:25:12","date_gmt":"2024-06-26T09:53:41","guid":{"rendered":"https:\/\/factory.sale\/?post_type=product&#038;p=86519"},"modified":"2026-01-23T18:12:07","modified_gmt":"2026-01-23T15:12:07","slug":"kampingumajake-5-9m","status":"publish","type":"product","link":"https:\/\/factory.sale\/et\/toode\/kampingumajake-5-9m\/","title":{"rendered":"Sauna buss 5,9 m \u2013 Luksuslik saunakogemus karavani stiilis (4-6 inimesele)"},"content":{"rendered":"<p><span style=\"font-size: 12pt;\"><span style=\"font-size: 14pt;\"><strong>Saunabuss 5,9 m<\/strong><\/span> \u2013 innovaatiline disainsaun, mis on inspireeritud karavanide vaimust.<\/span><br \/>\n<span style=\"font-size: 12pt;\">Meie ainulaadne saunabuss \u00fchendab endas klassikaliste karavanide vabaduse ja modernse saunadisaini. See 5,9-meetrine mudel on loodud neile, kes otsivad oma aeda midagi enamat kui tavaline t\u00fcnnisaun \u2013 see on terviklik l\u00f5\u00f5gastuskompleks, mis peegeldab haagissuvilate nutikat ruumikasutust ja iseseisvust.<\/span><\/p>\n<p><span style=\"font-size: 12pt;\">Tuginedes karavanide p\u00e4randile, oleme loonud kahetoalise saunalahenduse, kus funktsionaalsus kohtub stiiliga. Siit leiad t\u00e4iusliku tasakaalu kuuma leili ja mugava puhkehetke vahel.<\/span><\/p>\n<p><span style=\"font-size: 14pt;\"><strong>Miks valida Saunabuss 5,9 m?<\/strong><\/span><br \/>\n<span style=\"font-size: 12pt;\">Avar mahutavus: Saun mahutab mugavalt 4\u20136 inimest, sobides ideaalselt nii peredele kui ka s\u00f5pruskondadele.<\/span><\/p>\n<p><span style=\"font-size: 12pt;\">Kahetoaline mugavus: Erinevalt v\u00e4iksematest mudelitest on siin ruumi nii suurele leiliruumile kui ka eraldatud eesruumile\/puhkealale, kus on mugav riietuda ja leili vahepeal jahtuda ning leidub ka koht dushinurga jaoks.<\/span><\/p>\n<p><span style=\"font-size: 12pt;\">Nutikas hoiustamine: Karavanide disainist inspireerituna oleme lisanud praktilised hoiukohad saunatarvikute jaoks.<\/span><\/p>\n<p><span style=\"font-size: 12pt;\">Kvaliteet ja vastupidavus: Kasutatud on vaid parimaid materjale, mis tagavad pika eluea ja suurep\u00e4rase soojapidavuse igal aastaajal.<\/span><\/p>\n<p>&nbsp;<\/p>\n<p><span style=\"font-size: 14pt;\"><b data-path-to-node=\"9\" data-index-in-node=\"0\">Tarnimine:<\/b><\/span><\/p>\n<ul data-path-to-node=\"10\">\n<li><span style=\"font-size: 12pt;\"><b data-path-to-node=\"10,1,0\" data-index-in-node=\"0\">Paindlik tarne:<\/b> T\u00e4nu optimaalsele laiusele tarnime sauna teie sihtkohta ka <b data-path-to-node=\"10,1,0\" data-index-in-node=\"72\">t\u00e4ielikult komplekteerituna<\/b> HIAB-kraanaautoga \u2013 t\u00f5sta vaid paika ja naudi!<\/span><\/li>\n<li><span style=\"font-size: 12pt;\"><b data-path-to-node=\"10,2,0\" data-index-in-node=\"0\">Iseseisev montaa\u017e:<\/b> Kui eelistate ise ehitada, on toode saadaval ka<strong> lahti v\u00f5etud <\/strong><b data-path-to-node=\"10,2,0\" data-index-in-node=\"67\">komplektina (flatpack)<\/b> koos p\u00f5hjaliku paigaldusjuhendiga.<\/span><\/li>\n<\/ul>\n<p>&nbsp;<\/p>\n<p><strong>Tehnilised andmed:<\/strong><\/p>\n<p>Suurus: 4-6 inimest<br \/>\nRuum: 3<br \/>\nSiseala: 11.03 m\u00b2<br \/>\nV\u00e4lism\u00f5\u00f5tmed: 2.3 m x 5.9 m<br \/>\nK\u00f5rgus: 2.6 m<br \/>\nPuit: m\u00e4nd<br \/>\nSeina paksus: 46 mm<br \/>\nP\u00f5randa paksus: 28 mm<br \/>\nKatuseviimistlus: Soome bituumensindel<br \/>\nUks: 700 x 1800 mm<br \/>\nAknad: Maja: 700 x 900 mm; Pavilion: 1020 x 1060 mm<\/p>\n<p>&nbsp;<\/p>\n<p>&nbsp;<\/p>\n<p><strong>Hind sisaldab:<\/strong><\/p>\n<p>46mm pakuse seintega lahti v\u00f5etud saun<br \/>\nRoostevabast terasest pingutuslatid<br \/>\nKatus kaetud bituumensindlitega<br \/>\nP\u00f5rand 28 mm m\u00e4nnilaudadest<br \/>\n2 kahekordse klaasiga avatavat akent (puhkeruumis ja leiliruumis)<br \/>\nPuidust k\u00fclguks kahekordse klaasiga aknaga, puidust k\u00e4epideme ja lukuga<\/p>\n<p>&nbsp;<\/p>\n<p>&nbsp;<\/p>\n<p><strong>Kohaletoimetamine:<\/strong><\/p>\n<p>Kaubaaluse suurus (LxPxK): 1p (1.2 x 6.0 x 1.2) 3000 kg<br \/>\nKokkupandud bussi suurus (LxPxK): (2.4 x 6.0 x 2.6) 3000 kg<\/p>\n<p>&nbsp;<\/p>\n<p><strong>Joonised:<\/strong><\/p>\n<p><strong><img loading=\"lazy\" decoding=\"async\" class=\"alignnone wp-image-86517\" src=\"https:\/\/factory.sale\/wp-content\/uploads\/2024\/06\/Camping-bus-5.9-m-moodud-300x175.png\" alt=\"\" width=\"538\" height=\"314\" srcset=\"https:\/\/factory.sale\/wp-content\/uploads\/2024\/06\/Camping-bus-5.9-m-moodud-300x175.png 300w, https:\/\/factory.sale\/wp-content\/uploads\/2024\/06\/Camping-bus-5.9-m-moodud-1024x598.png 1024w, https:\/\/factory.sale\/wp-content\/uploads\/2024\/06\/Camping-bus-5.9-m-moodud-150x88.png 150w, https:\/\/factory.sale\/wp-content\/uploads\/2024\/06\/Camping-bus-5.9-m-moodud-600x351.png 600w, https:\/\/factory.sale\/wp-content\/uploads\/2024\/06\/Camping-bus-5.9-m-moodud.png 1184w\" sizes=\"auto, (max-width: 538px) 100vw, 538px\" \/><\/strong><\/p>\n<p><a href=\"https:\/\/factory.sale\/wp-content\/uploads\/2024\/06\/camping-bus-59m-plan.pdf\" target=\"_blank\" rel=\"noopener\">K\u00e4mpingumaja plaan<\/a><\/p>\n<p>&nbsp;<\/p>\n<p><strong>Bituumeni katusesindlite v\u00e4rvid:<\/strong><\/p>\n<p>Must, roheline, punane<\/p>\n<p><strong><img loading=\"lazy\" decoding=\"async\" class=\"alignnone wp-image-86157\" src=\"https:\/\/factory.sale\/wp-content\/uploads\/2024\/06\/colours-wooden-me-300x82.png\" alt=\"\" width=\"549\" height=\"150\" srcset=\"https:\/\/factory.sale\/wp-content\/uploads\/2024\/06\/colours-wooden-me-300x82.png 300w, https:\/\/factory.sale\/wp-content\/uploads\/2024\/06\/colours-wooden-me-150x41.png 150w, https:\/\/factory.sale\/wp-content\/uploads\/2024\/06\/colours-wooden-me-600x164.png 600w, https:\/\/factory.sale\/wp-content\/uploads\/2024\/06\/colours-wooden-me.png 638w\" sizes=\"auto, (max-width: 549px) 100vw, 549px\" \/><\/strong><\/p>\n<p>&nbsp;<\/p>\n<p>&nbsp;<\/p>\n<p><strong>Lisaks saadaval (hinnad ilma KM-ta):<\/strong><\/p>\n<p><strong>Elektris\u00fcsteemid:<\/strong><\/p>\n<p>\u00dcksik pistikupesa 69 .-<br \/>\nTopeltpistikupesa 74,75 .-<br \/>\n\u00dcksikl\u00fcliti 69 .-<br \/>\nTopeltl\u00fcliti 86,25 .-<br \/>\nKaabel \u00fche lambi jaoks 28,75 .-<br \/>\nKaitsmepaneel 138 .-<\/p>\n<p>&nbsp;<\/p>\n<p>&nbsp;<\/p>\n<p><strong>K\u00e4mpingumaja v\u00e4rvimine<\/strong>\u00a0552 .-<\/p>\n<p><strong><em>Samuti on saadaval palju m\u00f6\u00f6blit, k\u00fcsi rohkem informatsiooni.<\/em><\/strong><\/p>\n<p>&nbsp;<\/p>\n<p>&nbsp;<\/p>\n<p>&nbsp;<\/p>\n<p>&nbsp;<\/p>\n<p>&nbsp;<\/p>\n<div class=\"video-wrapper \"><iframe loading=\"lazy\" title=\"The folding bench from Woodprofesionals\" width=\"500\" height=\"281\" src=\"https:\/\/www.youtube.com\/embed\/rihF8b40BVs?feature=oembed\" frameborder=\"0\" allow=\"accelerometer; autoplay; clipboard-write; encrypted-media; gyroscope; picture-in-picture; web-share\" referrerpolicy=\"strict-origin-when-cross-origin\" allowfullscreen><\/iframe><\/div>\n<p>&nbsp;<\/p>\n","protected":false},"excerpt":{"rendered":"<p data-path-to-node=\"5\">Sukeldu kordumatusse saunaelamusse meie <b data-path-to-node=\"5\" data-index-in-node=\"40\">Saunabussiga<\/b>, mis on loodud \u00fchendama kaasaegset disaini ja traditsioonilist Eesti saunakultuuri. Need uuenduslikud saunad kehastavad vabaduse ja karavanielu vaimu, pakkudes samas haagissuvilatele omast iseseisvat ja nutikat ruumikasutust.<\/p>\n<p data-path-to-node=\"6\">Tuginedes ajaproovile vastu pidanud karavanide rikkalikule p\u00e4randile, oleme loonud ainulaadse <b data-path-to-node=\"6\" data-index-in-node=\"94\">disainsauna<\/b>, kus on tagatud t\u00e4ielik funktsionaalsus, stiil ja kestev kvaliteet k\u00f5igiks teie puhkehetkedeks.<\/p>\n","protected":false},"featured_media":86985,"comment_status":"open","ping_status":"closed","template":"","meta":{"_acf_changed":false},"factory":[],"free-shipment":[],"product_brand":[],"product_cat":[801,2888,826,1643,2257],"product_tag":[],"class_list":{"0":"post-86519","1":"product","2":"type-product","3":"status-publish","4":"has-post-thumbnail","6":"product_cat-elementmajad-2","7":"product_cat-kampingumajakesed","8":"product_cat-saunas-et","9":"product_cat-tunnisaun","10":"product_cat-valisaun","12":"first","13":"instock","14":"sale","15":"taxable","16":"shipping-taxable","17":"purchasable","18":"product-type-simple"},"acf":[],"_links":{"self":[{"href":"https:\/\/factory.sale\/et\/wp-json\/wp\/v2\/product\/86519","targetHints":{"allow":["GET"]}}],"collection":[{"href":"https:\/\/factory.sale\/et\/wp-json\/wp\/v2\/product"}],"about":[{"href":"https:\/\/factory.sale\/et\/wp-json\/wp\/v2\/types\/product"}],"replies":[{"embeddable":true,"href":"https:\/\/factory.sale\/et\/wp-json\/wp\/v2\/comments?post=86519"}],"wp:featuredmedia":[{"embeddable":true,"href":"https:\/\/factory.sale\/et\/wp-json\/wp\/v2\/media\/86985"}],"wp:attachment":[{"href":"https:\/\/factory.sale\/et\/wp-json\/wp\/v2\/media?parent=86519"}],"wp:term":[{"taxonomy":"factory","embeddable":true,"href":"https:\/\/factory.sale\/et\/wp-json\/wp\/v2\/factory?post=86519"},{"taxonomy":"free-shipment","embeddable":true,"href":"https:\/\/factory.sale\/et\/wp-json\/wp\/v2\/free-shipment?post=86519"},{"taxonomy":"product_brand","embeddable":true,"href":"https:\/\/factory.sale\/et\/wp-json\/wp\/v2\/product_brand?post=86519"},{"taxonomy":"product_cat","embeddable":true,"href":"https:\/\/factory.sale\/et\/wp-json\/wp\/v2\/product_cat?post=86519"},{"taxonomy":"product_tag","embeddable":true,"href":"https:\/\/factory.sale\/et\/wp-json\/wp\/v2\/product_tag?post=86519"}],"curies":[{"name":"wp","href":"https:\/\/api.w.org\/{rel}","templated":true}]}}