{"id":86500,"date":"2024-06-22T22:32:27","date_gmt":"2024-06-22T22:41:05","guid":{"rendered":"https:\/\/factory.sale\/?post_type=product&#038;p=86500"},"modified":"2024-09-30T03:30:59","modified_gmt":"2024-09-30T00:30:59","slug":"isolatsiooniga-kampingumajake-2-4-m-x-4-8-m","status":"publish","type":"product","link":"https:\/\/factory.sale\/et\/toode\/isolatsiooniga-kampingumajake-2-4-m-x-4-8-m\/","title":{"rendered":"Isolatsiooniga k\u00e4mpingumajake 2.4 m x 4.8 m"},"content":{"rendered":"<p>K\u00e4mpingumaja, tuntud ka kui gl\u00e4mping, on suurep\u00e4rane valik v\u00e4litingimustes elamiseks. See pakub hubast, mugavat ja avarat majutust kuni 4-6 inimesele. Selle erakordne kuju sulandub maastikuga, muutes vaate v\u00e4ga loomulikuks ja meeldivaks.<\/p>\n<p>K\u00e4mpingumaja v\u00f5imaldavad inimestel nautida loodust, mist\u00f5ttu valivad neid sageli telkimispaikade omanikud ja muusikafestivalide korraldajad, kes soovivad pakkuda oma klientidele keerukamat ja mugavamat telgi t\u00fc\u00fcpi.<\/p>\n<p>Samuti saab k\u00e4mpingumaja suurep\u00e4raselt kasutada kauni aia- v\u00f5i k\u00fclalistemajana, suveresidentsina, kodukontorina, t\u00f6\u00f6kojana, kalurimajana, rannamajana, vaba aja veetmise kohana v\u00f5i laste m\u00e4ngumajana.<\/p>\n<p>Valmistatud parimatest materjalidest, esindavad telkimiskuppelid ainulaadset v\u00e4limajutust, pakkudes uskumatut vaba aja veetmise kogemust.<\/p>\n<p>&nbsp;<\/p>\n<p>&nbsp;<\/p>\n<p><strong>Tehnilised andmed:<\/strong><\/p>\n<p>Suurus: 2-4 inimest<br \/>\nToad: 2<br \/>\nSiseala: 8,1 m\u00b2<br \/>\nV\u00e4lism\u00f5\u00f5tmed: 2,4 m x 4,8 m<br \/>\nK\u00f5rgus: 2,6 m<br \/>\nPuit: m\u00e4nnipuit<br \/>\nSeinad: M\u00e4nnipuu paneelid seest ja v\u00e4ljast: 14 mm; Isolatsiooniga k\u00fclgseina paksus: 126 mm; Isolatsiooniga esiseina ja tagaseina paksus: 118 mm<br \/>\nP\u00f5rand: m\u00e4nnipuit: 28 mm; Isolatsiooniga p\u00f5randa paksus: 158 mm<br \/>\nKivivillast isolatsioon: 100 mm (p\u00f5rand ja seinad)<br \/>\nKatuseviimistlus: Soome bituumensindlid<br \/>\nAknasuurus: 700 x 900 mm<br \/>\nUkse suurus: 1010 x 1820 mm<\/p>\n<p>&nbsp;<\/p>\n<p>&nbsp;<\/p>\n<p><strong>Standardvarustus<\/strong>:<\/p>\n<p>Isolatsiooniga seinad, kaetud bituumensindlitega<br \/>\nIsolatsiooniga m\u00e4nnipuidust p\u00f5rand<br \/>\n1 topeltklaasiga avanev aken tagaseinas<br \/>\nTaani topeltklaasiga uks tavalise k\u00e4epideme ja lukuga<br \/>\nSisesein (jagab kuppli kaheks ruumiks) on kupplisse kaasatud (v\u00f5imalik ilma jagava seinata)<\/p>\n<p>&nbsp;<\/p>\n<p><strong>Tarne:<\/strong><\/p>\n<p>Aluse suurus (LxPxK): 1p (1,2 x 4,8 x 2,6) 2200 kg<br \/>\nKoostatud kuppli suurus (LxPxK): (2,4 x 4,9 x 2,6) 2200 kg<\/p>\n<p><img loading=\"lazy\" decoding=\"async\" class=\"alignnone wp-image-86483\" src=\"https:\/\/factory.sale\/wp-content\/uploads\/2024\/06\/Insulated-pod-2.4-x-4.8-moodud-300x187.png\" alt=\"\" width=\"594\" height=\"370\" srcset=\"https:\/\/factory.sale\/wp-content\/uploads\/2024\/06\/Insulated-pod-2.4-x-4.8-moodud-300x187.png 300w, https:\/\/factory.sale\/wp-content\/uploads\/2024\/06\/Insulated-pod-2.4-x-4.8-moodud-1024x640.png 1024w, https:\/\/factory.sale\/wp-content\/uploads\/2024\/06\/Insulated-pod-2.4-x-4.8-moodud-150x94.png 150w, https:\/\/factory.sale\/wp-content\/uploads\/2024\/06\/Insulated-pod-2.4-x-4.8-moodud-600x375.png 600w, https:\/\/factory.sale\/wp-content\/uploads\/2024\/06\/Insulated-pod-2.4-x-4.8-moodud.png 1130w\" sizes=\"auto, (max-width: 594px) 100vw, 594px\" \/><\/p>\n<p>&nbsp;<\/p>\n<p><strong>Saadaval bituumensindlite v\u00e4rvid:<\/strong><\/p>\n<p>Must, roheline, punane<\/p>\n<p><img loading=\"lazy\" decoding=\"async\" class=\"alignnone wp-image-86157\" src=\"https:\/\/factory.sale\/wp-content\/uploads\/2024\/06\/colours-wooden-me-300x82.png\" alt=\"\" width=\"523\" height=\"143\" srcset=\"https:\/\/factory.sale\/wp-content\/uploads\/2024\/06\/colours-wooden-me-300x82.png 300w, https:\/\/factory.sale\/wp-content\/uploads\/2024\/06\/colours-wooden-me-150x41.png 150w, https:\/\/factory.sale\/wp-content\/uploads\/2024\/06\/colours-wooden-me-600x164.png 600w, https:\/\/factory.sale\/wp-content\/uploads\/2024\/06\/colours-wooden-me.png 638w\" sizes=\"auto, (max-width: 523px) 100vw, 523px\" \/><\/p>\n<p>&nbsp;<\/p>\n<p>&nbsp;<\/p>\n<p><strong>Lisavarustus (hinnad ilma k\u00e4ibemaksuta):<\/strong><\/p>\n<p><strong>Poolpanoraamaken<\/strong> 1265 .-<\/p>\n<p><strong>T\u00e4ispanoraamaken<\/strong> 1518 .-<\/p>\n<p><strong>Topeltklaasiga aken, professionaalselt v\u00e4rvitud antratsiitv\u00e4rvi, tagaseinas<\/strong> 63,25 .-<\/p>\n<p>&nbsp;<\/p>\n<p>&nbsp;<\/p>\n<p><strong>Terrass:<\/strong><\/p>\n<p>Ilma terrassita 0 .-<br \/>\n60 cm pikkune terrass 0 .-<br \/>\n100 cm pikkune terrass 63,25 .-<br \/>\nStandardkaunistusplaadid 0 .-<br \/>\nLiimitud kaunistusplaadid 126,5 .-<br \/>\nStandarduks 0 .-<br \/>\nPremium \u00fchekordne uks antratsiitv\u00e4rvi 189,75 .-<\/p>\n<p>&nbsp;<\/p>\n<p><strong>Elekter:<\/strong><\/p>\n<p>\u00dchekordne pistikupesa 69 .-<br \/>\nKahekordne pistikupesa 74,75 .-<br \/>\n\u00dchekordne l\u00fcliti 69 .-<br \/>\nKahekordne l\u00fcliti 86,25 .-<br \/>\nKaabel \u00fchele lambile 28,75 .-<br \/>\nKaitsmeplaat 138 .-<br \/>\nV\u00e4lisv\u00e4rv telkimiskuppelile 189,75 .-<\/p>\n<p><strong><em>Samuti on saadaval palju m\u00f6\u00f6blit, k\u00fcsi lisainfot.<\/em><\/strong><\/p>\n<p>&nbsp;<\/p>\n<p>&nbsp;<\/p>\n<p>&nbsp;<\/p>\n<p><a href=\"https:\/\/factory.sale\/wp-content\/uploads\/2024\/06\/Luxury-Insulated-Camping-Pod-5.5-x-2.4-1.pdf\" target=\"_blank\" rel=\"noopener\">Paigaldusjuhised<\/a><\/p>\n<p>&nbsp;<\/p>\n<p>&nbsp;<\/p>\n<div class=\"video-wrapper \"><iframe loading=\"lazy\" title=\"The folding bench from Woodprofesionals\" width=\"500\" height=\"281\" src=\"https:\/\/www.youtube.com\/embed\/rihF8b40BVs?feature=oembed\" frameborder=\"0\" allow=\"accelerometer; autoplay; clipboard-write; encrypted-media; gyroscope; picture-in-picture; web-share\" referrerpolicy=\"strict-origin-when-cross-origin\" allowfullscreen><\/iframe><\/div>\n","protected":false},"excerpt":{"rendered":"<p>K\u00e4mpingumaja, tuntud ka kui gl\u00e4mping, on suurep\u00e4rane valik v\u00e4litingimustes elamiseks. See pakub hubast, mugavat ja avarat majutust kuni 4-6 inimesele. Selle erakordne kuju sulandub maastikuga, muutes vaate v\u00e4ga loomulikuks ja meeldivaks.<\/p>\n","protected":false},"featured_media":86489,"comment_status":"open","ping_status":"closed","template":"","meta":{"_acf_changed":false},"factory":[],"free-shipment":[],"product_brand":[],"product_cat":[801,2888],"product_tag":[],"class_list":{"0":"post-86500","1":"product","2":"type-product","3":"status-publish","4":"has-post-thumbnail","6":"product_cat-elementmajad-2","7":"product_cat-kampingumajakesed","9":"first","10":"instock","11":"sale","12":"taxable","13":"shipping-taxable","14":"purchasable","15":"product-type-simple"},"acf":[],"_links":{"self":[{"href":"https:\/\/factory.sale\/et\/wp-json\/wp\/v2\/product\/86500","targetHints":{"allow":["GET"]}}],"collection":[{"href":"https:\/\/factory.sale\/et\/wp-json\/wp\/v2\/product"}],"about":[{"href":"https:\/\/factory.sale\/et\/wp-json\/wp\/v2\/types\/product"}],"replies":[{"embeddable":true,"href":"https:\/\/factory.sale\/et\/wp-json\/wp\/v2\/comments?post=86500"}],"wp:featuredmedia":[{"embeddable":true,"href":"https:\/\/factory.sale\/et\/wp-json\/wp\/v2\/media\/86489"}],"wp:attachment":[{"href":"https:\/\/factory.sale\/et\/wp-json\/wp\/v2\/media?parent=86500"}],"wp:term":[{"taxonomy":"factory","embeddable":true,"href":"https:\/\/factory.sale\/et\/wp-json\/wp\/v2\/factory?post=86500"},{"taxonomy":"free-shipment","embeddable":true,"href":"https:\/\/factory.sale\/et\/wp-json\/wp\/v2\/free-shipment?post=86500"},{"taxonomy":"product_brand","embeddable":true,"href":"https:\/\/factory.sale\/et\/wp-json\/wp\/v2\/product_brand?post=86500"},{"taxonomy":"product_cat","embeddable":true,"href":"https:\/\/factory.sale\/et\/wp-json\/wp\/v2\/product_cat?post=86500"},{"taxonomy":"product_tag","embeddable":true,"href":"https:\/\/factory.sale\/et\/wp-json\/wp\/v2\/product_tag?post=86500"}],"curies":[{"name":"wp","href":"https:\/\/api.w.org\/{rel}","templated":true}]}}