{"id":86468,"date":"2024-06-22T21:15:30","date_gmt":"2024-06-22T21:21:58","guid":{"rendered":"https:\/\/factory.sale\/?post_type=product&#038;p=86468"},"modified":"2024-09-29T22:47:48","modified_gmt":"2024-09-29T19:47:48","slug":"kampingumajake-9-2-m%c2%b2-kahe-laiendusega","status":"publish","type":"product","link":"https:\/\/factory.sale\/et\/toode\/kampingumajake-9-2-m%c2%b2-kahe-laiendusega\/","title":{"rendered":"K\u00e4mpingumajake 9.2 m\u00b2 kahe laiendusega"},"content":{"rendered":"<p>V\u00e4ike ja hubane ning avaram k\u00e4mpingumajake kahe laiendusega annab palju ruumi teie asjadele, nii ajutiselt kui ka alaliselt. Kahe laiendusega maja on suurem ja avaram struktuur, pakkudes rohkem elamispindu, mida saab kasutada hoiualana. Need majad on samuti head laagripaigad. Kolm eraldi ruumi v\u00f5imaldavad majas korraldada elutoa, magamistoa ja vannitoa ruumid.<\/p>\n<p>See k\u00e4mpingumaja suudab taluda talveilma ja pakub ideaalset l\u00f5\u00f5gastusruumi ka talvel. V\u00f5imalik on valida selle maja jaoks ka soojustatud katuse ja p\u00f5randa valik. Soojustus: 5 cm paksune kivivill. Soojustatud katuse ja p\u00f5randapaneelidega muutub k\u00e4mpingumaja atraktiivsemaks kasutamiseks nii suvel kui talvel. Suvehooajal hoiab soojustus kuumuse eemal ja maja ei kuumene \u00fcle. Talvel ei lase soojustus soojust v\u00e4lja.<\/p>\n<p>&nbsp;<\/p>\n<p><strong>Tehnilised andmed:<\/strong><\/p>\n<p>Inimesed: 2-4 inimest<br \/>\nPuit: kuusk<br \/>\nKuju: kuusnurk + 2 ristk\u00fclikut<br \/>\nTuba: 3<br \/>\nSiseala: 17,2 m\u00b2<br \/>\nKoguk\u00f5rgus: 3062 mm<br \/>\nSeina k\u00f5rgus: 1155 mm<br \/>\nP\u00f5randa paksus: 18 mm<br \/>\nKatuse paksus: 18 mm<br \/>\nSeina paksus: 45 mm<br \/>\nV\u00e4lism\u00f5\u00f5tmed: 8150 x 4430 mm<br \/>\nUkse suurus: 780 x 1500 mm<br \/>\nAkna suurus: 880 x 510 mm<\/p>\n<p>&nbsp;<\/p>\n<p><strong>Standardkomplekt:<\/strong><\/p>\n<p>Puidust seinad, p\u00f5randad, katusepaneelid;<br \/>\nKatus kaetud valitud v\u00e4rvi bituumensindlitega;<br \/>\n5 topeltklaasiga akent (kolm neist avatavad);<br \/>\nLukustatav uks topeltklaasist kuusnurgaakna ja lukuga;<br \/>\n3 tuba: kuusnurkne maja ja 2 ristk\u00fclikukujulist laiendust;<\/p>\n<p>&nbsp;<\/p>\n<p><strong>Tarne:<\/strong><\/p>\n<p>Kauba suurus: 2 alust: 1. alus \u2013 3,8 x 1,2 x 2,55 m ja 2. alus \u2013 2 x 1,2 x 2,55 m;<br \/>\nKaal: 1700 kg.<br \/>\nSee k\u00e4mpingumaja tarnitakse kliendile kokkupanemata, kuid t\u00e4ielikult komplekteerituna koos \u00fcksikasjalike kokkupaneku juhiste ja joonistega ning pakituna kahele alusele (KIT). Seinte, p\u00f5randa ja katuse elemendid on kokku pandud segmentideks.<\/p>\n<p>&nbsp;<\/p>\n<p><strong>Saadaval bituumensindlite v\u00e4rvid:<\/strong><\/p>\n<p>Must, roheline, punane<\/p>\n<p><img loading=\"lazy\" decoding=\"async\" class=\"alignnone wp-image-86157\" src=\"https:\/\/factory.sale\/wp-content\/uploads\/2024\/06\/colours-wooden-me-300x82.png\" alt=\"\" width=\"541\" height=\"148\" srcset=\"https:\/\/factory.sale\/wp-content\/uploads\/2024\/06\/colours-wooden-me-300x82.png 300w, https:\/\/factory.sale\/wp-content\/uploads\/2024\/06\/colours-wooden-me-150x41.png 150w, https:\/\/factory.sale\/wp-content\/uploads\/2024\/06\/colours-wooden-me-600x164.png 600w, https:\/\/factory.sale\/wp-content\/uploads\/2024\/06\/colours-wooden-me.png 638w\" sizes=\"auto, (max-width: 541px) 100vw, 541px\" \/><\/p>\n<p>&nbsp;<\/p>\n<p><strong>Lisaks saadaval (hinnad ilma k\u00e4ibemaksuta):<\/strong><\/p>\n<p>Konstruktsioonivalikud:<\/p>\n<p>Soojustatud p\u00f5rand: 684,25 \u20ac<\/p>\n<p>Soojustatud katus: 2455,25 \u20ac<\/p>\n<p>28 mm p\u00f5randalauad (soone ja sulundiga): 793,5 \u20ac<\/p>\n<p>&nbsp;<\/p>\n<p><strong>Avatavad aknad:<\/strong><\/p>\n<p>3 akent 5-st (standard): 0 \u20ac<\/p>\n<p>4 akent 5-st: 92 \u20ac<\/p>\n<p>5 akent 5-st: 184 \u20ac<\/p>\n<p>&nbsp;<\/p>\n<p><strong>Seina k\u00f5rgus:<\/strong><\/p>\n<p>Standard 115,5 cm: 0 \u20ac<\/p>\n<p>\u00dcks segment k\u00f5rgem (128,5 cm): 408,25 \u20ac<\/p>\n<p>Kaks segmenti k\u00f5rgem (141,5 cm): 810,75 \u20ac<\/p>\n<p>&nbsp;<\/p>\n<p><strong>Vahelagi koos ustega maja ja laienduse vahel:<\/strong><\/p>\n<p>1 tk \/ 241,5 \u20ac<\/p>\n<p>2 tk \/ 483 \u20ac<\/p>\n<p>Katusepaneel aknaga: 494,5 \u20ac<\/p>\n<p>&nbsp;<\/p>\n<p><strong>Lisatarvikud:<\/strong><\/p>\n<p>Kardinad (sinine, pruun): 46 \u20ac<\/p>\n<p>Uksestopper: 23 \u20ac<\/p>\n<p>Roostevabast terasest uksepiit: 34,5 \u20ac<\/p>\n<p>Riiul: 46 \u20ac<\/p>\n<p>Lillepott: 92 \u20ac<\/p>\n<p>P\u00f5dranahad: 218,5 \u20ac<\/p>\n<p>V\u00e4lisv\u00e4rvimine (k\u00fcsige lisa): 977,5 \u20ac<\/p>\n<p>V\u00e4lisv\u00e4rvimine (k\u00fcsige lisa): 281,75 \u20ac<\/p>\n<p>&nbsp;<\/p>\n<p>&nbsp;<\/p>\n<p>&nbsp;<\/p>\n<p><img loading=\"lazy\" decoding=\"async\" class=\"alignnone wp-image-86443\" src=\"https:\/\/factory.sale\/wp-content\/uploads\/2024\/06\/92m2-6-300x248.png\" alt=\"\" width=\"414\" height=\"342\" srcset=\"https:\/\/factory.sale\/wp-content\/uploads\/2024\/06\/92m2-6-300x248.png 300w, https:\/\/factory.sale\/wp-content\/uploads\/2024\/06\/92m2-6-150x124.png 150w, https:\/\/factory.sale\/wp-content\/uploads\/2024\/06\/92m2-6-600x496.png 600w, https:\/\/factory.sale\/wp-content\/uploads\/2024\/06\/92m2-6.png 726w\" sizes=\"auto, (max-width: 414px) 100vw, 414px\" \/><img loading=\"lazy\" decoding=\"async\" class=\"alignnone wp-image-86446\" src=\"https:\/\/factory.sale\/wp-content\/uploads\/2024\/06\/92m2-7-300x246.png\" alt=\"\" width=\"418\" height=\"343\" srcset=\"https:\/\/factory.sale\/wp-content\/uploads\/2024\/06\/92m2-7-300x246.png 300w, https:\/\/factory.sale\/wp-content\/uploads\/2024\/06\/92m2-7-150x123.png 150w, https:\/\/factory.sale\/wp-content\/uploads\/2024\/06\/92m2-7-600x492.png 600w, https:\/\/factory.sale\/wp-content\/uploads\/2024\/06\/92m2-7.png 732w\" sizes=\"auto, (max-width: 418px) 100vw, 418px\" \/><img loading=\"lazy\" decoding=\"async\" class=\"alignnone wp-image-86449\" src=\"https:\/\/factory.sale\/wp-content\/uploads\/2024\/06\/92m2-8-300x246.png\" alt=\"\" width=\"460\" height=\"377\" srcset=\"https:\/\/factory.sale\/wp-content\/uploads\/2024\/06\/92m2-8-300x246.png 300w, https:\/\/factory.sale\/wp-content\/uploads\/2024\/06\/92m2-8-150x123.png 150w, https:\/\/factory.sale\/wp-content\/uploads\/2024\/06\/92m2-8-600x492.png 600w, https:\/\/factory.sale\/wp-content\/uploads\/2024\/06\/92m2-8.png 732w\" sizes=\"auto, (max-width: 460px) 100vw, 460px\" \/><\/p>\n","protected":false},"excerpt":{"rendered":"<p>V\u00e4ike ja hubane ning avaram k\u00e4mpingumajake kahe laiendusega annab palju ruumi teie asjadele, nii ajutiselt kui ka alaliselt. Kahe laiendusega maja on suurem ja avaram struktuur, pakkudes rohkem elamispindu, mida saab kasutada hoiualana. Need majad on samuti head laagripaigad. Kolm eraldi ruumi v\u00f5imaldavad majas korraldada elutoa, magamistoa ja vannitoa ruumid.<\/p>\n","protected":false},"featured_media":86453,"comment_status":"open","ping_status":"closed","template":"","meta":{"_acf_changed":false},"factory":[],"free-shipment":[],"product_brand":[],"product_cat":[801,2888],"product_tag":[],"class_list":{"0":"post-86468","1":"product","2":"type-product","3":"status-publish","4":"has-post-thumbnail","6":"product_cat-elementmajad-2","7":"product_cat-kampingumajakesed","9":"first","10":"instock","11":"sale","12":"taxable","13":"shipping-taxable","14":"purchasable","15":"product-type-simple"},"acf":[],"_links":{"self":[{"href":"https:\/\/factory.sale\/et\/wp-json\/wp\/v2\/product\/86468","targetHints":{"allow":["GET"]}}],"collection":[{"href":"https:\/\/factory.sale\/et\/wp-json\/wp\/v2\/product"}],"about":[{"href":"https:\/\/factory.sale\/et\/wp-json\/wp\/v2\/types\/product"}],"replies":[{"embeddable":true,"href":"https:\/\/factory.sale\/et\/wp-json\/wp\/v2\/comments?post=86468"}],"wp:featuredmedia":[{"embeddable":true,"href":"https:\/\/factory.sale\/et\/wp-json\/wp\/v2\/media\/86453"}],"wp:attachment":[{"href":"https:\/\/factory.sale\/et\/wp-json\/wp\/v2\/media?parent=86468"}],"wp:term":[{"taxonomy":"factory","embeddable":true,"href":"https:\/\/factory.sale\/et\/wp-json\/wp\/v2\/factory?post=86468"},{"taxonomy":"free-shipment","embeddable":true,"href":"https:\/\/factory.sale\/et\/wp-json\/wp\/v2\/free-shipment?post=86468"},{"taxonomy":"product_brand","embeddable":true,"href":"https:\/\/factory.sale\/et\/wp-json\/wp\/v2\/product_brand?post=86468"},{"taxonomy":"product_cat","embeddable":true,"href":"https:\/\/factory.sale\/et\/wp-json\/wp\/v2\/product_cat?post=86468"},{"taxonomy":"product_tag","embeddable":true,"href":"https:\/\/factory.sale\/et\/wp-json\/wp\/v2\/product_tag?post=86468"}],"curies":[{"name":"wp","href":"https:\/\/api.w.org\/{rel}","templated":true}]}}