{"id":86424,"date":"2024-06-20T21:04:44","date_gmt":"2024-06-20T21:11:39","guid":{"rendered":"https:\/\/factory.sale\/?post_type=product&#038;p=86424"},"modified":"2025-01-21T11:16:58","modified_gmt":"2025-01-21T08:16:58","slug":"kampingumajake-2-4-x-5-9-m","status":"publish","type":"product","link":"https:\/\/factory.sale\/et\/toode\/kampingumajake-2-4-x-5-9-m\/","title":{"rendered":"K\u00e4mpingumajake 2.4 x 5.9 m"},"content":{"rendered":"<p>K\u00e4mpingumaja, tuntud ka kui gl\u00e4mping, on suurep\u00e4rane valik v\u00e4litingimustes elamiseks. See pakub hubast, mugavat ja avarat majutust kuni 4-6 inimesele. Selle eriline kuju sulandub maastikku, muutes vaate v\u00e4ga loomulikuks ja meeldivaks.<\/p>\n<p>K\u00e4mpingumajad v\u00f5imaldavad inimestel nautida loodust ja seet\u00f5ttu valivad neid sageli k\u00e4mpingukohtade omanikud ja muusikafestivalide korraldajad, kes soovivad pakkuda oma klientidele keerukamat ja mugavamat telgielamust.<\/p>\n<p>Samuti saab k\u00e4mpingut\u00fcnne suurep\u00e4raselt kasutada kauni aia- v\u00f5i k\u00fclalistemajana, suveresidentsina, kodukontorina, t\u00f6\u00f6kojana, kalurite onnina, rannamajana, vaba aja veetmise kohana v\u00f5i m\u00e4ngumajana lastele.<\/p>\n<p>Parimatest kvaliteetsetest materjalidest valmistatud k\u00e4mpingumajad esindavad t\u00f5eliselt ainulaadset k\u00e4mpingumajutust, pakkudes uskumatut puhkeelamust.<\/p>\n<p>&nbsp;<\/p>\n<p><strong>Tehnilised andmed:<\/strong><\/p>\n<p>Suurus: 3-4 inimest<br \/>\nTuba: 2<br \/>\nSiseala: 12,84 m\u00b2<br \/>\nV\u00e4lism\u00f5\u00f5tmed: 2,4 m x 5,9 m<br \/>\nK\u00f5rgus: 2,6 m<br \/>\nPuit: m\u00e4nnipuit<br \/>\nSeina paksus: 46 mm<br \/>\nP\u00f5randa paksus: 28 mm<br \/>\nKatuseviimistlus: Soome bituumensindlid<br \/>\nAkna suurus: 700 x 900 mm<br \/>\nUkse suurus: 1030 x 1900 mm<\/p>\n<p>&nbsp;<\/p>\n<p>T\u00fcnni seinad kaetud bituumensindlitega<br \/>\nP\u00f5rand valmistatud 28 mm m\u00e4nnipuidust laudadest<br \/>\n1 topeltklaasiga avanev aken tagaseinas<br \/>\nPrantsuse stiilis topeltklaasiga uks, millel on tavaline k\u00e4epide ja lukk<br \/>\nSisemine sein (jagab t\u00fcnni kaheks toaks)<\/p>\n<p>&nbsp;<\/p>\n<p><strong>Tarne:<\/strong><\/p>\n<p>Kaubaaluse suurus (LxPxK): 1 tk (1,2 x 5,9 x 1,2) 3000 kg<\/p>\n<p>Kokku pandud t\u00fcnni suurus (LxPxK): (2,4 x 6,0 x 2,6) 3000 kg<\/p>\n<p><img loading=\"lazy\" decoding=\"async\" class=\"alignnone wp-image-86404\" src=\"https:\/\/factory.sale\/wp-content\/uploads\/2024\/06\/Insulated-pod-2.4-x-3.5-moodud-1-300x189.png\" alt=\"\" width=\"551\" height=\"347\" srcset=\"https:\/\/factory.sale\/wp-content\/uploads\/2024\/06\/Insulated-pod-2.4-x-3.5-moodud-1-300x189.png 300w, https:\/\/factory.sale\/wp-content\/uploads\/2024\/06\/Insulated-pod-2.4-x-3.5-moodud-1-1024x645.png 1024w, https:\/\/factory.sale\/wp-content\/uploads\/2024\/06\/Insulated-pod-2.4-x-3.5-moodud-1-150x94.png 150w, https:\/\/factory.sale\/wp-content\/uploads\/2024\/06\/Insulated-pod-2.4-x-3.5-moodud-1-600x378.png 600w, https:\/\/factory.sale\/wp-content\/uploads\/2024\/06\/Insulated-pod-2.4-x-3.5-moodud-1.png 1074w\" sizes=\"auto, (max-width: 551px) 100vw, 551px\" \/><\/p>\n<p>&nbsp;<\/p>\n<p><strong>Lisaks saadaval (hinnad ilma k\u00e4ibemaksuta):<\/strong><\/p>\n<p>Poolpanoraamaken: 1265 \u20ac<\/p>\n<p>T\u00e4ispanoraamaken: 1518 \u20ac<\/p>\n<p>Topeltklaasiga aken, professionaalselt v\u00e4rvitud v\u00e4rvikambris antratsiitv\u00e4rvi, tagaseinas: 63,25 \u20ac<\/p>\n<p>&nbsp;<\/p>\n<p><strong>Terrass:<\/strong><\/p>\n<p>Ilma terrassita: 0 \u20ac<\/p>\n<p>Terrass pikkusega 60 cm: 0 \u20ac<\/p>\n<p>Terrass pikkusega 100 cm: 63,25 \u20ac<\/p>\n<p>&nbsp;<\/p>\n<p>&nbsp;<\/p>\n<p><strong>Bituumensindlite saadaval olevad v\u00e4rvid:<\/strong><\/p>\n<p>Must, roheline, punane<\/p>\n<p><img loading=\"lazy\" decoding=\"async\" class=\"alignnone wp-image-86157\" src=\"https:\/\/factory.sale\/wp-content\/uploads\/2024\/06\/colours-wooden-me-300x82.png\" alt=\"\" width=\"600\" height=\"164\" srcset=\"https:\/\/factory.sale\/wp-content\/uploads\/2024\/06\/colours-wooden-me-300x82.png 300w, https:\/\/factory.sale\/wp-content\/uploads\/2024\/06\/colours-wooden-me-150x41.png 150w, https:\/\/factory.sale\/wp-content\/uploads\/2024\/06\/colours-wooden-me-600x164.png 600w, https:\/\/factory.sale\/wp-content\/uploads\/2024\/06\/colours-wooden-me.png 638w\" sizes=\"auto, (max-width: 600px) 100vw, 600px\" \/><\/p>\n<p>&nbsp;<\/p>\n<p><strong>Elektrivarustus:<\/strong><\/p>\n<p>\u00dcksik pistik: 69 \u20ac<\/p>\n<p>Kahekordne pistik: 74,75 \u20ac<\/p>\n<p>\u00dcksikl\u00fcliti: 69 \u20ac<\/p>\n<p>Kahekordne l\u00fcliti: 86,25 \u20ac<\/p>\n<p>Juhe \u00fche lambi jaoks: 28,75 \u20ac<\/p>\n<p>Kaitseplaat: 138 \u20ac<\/p>\n<p>&nbsp;<\/p>\n<p><strong>K\u00e4mpingu v\u00e4line v\u00e4rv:<\/strong> 189,75 \u20ac<\/p>\n<p><em><strong>Lisaks on saadaval palju m\u00f6\u00f6blit, k\u00fcsi lisainfot.<\/strong><\/em><\/p>\n<p>&nbsp;<\/p>\n<p>&nbsp;<\/p>\n<p><a href=\"https:\/\/factory.sale\/wp-content\/uploads\/2024\/06\/Standard-Camping-Pod-4.8-m.pdf\" target=\"_blank\" rel=\"noopener\">Paigaldusjuhised<\/a><\/p>\n<p><a href=\"https:\/\/factory.sale\/wp-content\/uploads\/2024\/06\/Camping-Pod-2.4x5.9-plans-book.pdf\" target=\"_blank\" rel=\"noopener\">K\u00e4mpingumaja m\u00f5\u00f5tmed<\/a><\/p>\n<p>&nbsp;<\/p>\n<p>&nbsp;<\/p>\n<div class=\"video-wrapper \"><iframe loading=\"lazy\" title=\"The folding bench from Woodprofesionals\" width=\"500\" height=\"281\" src=\"https:\/\/www.youtube.com\/embed\/rihF8b40BVs?feature=oembed\" frameborder=\"0\" allow=\"accelerometer; autoplay; clipboard-write; encrypted-media; gyroscope; picture-in-picture; web-share\" referrerpolicy=\"strict-origin-when-cross-origin\" allowfullscreen><\/iframe><\/div>\n<p>&nbsp;<\/p>\n","protected":false},"excerpt":{"rendered":"<p>K\u00e4mpingumaja, tuntud ka kui gl\u00e4mping, on suurep\u00e4rane valik v\u00e4litingimustes elamiseks. See pakub hubast, mugavat ja avarat majutust kuni 4-6 inimesele. Selle eriline kuju sulandub maastikuga, muutes vaate v\u00e4ga loomulikuks ja meeldivaks.<\/p>\n","protected":false},"featured_media":97497,"comment_status":"open","ping_status":"closed","template":"","meta":{"_acf_changed":false},"factory":[],"free-shipment":[],"product_brand":[],"product_cat":[801,2888],"product_tag":[],"class_list":{"0":"post-86424","1":"product","2":"type-product","3":"status-publish","4":"has-post-thumbnail","6":"product_cat-elementmajad-2","7":"product_cat-kampingumajakesed","9":"first","10":"instock","11":"sale","12":"taxable","13":"shipping-taxable","14":"purchasable","15":"product-type-simple"},"acf":[],"_links":{"self":[{"href":"https:\/\/factory.sale\/et\/wp-json\/wp\/v2\/product\/86424","targetHints":{"allow":["GET"]}}],"collection":[{"href":"https:\/\/factory.sale\/et\/wp-json\/wp\/v2\/product"}],"about":[{"href":"https:\/\/factory.sale\/et\/wp-json\/wp\/v2\/types\/product"}],"replies":[{"embeddable":true,"href":"https:\/\/factory.sale\/et\/wp-json\/wp\/v2\/comments?post=86424"}],"wp:featuredmedia":[{"embeddable":true,"href":"https:\/\/factory.sale\/et\/wp-json\/wp\/v2\/media\/97497"}],"wp:attachment":[{"href":"https:\/\/factory.sale\/et\/wp-json\/wp\/v2\/media?parent=86424"}],"wp:term":[{"taxonomy":"factory","embeddable":true,"href":"https:\/\/factory.sale\/et\/wp-json\/wp\/v2\/factory?post=86424"},{"taxonomy":"free-shipment","embeddable":true,"href":"https:\/\/factory.sale\/et\/wp-json\/wp\/v2\/free-shipment?post=86424"},{"taxonomy":"product_brand","embeddable":true,"href":"https:\/\/factory.sale\/et\/wp-json\/wp\/v2\/product_brand?post=86424"},{"taxonomy":"product_cat","embeddable":true,"href":"https:\/\/factory.sale\/et\/wp-json\/wp\/v2\/product_cat?post=86424"},{"taxonomy":"product_tag","embeddable":true,"href":"https:\/\/factory.sale\/et\/wp-json\/wp\/v2\/product_tag?post=86424"}],"curies":[{"name":"wp","href":"https:\/\/api.w.org\/{rel}","templated":true}]}}