{"id":86395,"date":"2024-06-20T13:01:19","date_gmt":"2024-06-20T20:34:34","guid":{"rendered":"https:\/\/factory.sale\/?post_type=product&#038;p=86395"},"modified":"2024-10-16T23:16:26","modified_gmt":"2024-10-16T20:16:26","slug":"isolatsiooniga-kampingumajake-24-m-x-35-m","status":"publish","type":"product","link":"https:\/\/factory.sale\/et\/toode\/isolatsiooniga-kampingumajake-24-m-x-35-m\/","title":{"rendered":"Isolatsiooniga k\u00e4mpingumajake 2,4 m x 3,5 m"},"content":{"rendered":"<p>K\u00e4mpingumaja, tuntud ka kui gl\u00e4mpingumaja, on suurep\u00e4rane valik v\u00e4litingimustes \u00f6\u00f6bimiseks ja elamiseks. See pakub hubast, mugavat ja avarat majutust kuni 4-6 inimesele. Selle eriline kuju sulandub maastikuga, muutes vaate v\u00e4ga loomulikuks ja meeldivaks.<\/p>\n<p>K\u00e4mpingumajad v\u00f5imaldavad inimestel nautida loodust ja seet\u00f5ttu valivad neid sageli k\u00e4mpingukohtade omanikud ja muusikafestivalide korraldajad, kes soovivad pakkuda oma klientidele paremat ja mugavamat \u00f6\u00f6bimiselamust.<\/p>\n<p>Samuti saab k\u00e4mpingumaju suurep\u00e4raselt kasutada kauni aia- v\u00f5i k\u00fclalistemajana, suveresidentsina, kodukontorina, t\u00f6\u00f6kojana, kalurite onnina, rannamajana, vaba aja veetmise kohana v\u00f5i m\u00e4ngumajana lastele.<\/p>\n<p>Valmistatud parimatest kvaliteetsetest materjalidest, esindavad k\u00e4mpingumajad t\u00f5eliselt ainulaadset k\u00e4mpingumajutust, pakkudes uskumatut puhkeelamust.<\/p>\n<p>&nbsp;<\/p>\n<p><strong>Tehnilised andmed:<\/strong><\/p>\n<p>Suurus: 2 inimest<br \/>\nTuba: 1<br \/>\nSiseala: 5.4 m\u00b2<br \/>\nV\u00e4lism\u00f5\u00f5tmed: 2,4 m x 3,5 m<br \/>\nK\u00f5rgus: 2,6 m<br \/>\nPuit: m\u00e4nnipuit<br \/>\nSein: m\u00e4nnipuidust paneelid seest ja v\u00e4ljast: 14 mm; isoleeritud k\u00fclgseina paksus: 126 mm; isoleeritud esiseina ja tagaseina paksus: 118 mm<br \/>\nP\u00f5rand: m\u00e4nnipuit: 28 mm; isoleeritud p\u00f5randa paksus: 158 mm<br \/>\nKivivilla isolatsioon: 100 mm (p\u00f5rand ja seinad)<br \/>\nKatuseviimistlus: Soome bituumensindlid<br \/>\nAkna suurus: 700 x 900 mm<br \/>\nUkse suurus: 1010 x 1820 mm<\/p>\n<p>&nbsp;<\/p>\n<p>&nbsp;<\/p>\n<ul>\n<li>Isoleeritud t\u00fcnniseinad, kaetud bituumensindlitega<\/li>\n<li>Isoleeritud m\u00e4nnipuidust p\u00f5rand<\/li>\n<li>1 topeltklaasiga avanev aken tagaseinas<\/li>\n<li>Taani topeltklaasiga uks, millel on tavaline k\u00e4epide ja lukk<\/li>\n<li>Terrass valmistatud 28 mm immutatud terrassilaudadest<\/li>\n<\/ul>\n<p>&nbsp;<\/p>\n<p><strong>Tarne:<\/strong><\/p>\n<p>Kaubaaluse suurus (LxPxK): 1 tk (1,2 x 2,4 x 1,2) 1200 kg<\/p>\n<p>Kokku pandud t\u00fcnni suurus (LxPxK): (2,4 x 2,5 x 2,6) 1200 kg<\/p>\n<p><img loading=\"lazy\" decoding=\"async\" class=\"alignnone wp-image-86204\" src=\"https:\/\/factory.sale\/wp-content\/uploads\/2024\/06\/moodud-3-300x182.png\" alt=\"\" width=\"523\" height=\"317\" srcset=\"https:\/\/factory.sale\/wp-content\/uploads\/2024\/06\/moodud-3-300x182.png 300w, https:\/\/factory.sale\/wp-content\/uploads\/2024\/06\/moodud-3-1024x622.png 1024w, https:\/\/factory.sale\/wp-content\/uploads\/2024\/06\/moodud-3-150x91.png 150w, https:\/\/factory.sale\/wp-content\/uploads\/2024\/06\/moodud-3-600x364.png 600w, https:\/\/factory.sale\/wp-content\/uploads\/2024\/06\/moodud-3.png 1156w\" sizes=\"auto, (max-width: 523px) 100vw, 523px\" \/><\/p>\n<p>&nbsp;<\/p>\n<p><strong>Lisaks saadaval (hinnad ilma k\u00e4ibemaksuta):<\/strong><\/p>\n<p>Poolpanoraamaken + 1265 \u20ac<\/p>\n<p>T\u00e4ispanoraamaken + 1518 \u20ac<\/p>\n<p>Topeltklaasiga aken, professionaalselt v\u00e4rvitud v\u00e4rvikambris antratsiitv\u00e4rvi, tagaseinas + 63,25 \u20ac<\/p>\n<p>Standarddekoratiivplaadid \u00a00 \u20ac<\/p>\n<p>Liimitud dekoratiivplaadid + 126,5 \u20ac<\/p>\n<p>Standarduks 0 \u20ac<\/p>\n<p>Premium \u00fchepoolne uks antratsiitv\u00e4rvi + 189,75 \u20ac<\/p>\n<p>&nbsp;<\/p>\n<p>&nbsp;<\/p>\n<p><strong>Bituumensindlite saadaval olevad v\u00e4rvid:<\/strong><\/p>\n<p>Must, roheline, punane<\/p>\n<p><img loading=\"lazy\" decoding=\"async\" class=\"alignnone wp-image-86157\" src=\"https:\/\/factory.sale\/wp-content\/uploads\/2024\/06\/colours-wooden-me-300x82.png\" alt=\"\" width=\"549\" height=\"150\" srcset=\"https:\/\/factory.sale\/wp-content\/uploads\/2024\/06\/colours-wooden-me-300x82.png 300w, https:\/\/factory.sale\/wp-content\/uploads\/2024\/06\/colours-wooden-me-150x41.png 150w, https:\/\/factory.sale\/wp-content\/uploads\/2024\/06\/colours-wooden-me-600x164.png 600w, https:\/\/factory.sale\/wp-content\/uploads\/2024\/06\/colours-wooden-me.png 638w\" sizes=\"auto, (max-width: 549px) 100vw, 549px\" \/><\/p>\n<p>&nbsp;<\/p>\n<p><strong>Elekter:<\/strong><\/p>\n<p>\u00dcksik pistik + 69 \u20ac<\/p>\n<p>Kahekordne pistik + 74,75 \u20ac<\/p>\n<p>\u00dcksikl\u00fcliti + 69 \u20ac<\/p>\n<p>Kahekordne l\u00fcliti + 86,25 \u20ac<\/p>\n<p>Juhe \u00fche lambi jaoks + 28,75 \u20ac<\/p>\n<p>Kaitseplaat + 138 \u20ac<\/p>\n<p>&nbsp;<\/p>\n<p>&nbsp;<\/p>\n<p><strong>V\u00e4lisv\u00e4rv k\u00e4mpingumajale +<\/strong>\u00a0189,75 \u20ac<\/p>\n<p><strong><em>Lisaks on saadaval palju m\u00f6\u00f6blit, k\u00fcsige lisainfot.<\/em><\/strong><\/p>\n<p>&nbsp;<\/p>\n<p>&nbsp;<\/p>\n<p><a href=\"https:\/\/factory.sale\/wp-content\/uploads\/2024\/06\/Luxury-Insulated-Camping-Pod-5.5-x-2.4.pdf\" target=\"_blank\" rel=\"noopener\">Paigaldusjuhend<\/a><\/p>\n<p>&nbsp;<\/p>\n<div class=\"video-wrapper \"><iframe loading=\"lazy\" title=\"The folding bench from Woodprofesionals\" width=\"500\" height=\"281\" src=\"https:\/\/www.youtube.com\/embed\/rihF8b40BVs?feature=oembed\" frameborder=\"0\" allow=\"accelerometer; autoplay; clipboard-write; encrypted-media; gyroscope; picture-in-picture; web-share\" referrerpolicy=\"strict-origin-when-cross-origin\" allowfullscreen><\/iframe><\/div>\n","protected":false},"excerpt":{"rendered":"<p>K\u00e4mpingumaja, tuntud ka kui gl\u00e4mpingumaja, on suurep\u00e4rane valik v\u00e4litingimustes \u00f6\u00f6bimiseks ja elamiseks. See pakub hubast, mugavat ja avarat majutust kuni 4-6 inimesele. Selle eriline kuju sulandub maastikuga, muutes vaate v\u00e4ga loomulikuks ja meeldivaks.<\/p>\n","protected":false},"featured_media":86298,"comment_status":"open","ping_status":"closed","template":"","meta":{"_acf_changed":false},"factory":[],"free-shipment":[],"product_brand":[],"product_cat":[801,2888],"product_tag":[],"class_list":{"0":"post-86395","1":"product","2":"type-product","3":"status-publish","4":"has-post-thumbnail","6":"product_cat-elementmajad-2","7":"product_cat-kampingumajakesed","9":"first","10":"instock","11":"sale","12":"taxable","13":"shipping-taxable","14":"purchasable","15":"product-type-simple"},"acf":[],"_links":{"self":[{"href":"https:\/\/factory.sale\/et\/wp-json\/wp\/v2\/product\/86395","targetHints":{"allow":["GET"]}}],"collection":[{"href":"https:\/\/factory.sale\/et\/wp-json\/wp\/v2\/product"}],"about":[{"href":"https:\/\/factory.sale\/et\/wp-json\/wp\/v2\/types\/product"}],"replies":[{"embeddable":true,"href":"https:\/\/factory.sale\/et\/wp-json\/wp\/v2\/comments?post=86395"}],"wp:featuredmedia":[{"embeddable":true,"href":"https:\/\/factory.sale\/et\/wp-json\/wp\/v2\/media\/86298"}],"wp:attachment":[{"href":"https:\/\/factory.sale\/et\/wp-json\/wp\/v2\/media?parent=86395"}],"wp:term":[{"taxonomy":"factory","embeddable":true,"href":"https:\/\/factory.sale\/et\/wp-json\/wp\/v2\/factory?post=86395"},{"taxonomy":"free-shipment","embeddable":true,"href":"https:\/\/factory.sale\/et\/wp-json\/wp\/v2\/free-shipment?post=86395"},{"taxonomy":"product_brand","embeddable":true,"href":"https:\/\/factory.sale\/et\/wp-json\/wp\/v2\/product_brand?post=86395"},{"taxonomy":"product_cat","embeddable":true,"href":"https:\/\/factory.sale\/et\/wp-json\/wp\/v2\/product_cat?post=86395"},{"taxonomy":"product_tag","embeddable":true,"href":"https:\/\/factory.sale\/et\/wp-json\/wp\/v2\/product_tag?post=86395"}],"curies":[{"name":"wp","href":"https:\/\/api.w.org\/{rel}","templated":true}]}}