{"id":86384,"date":"2024-06-26T10:09:59","date_gmt":"2024-06-26T10:10:44","guid":{"rendered":"https:\/\/factory.sale\/?post_type=product&#038;p=86384"},"modified":"2026-02-06T21:57:37","modified_gmt":"2026-02-06T18:57:37","slug":"kampingumajake-30-x-48-m","status":"publish","type":"product","link":"https:\/\/factory.sale\/et\/toode\/kampingumajake-30-x-48-m\/","title":{"rendered":"K\u00e4mpingumajake 3,0 x 4,8 m"},"content":{"rendered":"<p>K\u00e4mpingumaja 3,0 x 4,8 m on ainulaadne toode, mis on kogu Euroopas v\u00e4ga populaarne. See maja ei vaja tegelikult vundamenti, see v\u00f5ib olla lihtsalt alusel v\u00f5i isegi puidust terrassil, parvel v\u00f5i haagisel. See suvemaja on mobiilne ja seda saab kergesti \u00fchest kohast teise liigutada. Suurep\u00e4rane valik k\u00e4mpinguks. M\u00f6\u00f6bli saab valida lisav\u00f5imalusena meie valikust v\u00f5i vastavalt oma eelistustele.<\/p>\n<p><em>Kuna tegemist on 3 m laiuse tootega, saab seda tarnida ainult osadena. Lihtsaks kokkupanekuks on kaasas visuaalidega juhend.<\/em><\/p>\n<p>&nbsp;<\/p>\n<p><strong>Tehnilised andmed:<\/strong><\/p>\n<p>Suurus: 2-4 inimest<br \/>\nToad: 2<br \/>\nPuit: m\u00e4nnipuit<br \/>\nSiseala: 9,1 m\u00b2<br \/>\nV\u00e4limised m\u00f5\u00f5tmed: 3,0 m x 4,8 m<br \/>\nK\u00f5rgus: 2,7 m<br \/>\nSeina paksus: 46 mm<br \/>\nP\u00f5randa paksus: 28 mm<br \/>\nKatus: Soome bituumenkatusesindlid<br \/>\nUkse suurus: 700 x 1800 mm<br \/>\nAknapiluga aken: 700 x 900 mm<br \/>\nTerrass: 0,2 m<\/p>\n<p>&nbsp;<\/p>\n<p><strong>Standardpakett:<\/strong><\/p>\n<p>Puidust seinad<br \/>\nRoostevabast terasest pingutusrihmad<br \/>\nKatus kaetud bituumensindlitega<br \/>\nP\u00f5rand 28 mm m\u00e4nnipuidust laudadest<br \/>\nTopeltklaasiga avanev aknapilu t\u00fcnni tagaseinas<br \/>\nUks topeltklaasiga kuusnurkse aknaga, tavaline k\u00e4epide<\/p>\n<p>&nbsp;<\/p>\n<p><strong>Lisaks saadaval (hinnad ilma k\u00e4ibemaksuta):<\/strong><\/p>\n<p><strong>Saadaval olevad bituumensindel katuse v\u00e4rvid:<\/strong><\/p>\n<p>must, roheline, punane, hall<\/p>\n<p><img loading=\"lazy\" decoding=\"async\" class=\"alignnone wp-image-86382\" src=\"https:\/\/factory.sale\/wp-content\/uploads\/2024\/06\/colours-2-300x69.png\" alt=\"\" width=\"657\" height=\"151\" srcset=\"https:\/\/factory.sale\/wp-content\/uploads\/2024\/06\/colours-2-300x69.png 300w, https:\/\/factory.sale\/wp-content\/uploads\/2024\/06\/colours-2-150x35.png 150w, https:\/\/factory.sale\/wp-content\/uploads\/2024\/06\/colours-2-600x139.png 600w, https:\/\/factory.sale\/wp-content\/uploads\/2024\/06\/colours-2.png 640w\" sizes=\"auto, (max-width: 657px) 100vw, 657px\" \/><\/p>\n<p>&nbsp;<\/p>\n<p>&nbsp;<\/p>\n<p>&nbsp;<\/p>\n<p><strong>K\u00fclgsein liuguksega WC jaoks:<\/strong> 569,25 \u20ac<\/p>\n<p><strong><em>Lisaks on saadaval palju m\u00f6\u00f6blit, k\u00fcsige lisainfot.<\/em><\/strong><\/p>\n<p>&nbsp;<\/p>\n<p><a href=\"https:\/\/factory.sale\/wp-content\/uploads\/2024\/06\/Camping-Barrel-4.8-assembly-2018-02-05.pdf\" target=\"_blank\" rel=\"noopener\">Paigaldusjuhised<\/a><\/p>\n<div class=\"video-wrapper \"><iframe loading=\"lazy\" title=\"The folding bench from Woodprofesionals\" width=\"500\" height=\"281\" src=\"https:\/\/www.youtube.com\/embed\/rihF8b40BVs?feature=oembed\" frameborder=\"0\" allow=\"accelerometer; autoplay; clipboard-write; encrypted-media; gyroscope; picture-in-picture; web-share\" referrerpolicy=\"strict-origin-when-cross-origin\" allowfullscreen><\/iframe><\/div>\n","protected":false},"excerpt":{"rendered":"<p>K\u00e4mpingumaja 3,0 x 4,8 m on ainulaadne toode, mis on kogu Euroopas v\u00e4ga populaarne. See maja ei vaja tegelikult vundamenti, see v\u00f5ib olla lihtsalt alusel v\u00f5i isegi puidust terrassil, parvel v\u00f5i haagisel. See suvemaja on mobiilne ja seda saab kergesti \u00fchest kohast teise liigutada. Suurep\u00e4rane valik k\u00e4mpinguks. M\u00f6\u00f6bli saab valida lisav\u00f5imalusena meie valikust v\u00f5i vastavalt oma eelistustele.<\/p>\n","protected":false},"featured_media":87012,"comment_status":"open","ping_status":"closed","template":"","meta":{"_acf_changed":false},"factory":[],"free-shipment":[],"product_brand":[],"product_cat":[801,2888],"product_tag":[],"class_list":{"0":"post-86384","1":"product","2":"type-product","3":"status-publish","4":"has-post-thumbnail","6":"product_cat-elementmajad-2","7":"product_cat-kampingumajakesed","9":"first","10":"instock","11":"sale","12":"taxable","13":"shipping-taxable","14":"purchasable","15":"product-type-simple"},"acf":[],"_links":{"self":[{"href":"https:\/\/factory.sale\/et\/wp-json\/wp\/v2\/product\/86384","targetHints":{"allow":["GET"]}}],"collection":[{"href":"https:\/\/factory.sale\/et\/wp-json\/wp\/v2\/product"}],"about":[{"href":"https:\/\/factory.sale\/et\/wp-json\/wp\/v2\/types\/product"}],"replies":[{"embeddable":true,"href":"https:\/\/factory.sale\/et\/wp-json\/wp\/v2\/comments?post=86384"}],"wp:featuredmedia":[{"embeddable":true,"href":"https:\/\/factory.sale\/et\/wp-json\/wp\/v2\/media\/87012"}],"wp:attachment":[{"href":"https:\/\/factory.sale\/et\/wp-json\/wp\/v2\/media?parent=86384"}],"wp:term":[{"taxonomy":"factory","embeddable":true,"href":"https:\/\/factory.sale\/et\/wp-json\/wp\/v2\/factory?post=86384"},{"taxonomy":"free-shipment","embeddable":true,"href":"https:\/\/factory.sale\/et\/wp-json\/wp\/v2\/free-shipment?post=86384"},{"taxonomy":"product_brand","embeddable":true,"href":"https:\/\/factory.sale\/et\/wp-json\/wp\/v2\/product_brand?post=86384"},{"taxonomy":"product_cat","embeddable":true,"href":"https:\/\/factory.sale\/et\/wp-json\/wp\/v2\/product_cat?post=86384"},{"taxonomy":"product_tag","embeddable":true,"href":"https:\/\/factory.sale\/et\/wp-json\/wp\/v2\/product_tag?post=86384"}],"curies":[{"name":"wp","href":"https:\/\/api.w.org\/{rel}","templated":true}]}}