{"id":86369,"date":"2024-06-19T20:14:10","date_gmt":"2024-06-20T12:11:11","guid":{"rendered":"https:\/\/factory.sale\/?post_type=product&#038;p=86369"},"modified":"2024-07-31T11:21:32","modified_gmt":"2024-07-31T08:21:32","slug":"kampingumajake-moobliga-33-m","status":"publish","type":"product","link":"https:\/\/factory.sale\/et\/toode\/kampingumajake-moobliga-33-m\/","title":{"rendered":"K\u00e4mpingumajake m\u00f6\u00f6bliga 3,3 m"},"content":{"rendered":"<p>K\u00e4mpingumajake m\u00f6\u00f6bliga 3,3 m on hubane ja mugav k\u00e4mpingutoode, millel on kaks tuba, mis mahutavad kuni 4 inimest. Valmistatud vastupidavast ja naturaalsest m\u00e4nnist, sellel on \u00fcmar kuju, pakkudes avaraid ja hubaseid ruume. Katuse katab bituumensindel ja majake on kinnitatud kolme roostevabast terasest rihmaga. Sisaldab kahte akent taga ja kahte ees, samuti lukuga ust suure karastatud klaasaknaga, et nautida vaadet ja v\u00e4rsket \u00f5hku. Sees on istumisala kahe pingiga ja magamisala kahekorruselise narivoodiga. K\u00f5ik m\u00f6\u00f6bel on hinna sees ja lisamugavuseks on saadaval ka madratsid. Kogege k\u00e4mpingut uuel viisil koos m\u00f6\u00f6bliga varustatud majakesega!<\/p>\n<p>&nbsp;<\/p>\n<p><strong>Tehnilised andmed:<\/strong><\/p>\n<p>Inimesed: 4 inimest<br \/>\nPuit: M\u00e4nd<br \/>\nKuju: \u00dcmar<br \/>\nToad: 2<br \/>\nL\u00e4bim\u00f5\u00f5t: 2,2 m<br \/>\nKoguk\u00f5rgus: 2,3 m<br \/>\nP\u00f5randa paksus: 44-46 mm<br \/>\nKatuse paksus: 46 mm<br \/>\nSeina paksus: 44-46 mm<br \/>\nUkse suurus: 690 x 1800 mm<br \/>\nAkna suurus: 880 x 510 mm<\/p>\n<p>&nbsp;<\/p>\n<p><strong>Standard komplekt:<\/strong><\/p>\n<p>M\u00e4nnist valmistatud maja;<br \/>\nKatus kaetud valitud v\u00e4rvi bituumensindliga;<br \/>\n3 roostevabast terasest pingutusrihma;<br \/>\nKaks avanevat akent tagaseinas;<br \/>\nKaks avanevat akent ees;<br \/>\nLukuga uks ja suur karastatud klaasaken;<br \/>\nKaks tuba: magamistuba ja elutuba; 4-5 magamiskohta;<br \/>\nElutuba kahe pingiga;<br \/>\nMagamistuba narivoodiga (200cm x 168cm x 10 cm + 160cm x 168cm x 10 cm);<br \/>\nK\u00f5ik m\u00f6\u00f6bel hinna sees, madratsid saadaval lisavarustusena.<\/p>\n<p>&nbsp;<\/p>\n<p><strong>Kohaletoimetamine:<\/strong><\/p>\n<p>Koostatud koorem (P x L x K): 3.3 x 2.32 x 2.4 m.<\/p>\n<p>&nbsp;<\/p>\n<p>&nbsp;<\/p>\n<p><strong>Lisavarustus (hinnad ilma KM-ta):<\/strong><\/p>\n<p><strong>Saadaval bituumenkatuse v\u00e4rvid:<\/strong><\/p>\n<p>Must, roheline, punane<\/p>\n<p><img loading=\"lazy\" decoding=\"async\" class=\"alignnone wp-image-86157\" src=\"https:\/\/factory.sale\/wp-content\/uploads\/2024\/06\/colours-wooden-me-300x82.png\" alt=\"\" width=\"659\" height=\"180\" srcset=\"https:\/\/factory.sale\/wp-content\/uploads\/2024\/06\/colours-wooden-me-300x82.png 300w, https:\/\/factory.sale\/wp-content\/uploads\/2024\/06\/colours-wooden-me-150x41.png 150w, https:\/\/factory.sale\/wp-content\/uploads\/2024\/06\/colours-wooden-me-600x164.png 600w, https:\/\/factory.sale\/wp-content\/uploads\/2024\/06\/colours-wooden-me.png 638w\" sizes=\"auto, (max-width: 659px) 100vw, 659px\" \/><\/p>\n<p>&nbsp;<\/p>\n<p><strong>Elektris\u00fcsteem :<\/strong><\/p>\n<p>\u00dcksik pistik 69 .-<br \/>\nTopelt pistik 74,75 .-<br \/>\n\u00dcksik l\u00fcliti 69 .-<br \/>\nTopelt l\u00fcliti 86,25 .-<br \/>\nKaabel \u00fche lambi jaoks 28,75 .-<br \/>\nKaitse paneel 138 .-<\/p>\n<p>&nbsp;<\/p>\n<p>&nbsp;<\/p>\n<p><strong>V\u00e4lisv\u00e4rv<\/strong> 253 .-<\/p>\n<p><strong>Madratsid<\/strong> 442,75 .-<\/p>\n<p>&nbsp;<\/p>\n<div class=\"video-wrapper \"><iframe loading=\"lazy\" title=\"The folding bench from Woodprofesionals\" width=\"500\" height=\"281\" src=\"https:\/\/www.youtube.com\/embed\/rihF8b40BVs?feature=oembed\" frameborder=\"0\" allow=\"accelerometer; autoplay; clipboard-write; encrypted-media; gyroscope; picture-in-picture; web-share\" referrerpolicy=\"strict-origin-when-cross-origin\" allowfullscreen><\/iframe><\/div>\n","protected":false},"excerpt":{"rendered":"<p>K\u00e4mpingumajake m\u00f6\u00f6bliga 3,3 m on hubane ja mugav k\u00e4mpingutoode, millel on kaks tuba, mis mahutavad kuni 4 inimest. Valmistatud vastupidavast ja naturaalsest m\u00e4nnist, sellel on \u00fcmar kuju, pakkudes avaraid ja hubaseid ruume. Katuse katab bituumensindel ja majake on kinnitatud kolme roostevabast terasest rihmaga. Sisaldab kahte akent taga ja kahte ees, samuti lukuga ust suure karastatud klaasaknaga, et nautida vaadet ja v\u00e4rsket \u00f5hku. Sees on istumisala kahe pingiga ja magamisala kahekorruselise narivoodiga. K\u00f5ik m\u00f6\u00f6bel on hinna sees ja lisamugavuseks on saadaval ka madratsid. Kogege k\u00e4mpingut uuel viisil koos m\u00f6\u00f6bliga varustatud majakesega!<\/p>\n","protected":false},"featured_media":86355,"comment_status":"open","ping_status":"closed","template":"","meta":{"_acf_changed":false},"factory":[],"free-shipment":[],"product_brand":[],"product_cat":[801,2888],"product_tag":[],"class_list":{"0":"post-86369","1":"product","2":"type-product","3":"status-publish","4":"has-post-thumbnail","6":"product_cat-elementmajad-2","7":"product_cat-kampingumajakesed","9":"first","10":"instock","11":"sale","12":"taxable","13":"shipping-taxable","14":"purchasable","15":"product-type-simple"},"acf":[],"_links":{"self":[{"href":"https:\/\/factory.sale\/et\/wp-json\/wp\/v2\/product\/86369","targetHints":{"allow":["GET"]}}],"collection":[{"href":"https:\/\/factory.sale\/et\/wp-json\/wp\/v2\/product"}],"about":[{"href":"https:\/\/factory.sale\/et\/wp-json\/wp\/v2\/types\/product"}],"replies":[{"embeddable":true,"href":"https:\/\/factory.sale\/et\/wp-json\/wp\/v2\/comments?post=86369"}],"wp:featuredmedia":[{"embeddable":true,"href":"https:\/\/factory.sale\/et\/wp-json\/wp\/v2\/media\/86355"}],"wp:attachment":[{"href":"https:\/\/factory.sale\/et\/wp-json\/wp\/v2\/media?parent=86369"}],"wp:term":[{"taxonomy":"factory","embeddable":true,"href":"https:\/\/factory.sale\/et\/wp-json\/wp\/v2\/factory?post=86369"},{"taxonomy":"free-shipment","embeddable":true,"href":"https:\/\/factory.sale\/et\/wp-json\/wp\/v2\/free-shipment?post=86369"},{"taxonomy":"product_brand","embeddable":true,"href":"https:\/\/factory.sale\/et\/wp-json\/wp\/v2\/product_brand?post=86369"},{"taxonomy":"product_cat","embeddable":true,"href":"https:\/\/factory.sale\/et\/wp-json\/wp\/v2\/product_cat?post=86369"},{"taxonomy":"product_tag","embeddable":true,"href":"https:\/\/factory.sale\/et\/wp-json\/wp\/v2\/product_tag?post=86369"}],"curies":[{"name":"wp","href":"https:\/\/api.w.org\/{rel}","templated":true}]}}