{"id":86327,"date":"2024-06-19T18:01:40","date_gmt":"2024-06-19T18:43:54","guid":{"rendered":"https:\/\/factory.sale\/?post_type=product&#038;p=86327"},"modified":"2024-09-28T23:11:41","modified_gmt":"2024-09-28T20:11:41","slug":"moobliga-kampingumajake-40-m","status":"publish","type":"product","link":"https:\/\/factory.sale\/et\/toode\/moobliga-kampingumajake-40-m\/","title":{"rendered":"M\u00f6\u00f6bliga k\u00e4mpingumajake 4,0 m"},"content":{"rendered":"<p>K\u00e4mpingumaja on ideaalne valik k\u00e4mpinguplatsile. See on valmistatud kuusepuust ja tundub v\u00e4ga looduss\u00f5bralik.<\/p>\n<p>Meie k\u00e4mpingumajal\u00a0on kaks tuba: \u00fcks on m\u00f5eldud magamiseks ja teine istumiseks, s\u00f6\u00f6miseks ja asjade hoiustamiseks. Selle k\u00e4mpingumajaga n\u00e4eb teie k\u00e4mpinguplats v\u00e4lja erinev, looduss\u00f5bralik ja hubane.<\/p>\n<p>&nbsp;<\/p>\n<p>&nbsp;<\/p>\n<p><strong>Tehnilised andmed:<\/strong><\/p>\n<p>Inimeste mahutavus: 2-4 inimest<br \/>\nPuit: M\u00e4nd<br \/>\nKuju: \u00dcmmargune<br \/>\nToad: 2<br \/>\nDiameeter: 2200 mm<br \/>\nK\u00f5rgus: 2400 mm<br \/>\nSeina paksus: 44 mm<br \/>\nUkse suurus: 75 cm x 190 cm<br \/>\nAkna suurus: 71,5 x 68 cm<\/p>\n<p>&nbsp;<\/p>\n<p><strong>Tavakomplekt:<\/strong><\/p>\n<p>K\u00e4mpingumaja valmistatud kuusest<br \/>\nKatus kaetud valitud v\u00e4rvi bituumenkatusekividega<br \/>\n3 roostevabast terasest pingutusv\u00f6\u00f6d<br \/>\n\u00dcks avanev aken tagaseinas<br \/>\nUks lukuga ja kuusnurkse aknaga<br \/>\nKaks tuba: magamistuba ja elu-\/s\u00f6\u00f6gituba kahe pingiga ja liuglauaga<br \/>\nV\u00f5imalus teha magamiskoht ka elutoas<br \/>\nKaks kergesti paigaldatavat puidupaneeli pinkide vahel \u2013 muutuvad \u00fchekohaliseks voodiks<br \/>\nMagamistuba magamiskohaga: 2 x 2 m<br \/>\nV\u00e4ikesed pingid sissep\u00e4\u00e4su juures (30 cm s\u00fcgavus)<\/p>\n<p><strong><em>*Hind sisaldab m\u00f6\u00f6blit!<\/em><\/strong><\/p>\n<p>&nbsp;<\/p>\n<p><strong>Kohaletoimetamine:<\/strong><\/p>\n<p>K\u00e4mpingumaja 4,0 m toimetatakse kliendile t\u00e4ielikult kokkupanduna v\u00f5i mitte kokkupanduna, kuid t\u00e4ielikult komplekteerituna, koos \u00fcksikasjalike kokkupanekujuhiste ja joonistega, pakituna alusele (KIT).<\/p>\n<p>Kokkupanekuaeg: umbes 10 tundi (2 inimest);<br \/>\nAluse suurus KIT (P x L x K): 4,10 x 1,20 x 1,30 m;<br \/>\nKogu magamisala: 4,10 x 2,32 x 2,40 m.<\/p>\n<p>&nbsp;<\/p>\n<p><strong>Lisaks saadaval (hinnad ilma KM-ta):<\/strong><\/p>\n<p>Saadaval bituumenkatuse v\u00e4rvid:<\/p>\n<p>must, roheline, punane<\/p>\n<p>&nbsp;<\/p>\n<p><img loading=\"lazy\" decoding=\"async\" class=\"alignnone wp-image-86157\" src=\"https:\/\/factory.sale\/wp-content\/uploads\/2024\/06\/colours-wooden-me-300x82.png\" alt=\"\" width=\"571\" height=\"156\" srcset=\"https:\/\/factory.sale\/wp-content\/uploads\/2024\/06\/colours-wooden-me-300x82.png 300w, https:\/\/factory.sale\/wp-content\/uploads\/2024\/06\/colours-wooden-me-150x41.png 150w, https:\/\/factory.sale\/wp-content\/uploads\/2024\/06\/colours-wooden-me-600x164.png 600w, https:\/\/factory.sale\/wp-content\/uploads\/2024\/06\/colours-wooden-me.png 638w\" sizes=\"auto, (max-width: 571px) 100vw, 571px\" \/><\/p>\n<p>&nbsp;<\/p>\n<p><strong><em>Madratsikomplekt 198 cm x 180 cm x 100 cm 304,75.-<\/em><\/strong><\/p>\n<p>&nbsp;<\/p>\n<div class=\"video-wrapper \"><iframe loading=\"lazy\" title=\"The folding bench from Woodprofesionals\" width=\"500\" height=\"281\" src=\"https:\/\/www.youtube.com\/embed\/rihF8b40BVs?feature=oembed\" frameborder=\"0\" allow=\"accelerometer; autoplay; clipboard-write; encrypted-media; gyroscope; picture-in-picture; web-share\" referrerpolicy=\"strict-origin-when-cross-origin\" allowfullscreen><\/iframe><\/div>\n","protected":false},"excerpt":{"rendered":"<p>K\u00e4mpingumaja on ideaalne valik k\u00e4mpinguplatsile. See on valmistatud kuusepuust ja tundub v\u00e4ga looduss\u00f5bralik.<\/p>\n<p>Meie k\u00e4mpingumajal on kaks tuba: \u00fcks on m\u00f5eldud magamiseks ja teine istumiseks, s\u00f6\u00f6miseks ja asjade hoiustamiseks. Selle K\u00e4mpingumajaga n\u00e4eb teie k\u00e4mpinguplats v\u00e4lja erinev, looduss\u00f5bralik ja hubane.<\/p>\n","protected":false},"featured_media":86312,"comment_status":"open","ping_status":"closed","template":"","meta":{"_acf_changed":false},"factory":[],"free-shipment":[],"product_brand":[],"product_cat":[801,2888],"product_tag":[],"class_list":{"0":"post-86327","1":"product","2":"type-product","3":"status-publish","4":"has-post-thumbnail","6":"product_cat-elementmajad-2","7":"product_cat-kampingumajakesed","9":"first","10":"instock","11":"sale","12":"taxable","13":"shipping-taxable","14":"purchasable","15":"product-type-simple"},"acf":[],"_links":{"self":[{"href":"https:\/\/factory.sale\/et\/wp-json\/wp\/v2\/product\/86327","targetHints":{"allow":["GET"]}}],"collection":[{"href":"https:\/\/factory.sale\/et\/wp-json\/wp\/v2\/product"}],"about":[{"href":"https:\/\/factory.sale\/et\/wp-json\/wp\/v2\/types\/product"}],"replies":[{"embeddable":true,"href":"https:\/\/factory.sale\/et\/wp-json\/wp\/v2\/comments?post=86327"}],"wp:featuredmedia":[{"embeddable":true,"href":"https:\/\/factory.sale\/et\/wp-json\/wp\/v2\/media\/86312"}],"wp:attachment":[{"href":"https:\/\/factory.sale\/et\/wp-json\/wp\/v2\/media?parent=86327"}],"wp:term":[{"taxonomy":"factory","embeddable":true,"href":"https:\/\/factory.sale\/et\/wp-json\/wp\/v2\/factory?post=86327"},{"taxonomy":"free-shipment","embeddable":true,"href":"https:\/\/factory.sale\/et\/wp-json\/wp\/v2\/free-shipment?post=86327"},{"taxonomy":"product_brand","embeddable":true,"href":"https:\/\/factory.sale\/et\/wp-json\/wp\/v2\/product_brand?post=86327"},{"taxonomy":"product_cat","embeddable":true,"href":"https:\/\/factory.sale\/et\/wp-json\/wp\/v2\/product_cat?post=86327"},{"taxonomy":"product_tag","embeddable":true,"href":"https:\/\/factory.sale\/et\/wp-json\/wp\/v2\/product_tag?post=86327"}],"curies":[{"name":"wp","href":"https:\/\/api.w.org\/{rel}","templated":true}]}}