{"id":86289,"date":"2024-06-19T13:55:02","date_gmt":"2024-06-19T14:02:43","guid":{"rendered":"https:\/\/factory.sale\/?post_type=product&#038;p=86289"},"modified":"2024-09-28T22:47:31","modified_gmt":"2024-09-28T19:47:31","slug":"soojustatud-kampingumajake-2-4-m-x-3-m","status":"publish","type":"product","link":"https:\/\/factory.sale\/et\/toode\/soojustatud-kampingumajake-2-4-m-x-3-m\/","title":{"rendered":"Soojustatud k\u00e4mpingumajake 2.4 m x 3 m"},"content":{"rendered":"<p>K\u00e4mpingumaja, tuntud ka kui Glamping Pod, on suurep\u00e4rane valik \u00f5ues elamiseks ja \u00f6\u00f6bimiseks. See pakub hubast, mugavat ja avarat majutust kuni 4-6 inimesele. Selle erakordne kuju sulandub maastikuga, muutes vaate v\u00e4ga loomulikuks ja meeldivaks.<\/p>\n<p>K\u00e4mpingumajad v\u00f5imaldavad inimestel nautida loodust, mist\u00f5ttu valivad neid sageli laagriplatside omanikud ja muusikafestivalide korraldajad, kes soovivad pakkuda oma klientidele mugavat ja lihtsat \u00f6\u00f6bimisv\u00f5imalust.<\/p>\n<p>Samuti sobivad k\u00e4mpingumajad ideaalselt kauniks aia- v\u00f5i k\u00fclalistemajaks, suveresidentsiks, kodukontoriks, t\u00f6\u00f6kojaks, kalameeste h\u00fctiks, rannamajaks, puhkealaks v\u00f5i laste m\u00e4ngumajaks.<\/p>\n<p>Parimatest materjalidest valmistatud k\u00e4mpingumajad esindavad ainulaadset k\u00e4mpingumajutust, pakkudes uskumatu vaba aja veetmise kogemust.<\/p>\n<p>&nbsp;<\/p>\n<p><strong>Tehnilised andmed:<\/strong><\/p>\n<p>Suurus: 2 inimest<br \/>\nTuba: 1<br \/>\nSiseala: 4,3 m\u00b2<br \/>\nV\u00e4lism\u00f5\u00f5tmed: 2,4 m x 3,0 m<br \/>\nK\u00f5rgus: 2,6 m<br \/>\nPuit: m\u00e4nd<br \/>\nSein: M\u00e4nnipuidust sise- ja v\u00e4lisvooder: 14 mm; Isolatsiooniga k\u00fclgseina paksus: 126 mm; Isolatsiooniga esi- ja tagaseina paksus: 118 mm<br \/>\nP\u00f5rand: M\u00e4nnipuit: 28 mm; Isolatsiooniga p\u00f5randa paksus: 158 mm<br \/>\nKivivillast isolatsioon: 100 mm (p\u00f5rand ja seinad)<br \/>\nKatuse viimistlus: Soome bituumenplaadid<br \/>\nAknam\u00f5\u00f5t: 700 x 900 mm<br \/>\nUks: 1010 x 1820 mm<br \/>\nTerrass: 1,0 m<br \/>\nIsolatsiooniga podi seinad, kaetud bituumenplaatidega<br \/>\nIsolatsiooniga m\u00e4nnipuidust p\u00f5rand<br \/>\n1 avanev kahekordse klaasiga aken tagaseinas<br \/>\nTaani kahekordse klaasiga uks, standard k\u00e4epide ja lukk<br \/>\nTerrass, valmistatud 28 mm immutatud terrassilaudadest<\/p>\n<p>&nbsp;<\/p>\n<p><strong>Kohaletoimetamine:<\/strong><\/p>\n<p>Kaubaaluse suurus (LxPxK): 1p (1,2 x 2,4 x 1,2) 1200 kg<br \/>\nKokku pandud podi suurus (LxPxK): (2,4 x 2,5 x 2,6) 1200 kg<\/p>\n<p><strong><img loading=\"lazy\" decoding=\"async\" class=\"alignnone wp-image-86284\" src=\"https:\/\/factory.sale\/wp-content\/uploads\/2024\/06\/insulated-pod-300x216.png\" alt=\"\" width=\"567\" height=\"408\" srcset=\"https:\/\/factory.sale\/wp-content\/uploads\/2024\/06\/insulated-pod-300x216.png 300w, https:\/\/factory.sale\/wp-content\/uploads\/2024\/06\/insulated-pod-150x108.png 150w, https:\/\/factory.sale\/wp-content\/uploads\/2024\/06\/insulated-pod-600x433.png 600w, https:\/\/factory.sale\/wp-content\/uploads\/2024\/06\/insulated-pod.png 948w\" sizes=\"auto, (max-width: 567px) 100vw, 567px\" \/><\/strong><\/p>\n<p>&nbsp;<\/p>\n<p><strong>Lisaks saadaval (hinnad ilma KM-ta):<\/strong><\/p>\n<p>Poolpanoraamaken + 1265 .-<br \/>\nT\u00e4ispanoraamaken + 1518 .-<br \/>\nKahekordne klaasiga aken, professionaalselt maalitud antratsiidi v\u00e4rvi, tagaseinas + 63,25 .-<br \/>\nStandard dekoratiivsed lauad 0 .-<br \/>\nLiimitud dekoratiivsed lauad + 126,5 .-<br \/>\nStandard uks 0 .-<br \/>\nPremium \u00fche ukse antratsiidi v\u00e4rvi + 189,75 .-<\/p>\n<p>&nbsp;<\/p>\n<p><strong>Saadaval bituumensindli v\u00e4rv:<\/strong><\/p>\n<p>Must, roheline, punane<\/p>\n<p><img loading=\"lazy\" decoding=\"async\" class=\"alignnone wp-image-86157\" src=\"https:\/\/factory.sale\/wp-content\/uploads\/2024\/06\/colours-wooden-me-300x82.png\" alt=\"\" width=\"578\" height=\"158\" srcset=\"https:\/\/factory.sale\/wp-content\/uploads\/2024\/06\/colours-wooden-me-300x82.png 300w, https:\/\/factory.sale\/wp-content\/uploads\/2024\/06\/colours-wooden-me-150x41.png 150w, https:\/\/factory.sale\/wp-content\/uploads\/2024\/06\/colours-wooden-me-600x164.png 600w, https:\/\/factory.sale\/wp-content\/uploads\/2024\/06\/colours-wooden-me.png 638w\" sizes=\"auto, (max-width: 578px) 100vw, 578px\" \/><\/p>\n<p>&nbsp;<\/p>\n<p><strong>Elektris\u00fcsteemid k\u00e4mpingubussidele:<\/strong><\/p>\n<p>\u00dcksikpistik + 69 .-<br \/>\nTopeltpistik + 74,75 .-<br \/>\n\u00dcksikl\u00fcliti + 69 .-<br \/>\nTopeltl\u00fcliti + 86,25 .-<br \/>\nJuhe \u00fchele lambile + 28,75 .-<br \/>\nKaitsmepaneel + 138 .-<\/p>\n<p>&nbsp;<\/p>\n<p><strong><em>V\u00e4lisv\u00e4rv: 189,75 .-<\/em><\/strong><\/p>\n<p><strong><em>Saadaval ka palju m\u00f6\u00f6blit, k\u00fcsi lisa.<\/em><\/strong><\/p>\n<p>&nbsp;<\/p>\n<p>&nbsp;<\/p>\n<p><a href=\"https:\/\/factory.sale\/wp-content\/uploads\/2024\/06\/Luxury-Insulated-Camping-Pod-5.5-x-2.4.pdf\" target=\"_blank\" rel=\"noopener\">Paigaldusjuhend<\/a><\/p>\n<p>&nbsp;<\/p>\n<div class=\"video-wrapper \"><iframe loading=\"lazy\" title=\"The folding bench from Woodprofesionals\" width=\"500\" height=\"281\" src=\"https:\/\/www.youtube.com\/embed\/rihF8b40BVs?feature=oembed\" frameborder=\"0\" allow=\"accelerometer; autoplay; clipboard-write; encrypted-media; gyroscope; picture-in-picture; web-share\" referrerpolicy=\"strict-origin-when-cross-origin\" allowfullscreen><\/iframe><\/div>\n<p>&nbsp;<\/p>\n","protected":false},"excerpt":{"rendered":"<p>K\u00e4mpingumaja, tuntud ka kui Glamping Pod, on suurep\u00e4rane valik \u00f5ues elamiseks ja \u00f6\u00f6bimiseks. See pakub hubast, mugavat ja avarat majutust kuni 4-6 inimesele. Selle erakordne kuju sulandub maastikuga, muutes vaate v\u00e4ga loomulikuks ja meeldivaks.<\/p>\n","protected":false},"featured_media":86295,"comment_status":"open","ping_status":"closed","template":"","meta":{"_acf_changed":false},"factory":[],"free-shipment":[],"product_brand":[],"product_cat":[801,2888],"product_tag":[],"class_list":{"0":"post-86289","1":"product","2":"type-product","3":"status-publish","4":"has-post-thumbnail","6":"product_cat-elementmajad-2","7":"product_cat-kampingumajakesed","9":"first","10":"instock","11":"sale","12":"taxable","13":"shipping-taxable","14":"purchasable","15":"product-type-simple"},"acf":[],"_links":{"self":[{"href":"https:\/\/factory.sale\/et\/wp-json\/wp\/v2\/product\/86289","targetHints":{"allow":["GET"]}}],"collection":[{"href":"https:\/\/factory.sale\/et\/wp-json\/wp\/v2\/product"}],"about":[{"href":"https:\/\/factory.sale\/et\/wp-json\/wp\/v2\/types\/product"}],"replies":[{"embeddable":true,"href":"https:\/\/factory.sale\/et\/wp-json\/wp\/v2\/comments?post=86289"}],"wp:featuredmedia":[{"embeddable":true,"href":"https:\/\/factory.sale\/et\/wp-json\/wp\/v2\/media\/86295"}],"wp:attachment":[{"href":"https:\/\/factory.sale\/et\/wp-json\/wp\/v2\/media?parent=86289"}],"wp:term":[{"taxonomy":"factory","embeddable":true,"href":"https:\/\/factory.sale\/et\/wp-json\/wp\/v2\/factory?post=86289"},{"taxonomy":"free-shipment","embeddable":true,"href":"https:\/\/factory.sale\/et\/wp-json\/wp\/v2\/free-shipment?post=86289"},{"taxonomy":"product_brand","embeddable":true,"href":"https:\/\/factory.sale\/et\/wp-json\/wp\/v2\/product_brand?post=86289"},{"taxonomy":"product_cat","embeddable":true,"href":"https:\/\/factory.sale\/et\/wp-json\/wp\/v2\/product_cat?post=86289"},{"taxonomy":"product_tag","embeddable":true,"href":"https:\/\/factory.sale\/et\/wp-json\/wp\/v2\/product_tag?post=86289"}],"curies":[{"name":"wp","href":"https:\/\/api.w.org\/{rel}","templated":true}]}}