{"id":86277,"date":"2024-06-19T13:22:29","date_gmt":"2024-06-19T13:41:50","guid":{"rendered":"https:\/\/factory.sale\/?post_type=product&#038;p=86277"},"modified":"2024-07-31T10:41:41","modified_gmt":"2024-07-31T07:41:41","slug":"kampingumajake-kulje-sissepaasuga-2-4-x-4-8-m","status":"publish","type":"product","link":"https:\/\/factory.sale\/et\/toode\/kampingumajake-kulje-sissepaasuga-2-4-x-4-8-m\/","title":{"rendered":"K\u00e4mpingumajake k\u00fclje sissep\u00e4\u00e4suga 2.4 x 4.8 m"},"content":{"rendered":"<p>K\u00e4mpingumajake 4.8 m, ainulaadne toode, mis on v\u00e4ga populaarne kogu Euroopas. Sellele k\u00e4mpingule pole tegelikult vundamenti vaja, seda saab lihtsalt paigutada alustele v\u00f5i isegi puidust terrassile, parvele v\u00f5i haagisele. See majake on mobiilne ja seda saab h\u00f5lpsasti \u00fchest kohast teise liigutada. Suurep\u00e4rane valik \u00f6\u00f6bimiseks. M\u00f6\u00f6bli saab valida lisavalikuna meie valikust v\u00f5i vastavalt teie soovile.<\/p>\n<p>&nbsp;<\/p>\n<p><strong>Tehnilised andmed:<\/strong><\/p>\n<p>Suurus: 2 inimest<br \/>\nTuba: 2<br \/>\nPuit: m\u00e4nd<br \/>\nV\u00e4lism\u00f5\u00f5tmed: 2.4 m x 4.8 m<br \/>\nK\u00f5rgus: 2.7 m<br \/>\nSeina paksus: 46 mm<br \/>\nP\u00f5randa paksus: 28 mm<br \/>\nKatus: Soome bituumensindlid<br \/>\nUkse suurus: 700 x 1800 mm<br \/>\nAken: 700 x 900 mm<\/p>\n<p><img loading=\"lazy\" decoding=\"async\" class=\"alignnone wp-image-86267\" src=\"https:\/\/factory.sale\/wp-content\/uploads\/2024\/06\/moodud-4.8m-300x184.png\" alt=\"\" width=\"634\" height=\"389\" srcset=\"https:\/\/factory.sale\/wp-content\/uploads\/2024\/06\/moodud-4.8m-300x184.png 300w, https:\/\/factory.sale\/wp-content\/uploads\/2024\/06\/moodud-4.8m-1024x629.png 1024w, https:\/\/factory.sale\/wp-content\/uploads\/2024\/06\/moodud-4.8m-150x92.png 150w, https:\/\/factory.sale\/wp-content\/uploads\/2024\/06\/moodud-4.8m-1536x943.png 1536w, https:\/\/factory.sale\/wp-content\/uploads\/2024\/06\/moodud-4.8m-2048x1258.png 2048w, https:\/\/factory.sale\/wp-content\/uploads\/2024\/06\/moodud-4.8m-600x368.png 600w\" sizes=\"auto, (max-width: 634px) 100vw, 634px\" \/><\/p>\n<p><strong>Standardkomplekt:<\/strong><\/p>\n<p>Puidust seinad<br \/>\nRoostevabast terasest pingutusrihmad<br \/>\nKatus kaetud bituumensindlitega<br \/>\nP\u00f5rand 28 mm m\u00e4nnilaudadest<br \/>\nTagaseinas avanev kahekordse klaasiga aken<br \/>\nUkse ees kahekordse klaasiga kuusnurkne aken, tavaline k\u00e4epide ja lukk<\/p>\n<p>&nbsp;<\/p>\n<p><strong>Lisaks saadaval (hinnad ilma KM-ta):<\/strong><\/p>\n<p><strong>Saadaval bituumenkatuse v\u00e4rvid:<\/strong><\/p>\n<p>Must, roheline, punane<\/p>\n<p><img loading=\"lazy\" decoding=\"async\" class=\"alignnone wp-image-86157\" src=\"https:\/\/factory.sale\/wp-content\/uploads\/2024\/06\/colours-wooden-me-300x82.png\" alt=\"\" width=\"520\" height=\"142\" srcset=\"https:\/\/factory.sale\/wp-content\/uploads\/2024\/06\/colours-wooden-me-300x82.png 300w, https:\/\/factory.sale\/wp-content\/uploads\/2024\/06\/colours-wooden-me-150x41.png 150w, https:\/\/factory.sale\/wp-content\/uploads\/2024\/06\/colours-wooden-me-600x164.png 600w, https:\/\/factory.sale\/wp-content\/uploads\/2024\/06\/colours-wooden-me.png 638w\" sizes=\"auto, (max-width: 520px) 100vw, 520px\" \/><\/p>\n<p>&nbsp;<\/p>\n<p><strong>Elekter:<\/strong><\/p>\n<p>\u00dcksik pistikupesa 69 .-<br \/>\nTopelt pistikupesa 74,75 .-<br \/>\n\u00dcksik l\u00fcliti 69 .-<br \/>\nTopelt l\u00fcliti 86,25 .-<br \/>\nJuhe \u00fche lambi jaoks 28,75 .-<br \/>\nKaitsme paneel 138 .-<\/p>\n<p>&nbsp;<\/p>\n<p><strong><em>K\u00e4mpingumaja v\u00e4rvimisteenus 552 .-<\/em><\/strong><\/p>\n<p><strong><em>Samuti on saadaval palju m\u00f6\u00f6blit, k\u00fcsi lisainfot.<\/em><\/strong><\/p>\n","protected":false},"excerpt":{"rendered":"<p>K\u00e4mpingumajake 4.8 m, ainulaadne toode, mis on v\u00e4ga populaarne kogu Euroopas. Sellele k\u00e4mpingule pole tegelikult vundamenti vaja, seda saab lihtsalt paigutada alustele v\u00f5i isegi puidust terrassile, parvele v\u00f5i haagisele. See majake on mobiilne ja seda saab h\u00f5lpsasti \u00fchest kohast teise liigutada. Suurep\u00e4rane valik \u00f6\u00f6bimiseks. M\u00f6\u00f6bli saab valida lisavalikuna meie valikust v\u00f5i vastavalt teie soovile.<\/p>\n","protected":false},"featured_media":86270,"comment_status":"open","ping_status":"closed","template":"","meta":{"_acf_changed":false},"factory":[],"free-shipment":[],"product_brand":[],"product_cat":[801,2888],"product_tag":[],"class_list":{"0":"post-86277","1":"product","2":"type-product","3":"status-publish","4":"has-post-thumbnail","6":"product_cat-elementmajad-2","7":"product_cat-kampingumajakesed","9":"first","10":"instock","11":"sale","12":"taxable","13":"shipping-taxable","14":"purchasable","15":"product-type-simple"},"acf":[],"_links":{"self":[{"href":"https:\/\/factory.sale\/et\/wp-json\/wp\/v2\/product\/86277","targetHints":{"allow":["GET"]}}],"collection":[{"href":"https:\/\/factory.sale\/et\/wp-json\/wp\/v2\/product"}],"about":[{"href":"https:\/\/factory.sale\/et\/wp-json\/wp\/v2\/types\/product"}],"replies":[{"embeddable":true,"href":"https:\/\/factory.sale\/et\/wp-json\/wp\/v2\/comments?post=86277"}],"wp:featuredmedia":[{"embeddable":true,"href":"https:\/\/factory.sale\/et\/wp-json\/wp\/v2\/media\/86270"}],"wp:attachment":[{"href":"https:\/\/factory.sale\/et\/wp-json\/wp\/v2\/media?parent=86277"}],"wp:term":[{"taxonomy":"factory","embeddable":true,"href":"https:\/\/factory.sale\/et\/wp-json\/wp\/v2\/factory?post=86277"},{"taxonomy":"free-shipment","embeddable":true,"href":"https:\/\/factory.sale\/et\/wp-json\/wp\/v2\/free-shipment?post=86277"},{"taxonomy":"product_brand","embeddable":true,"href":"https:\/\/factory.sale\/et\/wp-json\/wp\/v2\/product_brand?post=86277"},{"taxonomy":"product_cat","embeddable":true,"href":"https:\/\/factory.sale\/et\/wp-json\/wp\/v2\/product_cat?post=86277"},{"taxonomy":"product_tag","embeddable":true,"href":"https:\/\/factory.sale\/et\/wp-json\/wp\/v2\/product_tag?post=86277"}],"curies":[{"name":"wp","href":"https:\/\/api.w.org\/{rel}","templated":true}]}}