{"id":86256,"date":"2024-06-19T12:27:54","date_gmt":"2024-06-19T12:48:14","guid":{"rendered":"https:\/\/factory.sale\/?post_type=product&#038;p=86256"},"modified":"2024-09-29T22:45:41","modified_gmt":"2024-09-29T19:45:41","slug":"kampingumajake-48-m","status":"publish","type":"product","link":"https:\/\/factory.sale\/et\/toode\/kampingumajake-48-m\/","title":{"rendered":"K\u00e4mpingumajake 4,8 m"},"content":{"rendered":"<p><strong>Meie k\u00e4mpingumaja: Hubane ja h\u00e4sti varustatud ruum seiklusteks<\/strong><\/p>\n<p>Kas otsid uut viisi, kuidas loodust nautida? Siis vali meie k\u00e4mpingud, mis on hoolikalt loodud, et pakkuda Sulle mugavust. Inspireeritud klassikaliste karavanide v\u00f5lust, on need iseseisvad haagissuvilad loodud t\u00e4iustama sinu v\u00e4ljas \u00f6\u00f6bimist. Olemas on magamisalad, k\u00f6\u00f6k, s\u00f6\u00f6gituba ja piisavalt panipaiku. Seega tunned end koduselt igal pool, kuhu l\u00e4hed.<\/p>\n<p>Materjalid: Sul on kaks v\u00f5imalust oma k\u00e4mpingu materjali valimiseks: m\u00e4nnipuu v\u00f5i termopuit. M\u00f5lemad materjalid on tugevad 46 mm seinapaksusega, mis tagavad vastupidavuse ja soojustuse. Lisaks on neid lihtne kokku panna ja transportida.<\/p>\n<p>Unikaalne disain: Meie k\u00e4mping ei ole tavaline haagissuvila. See on modernne keerdk\u00e4ik traditsioonilisele karavanile, \u00fchendades nostalgiat ja funktsionaalsust. Sa hakkad armastad selle esteetilisi ja praktilisi omadusi!<\/p>\n<p>&nbsp;<\/p>\n<p><strong>Tehnilised andmed:<\/strong><\/p>\n<p>Suurus: 4-6 inimest<br \/>\nRuumid: 3<br \/>\nSiseala: 8,83 m\u00b2<br \/>\nV\u00e4lism\u00f5\u00f5tmed: 2,3 m x 4,8 m<br \/>\nK\u00f5rgus: 2,6 m<br \/>\nPuit: m\u00e4nnipuu v\u00f5i termopuit<br \/>\nSeina paksus: 46 mm<br \/>\nP\u00f5randa paksus: 28 mm<br \/>\nKatuse viimistlus: Soome bituumensindlid<br \/>\nUks: 700 x 1800 mm<br \/>\nAknad: 700 x 900 mm \u00fchel k\u00fclgseinal ja 1020 x 1060 mm teisel k\u00fclgseinal<\/p>\n<p>&nbsp;<\/p>\n<p><strong>Standardkomplekt sisaldab:<\/strong><\/p>\n<p>Standardkomplektis on puidust bussi seinad ja roostevabast terasest pingutusrihmad vastupidavuse tagamiseks. Lisaks on katus kaetud bituumensindlitega ilmastikukaitseks. P\u00f5rand on valmistatud 28 mm m\u00e4nnilaudadest mugavuse ja soojustuse tagamiseks. Bussis on kaks kahekordse klaasiga avatavat akent k\u00fclgedel ventilatsiooni ja loomuliku valguse jaoks. L\u00f5puks on puidust k\u00fclguks kahekordse klaasiga, puidust k\u00e4epide ja lukuga turvalisuse ja mugavuse tagamiseks.<\/p>\n<p>&nbsp;<\/p>\n<p><strong>K\u00e4mpingubuss 4,8 m:<\/strong><\/p>\n<p>See mudel on ideaalne peredele v\u00f5i s\u00f5prade gruppidele, kes soovivad koos loodust nautida. See mahutab mugavalt 4-6 inimest. Laiusega 2,3 m on seda lihtne veoautoga tehasest kohale toimetada. Saad valida, kas soovid t\u00e4ielikult kokkupandud v\u00f5i kokkupanemata (KIT) varianti. Kui valid viimase, pakume sulle \u00fcksikasjalikke juhendeid lihtsaks kokkupanemiseks. M\u00f5lemal juhul koged stiilset puhkamist meie kvaliteetsete materjalidega.<\/p>\n<p>&nbsp;<\/p>\n<p><strong>Paigaldus:<\/strong><\/p>\n<p>Aluse suurus: 1p (1,2 x 4,9 x 1,2 m), kaaluga 2700 kg<br \/>\nKokkupandud bussi m\u00f5\u00f5tmed: 2,4 x 4,9 x 2,6 m, kaaluga 2700 kg<\/p>\n<p><strong><img loading=\"lazy\" decoding=\"async\" class=\"alignnone wp-image-86259\" src=\"https:\/\/factory.sale\/wp-content\/uploads\/2024\/06\/moodud-4m-1-300x180.png\" alt=\"\" width=\"680\" height=\"408\" srcset=\"https:\/\/factory.sale\/wp-content\/uploads\/2024\/06\/moodud-4m-1-300x180.png 300w, https:\/\/factory.sale\/wp-content\/uploads\/2024\/06\/moodud-4m-1-1024x615.png 1024w, https:\/\/factory.sale\/wp-content\/uploads\/2024\/06\/moodud-4m-1-150x90.png 150w, https:\/\/factory.sale\/wp-content\/uploads\/2024\/06\/moodud-4m-1-600x361.png 600w, https:\/\/factory.sale\/wp-content\/uploads\/2024\/06\/moodud-4m-1.png 1178w\" sizes=\"auto, (max-width: 680px) 100vw, 680px\" \/><\/strong><\/p>\n<p>&nbsp;<\/p>\n<p><strong>Lisaks saadaval (hinnad ilma k\u00e4ibemaksuta):<\/strong><\/p>\n<p>Poolpanoraamaken + 1265 .-<br \/>\nT\u00e4ispanoraamaken + 1518 .-<br \/>\nKahekordse klaasiga aken, professionaalselt v\u00e4rvitud antratsiitv\u00e4rvi, tagaseinas + 63,25 .-<\/p>\n<p>&nbsp;<\/p>\n<p><strong>Terrass:<\/strong><\/p>\n<p>Ilma terrassita 0 .-<br \/>\nTerrass pikkusega 60 cm 0 .-<br \/>\nTerrass pikkusega 100 cm + 63,25 .-<\/p>\n<p>&nbsp;<\/p>\n<p><strong>Bituumensindlite v\u00e4rvid:<\/strong><\/p>\n<p>Must, roheline, punane<\/p>\n<p><img loading=\"lazy\" decoding=\"async\" class=\"alignnone wp-image-86157\" src=\"https:\/\/factory.sale\/wp-content\/uploads\/2024\/06\/colours-wooden-me-300x82.png\" alt=\"\" width=\"527\" height=\"144\" srcset=\"https:\/\/factory.sale\/wp-content\/uploads\/2024\/06\/colours-wooden-me-300x82.png 300w, https:\/\/factory.sale\/wp-content\/uploads\/2024\/06\/colours-wooden-me-150x41.png 150w, https:\/\/factory.sale\/wp-content\/uploads\/2024\/06\/colours-wooden-me-600x164.png 600w, https:\/\/factory.sale\/wp-content\/uploads\/2024\/06\/colours-wooden-me.png 638w\" sizes=\"auto, (max-width: 527px) 100vw, 527px\" \/><\/p>\n<p>&nbsp;<\/p>\n<p>&nbsp;<\/p>\n<p><strong>Puiduliik:<\/strong><\/p>\n<p>M\u00e4nnipuu 0 .-<br \/>\nTermopuit + 1302,95 .-<\/p>\n<p>&nbsp;<\/p>\n<p><strong>Elekter:<\/strong><\/p>\n<p>\u00dcksik pistik + 69 .-<br \/>\nKahekordne pistik + 74,75 .-<br \/>\n\u00dcksik l\u00fcliti \u00a0+ 69 .-<br \/>\nKahekordne l\u00fcliti + 86,25 .-<br \/>\nKaabel \u00fchele lambile + 28,75 .-<br \/>\nKaitsmepaneel + 138 .-<\/p>\n<p>&nbsp;<\/p>\n<p><strong><em>V\u00e4lisv\u00e4rv+ \u00a0189,75 .-<\/em><\/strong><\/p>\n<p><strong><em>Samuti on saadaval palju m\u00f6\u00f6blit, k\u00fcsi lisa.<\/em><\/strong><\/p>\n<p>&nbsp;<\/p>\n<p>&nbsp;<\/p>\n<p><a href=\"https:\/\/factory.sale\/wp-content\/uploads\/2024\/06\/Camping-Bus-4.8m.pdf\" target=\"_blank\" rel=\"noopener\">Paigaldusjuhised<\/a><\/p>\n<p>&nbsp;<\/p>\n<div class=\"video-wrapper \"><iframe loading=\"lazy\" title=\"The folding bench from Woodprofesionals\" width=\"500\" height=\"281\" src=\"https:\/\/www.youtube.com\/embed\/rihF8b40BVs?feature=oembed\" frameborder=\"0\" allow=\"accelerometer; autoplay; clipboard-write; encrypted-media; gyroscope; picture-in-picture; web-share\" referrerpolicy=\"strict-origin-when-cross-origin\" allowfullscreen><\/iframe><\/div>\n","protected":false},"excerpt":{"rendered":"<p>Meie k\u00e4mpingumaja: Hubane ja h\u00e4sti varustatud ruum seiklusteks<\/p>\n<p>Kas otsid uut viisi, kuidas loodust nautida? Siis vali meie k\u00e4mpingud, mis on hoolikalt loodud, et pakkuda Sulle mugavust. Inspireeritud klassikaliste karavanide v\u00f5lust, on need iseseisvad haagissuvilad loodud t\u00e4iustama sinu v\u00e4ljas \u00f6\u00f6bimist. Olemas on magamisalad, k\u00f6\u00f6k, s\u00f6\u00f6gituba ja piisavalt panipaiku. Seega tunned end koduselt igal pool, kuhu l\u00e4hed.<\/p>\n","protected":false},"featured_media":86228,"comment_status":"open","ping_status":"closed","template":"","meta":{"_acf_changed":false},"factory":[],"free-shipment":[],"product_brand":[],"product_cat":[801,2888],"product_tag":[],"class_list":{"0":"post-86256","1":"product","2":"type-product","3":"status-publish","4":"has-post-thumbnail","6":"product_cat-elementmajad-2","7":"product_cat-kampingumajakesed","9":"first","10":"instock","11":"sale","12":"taxable","13":"shipping-taxable","14":"purchasable","15":"product-type-simple"},"acf":[],"_links":{"self":[{"href":"https:\/\/factory.sale\/et\/wp-json\/wp\/v2\/product\/86256","targetHints":{"allow":["GET"]}}],"collection":[{"href":"https:\/\/factory.sale\/et\/wp-json\/wp\/v2\/product"}],"about":[{"href":"https:\/\/factory.sale\/et\/wp-json\/wp\/v2\/types\/product"}],"replies":[{"embeddable":true,"href":"https:\/\/factory.sale\/et\/wp-json\/wp\/v2\/comments?post=86256"}],"wp:featuredmedia":[{"embeddable":true,"href":"https:\/\/factory.sale\/et\/wp-json\/wp\/v2\/media\/86228"}],"wp:attachment":[{"href":"https:\/\/factory.sale\/et\/wp-json\/wp\/v2\/media?parent=86256"}],"wp:term":[{"taxonomy":"factory","embeddable":true,"href":"https:\/\/factory.sale\/et\/wp-json\/wp\/v2\/factory?post=86256"},{"taxonomy":"free-shipment","embeddable":true,"href":"https:\/\/factory.sale\/et\/wp-json\/wp\/v2\/free-shipment?post=86256"},{"taxonomy":"product_brand","embeddable":true,"href":"https:\/\/factory.sale\/et\/wp-json\/wp\/v2\/product_brand?post=86256"},{"taxonomy":"product_cat","embeddable":true,"href":"https:\/\/factory.sale\/et\/wp-json\/wp\/v2\/product_cat?post=86256"},{"taxonomy":"product_tag","embeddable":true,"href":"https:\/\/factory.sale\/et\/wp-json\/wp\/v2\/product_tag?post=86256"}],"curies":[{"name":"wp","href":"https:\/\/api.w.org\/{rel}","templated":true}]}}