{"id":86221,"date":"2024-06-18T21:09:33","date_gmt":"2024-06-18T21:19:07","guid":{"rendered":"https:\/\/factory.sale\/?post_type=product&#038;p=86221"},"modified":"2024-09-29T20:11:12","modified_gmt":"2024-09-29T17:11:12","slug":"kampingumajake-2-4-m-x-4-8-m","status":"publish","type":"product","link":"https:\/\/factory.sale\/et\/toode\/kampingumajake-2-4-m-x-4-8-m\/","title":{"rendered":"K\u00e4mpingumajake 2.4 m x 4.8 m"},"content":{"rendered":"<p>K\u00e4mpingumaja, tuntud ka kui Glamping Pod, on suurep\u00e4rane valik v\u00e4lieluks. See pakub hubast, mugavat ja avarat majutust kuni 4-6 inimesele. Selle eriline kuju sulandub maastikku, muutes vaate v\u00e4ga loomulikuks ja meeldivaks.<\/p>\n<p>K\u00e4mpingumajad v\u00f5imaldavad inimestel nautida suurep\u00e4rast \u00f5uesolekut, mist\u00f5ttu valivad neid tihti laagriplatside omanikud ja muusikafestivalide korraldajad, kes soovivad pakkuda oma klientidele keerukamat ja mugavamat telkimisv\u00f5imalust.<\/p>\n<p>Samuti saab k\u00e4mpingumajasid suurep\u00e4raselt kasutada kauni aia- v\u00f5i k\u00fclalistemajana, suveresidentsina, kodukontorina, t\u00f6\u00f6kojana, kalurite majana, rannamajana, puhkealana v\u00f5i laste m\u00e4ngumajana.<\/p>\n<p>Valmistatud parimatest materjalidest, esindavad k\u00e4mpingud t\u00f5eliselt ainulaadset telkimispaika, pakkudes uskumatut vaba aja veetmise kogemust.<\/p>\n<p>&nbsp;<\/p>\n<p><strong>Tehnilised andmed:<\/strong><\/p>\n<p>Suurus: 3-4 inimest<br \/>\nTuba: 2<br \/>\nSiseala: 8,8 m\u00b2<br \/>\nV\u00e4lism\u00f5\u00f5tmed: 2,4 m x 4,8 m<br \/>\nK\u00f5rgus: 2,6 m<br \/>\nPuit: m\u00e4nnipuit v\u00f5i Thermo-puit<br \/>\nSeina paksus: 46 mm<br \/>\nP\u00f5randa paksus: 28 mm<br \/>\nKatuse viimistlus: Soome bituumen katusesindlid<br \/>\nAkna suurus: 700 x 900 mm<br \/>\nUkse suurus: 1030 x 1900 mm<\/p>\n<p>Pod seina katab bituumen katusesindlid<br \/>\nP\u00f5rand 28 mm m\u00e4nnilaudadest<br \/>\n1 topeltklaasiga avanev aken tagaseinas<br \/>\nPrantsuse stiilis topeltklaasiga uks standardse k\u00e4epideme ja lukuga<br \/>\nSisesein (jagab poodi kaheks toaks)<\/p>\n<p>&nbsp;<\/p>\n<p><strong>Kohaletoimetamine:<\/strong><\/p>\n<p>Kaubaaluse suurus (LxPxK): 1p (1,2 x 4,8 x 1,2) 2200 kg<br \/>\nKokku pandud podi suurus (LxPxK): (2,4 x 4,9 x 2,6) 2200 kg<\/p>\n<p><img loading=\"lazy\" decoding=\"async\" class=\"alignnone wp-image-86204\" src=\"https:\/\/factory.sale\/wp-content\/uploads\/2024\/06\/moodud-3-300x182.png\" alt=\"\" width=\"560\" height=\"340\" srcset=\"https:\/\/factory.sale\/wp-content\/uploads\/2024\/06\/moodud-3-300x182.png 300w, https:\/\/factory.sale\/wp-content\/uploads\/2024\/06\/moodud-3-1024x622.png 1024w, https:\/\/factory.sale\/wp-content\/uploads\/2024\/06\/moodud-3-150x91.png 150w, https:\/\/factory.sale\/wp-content\/uploads\/2024\/06\/moodud-3-600x364.png 600w, https:\/\/factory.sale\/wp-content\/uploads\/2024\/06\/moodud-3.png 1156w\" sizes=\"auto, (max-width: 560px) 100vw, 560px\" \/><\/p>\n<p>&nbsp;<\/p>\n<p><strong>Lisaks saadaval (hinnad ilma k\u00e4ibemaksuta):<\/strong><\/p>\n<p>Poolpanoraamaknas 1265 .-<br \/>\nT\u00e4ispanoraamaknas 1518 .-<br \/>\nTopeltklaasiga aken, professionaalselt v\u00e4rvitud v\u00e4rvikambris antratsiitv\u00e4rviga, tagaseinas 63,25 .-<\/p>\n<p>&nbsp;<\/p>\n<p>&nbsp;<\/p>\n<p><strong>Terrass:<\/strong><\/p>\n<p>Terrass puudub 0 .-<br \/>\nTerrass pikkusega 60 cm 0 .-<br \/>\nTerrass pikkusega 100 cm 63,25 .-<\/p>\n<p>&nbsp;<\/p>\n<p><strong>Bituumensindlite saadaval v\u00e4rvid:<\/strong><\/p>\n<p>Must, roheline, punane<\/p>\n<p><strong><img loading=\"lazy\" decoding=\"async\" class=\"alignnone wp-image-86157\" src=\"https:\/\/factory.sale\/wp-content\/uploads\/2024\/06\/colours-wooden-me-300x82.png\" alt=\"\" width=\"560\" height=\"153\" srcset=\"https:\/\/factory.sale\/wp-content\/uploads\/2024\/06\/colours-wooden-me-300x82.png 300w, https:\/\/factory.sale\/wp-content\/uploads\/2024\/06\/colours-wooden-me-150x41.png 150w, https:\/\/factory.sale\/wp-content\/uploads\/2024\/06\/colours-wooden-me-600x164.png 600w, https:\/\/factory.sale\/wp-content\/uploads\/2024\/06\/colours-wooden-me.png 638w\" sizes=\"auto, (max-width: 560px) 100vw, 560px\" \/><\/strong><\/p>\n<p>&nbsp;<\/p>\n<p><strong>Puidu t\u00fc\u00fcp:<\/strong><\/p>\n<p>M\u00e4nnipuit 0 .-<br \/>\nThermo-puit 1302,95 .-<\/p>\n<p>&nbsp;<\/p>\n<p><strong>Elektris\u00fcsteemid:<\/strong><\/p>\n<p>\u00dcksik pistik 69 .-<br \/>\nKahekordne pistik 74,75 .-<br \/>\n\u00dcksik l\u00fcliti 69 .-<br \/>\nKahekordne l\u00fcliti 86,25 .-<br \/>\nJuhe 1 lambi jaoks 28,75 .-<br \/>\nKaitsmete paneel 138 .-<\/p>\n<p>&nbsp;<\/p>\n<p><strong><em>V\u00e4lisv\u00e4rv k\u00e4mpingumajale 189,75 .-<\/em><\/strong><\/p>\n<p><strong><em>Saadaval on ka palju m\u00f6\u00f6blit, k\u00fcsi lisainfot.<\/em><\/strong><\/p>\n<p>&nbsp;<\/p>\n<p>&nbsp;<\/p>\n<p><a href=\"https:\/\/factory.sale\/wp-content\/uploads\/2024\/06\/Camping-Pod-2.4-x-4.0-m.pdf\" target=\"_blank\" rel=\"noopener\">Paigaldusjuhised<\/a><\/p>\n<p>&nbsp;<\/p>\n<div class=\"video-wrapper \"><iframe loading=\"lazy\" title=\"The folding bench from Woodprofesionals\" width=\"500\" height=\"281\" src=\"https:\/\/www.youtube.com\/embed\/rihF8b40BVs?feature=oembed\" frameborder=\"0\" allow=\"accelerometer; autoplay; clipboard-write; encrypted-media; gyroscope; picture-in-picture; web-share\" referrerpolicy=\"strict-origin-when-cross-origin\" allowfullscreen><\/iframe><\/div>\n<p>&nbsp;<\/p>\n","protected":false},"excerpt":{"rendered":"<p>K\u00e4mpingumaja, tuntud ka kui Glamping Pod, on suurep\u00e4rane valik v\u00e4lieluks. See pakub hubast, mugavat ja avarat majutust kuni 4-6 inimesele. Selle eriline kuju sulandub maastikku, muutes vaate v\u00e4ga loomulikuks ja meeldivaks.<\/p>\n","protected":false},"featured_media":86207,"comment_status":"open","ping_status":"closed","template":"","meta":{"_acf_changed":false},"factory":[],"free-shipment":[],"product_brand":[],"product_cat":[801,2888],"product_tag":[],"class_list":{"0":"post-86221","1":"product","2":"type-product","3":"status-publish","4":"has-post-thumbnail","6":"product_cat-elementmajad-2","7":"product_cat-kampingumajakesed","9":"first","10":"instock","11":"sale","12":"taxable","13":"shipping-taxable","14":"purchasable","15":"product-type-simple"},"acf":[],"_links":{"self":[{"href":"https:\/\/factory.sale\/et\/wp-json\/wp\/v2\/product\/86221","targetHints":{"allow":["GET"]}}],"collection":[{"href":"https:\/\/factory.sale\/et\/wp-json\/wp\/v2\/product"}],"about":[{"href":"https:\/\/factory.sale\/et\/wp-json\/wp\/v2\/types\/product"}],"replies":[{"embeddable":true,"href":"https:\/\/factory.sale\/et\/wp-json\/wp\/v2\/comments?post=86221"}],"wp:featuredmedia":[{"embeddable":true,"href":"https:\/\/factory.sale\/et\/wp-json\/wp\/v2\/media\/86207"}],"wp:attachment":[{"href":"https:\/\/factory.sale\/et\/wp-json\/wp\/v2\/media?parent=86221"}],"wp:term":[{"taxonomy":"factory","embeddable":true,"href":"https:\/\/factory.sale\/et\/wp-json\/wp\/v2\/factory?post=86221"},{"taxonomy":"free-shipment","embeddable":true,"href":"https:\/\/factory.sale\/et\/wp-json\/wp\/v2\/free-shipment?post=86221"},{"taxonomy":"product_brand","embeddable":true,"href":"https:\/\/factory.sale\/et\/wp-json\/wp\/v2\/product_brand?post=86221"},{"taxonomy":"product_cat","embeddable":true,"href":"https:\/\/factory.sale\/et\/wp-json\/wp\/v2\/product_cat?post=86221"},{"taxonomy":"product_tag","embeddable":true,"href":"https:\/\/factory.sale\/et\/wp-json\/wp\/v2\/product_tag?post=86221"}],"curies":[{"name":"wp","href":"https:\/\/api.w.org\/{rel}","templated":true}]}}