{"id":86197,"date":"2024-06-26T09:37:33","date_gmt":"2024-06-26T09:55:44","guid":{"rendered":"https:\/\/factory.sale\/?post_type=product&#038;p=86197"},"modified":"2025-01-13T00:34:41","modified_gmt":"2025-01-12T21:34:41","slug":"kampingumajake-4-m","status":"publish","type":"product","link":"https:\/\/factory.sale\/et\/toode\/kampingumajake-4-m\/","title":{"rendered":"K\u00e4mpingumajake 4 m"},"content":{"rendered":"<p>Tutvustame k\u00e4mpingumaja, ideaalne valik neile, kes otsivad mugavuse ja stiili segu looduse keskel. Olgu sinu sooviks p\u00f5geneda linnak\u00e4rast, avastada uusi kohti v\u00f5i lihtsalt taas\u00fchineda loodusega, meie Camping Buss t\u00f5stab sinu telkimiskogemuse unustamatutesse k\u00f5rgustesse. Haarake v\u00f5imalusest tellida oma buss juba t\u00e4na ja valmistuge p\u00f5nevaks loodusseikluseks, mis teid ees ootab.<\/p>\n<p>Meie k\u00e4mpingumajas \u00a0on puidust kabiin, millel on kaks tuba: \u00fcks magamiseks ja \u00fcks elamiseks. Magamistoas on kaheinimesevoodi, elutoas on diivanvoodi ja k\u00f6\u00f6ginurk. Diivanvoodi saab vajadusel h\u00f5lpsasti muuta teiseks kaheinimesevoodiks. Lisaks on kabiinil ees ja taga suured aknad ning k\u00fcljeuks aknaga, mis v\u00f5imaldavad nautida kauneid vaateid ja tunda end loodusele l\u00e4hemal.<\/p>\n<p>K\u00e4mpingumaja 4 m pakub mitmek\u00fclgset majutust 2-4 inimesele. K\u00e4mpingumaja laius v\u00f5imaldab t\u00e4ielikult kokku pandud toote tarnimist tehase juurest l\u00f5ppsihtkohta veoautoga. Klientidel on v\u00f5imalus valida kokkupaneku v\u00f5i kokkupanemata (KIT) vastuv\u00f5tmise vahel, kaasa tulevad juhendid.<\/p>\n<p>&nbsp;<\/p>\n<p>&nbsp;<\/p>\n<p><strong>Tehnilised andmed:<\/strong><\/p>\n<p>Suurus: 2-4 inimest<br \/>\nTuba: 2<br \/>\nSiseala: 7,32 m\u00b2<br \/>\nV\u00e4lism\u00f5\u00f5tmed: 2,3 m x 4,0 m<br \/>\nK\u00f5rgus: 2,6 m<br \/>\nPuit: m\u00e4nnipuit v\u00f5i Thermo-puit<br \/>\nSeina paksus: 46 mm<br \/>\nP\u00f5randa paksus: 28 mm<br \/>\nKatuse viimistlus: Soome bituumen katusesindlid<br \/>\nUks: 700 x 1800 mm<br \/>\nAknad: Kapsel: 700 x 900 mm; Paviljon: 1020 x 1060 mm<\/p>\n<p>&nbsp;<\/p>\n<p><strong>Tavakomplekt:<\/strong><\/p>\n<p>Puidust bussi seinad<br \/>\nRoostevabast terasest pingutusrihmad<br \/>\nKatus kaetud bituumensindlitega<br \/>\nP\u00f5rand 28 mm m\u00e4nnilaudadest<br \/>\n2 topeltklaasiga avanevat akent (kapsel ja paviljon) bussi ees- ja tagak\u00fcljel<br \/>\nPuidust k\u00fcljeuks topeltklaasiga aknaga, puidust k\u00e4epideme ja lukuga<\/p>\n<p>&nbsp;<\/p>\n<p><strong>Kohaletoimetamine:<\/strong><\/p>\n<p>Kaubaaluse suurus (LxPxK): 1p (1,2 x 4,1 x 1,2) 2200 kg<br \/>\nKokku pandud bussi suurus (LxPxK): (2,4 x 4,1 x 2,6) 2200 kg<\/p>\n<p><img loading=\"lazy\" decoding=\"async\" class=\"alignnone wp-image-86195\" src=\"https:\/\/factory.sale\/wp-content\/uploads\/2024\/06\/moodud-4m-300x202.png\" alt=\"\" width=\"541\" height=\"364\" srcset=\"https:\/\/factory.sale\/wp-content\/uploads\/2024\/06\/moodud-4m-300x202.png 300w, https:\/\/factory.sale\/wp-content\/uploads\/2024\/06\/moodud-4m-1024x689.png 1024w, https:\/\/factory.sale\/wp-content\/uploads\/2024\/06\/moodud-4m-150x101.png 150w, https:\/\/factory.sale\/wp-content\/uploads\/2024\/06\/moodud-4m-1536x1034.png 1536w, https:\/\/factory.sale\/wp-content\/uploads\/2024\/06\/moodud-4m-600x404.png 600w, https:\/\/factory.sale\/wp-content\/uploads\/2024\/06\/moodud-4m.png 1560w\" sizes=\"auto, (max-width: 541px) 100vw, 541px\" \/><\/p>\n<p><strong>Lisaks saadaval (hinnad ilma k\u00e4ibemaksuta):<\/strong><\/p>\n<p>&nbsp;<\/p>\n<p><strong>Elektris\u00fcsteemid:<\/strong><\/p>\n<p>\u00dcksik pistik 69 .-<br \/>\nKahekordne pistik 74,75 .-<br \/>\n\u00dcksik l\u00fcliti 69 .-<br \/>\nKahekordne l\u00fcliti 86,25 .-<br \/>\nJuhe 1 lambi jaoks 28,75 .-<br \/>\nKaitsmete paneel 138 .-<\/p>\n<p>&nbsp;<\/p>\n<p><strong>Bituumensindlite saadaval v\u00e4rvid:<\/strong><\/p>\n<p>Must, roheline, punane<\/p>\n<p><img loading=\"lazy\" decoding=\"async\" class=\"alignnone wp-image-86157\" src=\"https:\/\/factory.sale\/wp-content\/uploads\/2024\/06\/colours-wooden-me-300x82.png\" alt=\"\" width=\"519\" height=\"142\" srcset=\"https:\/\/factory.sale\/wp-content\/uploads\/2024\/06\/colours-wooden-me-300x82.png 300w, https:\/\/factory.sale\/wp-content\/uploads\/2024\/06\/colours-wooden-me-150x41.png 150w, https:\/\/factory.sale\/wp-content\/uploads\/2024\/06\/colours-wooden-me-600x164.png 600w, https:\/\/factory.sale\/wp-content\/uploads\/2024\/06\/colours-wooden-me.png 638w\" sizes=\"auto, (max-width: 519px) 100vw, 519px\" \/><\/p>\n<p>&nbsp;<\/p>\n<p><strong>Puidu t\u00fc\u00fcp:<\/strong><\/p>\n<p>M\u00e4nnipuit 0 .-<br \/>\nThermo-puit 1035 .-<\/p>\n<p>&nbsp;<\/p>\n<p><strong>V\u00e4lisv\u00e4rv k\u00e4mpingumajale 310,5 .-<\/strong><\/p>\n<p><strong><em>Saadaval on ka palju m\u00f6\u00f6blit, k\u00fcsi lisainfot.<\/em><\/strong><\/p>\n<p>&nbsp;<\/p>\n<div class=\"video-wrapper \"><iframe loading=\"lazy\" title=\"The folding bench from Woodprofesionals\" width=\"500\" height=\"281\" src=\"https:\/\/www.youtube.com\/embed\/rihF8b40BVs?feature=oembed\" frameborder=\"0\" allow=\"accelerometer; autoplay; clipboard-write; encrypted-media; gyroscope; picture-in-picture; web-share\" referrerpolicy=\"strict-origin-when-cross-origin\" allowfullscreen><\/iframe><\/div>\n","protected":false},"excerpt":{"rendered":"<p>Tutvustame k\u00e4mpingumaja, ideaalne valik neile, kes otsivad mugavuse ja stiili segu looduse keskel. Olgu sinu sooviks p\u00f5geneda linnak\u00e4rast, avastada uusi kohti v\u00f5i lihtsalt taas\u00fchineda loodusega, meie k\u00e4mpingumaja t\u00f5stab sinu k\u00e4mpingukogemuse unustamatutesse k\u00f5rgustesse. Haarake v\u00f5imalusest tellida oma buss juba t\u00e4na ja valmistuge p\u00f5nevaks loodusseikluseks, mis teid ees ootab.<\/p>\n","protected":false},"featured_media":86997,"comment_status":"open","ping_status":"closed","template":"","meta":{"_acf_changed":false},"factory":[],"free-shipment":[],"product_brand":[],"product_cat":[801,2888],"product_tag":[],"class_list":{"0":"post-86197","1":"product","2":"type-product","3":"status-publish","4":"has-post-thumbnail","6":"product_cat-elementmajad-2","7":"product_cat-kampingumajakesed","9":"first","10":"instock","11":"sale","12":"taxable","13":"shipping-taxable","14":"purchasable","15":"product-type-simple"},"acf":[],"_links":{"self":[{"href":"https:\/\/factory.sale\/et\/wp-json\/wp\/v2\/product\/86197","targetHints":{"allow":["GET"]}}],"collection":[{"href":"https:\/\/factory.sale\/et\/wp-json\/wp\/v2\/product"}],"about":[{"href":"https:\/\/factory.sale\/et\/wp-json\/wp\/v2\/types\/product"}],"replies":[{"embeddable":true,"href":"https:\/\/factory.sale\/et\/wp-json\/wp\/v2\/comments?post=86197"}],"wp:featuredmedia":[{"embeddable":true,"href":"https:\/\/factory.sale\/et\/wp-json\/wp\/v2\/media\/86997"}],"wp:attachment":[{"href":"https:\/\/factory.sale\/et\/wp-json\/wp\/v2\/media?parent=86197"}],"wp:term":[{"taxonomy":"factory","embeddable":true,"href":"https:\/\/factory.sale\/et\/wp-json\/wp\/v2\/factory?post=86197"},{"taxonomy":"free-shipment","embeddable":true,"href":"https:\/\/factory.sale\/et\/wp-json\/wp\/v2\/free-shipment?post=86197"},{"taxonomy":"product_brand","embeddable":true,"href":"https:\/\/factory.sale\/et\/wp-json\/wp\/v2\/product_brand?post=86197"},{"taxonomy":"product_cat","embeddable":true,"href":"https:\/\/factory.sale\/et\/wp-json\/wp\/v2\/product_cat?post=86197"},{"taxonomy":"product_tag","embeddable":true,"href":"https:\/\/factory.sale\/et\/wp-json\/wp\/v2\/product_tag?post=86197"}],"curies":[{"name":"wp","href":"https:\/\/api.w.org\/{rel}","templated":true}]}}