{"id":86175,"date":"2024-06-17T21:16:12","date_gmt":"2024-06-17T21:29:31","guid":{"rendered":"https:\/\/factory.sale\/?post_type=product&#038;p=86175"},"modified":"2025-01-12T16:32:07","modified_gmt":"2025-01-12T13:32:07","slug":"kampingumajake-24-m-x-4-m","status":"publish","type":"product","link":"https:\/\/factory.sale\/et\/toode\/kampingumajake-24-m-x-4-m\/","title":{"rendered":"K\u00e4mpingumajake 2,4 m x 4 m"},"content":{"rendered":"<p>K\u00e4mpingumajake on suurep\u00e4rane valik v\u00e4ljas elamiseks. See pakub hubast, mugavat ja avarat majutust 4-6 inimesele. Selle erakordne kuju sulandub maastikuga, muutes vaate v\u00e4ga loomulikuks ja meeldivaks.<\/p>\n<p>K\u00e4mpingumajad v\u00f5imaldavad inimestel nautida v\u00e4rskes \u00f5hus viibimist, mist\u00f5ttu valivad neid sageli laagriplatside omanikud ja muusikafestivalide korraldajad, kes soovivad pakkuda oma klientidele mugavamat t\u00fc\u00fcpi \u00a0\u00f6\u00f6bimisv\u00f5imalust.<\/p>\n<p>Samuti sobivad k\u00e4mpingumajad ideaalselt aiamajaks v\u00f5i k\u00fclalistemajaks, suveresidentsiks, kodukontoriks, t\u00f6\u00f6kojaks, kalurimajaks, rannamajaks, puhkealaks v\u00f5i m\u00e4ngumajaks lastele.<\/p>\n<p>Valmistatud parima kvaliteediga materjalidest, esindab k\u00e4mpingumaja t\u00f5eliselt unikaalset laagrimajutust, pakkudes uskumatut puhkeelamust.<\/p>\n<p>&nbsp;<\/p>\n<p><strong>Tehnilised andmed:<\/strong><\/p>\n<p>Suurus: 3-4 inimest<br \/>\nTuba: 2<br \/>\nSiseala: 7,4 m\u00b2<br \/>\nV\u00e4lism\u00f5\u00f5tmed: 2,4 m x 4,0 m<br \/>\nK\u00f5rgus: 2,6 m<br \/>\nPuit: m\u00e4nnipuit v\u00f5i Thermo-puit<br \/>\nSeina paksus: 46 mm<br \/>\nP\u00f5randa paksus: 28 mm<br \/>\nKatuse viimistlus: Soome bituumen katusesindlid<br \/>\nAkna suurus: 700 x 900 mm<br \/>\nUkse suurus: 1030 x 1900 mm<\/p>\n<p>&nbsp;<\/p>\n<p>&nbsp;<\/p>\n<ul>\n<li>Seinad kaetud bituumen sindlitega<\/li>\n<li>P\u00f5rand 28 mm m\u00e4nnilaudadest<\/li>\n<li>1 topeltklaasiga avanev aken tagaseinas<\/li>\n<li>Prantsuse stiilis topeltklaasiga uks tavalise k\u00e4epideme ja lukuga<\/li>\n<li>Sisek\u00fclg (jagades kabiini kaheks toaks)<\/li>\n<\/ul>\n<p>&nbsp;<\/p>\n<p><strong>Kohaletoimetamine:<\/strong><\/p>\n<p>Kaubaaluse suurus (LxPxK): 1p (1,2 x 4,0 x 1,2) 2100 kg<\/p>\n<p>Kokku pandud kabiini suurus (LxPxK): (2,4 x 4,1 x 2,6) 2100 kg<\/p>\n<p>&nbsp;<\/p>\n<p><strong>Lisaks saadaval (hinnad ilma KM):<\/strong><\/p>\n<p>Poolpanoraamaken + \u00a01265 .-<\/p>\n<p>T\u00e4ispanoraamaken + 1518 .-<\/p>\n<p>Topeltklaasiga aken, professionaalselt v\u00e4rvitud v\u00e4rvikambris antratsiitv\u00e4rviga, tagaseinas + 63,25 .-<\/p>\n<p>&nbsp;<\/p>\n<p><strong>Terrass<\/strong><\/p>\n<p>Terrassita \u00a00 .-<\/p>\n<p>Terrass pikkusega 60 cm 0 .-<\/p>\n<p>Terrass pikkusega 100 cm + 63,25 .-<\/p>\n<p>&nbsp;<\/p>\n<p>&nbsp;<\/p>\n<p><strong>Bituumenkatusele saadaval v\u00e4rvid:<\/strong><\/p>\n<p>Must, roheline, punane<\/p>\n<p><img loading=\"lazy\" decoding=\"async\" class=\"alignnone wp-image-86157\" src=\"https:\/\/factory.sale\/wp-content\/uploads\/2024\/06\/colours-wooden-me-300x82.png\" alt=\"\" width=\"410\" height=\"112\" srcset=\"https:\/\/factory.sale\/wp-content\/uploads\/2024\/06\/colours-wooden-me-300x82.png 300w, https:\/\/factory.sale\/wp-content\/uploads\/2024\/06\/colours-wooden-me-150x41.png 150w, https:\/\/factory.sale\/wp-content\/uploads\/2024\/06\/colours-wooden-me-600x164.png 600w, https:\/\/factory.sale\/wp-content\/uploads\/2024\/06\/colours-wooden-me.png 638w\" sizes=\"auto, (max-width: 410px) 100vw, 410px\" \/><\/p>\n<p>&nbsp;<\/p>\n<p><strong>Puidu t\u00fc\u00fcp:<\/strong><\/p>\n<p>M\u00e4nnipuit 0 .-<\/p>\n<p>Thermo-puit + 1024,65 .-<\/p>\n<p>&nbsp;<\/p>\n<p>&nbsp;<\/p>\n<p><strong>Elektris\u00fcsteemid:<\/strong><\/p>\n<p>\u00dcksik pistik + 69 .-<\/p>\n<p>Kahekordne pistik + 74,75 .-<\/p>\n<p>\u00dcksik l\u00fcliti + 69 .-<\/p>\n<p>Kahekordne l\u00fcliti + 86,25 .-<\/p>\n<p>Juhe 1 lambi jaoks + 28,75 .-<\/p>\n<p>Kaitsmete paneel + 138 .-<\/p>\n<p>&nbsp;<\/p>\n<p>&nbsp;<\/p>\n<p><strong>V\u00e4lisv\u00e4rv Camping PODile<\/strong> 189,75 .-<\/p>\n<p>&nbsp;<\/p>\n<p><strong><em>Saadaval on ka palju m\u00f6\u00f6blit, k\u00fcsi lisainfot.<\/em><\/strong><\/p>\n<p>&nbsp;<\/p>\n<p>&nbsp;<\/p>\n<p><a href=\"https:\/\/factory.sale\/wp-content\/uploads\/2024\/06\/Camping-Pod-2.4-x-4.0-m.pdf\" target=\"_blank\" rel=\"noopener\">Kokkupaneku juhis<\/a><\/p>\n<p>&nbsp;<\/p>\n<p>&nbsp;<\/p>\n<div class=\"video-wrapper \"><iframe loading=\"lazy\" title=\"The folding bench from Woodprofesionals\" width=\"500\" height=\"281\" src=\"https:\/\/www.youtube.com\/embed\/rihF8b40BVs?feature=oembed\" frameborder=\"0\" allow=\"accelerometer; autoplay; clipboard-write; encrypted-media; gyroscope; picture-in-picture; web-share\" referrerpolicy=\"strict-origin-when-cross-origin\" allowfullscreen><\/iframe><\/div>\n","protected":false},"excerpt":{"rendered":"<p>K\u00e4mpingumajake on suurep\u00e4rane valik v\u00e4ljas elamiseks. See pakub hubast, mugavat ja avarat majutust 4-6 inimesele. Selle erakordne kuju sulandub maastikuga, muutes vaate v\u00e4ga loomulikuks ja meeldivaks.<\/p>\n","protected":false},"featured_media":86167,"comment_status":"open","ping_status":"closed","template":"","meta":{"_acf_changed":false},"factory":[],"free-shipment":[],"product_brand":[],"product_cat":[801,2888],"product_tag":[],"class_list":{"0":"post-86175","1":"product","2":"type-product","3":"status-publish","4":"has-post-thumbnail","6":"product_cat-elementmajad-2","7":"product_cat-kampingumajakesed","9":"first","10":"instock","11":"sale","12":"taxable","13":"shipping-taxable","14":"purchasable","15":"product-type-simple"},"acf":[],"_links":{"self":[{"href":"https:\/\/factory.sale\/et\/wp-json\/wp\/v2\/product\/86175","targetHints":{"allow":["GET"]}}],"collection":[{"href":"https:\/\/factory.sale\/et\/wp-json\/wp\/v2\/product"}],"about":[{"href":"https:\/\/factory.sale\/et\/wp-json\/wp\/v2\/types\/product"}],"replies":[{"embeddable":true,"href":"https:\/\/factory.sale\/et\/wp-json\/wp\/v2\/comments?post=86175"}],"wp:featuredmedia":[{"embeddable":true,"href":"https:\/\/factory.sale\/et\/wp-json\/wp\/v2\/media\/86167"}],"wp:attachment":[{"href":"https:\/\/factory.sale\/et\/wp-json\/wp\/v2\/media?parent=86175"}],"wp:term":[{"taxonomy":"factory","embeddable":true,"href":"https:\/\/factory.sale\/et\/wp-json\/wp\/v2\/factory?post=86175"},{"taxonomy":"free-shipment","embeddable":true,"href":"https:\/\/factory.sale\/et\/wp-json\/wp\/v2\/free-shipment?post=86175"},{"taxonomy":"product_brand","embeddable":true,"href":"https:\/\/factory.sale\/et\/wp-json\/wp\/v2\/product_brand?post=86175"},{"taxonomy":"product_cat","embeddable":true,"href":"https:\/\/factory.sale\/et\/wp-json\/wp\/v2\/product_cat?post=86175"},{"taxonomy":"product_tag","embeddable":true,"href":"https:\/\/factory.sale\/et\/wp-json\/wp\/v2\/product_tag?post=86175"}],"curies":[{"name":"wp","href":"https:\/\/api.w.org\/{rel}","templated":true}]}}