{"id":86151,"date":"2024-06-26T09:47:58","date_gmt":"2024-06-26T09:49:06","guid":{"rendered":"https:\/\/factory.sale\/?post_type=product&#038;p=86151"},"modified":"2026-02-06T22:06:42","modified_gmt":"2026-02-06T19:06:42","slug":"kampingumajake-35-m","status":"publish","type":"product","link":"https:\/\/factory.sale\/et\/toode\/kampingumajake-35-m\/","title":{"rendered":"K\u00e4mpingumajake 3,5 m"},"content":{"rendered":"<p>Meie 3,5 m k\u00e4mpingumaja on t\u00e4iuslik lahendus k\u00f5igile, kes soovivad nautida l\u00f5\u00f5gastavat ja mugavat v\u00e4listingimustes puhkust. Olenemata sellest, kas soovite p\u00f5geneda linnast, avastada uusi kohti v\u00f5i uuesti loodusega \u00fchendust v\u00f5tta, muudab meie 3,5 m k\u00e4mpingumajake teie \u00f6\u00f6bimise unustamatuks. Tellige omale juba t\u00e4na ja valmistuge oma v\u00e4liseikluseks.<\/p>\n<p>Meie k\u00e4mpingumajake on valmistatud k\u00f5rgeima kvaliteediga m\u00e4nnipuidust v\u00f5i Thermo-puidust, mille seinad on 46 mm paksusega.<\/p>\n<p>K\u00e4mpingumaja, suurusega 2,3 m x 3,5 m, mahutab mugavalt 2-4 inimest. Lisaks, t\u00e4nu 2,3 m laiusele, v\u00f5imaldab see tarnida t\u00e4ielikult kokkupandud toodet veoautoga tehasest sihtkohta. Alternatiivina saavad kliendid valida kokkupaneku v\u00f5i lihtsalt saada kokkupanemata komplekti koos juhendiga ning teha seda ise.<\/p>\n<p>&nbsp;<\/p>\n<p><strong>Tehnilised andmed:<\/strong><\/p>\n<ul>\n<li>Suurus: 2-4 inimest;<\/li>\n<li>Tuba: 2;<\/li>\n<li>Siseala: 6,32 m\u00b2;<\/li>\n<li>V\u00e4lism\u00f5\u00f5tmed: 2,3 m x 3,5 m;<\/li>\n<li>K\u00f5rgus: 2,6 m;<\/li>\n<li>Puit: m\u00e4nnipuit v\u00f5i Thermo-puit;<\/li>\n<li>Seina paksus: 46 mm;<\/li>\n<li>P\u00f5randa paksus: 28 mm;<\/li>\n<li>Katuse viimistlus: Soome bituumen katusesindlid;<\/li>\n<li>Uks: 700 x 1800 mm;<\/li>\n<li>Aknad: Kapsel: 700 x 900 mm; Paviljon: 1020 x 1060 mm;<\/li>\n<\/ul>\n<p>&nbsp;<\/p>\n<p><strong>Standardkomplekt:<\/strong><\/p>\n<ul>\n<li>Puidust maja seinad<\/li>\n<li>Roostevabast terasest pingutusv\u00f6\u00f6d<\/li>\n<li>Katus kaetud bituumensindlitega<\/li>\n<li>P\u00f5rand 28 mm m\u00e4nnilaudadest<\/li>\n<li>Topeltklaasiga avanev aken maja tagaosas<\/li>\n<li>Puidust esiuks topeltklaasiga aknaga, puidust k\u00e4epideme ja lukuga<\/li>\n<li>K\u00e4mpingumaja 3,5 m<\/li>\n<\/ul>\n<p>&nbsp;<\/p>\n<p><strong>Kohaletoimetamine:<\/strong><\/p>\n<p>Kaubaaluse suurus: (LxPxK) on 1p (1,2 x 3,6 x 1,2) 2000 kg, samas kui kokkupandud maja suurus (LxPxK) on (2,3 x 3,6 x 2,6) 2000 kg.<\/p>\n<p>&nbsp;<\/p>\n<p>&nbsp;<\/p>\n<p><strong>Bituumensindel katuse v\u00e4rvid:<\/strong><\/p>\n<p>Must, roheline, punane<\/p>\n<p><img loading=\"lazy\" decoding=\"async\" class=\"alignnone wp-image-86157\" src=\"https:\/\/factory.sale\/wp-content\/uploads\/2024\/06\/colours-wooden-me-300x82.png\" alt=\"\" width=\"476\" height=\"130\" srcset=\"https:\/\/factory.sale\/wp-content\/uploads\/2024\/06\/colours-wooden-me-300x82.png 300w, https:\/\/factory.sale\/wp-content\/uploads\/2024\/06\/colours-wooden-me-150x41.png 150w, https:\/\/factory.sale\/wp-content\/uploads\/2024\/06\/colours-wooden-me-600x164.png 600w, https:\/\/factory.sale\/wp-content\/uploads\/2024\/06\/colours-wooden-me.png 638w\" sizes=\"auto, (max-width: 476px) 100vw, 476px\" \/><\/p>\n<p>&nbsp;<\/p>\n<p>&nbsp;<\/p>\n<p><strong>Puidu t\u00fc\u00fcp:<\/strong><\/p>\n<p>M\u00e4nnipuit 0 .-<\/p>\n<p>Thermo-puit + 1282,25 .-<\/p>\n<p>&nbsp;<\/p>\n<p>&nbsp;<\/p>\n<p><strong>V\u00e4line v\u00e4rvimine<\/strong> + 270,25 .-<\/p>\n<p>&nbsp;<\/p>\n<p><strong>Elektris\u00fcsteemid:<\/strong><\/p>\n<p>\u00dcksik pistik + 69 .-<br \/>\nKahekordne pistik + 74,75 .-<br \/>\n\u00dcksik l\u00fcliti + 69 .-<br \/>\nKahekordne l\u00fcliti + 86,25 .-<br \/>\nJuhe 1 lambi jaoks + 28,75 .-<br \/>\nKaitsmete paneel + 138 .-<\/p>\n<p>&nbsp;<\/p>\n<p>&nbsp;<\/p>\n<p><strong><em>Saadaval on ka palju m\u00f6\u00f6blit, k\u00fcsi lisainfot.<\/em><\/strong><\/p>\n","protected":false},"excerpt":{"rendered":"<p>Meie 3,5 m k\u00e4mpingumaja on t\u00e4iuslik lahendus k\u00f5igile, kes soovivad nautida l\u00f5\u00f5gastavat ja mugavat v\u00e4listingimustes puhkust. Olenemata sellest, kas soovite p\u00f5geneda linnast, avastada uusi kohti v\u00f5i uuesti loodusega \u00fchendust saada, muudab meie 3,5 m k\u00e4mpingumajake teie \u00f6\u00f6bimise unustamatuks. Tellige omale juba t\u00e4na ja valmistuge oma v\u00e4liseikluseks.<\/p>\n","protected":false},"featured_media":87003,"comment_status":"open","ping_status":"closed","template":"","meta":{"_acf_changed":false},"factory":[],"free-shipment":[],"product_brand":[],"product_cat":[801,2888],"product_tag":[301],"class_list":{"0":"post-86151","1":"product","2":"type-product","3":"status-publish","4":"has-post-thumbnail","6":"product_cat-elementmajad-2","7":"product_cat-kampingumajakesed","8":"product_tag-wood-et-2","10":"first","11":"instock","12":"sale","13":"taxable","14":"shipping-taxable","15":"purchasable","16":"product-type-simple"},"acf":[],"_links":{"self":[{"href":"https:\/\/factory.sale\/et\/wp-json\/wp\/v2\/product\/86151","targetHints":{"allow":["GET"]}}],"collection":[{"href":"https:\/\/factory.sale\/et\/wp-json\/wp\/v2\/product"}],"about":[{"href":"https:\/\/factory.sale\/et\/wp-json\/wp\/v2\/types\/product"}],"replies":[{"embeddable":true,"href":"https:\/\/factory.sale\/et\/wp-json\/wp\/v2\/comments?post=86151"}],"wp:featuredmedia":[{"embeddable":true,"href":"https:\/\/factory.sale\/et\/wp-json\/wp\/v2\/media\/87003"}],"wp:attachment":[{"href":"https:\/\/factory.sale\/et\/wp-json\/wp\/v2\/media?parent=86151"}],"wp:term":[{"taxonomy":"factory","embeddable":true,"href":"https:\/\/factory.sale\/et\/wp-json\/wp\/v2\/factory?post=86151"},{"taxonomy":"free-shipment","embeddable":true,"href":"https:\/\/factory.sale\/et\/wp-json\/wp\/v2\/free-shipment?post=86151"},{"taxonomy":"product_brand","embeddable":true,"href":"https:\/\/factory.sale\/et\/wp-json\/wp\/v2\/product_brand?post=86151"},{"taxonomy":"product_cat","embeddable":true,"href":"https:\/\/factory.sale\/et\/wp-json\/wp\/v2\/product_cat?post=86151"},{"taxonomy":"product_tag","embeddable":true,"href":"https:\/\/factory.sale\/et\/wp-json\/wp\/v2\/product_tag?post=86151"}],"curies":[{"name":"wp","href":"https:\/\/api.w.org\/{rel}","templated":true}]}}