{"id":86111,"date":"2024-09-12T13:30:32","date_gmt":"2024-06-13T19:42:42","guid":{"rendered":"https:\/\/factory.sale\/?post_type=product&#038;p=86111"},"modified":"2024-10-28T21:54:45","modified_gmt":"2024-10-28T18:54:45","slug":"175m-plastiksisuga-terrassikomplekt-valisahjuga","status":"publish","type":"product","link":"https:\/\/factory.sale\/et\/toode\/175m-plastiksisuga-terrassikomplekt-valisahjuga\/","title":{"rendered":"1,75m klaasplast sisuga terrassikomplekt, v\u00e4lisahjuga"},"content":{"rendered":"<p>Terrassikomplekti kuulub klaasplastist sisu, aluskarkass, merealumiiniumist v\u00e4lisahi (30kw) 2m korstnaga, \u00e4ravool kraaniga.<\/p>\n<p>&nbsp;<\/p>\n<p><strong>Tehnilised andmed:<\/strong><\/p>\n<p>Materjal: Immutatud puit<br \/>\nV\u00e4line \u00d8: 1750 mm<br \/>\nSisemine \u00d8: 1550 mm<br \/>\nK\u00f5rgus: 1080 mm<br \/>\nS\u00fcgavus seest: 980 mm<br \/>\nKaal: 110 kg<br \/>\nMaht: 1100 liitrit<br \/>\nInimeste arv: 4-5<br \/>\nK\u00fctteaeg 5-38\u00b0: 1,5-2 h<\/p>\n<p>&nbsp;<\/p>\n<p><a href=\"https:\/\/factory.sale\/wp-content\/uploads\/2024\/09\/tuleohutus-ja-ohutuskaugused-factory.sale_.pdf\" target=\"_blank\" rel=\"noopener\">Tuleohutus ja ohutuskaugused<\/a><\/p>\n<p>&nbsp;<\/p>\n<p><strong>Plastiku v\u00e4rvid:<\/strong><\/p>\n<p>Sinine, tumehall, helehall<\/p>\n<p>&nbsp;<\/p>\n<p><strong><img loading=\"lazy\" decoding=\"async\" class=\"alignnone wp-image-88093\" src=\"https:\/\/factory.sale\/wp-content\/uploads\/2024\/07\/plastic-colours-300x82.png\" alt=\"\" width=\"413\" height=\"113\" srcset=\"https:\/\/factory.sale\/wp-content\/uploads\/2024\/07\/plastic-colours-300x82.png 300w, https:\/\/factory.sale\/wp-content\/uploads\/2024\/07\/plastic-colours-150x41.png 150w, https:\/\/factory.sale\/wp-content\/uploads\/2024\/07\/plastic-colours.png 394w\" sizes=\"auto, (max-width: 413px) 100vw, 413px\" \/><\/strong><\/p>\n<p>&nbsp;<\/p>\n<p>&nbsp;<\/p>\n<p><strong>V\u00e4lisahju valikud:<\/strong><\/p>\n<p>V\u00e4lisahi 30 kW (tagavool) (sisaldub hinnas)<br \/>\nV\u00e4lisahi 35 kW (tagavool, klaasuks)<br \/>\nV\u00e4lisahi 40 kW (tagavool, klaasuks)<br \/>\nV\u00e4lisahi 45 kW (paremvool, klaasuks)<br \/>\nV\u00e4lisahi 45 kW (vasakvool, klaasuks)<\/p>\n<p>&nbsp;<\/p>\n<p>&nbsp;<\/p>\n<p>&nbsp;<\/p>\n<p><strong>Lisatarvikud:<\/strong><\/p>\n<ul>\n<li>PVC kate<\/li>\n<li>Termokate 10cm<\/li>\n<li>Pol\u00fcuretaansoojustus<\/li>\n<li>LED valgus \u00fche lambiga<\/li>\n<li>LED valgus kahe lambiga<\/li>\n<li>LED valgus nelja lambiga<\/li>\n<li>Mullis\u00fcsteem 8 d\u00fc\u00fcsiga<\/li>\n<li>Mullis\u00fcsteem 16 d\u00fc\u00fcsiga<\/li>\n<li>Ujuv Bluetooth termomeeter<\/li>\n<li>Korstna kuumakaitse<\/li>\n<li>Korstna lisapikendus 1m<\/li>\n<li>S\u00e4demep\u00fc\u00fcdja<\/li>\n<li>Jalavann<\/li>\n<li>M\u00f5la<\/li>\n<li>K\u00fcmblust\u00fcnnisisene filter<\/li>\n<li>Filtris\u00fcsteem + filtripallid + korgid 2tk<\/li>\n<li>Dutrion tabletid vee puhastuseks<\/li>\n<\/ul>\n","protected":false},"excerpt":{"rendered":"<p>Terrassikomplekti kuulub klaasplastist sisu, aluskarkass, merealumiiniumist v\u00e4lisahi (30kw) 2m korstnaga, \u00e4ravool kraaniga.<\/p>\n","protected":false},"featured_media":90050,"comment_status":"open","ping_status":"closed","template":"","meta":{"_acf_changed":false},"factory":[],"free-shipment":[],"product_brand":[],"product_cat":[2209,2590],"product_tag":[1483,2842,1484],"class_list":{"0":"post-86111","1":"product","2":"type-product","3":"status-publish","4":"has-post-thumbnail","6":"product_cat-kumblustunnid","7":"product_cat-terrassikomplektid","8":"product_tag-garden-et","9":"product_tag-hot-tub-et","10":"product_tag-yard-et","12":"first","13":"instock","14":"sale","15":"taxable","16":"shipping-taxable","17":"purchasable","18":"product-type-simple"},"acf":[],"_links":{"self":[{"href":"https:\/\/factory.sale\/et\/wp-json\/wp\/v2\/product\/86111","targetHints":{"allow":["GET"]}}],"collection":[{"href":"https:\/\/factory.sale\/et\/wp-json\/wp\/v2\/product"}],"about":[{"href":"https:\/\/factory.sale\/et\/wp-json\/wp\/v2\/types\/product"}],"replies":[{"embeddable":true,"href":"https:\/\/factory.sale\/et\/wp-json\/wp\/v2\/comments?post=86111"}],"wp:featuredmedia":[{"embeddable":true,"href":"https:\/\/factory.sale\/et\/wp-json\/wp\/v2\/media\/90050"}],"wp:attachment":[{"href":"https:\/\/factory.sale\/et\/wp-json\/wp\/v2\/media?parent=86111"}],"wp:term":[{"taxonomy":"factory","embeddable":true,"href":"https:\/\/factory.sale\/et\/wp-json\/wp\/v2\/factory?post=86111"},{"taxonomy":"free-shipment","embeddable":true,"href":"https:\/\/factory.sale\/et\/wp-json\/wp\/v2\/free-shipment?post=86111"},{"taxonomy":"product_brand","embeddable":true,"href":"https:\/\/factory.sale\/et\/wp-json\/wp\/v2\/product_brand?post=86111"},{"taxonomy":"product_cat","embeddable":true,"href":"https:\/\/factory.sale\/et\/wp-json\/wp\/v2\/product_cat?post=86111"},{"taxonomy":"product_tag","embeddable":true,"href":"https:\/\/factory.sale\/et\/wp-json\/wp\/v2\/product_tag?post=86111"}],"curies":[{"name":"wp","href":"https:\/\/api.w.org\/{rel}","templated":true}]}}