{"id":86048,"date":"2024-06-10T10:18:17","date_gmt":"2024-06-10T10:20:14","guid":{"rendered":"https:\/\/factory.sale\/?post_type=product&#038;p=86048"},"modified":"2024-06-25T17:02:22","modified_gmt":"2024-06-25T17:02:22","slug":"taski-jontec-forward-free-f4h-2x5l-leeliseline-porandapuhastusvahend-madal-vahutavus","status":"publish","type":"product","link":"https:\/\/factory.sale\/et\/toode\/taski-jontec-forward-free-f4h-2x5l-leeliseline-porandapuhastusvahend-madal-vahutavus\/","title":{"rendered":"TASKI Jontec Forward free F4h 2x5L &#8211; Leeliseline p\u00f5randapuhastusvahend, madal vahutavus"},"content":{"rendered":"<p><strong>Tootekood:<\/strong> 100857909<\/p>\n<p>&nbsp;<\/p>\n<p>Raskete puhastust\u00f6\u00f6de jaoks m\u00f5eldud leeliseline p\u00f5randapuhastusvahend, mis on spetsiaalselt v\u00e4lja t\u00f6\u00f6tatud p\u00f5randapesumasinate jaoks. Selle madala vahutavusega valem eemaldab tugeva mustuse, mustuse ja rasva k\u00f5igilt veekindlatelt, kaitsmata k\u00f5vadelt p\u00f5randatelt (v.a tihendamata puit). Samuti ideaalne pealiskihi eemaldamiseks.<\/p>\n<p>&nbsp;<\/p>\n<p><strong>P\u00f5hiomadused<\/strong><\/p>\n<ul>\n<li>Leeliseline, madal vahutavus<\/li>\n<li>L\u00f5hna- ja v\u00e4rvainetevaba<\/li>\n<li>Mitmeotstarbeline<\/li>\n<li>T\u00f5hus kui &#8216;kerge eemaldaja&#8217;<\/li>\n<\/ul>\n<p>&nbsp;<\/p>\n<p><strong>Eelised<\/strong><\/p>\n<p>T\u00f5hus raskete puhastust\u00f6\u00f6de puhastusvahend t\u00f6\u00f6tlemata p\u00f5randatel. Sobib automaatsetele p\u00f5randapesumasinatele. Minimaalne risk tundlikele inimestele. Sobib masinapuhastuseks, k\u00e4sitsi puhastuseks, kergeks eemaldamiseks ning tekstiilide immutamiseks pesumasinas. V\u00e4ga t\u00f5hus \u00fche kihiga poleerimise pealiskihi eemaldamiseks, kui poleeri uuesti pealekandmine on vajalik.<\/p>\n<p>&nbsp;<\/p>\n<p><strong>Toote kasutusjuhend<\/strong><\/p>\n<p>K\u00e4sitsi puhastamine: Kandke lahus mopiga. Laske toimida (\u00e4rge laske lahusel kuivada) ja vajadusel h\u00f5\u00f5ruge. Eemaldage m\u00e4\u00e4rdunud lahus.<\/p>\n<p>Masinaga puhastamine: Kandke lahus p\u00f5randapesumasina v\u00f5i \u00fcheketasmasinaga. Laske toimida (\u00e4rge laske lahusel kuivada) ja h\u00f5\u00f5ruge, seej\u00e4rel eemaldage m\u00e4\u00e4rdunud lahus.<\/p>\n<p>Pealiskihi eemaldamine: Kandke lahus k\u00e4sitsi v\u00f5i masinaga, laske toimida 5 minutit, h\u00f5\u00f5ruge ja eemaldage m\u00e4\u00e4rdunud lahus. Loputage puhta veega.<\/p>\n<p>&nbsp;<\/p>\n<p>&nbsp;<\/p>\n<p><strong>Tehnilised andmed:<\/strong><\/p>\n<ul>\n<li>Br\u00e4nd: TASKI<\/li>\n<li>SKU konfiguratsioon: 2&#215;5 L<\/li>\n<li>Pakendi t\u00fc\u00fcp: Kast<\/li>\n<li>Pikkus: 280 mm<\/li>\n<li>Laius: 191 mm<\/li>\n<li>K\u00f5rgus: 295 mm<\/li>\n<li>M\u00f5\u00f5t\u00fchik: mm<\/li>\n<li>Neto kaal: 10.18 kg<\/li>\n<li>Bruto kaal: 10.75 kg<\/li>\n<\/ul>\n<p>&nbsp;<\/p>\n<p><a href=\"https:\/\/factory.sale\/wp-content\/uploads\/2024\/06\/22-K00067-MASTER.pdf\" target=\"_blank\" rel=\"noopener\">Tooteleht<\/a><\/p>\n","protected":false},"excerpt":{"rendered":"<p>Raskete puhastust\u00f6\u00f6de jaoks m\u00f5eldud leeliseline p\u00f5randapuhastusvahend, mis on spetsiaalselt v\u00e4lja t\u00f6\u00f6tatud p\u00f5randapesumasinate jaoks. Selle madala vahutavusega valem eemaldab tugeva mustuse, mustuse ja rasva k\u00f5igilt veekindlatelt, kaitsmata k\u00f5vadelt p\u00f5randatelt (v.a tihendamata puit). Samuti ideaalne pealiskihi eemaldamiseks.<\/p>\n<p>&nbsp;<\/p>\n<p><em>Hind anuma kohta! Minimaalne tellimus 2x5L<\/em><\/p>\n","protected":false},"featured_media":86059,"comment_status":"open","ping_status":"closed","template":"","meta":{"_acf_changed":false},"factory":[],"free-shipment":[],"product_brand":[],"product_cat":[344,282],"product_tag":[],"class_list":{"0":"post-86048","1":"product","2":"type-product","3":"status-publish","4":"has-post-thumbnail","6":"product_cat-keemia","7":"product_cat-proffesionaalsed-puhastus-ja-hooldusvahendid","9":"first","10":"instock","11":"sale","12":"taxable","13":"shipping-taxable","14":"purchasable","15":"product-type-simple"},"acf":[],"_links":{"self":[{"href":"https:\/\/factory.sale\/et\/wp-json\/wp\/v2\/product\/86048","targetHints":{"allow":["GET"]}}],"collection":[{"href":"https:\/\/factory.sale\/et\/wp-json\/wp\/v2\/product"}],"about":[{"href":"https:\/\/factory.sale\/et\/wp-json\/wp\/v2\/types\/product"}],"replies":[{"embeddable":true,"href":"https:\/\/factory.sale\/et\/wp-json\/wp\/v2\/comments?post=86048"}],"wp:featuredmedia":[{"embeddable":true,"href":"https:\/\/factory.sale\/et\/wp-json\/wp\/v2\/media\/86059"}],"wp:attachment":[{"href":"https:\/\/factory.sale\/et\/wp-json\/wp\/v2\/media?parent=86048"}],"wp:term":[{"taxonomy":"factory","embeddable":true,"href":"https:\/\/factory.sale\/et\/wp-json\/wp\/v2\/factory?post=86048"},{"taxonomy":"free-shipment","embeddable":true,"href":"https:\/\/factory.sale\/et\/wp-json\/wp\/v2\/free-shipment?post=86048"},{"taxonomy":"product_brand","embeddable":true,"href":"https:\/\/factory.sale\/et\/wp-json\/wp\/v2\/product_brand?post=86048"},{"taxonomy":"product_cat","embeddable":true,"href":"https:\/\/factory.sale\/et\/wp-json\/wp\/v2\/product_cat?post=86048"},{"taxonomy":"product_tag","embeddable":true,"href":"https:\/\/factory.sale\/et\/wp-json\/wp\/v2\/product_tag?post=86048"}],"curies":[{"name":"wp","href":"https:\/\/api.w.org\/{rel}","templated":true}]}}