{"id":86032,"date":"2024-06-10T09:57:40","date_gmt":"2024-06-10T10:03:12","guid":{"rendered":"https:\/\/factory.sale\/?post_type=product&#038;p=86032"},"modified":"2024-06-25T18:58:48","modified_gmt":"2024-06-25T18:58:48","slug":"taski-jontec-jonclean-800-2x5l-leeliseline-raskete-puhastustoode-rasvaeemaldaja","status":"publish","type":"product","link":"https:\/\/factory.sale\/et\/toode\/taski-jontec-jonclean-800-2x5l-leeliseline-raskete-puhastustoode-rasvaeemaldaja\/","title":{"rendered":"TASKI Jontec Jonclean 800 2x5L &#8211; Leeliseline raskete puhastust\u00f6\u00f6de rasvaeemaldaja"},"content":{"rendered":"<p><strong>Tootekood:<\/strong> 100863639<\/p>\n<p>&nbsp;<\/p>\n<p>Leeliseline rasvaeemaldusvahend, mis on spetsiaalselt formuleeritud raskete ja perioodiliste puhastust\u00f6\u00f6de jaoks. Sobib k\u00f5vadele vastupidavatele p\u00f5randatele ja kaitsmata p\u00f5randatele.<\/p>\n<p>&nbsp;<\/p>\n<p><strong>P\u00f5hiomadused<\/strong><\/p>\n<ul>\n<li>K\u00f5rge leelisus ja hea emulgeerimisv\u00f5ime<\/li>\n<li>Halliks muutumise vastane toime tugevdatud keraamilistel plaatidel<\/li>\n<li>Keskmise vahutavusega, kiire toimega<\/li>\n<li>Mitmek\u00fclgne kasutus<\/li>\n<\/ul>\n<p>&nbsp;<\/p>\n<p><strong>Eelised<\/strong><\/p>\n<p>Ideaalne kasutamiseks p\u00f5randapesumasinates: madal vahutavus kiireks lahuse imamiseks ja optimaalseks taastepaagi kasutamiseks. Ideaalne t\u00f6\u00f6stuslikuks puhastamiseks, perioodiliseks puhastamiseks n\u00e4iteks parkimiskohtades. Eemaldab tugeva mustuse: (rehvij\u00e4ljed, rasvad ja \u00f5lid, mineraalid).<\/p>\n<p>&nbsp;<\/p>\n<p><strong>Tehnilised andmed:<\/strong><\/p>\n<ul>\n<li>Br\u00e4nd: TASKI<\/li>\n<li>SKU konfiguratsioon: 2&#215;5 L<\/li>\n<li>Pakendi t\u00fc\u00fcp: Kast<\/li>\n<li>Pikkus: 280 mm<\/li>\n<li>Laius: 191 mm<\/li>\n<li>K\u00f5rgus: 295 mm<\/li>\n<li>M\u00f5\u00f5t\u00fchik: mm<\/li>\n<li>Neto kaal: 10.8 kg<\/li>\n<li>Bruto kaal: 11.37 kg<\/li>\n<\/ul>\n<p>&nbsp;<\/p>\n<p><a href=\"https:\/\/factory.sale\/wp-content\/uploads\/2024\/06\/18-K00121-MASTER.pdf\" target=\"_blank\" rel=\"noopener\">Toote infoleht<\/a><\/p>\n","protected":false},"excerpt":{"rendered":"<p>Leeliseline rasvaeemaldusvahend, mis on spetsiaalselt formuleeritud raskete ja perioodiliste puhastust\u00f6\u00f6de jaoks. Sobib k\u00f5vadele vastupidavatele p\u00f5randatele ja kaitsmata p\u00f5randatele.<\/p>\n<p>&nbsp;<\/p>\n<p><em>Hind anuma kohta! Minimaalne tellimus 2x5L<\/em><\/p>\n","protected":false},"featured_media":86030,"comment_status":"open","ping_status":"closed","template":"","meta":{"_acf_changed":false},"factory":[],"free-shipment":[],"product_brand":[],"product_cat":[344,282],"product_tag":[],"class_list":{"0":"post-86032","1":"product","2":"type-product","3":"status-publish","4":"has-post-thumbnail","6":"product_cat-keemia","7":"product_cat-proffesionaalsed-puhastus-ja-hooldusvahendid","9":"first","10":"instock","11":"sale","12":"taxable","13":"shipping-taxable","14":"purchasable","15":"product-type-simple"},"acf":[],"_links":{"self":[{"href":"https:\/\/factory.sale\/et\/wp-json\/wp\/v2\/product\/86032","targetHints":{"allow":["GET"]}}],"collection":[{"href":"https:\/\/factory.sale\/et\/wp-json\/wp\/v2\/product"}],"about":[{"href":"https:\/\/factory.sale\/et\/wp-json\/wp\/v2\/types\/product"}],"replies":[{"embeddable":true,"href":"https:\/\/factory.sale\/et\/wp-json\/wp\/v2\/comments?post=86032"}],"wp:featuredmedia":[{"embeddable":true,"href":"https:\/\/factory.sale\/et\/wp-json\/wp\/v2\/media\/86030"}],"wp:attachment":[{"href":"https:\/\/factory.sale\/et\/wp-json\/wp\/v2\/media?parent=86032"}],"wp:term":[{"taxonomy":"factory","embeddable":true,"href":"https:\/\/factory.sale\/et\/wp-json\/wp\/v2\/factory?post=86032"},{"taxonomy":"free-shipment","embeddable":true,"href":"https:\/\/factory.sale\/et\/wp-json\/wp\/v2\/free-shipment?post=86032"},{"taxonomy":"product_brand","embeddable":true,"href":"https:\/\/factory.sale\/et\/wp-json\/wp\/v2\/product_brand?post=86032"},{"taxonomy":"product_cat","embeddable":true,"href":"https:\/\/factory.sale\/et\/wp-json\/wp\/v2\/product_cat?post=86032"},{"taxonomy":"product_tag","embeddable":true,"href":"https:\/\/factory.sale\/et\/wp-json\/wp\/v2\/product_tag?post=86032"}],"curies":[{"name":"wp","href":"https:\/\/api.w.org\/{rel}","templated":true}]}}