{"id":86014,"date":"2024-06-10T09:32:43","date_gmt":"2024-06-10T09:36:22","guid":{"rendered":"https:\/\/factory.sale\/?post_type=product&#038;p=86014"},"modified":"2025-03-20T19:47:58","modified_gmt":"2025-03-20T16:47:58","slug":"good-sense-fresh-o3a-6x0-75l-ruumi-ja-tekstiili-varskendaja","status":"publish","type":"product","link":"https:\/\/factory.sale\/et\/toode\/good-sense-fresh-o3a-6x0-75l-ruumi-ja-tekstiili-varskendaja\/","title":{"rendered":"Good Sense Fresh O3a 6&#215;0.75L &#8211; Ruumi ja tekstiili v\u00e4rskendaja"},"content":{"rendered":"<p><strong>Tootekood:<\/strong> 7512911<\/p>\n<p>&nbsp;<\/p>\n<p>Mitteaerosoolne pihusti kangaste ja sisustuse l\u00f5hnade eemaldamiseks.<\/p>\n<p>&nbsp;<\/p>\n<p>&nbsp;<\/p>\n<p><strong>P\u00f5hiomadused<\/strong><\/p>\n<ul>\n<li>Unikaalne patenteeritud tehnoloogia muudab halva l\u00f5hna molekule<\/li>\n<li>Kiire toime ja pikaajaline v\u00e4rskus<\/li>\n<li>T\u00f5hus paljude l\u00f5hnade vastu (tubakas, toit, uriin jne)<\/li>\n<li>Ohutu v\u00e4rvikindlatel, pestavatel kangastel ja sisustusel<\/li>\n<\/ul>\n<p><strong>Eelised<\/strong><\/p>\n<ul>\n<li>Eemaldab t\u00f5husalt l\u00f5hnad, mitte ei maskeeri neid<\/li>\n<li>J\u00e4tab ruumid ja sisustuse kiiresti v\u00e4rske ja puhta l\u00f5hnaga<\/li>\n<li>Saab kasutada osana tavap\u00e4rasest puhastusrutiinist<\/li>\n<li>Sobib kasutamiseks k\u00f5igis piirkondades ja enamikul kangastel ja sisustusel<\/li>\n<li>S\u00f5ltumatute laborite poolt testitud lennukite puhastamiseks<\/li>\n<\/ul>\n<p>&nbsp;<\/p>\n<p><strong>Toote kasutusjuhend<\/strong><\/p>\n<p>Good Sense Fresh on kasutusvalmis; kasutage lahjendamata kujul.<br \/>\n\u00d5ige doseerimine s\u00e4\u00e4stab kulusid ja v\u00e4hendab keskkonnam\u00f5ju.<\/p>\n<p>Pihustage kangale v\u00f5i pinnale \u00fchtlaselt, kuni see on niiske. L\u00f5hnad eemaldatakse, kui kangas kuivab. Raskete l\u00f5hnade puhul v\u00f5ib olla vajalik teine t\u00f6\u00f6tlemine. Pihustatud toote kogus m\u00f5jutab kuivamisaega. Laske t\u00f6\u00f6deldud kangal enne kasutamist kuivada.<\/p>\n<p>&nbsp;<\/p>\n<p><strong>Tehnilised andmed:<\/strong><\/p>\n<ul>\n<li>Br\u00e4nd: Good Sense<\/li>\n<li>SKU konfiguratsioon: 6&#215;0.75 L<\/li>\n<li>Pakendi t\u00fc\u00fcp: Kast<\/li>\n<li>Pikkus: 236 mm<\/li>\n<li>Laius: 190 mm<\/li>\n<li>K\u00f5rgus: 297 mm<\/li>\n<li>M\u00f5\u00f5t\u00fchik: mm<\/li>\n<li>Neto kaal: 4.5 kg<\/li>\n<li>Bruto kaal: 5.19 kg<\/li>\n<\/ul>\n<p>&nbsp;<\/p>\n<div class=\"page\" title=\"Page 1\">\n<div class=\"section\">\n<div class=\"layoutArea\">\n<div class=\"column\">\n<p><a href=\"https:\/\/factory.sale\/wp-content\/uploads\/2024\/06\/16-MSDS4404_GB02_BE_.pdf\" target=\"_blank\" rel=\"noopener\">Ohutuskaart<\/a><\/p>\n<p>&nbsp;<\/p>\n<p><a href=\"https:\/\/factory.sale\/wp-content\/uploads\/2024\/06\/15-P90180-MASTER.pdf\" target=\"_blank\" rel=\"noopener\">Toote infoleht<\/a><\/p>\n<\/div>\n<\/div>\n<\/div>\n<\/div>\n","protected":false},"excerpt":{"rendered":"<p>Mitteaerosoolne pihusti kangaste ja sisustuse l\u00f5hnade eemaldamiseks.<\/p>\n<p>&nbsp;<\/p>\n<p><em>Hinta per astia! Min tilaus 2x5L<\/em><\/p>\n","protected":false},"featured_media":86012,"comment_status":"open","ping_status":"closed","template":"","meta":{"_acf_changed":false},"factory":[],"free-shipment":[],"product_brand":[],"product_cat":[344,282],"product_tag":[],"class_list":{"0":"post-86014","1":"product","2":"type-product","3":"status-publish","4":"has-post-thumbnail","6":"product_cat-keemia","7":"product_cat-proffesionaalsed-puhastus-ja-hooldusvahendid","9":"first","10":"instock","11":"sale","12":"taxable","13":"shipping-taxable","14":"purchasable","15":"product-type-simple"},"acf":[],"_links":{"self":[{"href":"https:\/\/factory.sale\/et\/wp-json\/wp\/v2\/product\/86014","targetHints":{"allow":["GET"]}}],"collection":[{"href":"https:\/\/factory.sale\/et\/wp-json\/wp\/v2\/product"}],"about":[{"href":"https:\/\/factory.sale\/et\/wp-json\/wp\/v2\/types\/product"}],"replies":[{"embeddable":true,"href":"https:\/\/factory.sale\/et\/wp-json\/wp\/v2\/comments?post=86014"}],"wp:featuredmedia":[{"embeddable":true,"href":"https:\/\/factory.sale\/et\/wp-json\/wp\/v2\/media\/86012"}],"wp:attachment":[{"href":"https:\/\/factory.sale\/et\/wp-json\/wp\/v2\/media?parent=86014"}],"wp:term":[{"taxonomy":"factory","embeddable":true,"href":"https:\/\/factory.sale\/et\/wp-json\/wp\/v2\/factory?post=86014"},{"taxonomy":"free-shipment","embeddable":true,"href":"https:\/\/factory.sale\/et\/wp-json\/wp\/v2\/free-shipment?post=86014"},{"taxonomy":"product_brand","embeddable":true,"href":"https:\/\/factory.sale\/et\/wp-json\/wp\/v2\/product_brand?post=86014"},{"taxonomy":"product_cat","embeddable":true,"href":"https:\/\/factory.sale\/et\/wp-json\/wp\/v2\/product_cat?post=86014"},{"taxonomy":"product_tag","embeddable":true,"href":"https:\/\/factory.sale\/et\/wp-json\/wp\/v2\/product_tag?post=86014"}],"curies":[{"name":"wp","href":"https:\/\/api.w.org\/{rel}","templated":true}]}}