{"id":85993,"date":"2024-06-10T09:05:36","date_gmt":"2024-06-10T09:10:28","guid":{"rendered":"https:\/\/factory.sale\/?post_type=product&#038;p=85993"},"modified":"2024-06-25T15:53:05","modified_gmt":"2024-06-25T15:53:05","slug":"taski-jontec-extra-f3e-2x5l-porandahooldusaine","status":"publish","type":"product","link":"https:\/\/factory.sale\/et\/toode\/taski-jontec-extra-f3e-2x5l-porandahooldusaine\/","title":{"rendered":"TASKI Jontec Extra F3e 2x5L &#8211; P\u00f5randahooldusaine"},"content":{"rendered":"<p><strong>Tootekood:<\/strong> 7513160<\/p>\n<p>&nbsp;<\/p>\n<p>Pol\u00fcmeerp\u00f5hine p\u00f5randahooldusaine. Tagab vastupidava kile, mis loob hea l\u00e4ike taseme. Samal ajal tagab pesuaine sisaldus hea puhastustulemuse.<\/p>\n<p>&nbsp;<\/p>\n<p>&nbsp;<\/p>\n<p><strong>P\u00f5hiomadused<\/strong><\/p>\n<ul>\n<li>T\u00e4iuslik kombinatsioon pol\u00fcmeeridest, vahadest ja pesuainetest<\/li>\n<li>Tekitab kuiva, l\u00e4ikiva, kulumiskindla kaitsekile<\/li>\n<li>Mitmek\u00fclgne kasutus<\/li>\n<li>Kaitsev pol\u00fcmeerkile tugevneb iga t\u00e4iendava pealekandmisega<\/li>\n<\/ul>\n<p>&nbsp;<\/p>\n<p><strong>Eelised<\/strong><\/p>\n<ul>\n<li>T\u00f5hus p\u00f5randahooldus ja kile tekkimine isegi suure liiklusega aladel<\/li>\n<li>Loob libisemiskindla pinna<\/li>\n<li>Annab l\u00e4ikiva kaitse, mida saab lisal\u00e4ike saamiseks poleerida<\/li>\n<li>Saab kasutada lahjendamata kujul kaitseks ja\/v\u00f5i lahjendatuna hoolduseks k\u00f5ikidel veekindlatel k\u00f5vadel p\u00f5randatel<\/li>\n<li>Ideaalne mopiga pealekandmiseks, kuid sobib ka p\u00f5randapesumasinaga kasutamiseks<\/li>\n<li>Kaitsekile tekib iga pealekandmisega ja lihtsustab pinna puhastamist<\/li>\n<\/ul>\n<p>&nbsp;<\/p>\n<p><strong>Toote kasutusjuhend<\/strong><\/p>\n<p>Esialgne t\u00f6\u00f6tlemine:<\/p>\n<ol>\n<li>Doseerige toodet vastavalt soovitustele esialgseks t\u00f6\u00f6tlemiseks ja kandke lahus \u00fchtlaselt poleerimisaplikaatori v\u00f5i puhta mopiga.<\/li>\n<li>Laske lahusel kuivada.<\/li>\n<li>Vajadusel kandke peale lisakihte.<\/li>\n<li>Lisal\u00e4ike saamiseks poleerige.<\/li>\n<\/ol>\n<p>Masinaga puhastamine:<\/p>\n<ol>\n<li>Doseerige toode masina t\u00e4is veepaaki.<\/li>\n<li>Kandke lahus peale.<\/li>\n<li>Puhastage p\u00f5rand.<\/li>\n<\/ol>\n<p>M\u00e4rgpesu:<\/p>\n<ol>\n<li>Doseerige toode veega t\u00e4idetud \u00e4mbrisse.<\/li>\n<li>Kandke lahus peale.<\/li>\n<li>Puhastage p\u00f5rand.<\/li>\n<\/ol>\n<p>&nbsp;<\/p>\n<p><strong>Tehnilised andmed<\/strong><\/p>\n<ul>\n<li>Br\u00e4nd: TASKI<\/li>\n<li>SKU konfiguratsioon: 2&#215;5 L<\/li>\n<li>Pakendi t\u00fc\u00fcp: Kast<\/li>\n<li>Pikkus: 280 mm<\/li>\n<li>Laius: 191 mm<\/li>\n<li>K\u00f5rgus: 295 mm<\/li>\n<li>M\u00f5\u00f5t\u00fchik: mm<\/li>\n<li>Neto kaal: 10.28 kg<\/li>\n<li>Brutokogus: 10.85 kg<\/li>\n<\/ul>\n<p>&nbsp;<\/p>\n<p>&nbsp;<\/p>\n<p>&nbsp;<\/p>\n<p>&nbsp;<\/p>\n<p><a href=\"https:\/\/factory.sale\/wp-content\/uploads\/2024\/06\/13-MSDS5037_GB02_BE_.pdf\" target=\"_blank\" rel=\"noopener\">Ohutuskaart<\/a><\/p>\n<p><a href=\"https:\/\/factory.sale\/wp-content\/uploads\/2024\/06\/14-Salesforce.pdf\" target=\"_blank\" rel=\"noopener\">Toote infoleht<\/a><\/p>\n","protected":false},"excerpt":{"rendered":"<p>Pol\u00fcmeerp\u00f5hine p\u00f5randahooldusaine. Tagab vastupidava kile, mis loob hea l\u00e4ike taseme. Samal ajal tagab pesuaine sisaldus hea puhastustulemuse.<\/p>\n<p>&nbsp;<\/p>\n<p><em>Hind anuma kohta! Minimaalne tellimus 2x5L<\/em><\/p>\n","protected":false},"featured_media":85991,"comment_status":"open","ping_status":"closed","template":"","meta":{"_acf_changed":false},"factory":[],"free-shipment":[],"product_brand":[],"product_cat":[344,282],"product_tag":[],"class_list":{"0":"post-85993","1":"product","2":"type-product","3":"status-publish","4":"has-post-thumbnail","6":"product_cat-keemia","7":"product_cat-proffesionaalsed-puhastus-ja-hooldusvahendid","9":"first","10":"instock","11":"sale","12":"taxable","13":"shipping-taxable","14":"purchasable","15":"product-type-simple"},"acf":[],"_links":{"self":[{"href":"https:\/\/factory.sale\/et\/wp-json\/wp\/v2\/product\/85993","targetHints":{"allow":["GET"]}}],"collection":[{"href":"https:\/\/factory.sale\/et\/wp-json\/wp\/v2\/product"}],"about":[{"href":"https:\/\/factory.sale\/et\/wp-json\/wp\/v2\/types\/product"}],"replies":[{"embeddable":true,"href":"https:\/\/factory.sale\/et\/wp-json\/wp\/v2\/comments?post=85993"}],"wp:featuredmedia":[{"embeddable":true,"href":"https:\/\/factory.sale\/et\/wp-json\/wp\/v2\/media\/85991"}],"wp:attachment":[{"href":"https:\/\/factory.sale\/et\/wp-json\/wp\/v2\/media?parent=85993"}],"wp:term":[{"taxonomy":"factory","embeddable":true,"href":"https:\/\/factory.sale\/et\/wp-json\/wp\/v2\/factory?post=85993"},{"taxonomy":"free-shipment","embeddable":true,"href":"https:\/\/factory.sale\/et\/wp-json\/wp\/v2\/free-shipment?post=85993"},{"taxonomy":"product_brand","embeddable":true,"href":"https:\/\/factory.sale\/et\/wp-json\/wp\/v2\/product_brand?post=85993"},{"taxonomy":"product_cat","embeddable":true,"href":"https:\/\/factory.sale\/et\/wp-json\/wp\/v2\/product_cat?post=85993"},{"taxonomy":"product_tag","embeddable":true,"href":"https:\/\/factory.sale\/et\/wp-json\/wp\/v2\/product_tag?post=85993"}],"curies":[{"name":"wp","href":"https:\/\/api.w.org\/{rel}","templated":true}]}}