{"id":85972,"date":"2024-06-10T08:18:37","date_gmt":"2024-06-10T08:32:39","guid":{"rendered":"https:\/\/factory.sale\/?post_type=product&#038;p=85972"},"modified":"2024-06-25T18:49:00","modified_gmt":"2024-06-25T18:49:00","slug":"taski-jontec-tensol-free-sd-f4c-1x1-4l-porandapuhastusvahend-hooldusaine-varvi-ja-lohnavaba-kontsentraat-smartdose-susteemiga","status":"publish","type":"product","link":"https:\/\/factory.sale\/et\/toode\/taski-jontec-tensol-free-sd-f4c-1x1-4l-porandapuhastusvahend-hooldusaine-varvi-ja-lohnavaba-kontsentraat-smartdose-susteemiga\/","title":{"rendered":"TASKI Jontec Tensol free SD F4c 1&#215;1.4L &#8211; P\u00f5randapuhastusvahend\/hooldusaine, v\u00e4rvi- ja l\u00f5hnavaba kontsentraat SmartDose\u00ae s\u00fcsteemiga"},"content":{"rendered":"<p><strong>Tootekood:<\/strong> 100883798<\/p>\n<p>&nbsp;<\/p>\n<p>Madalavahuline p\u00f5randapuhastusvahend\/hooldusaine, mis ei j\u00e4ta kilet. Ideaalne kaitstud ja kaitsmata veekindlate k\u00f5vade p\u00f5randate puhastamiseks ja hooldamiseks. Loob libisemiskindla ja mustust h\u00fclgava p\u00f5randa.<\/p>\n<p>&nbsp;<\/p>\n<p>&nbsp;<\/p>\n<p><strong>P\u00f5hiomadused<\/strong><\/p>\n<ul>\n<li>L\u00f5hna- ja v\u00e4rvainevaba<\/li>\n<li>Ei j\u00e4ta kilet<\/li>\n<li>Madalavahuline efektiivne puhastus v\u00e4ga v\u00e4ikese annuse juures<\/li>\n<li>Mitmek\u00fclgne kasutus<\/li>\n<li>Efektiivne koostis lahustite ja pindaktiivsete ainete baasil<\/li>\n<\/ul>\n<p>&nbsp;<\/p>\n<p><strong>Eelised<\/strong><\/p>\n<p>Ohutu kasutada k\u00f5ikidel veekindlatel p\u00f5randatel. Ei j\u00e4ta p\u00f5randatele halli ega &#8220;rasvast&#8221; kilet. V\u00e4ga \u00f6konoomne t\u00e4nu suurep\u00e4rasele puhastust\u00f5hususele v\u00e4ikese annuse juures. Sobib k\u00f5ikidele puhastusmeetoditele, sealhulgas p\u00f5randapesumasinad, \u00fcheketasmootorid, mopiga ja \u00e4mbriga puhastamine. Annab k\u00f5rgema l\u00e4ike, kui p\u00f5rand on poleeritud.<\/p>\n<p>&nbsp;<\/p>\n<p><strong>Tehnilised andmed:<\/strong><\/p>\n<ul>\n<li>Br\u00e4nd: TASKI<\/li>\n<li>Dosaator: SmartDose\u00ae<\/li>\n<li>SKU konfiguratsioon: 1&#215;1.4 L<\/li>\n<li>Pakendi t\u00fc\u00fcp: Kast<\/li>\n<li>Pikkus: 202 mm<\/li>\n<li>Laius: 109 mm<\/li>\n<li>K\u00f5rgus: 247 mm<\/li>\n<li>M\u00f5\u00f5t\u00fchik: mm<\/li>\n<li>Neto kaal: 1.37 kg<\/li>\n<li>Bruto kaal: 1.67 kg<\/li>\n<\/ul>\n<p>&nbsp;<\/p>\n<p>&nbsp;<\/p>\n<p><a href=\"https:\/\/factory.sale\/wp-content\/uploads\/2024\/06\/9-MS1002380_GB02_BE_.pdf\" target=\"_blank\" rel=\"noopener\">Ohutuskaart<\/a><\/p>\n<p><a href=\"https:\/\/factory.sale\/wp-content\/uploads\/2024\/06\/10-K01393-MASTER.pdf\" target=\"_blank\" rel=\"noopener\">Toote infoleht<\/a><\/p>\n","protected":false},"excerpt":{"rendered":"<p>Madalavahuline p\u00f5randapuhastusvahend\/hooldusaine, mis ei j\u00e4ta kilet. Ideaalne kaitstud ja kaitsmata veekindlate k\u00f5vade p\u00f5randate puhastamiseks ja hooldamiseks. Loob libisemiskindla ja mustust h\u00fclgava p\u00f5randa.<\/p>\n<p>&nbsp;<\/p>\n<p><em>Hind anuma kohta! Minimaalne tellimus 2x5L<\/em><\/p>\n","protected":false},"featured_media":85970,"comment_status":"open","ping_status":"closed","template":"","meta":{"_acf_changed":false},"factory":[],"free-shipment":[],"product_brand":[],"product_cat":[344,282],"product_tag":[],"class_list":{"0":"post-85972","1":"product","2":"type-product","3":"status-publish","4":"has-post-thumbnail","6":"product_cat-keemia","7":"product_cat-proffesionaalsed-puhastus-ja-hooldusvahendid","9":"first","10":"instock","11":"sale","12":"taxable","13":"shipping-taxable","14":"purchasable","15":"product-type-simple"},"acf":[],"_links":{"self":[{"href":"https:\/\/factory.sale\/et\/wp-json\/wp\/v2\/product\/85972","targetHints":{"allow":["GET"]}}],"collection":[{"href":"https:\/\/factory.sale\/et\/wp-json\/wp\/v2\/product"}],"about":[{"href":"https:\/\/factory.sale\/et\/wp-json\/wp\/v2\/types\/product"}],"replies":[{"embeddable":true,"href":"https:\/\/factory.sale\/et\/wp-json\/wp\/v2\/comments?post=85972"}],"wp:featuredmedia":[{"embeddable":true,"href":"https:\/\/factory.sale\/et\/wp-json\/wp\/v2\/media\/85970"}],"wp:attachment":[{"href":"https:\/\/factory.sale\/et\/wp-json\/wp\/v2\/media?parent=85972"}],"wp:term":[{"taxonomy":"factory","embeddable":true,"href":"https:\/\/factory.sale\/et\/wp-json\/wp\/v2\/factory?post=85972"},{"taxonomy":"free-shipment","embeddable":true,"href":"https:\/\/factory.sale\/et\/wp-json\/wp\/v2\/free-shipment?post=85972"},{"taxonomy":"product_brand","embeddable":true,"href":"https:\/\/factory.sale\/et\/wp-json\/wp\/v2\/product_brand?post=85972"},{"taxonomy":"product_cat","embeddable":true,"href":"https:\/\/factory.sale\/et\/wp-json\/wp\/v2\/product_cat?post=85972"},{"taxonomy":"product_tag","embeddable":true,"href":"https:\/\/factory.sale\/et\/wp-json\/wp\/v2\/product_tag?post=85972"}],"curies":[{"name":"wp","href":"https:\/\/api.w.org\/{rel}","templated":true}]}}