{"id":85951,"date":"2024-06-10T08:03:12","date_gmt":"2024-06-10T08:06:05","guid":{"rendered":"https:\/\/factory.sale\/?post_type=product&#038;p=85951"},"modified":"2024-06-26T18:05:23","modified_gmt":"2024-06-26T18:05:23","slug":"taski-jontec-resitol-f2j-2x5l-alkoholi-ja-porandalakk","status":"publish","type":"product","link":"https:\/\/factory.sale\/et\/toode\/taski-jontec-resitol-f2j-2x5l-alkoholi-ja-porandalakk\/","title":{"rendered":"TASKI Jontec Resitol F2j 2x5L &#8211; Alkoholi- ja p\u00f5randalakk"},"content":{"rendered":"<p><strong>Tootekood:<\/strong> 7512357<\/p>\n<p>&nbsp;<\/p>\n<p>&nbsp;<\/p>\n<p>Alkoholi- ja desinfektsioonivahendite kindel p\u00f5randalakk, mis p\u00f5hineb spetsiaalsel pol\u00fcmeersel selgrool ja uuenduslikul vahatehnoloogial. TASKI Jontec Resitol on tunduvalt vastupidavam alkoholile ja desinfektsioonivahenditele kui tavap\u00e4rased p\u00f5randatemulsioonid. See alkoholi vastupidavus koos kerge eukal\u00fcpti l\u00f5hnaga teeb sellest ideaalse toote tervishoiuasutustes, kus kasutatakse sageli alkoholip\u00f5hiseid k\u00e4tegeele. Kaitsekile on h\u00e4sti vastupidav kulumisele ja jalak\u00e4ijate liiklusele.<\/p>\n<p>&nbsp;<\/p>\n<p>&nbsp;<\/p>\n<p><strong>P\u00f5hiomadused<\/strong><\/p>\n<ul>\n<li>Suurep\u00e4rane vastupidavus alkoholile ja desinfektsioonivahenditele v\u00f5rreldes tavap\u00e4raste p\u00f5randaviimistlustega<\/li>\n<li>Kuivades moodustab k\u00f5va ja vastupidava pol\u00fcmeerikihi<\/li>\n<li>Kerge eukal\u00fcpti l\u00f5hn<\/li>\n<li>Hea vastupidavus poleerimisele<\/li>\n<\/ul>\n<p>&nbsp;<\/p>\n<p><strong>Eelised<\/strong><\/p>\n<p>Ideaalne kasutamiseks tervishoiuasutustes. Hea kulumiskindlus isegi suure liiklusega kohtades. Kerge l\u00f5hn ja v\u00e4hendatud pol\u00fcmeeri l\u00f5hnad on t\u00f6\u00f6tajate ja patsientide poolt hinnatud k\u00fclgnevatel aladel. Reageerib h\u00e4sti k\u00f5igile tavap\u00e4rastele hooldusmeetoditele (ideaalne hooldamiseks koos Jontec Tensoliga).<\/p>\n<p>&nbsp;<\/p>\n<p>&nbsp;<\/p>\n<p><strong>Tehniline teave:<\/strong><\/p>\n<ul>\n<li>Br\u00e4nd: TASKI<\/li>\n<li>SKU konfiguratsioon: 2&#215;5 L<\/li>\n<li>Pakendi t\u00fc\u00fcp: Kast<\/li>\n<li>Pikkus: 280 mm<\/li>\n<li>Laius: 191 mm<\/li>\n<li>K\u00f5rgus: 295 mm<\/li>\n<li>M\u00f5\u00f5t\u00fchik: mm<\/li>\n<li>Neto kaal: 10.3 kg<\/li>\n<li>Bruto kaal: 10.87 kg<\/li>\n<\/ul>\n<p>&nbsp;<\/p>\n<p>&nbsp;<\/p>\n<p><a href=\"https:\/\/factory.sale\/wp-content\/uploads\/2024\/06\/6-P99967-MASTER.pdf\" target=\"_blank\" rel=\"noopener\">Toote infoleht<\/a><\/p>\n<p><a href=\"https:\/\/factory.sale\/wp-content\/uploads\/2024\/06\/5-MSDS4754_GB02_BE_.pdf\" target=\"_blank\" rel=\"noopener\">Ohutuskaart<\/a><\/p>\n","protected":false},"excerpt":{"rendered":"<p>Alkoholi- ja desinfektsioonivahendite kindel p\u00f5randalakk, mis p\u00f5hineb spetsiaalsel pol\u00fcmeersel selgrool ja uuenduslikul vahatehnoloogial. TASKI Jontec Resitol on tunduvalt vastupidavam alkoholile ja desinfektsioonivahenditele kui tavap\u00e4rased p\u00f5randatemulsioonid. See alkoholi vastupidavus koos kerge eukal\u00fcpti l\u00f5hnaga teeb sellest ideaalse toote tervishoiuasutustes, kus kasutatakse sageli alkoholip\u00f5hiseid k\u00e4tegeele. Kaitsekile on h\u00e4sti vastupidav kulumisele ja jalak\u00e4ijate liiklusele.<\/p>\n<p>&nbsp;<\/p>\n<p><em>Hind anuma kohta! Minimaalne tellimus 2x5L<\/em><\/p>\n","protected":false},"featured_media":85949,"comment_status":"open","ping_status":"closed","template":"","meta":{"_acf_changed":false},"factory":[],"free-shipment":[],"product_brand":[],"product_cat":[344,282],"product_tag":[],"class_list":{"0":"post-85951","1":"product","2":"type-product","3":"status-publish","4":"has-post-thumbnail","6":"product_cat-keemia","7":"product_cat-proffesionaalsed-puhastus-ja-hooldusvahendid","9":"first","10":"instock","11":"sale","12":"taxable","13":"shipping-taxable","14":"purchasable","15":"product-type-simple"},"acf":[],"_links":{"self":[{"href":"https:\/\/factory.sale\/et\/wp-json\/wp\/v2\/product\/85951","targetHints":{"allow":["GET"]}}],"collection":[{"href":"https:\/\/factory.sale\/et\/wp-json\/wp\/v2\/product"}],"about":[{"href":"https:\/\/factory.sale\/et\/wp-json\/wp\/v2\/types\/product"}],"replies":[{"embeddable":true,"href":"https:\/\/factory.sale\/et\/wp-json\/wp\/v2\/comments?post=85951"}],"wp:featuredmedia":[{"embeddable":true,"href":"https:\/\/factory.sale\/et\/wp-json\/wp\/v2\/media\/85949"}],"wp:attachment":[{"href":"https:\/\/factory.sale\/et\/wp-json\/wp\/v2\/media?parent=85951"}],"wp:term":[{"taxonomy":"factory","embeddable":true,"href":"https:\/\/factory.sale\/et\/wp-json\/wp\/v2\/factory?post=85951"},{"taxonomy":"free-shipment","embeddable":true,"href":"https:\/\/factory.sale\/et\/wp-json\/wp\/v2\/free-shipment?post=85951"},{"taxonomy":"product_brand","embeddable":true,"href":"https:\/\/factory.sale\/et\/wp-json\/wp\/v2\/product_brand?post=85951"},{"taxonomy":"product_cat","embeddable":true,"href":"https:\/\/factory.sale\/et\/wp-json\/wp\/v2\/product_cat?post=85951"},{"taxonomy":"product_tag","embeddable":true,"href":"https:\/\/factory.sale\/et\/wp-json\/wp\/v2\/product_tag?post=85951"}],"curies":[{"name":"wp","href":"https:\/\/api.w.org\/{rel}","templated":true}]}}