{"id":85864,"date":"2024-06-04T14:03:46","date_gmt":"2024-06-04T14:21:54","guid":{"rendered":"https:\/\/factory.sale\/?post_type=product&#038;p=85864"},"modified":"2024-06-25T18:59:41","modified_gmt":"2024-06-25T18:59:41","slug":"taski-jontec-matt-f2f-2x5l-keskmise-laikega-porandavaha","status":"publish","type":"product","link":"https:\/\/factory.sale\/et\/toode\/taski-jontec-matt-f2f-2x5l-keskmise-laikega-porandavaha\/","title":{"rendered":"TASKI Jontec Matt F2f 2x5L &#8211; Keskmise l\u00e4ikega p\u00f5randavaha"},"content":{"rendered":"<p><strong>Tootekood:<\/strong> 7513194<\/p>\n<p>&nbsp;<\/p>\n<p>Madala l\u00e4ikega p\u00f5randavaha enamikule siledatest ja veekindlatest k\u00f5vadest p\u00f5randatest. Madala l\u00e4ikega v\u00e4limus takistab &#8220;optilist libedust&#8221; ning tootel on ka hea vastupidavus alkoholi ja desinfektsioonivahendite suhtes, muutes selle sobivaks tervishoiukeskkonda. See tagab v\u00e4hendatud hoolduskulud ja suurendab tootlikkust. Sobib kasutamiseks traditsiooniliste meetoditega ning TASKI ProSpeediga. TASKI ProSpeed on lihtsasti kasutatav, ergonoomiline p\u00f5randaviimistluse aplikaator, mis tagab p\u00f5randaviimistluse kihi \u00fclimalt k\u00f5rge kvaliteedi ja parandab viimistluse pealekandmise tootlikkust, v\u00e4hendades samal ajal kemikaalide tarbimist ja pakendij\u00e4\u00e4tmeid. TASKI ProSpeedi kaudu saab toodete tarbimist kontrollida, pakkudes \u00fchtlast k\u00f5rgekvaliteedilist p\u00f5randaviimistluse kihti.<\/p>\n<p>&nbsp;<\/p>\n<p><strong>P\u00f5hiomadused:<\/strong><\/p>\n<ul>\n<li>Pakub siidiselt sarnast kaitsekihti<\/li>\n<li>K\u00f5va, vastupidav ja kulumiskindel kaitse<\/li>\n<li>Suurep\u00e4rane nakkuvus enamikule p\u00f5randat\u00fc\u00fcpidele<\/li>\n<li>Libisemiskindel vastavalt rahvusvahelistele standarditele (ASTM D-2047)<\/li>\n<li>Lihtne parandada<\/li>\n<\/ul>\n<p>&nbsp;<\/p>\n<p><strong>Eelised:<\/strong><\/p>\n<ul>\n<li>Parandab p\u00f5randa loomulikku v\u00e4limust, andes sellele siidiselt sarnase l\u00e4ikeviimistluse.<\/li>\n<li>\u00dclim vastupidavus kriimustustele ja mustusele isegi suure koormusega liikluse korral.<\/li>\n<li>Sobib enamikule p\u00f5randat\u00fc\u00fcpidele nagu vin\u00fc\u00fcl, s\u00fcnteetiline, linoleum, kivi, suletud puit ja korkp\u00f5randad.<\/li>\n<li>Jaotub \u00fchtlaselt t\u00e4iuslikuks tasandamiseks.<\/li>\n<li>Garantii libisemis- ja kukkumis\u00f5nnetuste ennetamisele ja ohutusele teie t\u00f6\u00f6tajatele ja klientidele.<\/li>\n<li>Reageerib enamikele tavap\u00e4rastele hooldusmeetoditele.<\/li>\n<li>Sobib traditsioonilisteks rakendusteks lameda mopi, mopi ja \u00e4mbri v\u00f5i standardsete viimistlusaplikaatoritega.<\/li>\n<li>Parimate tulemuste saavutamiseks valige viimistluse rakendamiseks ProSpeed p\u00f5randaviimistluse aplikaator, mis on t\u00f5estatud, et see v\u00e4hendab operaatori v\u00e4simust v\u00f5rreldes traditsiooniliste rakendusmeetoditega, parandades samal ajal tulemusi ja tootlikkust.<\/li>\n<\/ul>\n<p>&nbsp;<\/p>\n<p><strong>Tehnilised andmed:<\/strong><\/p>\n<ul>\n<li>Br\u00e4nd: TASKI<\/li>\n<li>SKU konfiguratsioon: 2&#215;5 L<\/li>\n<li>Kauba pakendi t\u00fc\u00fcp: Kast<\/li>\n<li>Pikkus: 280 mm<\/li>\n<li>Laius: 191 mm<\/li>\n<li>K\u00f5rgus: 295 mm<\/li>\n<li>Netokaal: 10.22 kg<\/li>\n<li>Brutokaal: 10.79 kg<\/li>\n<li>Ohutusandmete leht<\/li>\n<\/ul>\n<p>&nbsp;<\/p>\n<p><a href=\"https:\/\/factory.sale\/wp-content\/uploads\/2024\/06\/20-MSDS5143_GB02_BE_.pdf\" target=\"_blank\" rel=\"noopener\">Ohutusleht<\/a><\/p>\n<p><a href=\"https:\/\/factory.sale\/wp-content\/uploads\/2024\/06\/20-MSDS5143_GB02_BE_.pdf\" target=\"_blank\" rel=\"noopener\">Tooteinfo leht<\/a><\/p>\n","protected":false},"excerpt":{"rendered":"<p style=\"text-align: left;\">Madala l\u00e4ikega p\u00f5randavaha enamikule siledatest ja veekindlatest k\u00f5vadest p\u00f5randatest. Madala l\u00e4ikega v\u00e4limus takistab &#8220;optilist libedust&#8221; ning tootel on ka hea vastupidavus alkoholi ja desinfektsioonivahendite suhtes, muutes selle sobivaks tervishoiukeskkonda. See tagab v\u00e4hendatud hoolduskulud ja suurendab tootlikkust. Sobib kasutamiseks traditsiooniliste meetoditega ning TASKI ProSpeediga. TASKI ProSpeed on lihtsasti kasutatav, ergonoomiline p\u00f5randaviimistluse aplikaator, mis tagab p\u00f5randaviimistluse kihi \u00fclimalt k\u00f5rge kvaliteedi ja parandab viimistluse pealekandmise tootlikkust, v\u00e4hendades samal ajal kemikaalide tarbimist ja pakendij\u00e4\u00e4tmeid. TASKI ProSpeedi kaudu saab toodete tarbimist kontrollida, pakkudes \u00fchtlast k\u00f5rgekvaliteedilist p\u00f5randaviimistluse kihti.<\/p>\n<p>&nbsp;<\/p>\n<p><em>Hind anuma kohta! Minimaalne tellimus 2x5L<\/em><\/p>\n","protected":false},"featured_media":85876,"comment_status":"open","ping_status":"closed","template":"","meta":{"_acf_changed":false},"factory":[],"free-shipment":[],"product_brand":[],"product_cat":[344,282],"product_tag":[],"class_list":{"0":"post-85864","1":"product","2":"type-product","3":"status-publish","4":"has-post-thumbnail","6":"product_cat-keemia","7":"product_cat-proffesionaalsed-puhastus-ja-hooldusvahendid","9":"first","10":"instock","11":"sale","12":"taxable","13":"shipping-taxable","14":"purchasable","15":"product-type-simple"},"acf":[],"_links":{"self":[{"href":"https:\/\/factory.sale\/et\/wp-json\/wp\/v2\/product\/85864","targetHints":{"allow":["GET"]}}],"collection":[{"href":"https:\/\/factory.sale\/et\/wp-json\/wp\/v2\/product"}],"about":[{"href":"https:\/\/factory.sale\/et\/wp-json\/wp\/v2\/types\/product"}],"replies":[{"embeddable":true,"href":"https:\/\/factory.sale\/et\/wp-json\/wp\/v2\/comments?post=85864"}],"wp:featuredmedia":[{"embeddable":true,"href":"https:\/\/factory.sale\/et\/wp-json\/wp\/v2\/media\/85876"}],"wp:attachment":[{"href":"https:\/\/factory.sale\/et\/wp-json\/wp\/v2\/media?parent=85864"}],"wp:term":[{"taxonomy":"factory","embeddable":true,"href":"https:\/\/factory.sale\/et\/wp-json\/wp\/v2\/factory?post=85864"},{"taxonomy":"free-shipment","embeddable":true,"href":"https:\/\/factory.sale\/et\/wp-json\/wp\/v2\/free-shipment?post=85864"},{"taxonomy":"product_brand","embeddable":true,"href":"https:\/\/factory.sale\/et\/wp-json\/wp\/v2\/product_brand?post=85864"},{"taxonomy":"product_cat","embeddable":true,"href":"https:\/\/factory.sale\/et\/wp-json\/wp\/v2\/product_cat?post=85864"},{"taxonomy":"product_tag","embeddable":true,"href":"https:\/\/factory.sale\/et\/wp-json\/wp\/v2\/product_tag?post=85864"}],"curies":[{"name":"wp","href":"https:\/\/api.w.org\/{rel}","templated":true}]}}