{"id":85821,"date":"2024-06-04T10:46:36","date_gmt":"2024-06-04T10:55:09","guid":{"rendered":"https:\/\/factory.sale\/?post_type=product&#038;p=85821"},"modified":"2024-06-26T18:06:12","modified_gmt":"2024-06-26T18:06:12","slug":"taski-jontec-prostrip-f1b-2x5l-mitme-kihi-ja-uhs-porandate-eemaldaja","status":"publish","type":"product","link":"https:\/\/factory.sale\/et\/toode\/taski-jontec-prostrip-f1b-2x5l-mitme-kihi-ja-uhs-porandate-eemaldaja\/","title":{"rendered":"TASKI Jontec ProStrip F1b 2x5L &#8211; Mitme kihi ja UHS p\u00f5randate eemaldaja"},"content":{"rendered":"<p><strong>Tootekood:<\/strong> 100888591<\/p>\n<p>&nbsp;<\/p>\n<p>V\u00f5imas raskete tingimuste eemaldaja, mis on spetsiaalselt loodud eemaldama mitut kihti UHS-l\u00e4ikivaks poleeritud p\u00f5randemulsioone ja muid raskeid eemaldust\u00f6id. Selle k\u00f5rgelt lahustatud valem eemaldab t\u00f5husalt igasuguseid p\u00f5randemulsioone ja poolp\u00fcsivaid tihendeid leeliskindlatelt k\u00f5vadel p\u00f5randatelt ning seda saab kasutada linoleumil, et eemaldada mitmekihilist kogunemist.<\/p>\n<p>&nbsp;<\/p>\n<p><strong>P\u00f5hiomadused:<\/strong><\/p>\n<ul>\n<li>K\u00f5rgelt lahustatud ja leeliseline<\/li>\n<li>K\u00f5rge emulgeerimisv\u00f5ime kokkupuutel<\/li>\n<li>V\u00f5imas eemaldaja<\/li>\n<\/ul>\n<p>&nbsp;<\/p>\n<p><strong>Eelised:<\/strong><\/p>\n<ul>\n<li>Kiire tungimine kogunenud viimistlus- ja tihenduskihidesse<\/li>\n<li>Loodud t\u00f6\u00f6tama esimesel korral, v\u00e4hendades korduvat eemaldamist<\/li>\n<li>Saab kasutada leeliskindlatel p\u00f5randatel nagu PVC, vin\u00fc\u00fclplaadid, kivi, terrazzo jne.<\/li>\n<\/ul>\n<p>&nbsp;<\/p>\n<p><strong>Toote kasutusjuhend:<\/strong><\/p>\n<ul>\n<li>Lahjendamine: TASKI Jontec ProStrip tuleb lahjendada.<\/li>\n<li>Ettevalmistus: Annustage toodet k\u00fclma veega t\u00e4idetud paaki\/\u00e4mbrisse.<\/li>\n<li>Kandmine: Kandke lahus p\u00f5randale.<\/li>\n<li>M\u00f5juaeg: Laske tootel toimida 5-10 minutit.<\/li>\n<li>N\u00fchkimine: N\u00fchkige p\u00f5randat \u00fchediskimasinaga, mis on varustatud sobiva padjaga.<\/li>\n<li>Eemaldamine: Imige must lahus m\u00e4rgalt vaakumiga ja loputage p\u00f5hjalikult kaks korda puhta veega.<\/li>\n<li>Moppimine: Moppige p\u00f5rand niiskelt, et eemaldada j\u00e4\u00e4gid.<\/li>\n<li>Kuivatamine: Laske p\u00f5randal t\u00e4ielikult kuivada enne lisakihtide pealekandmist.<\/li>\n<\/ul>\n<p>&nbsp;<\/p>\n<p><strong>Tehnilised andmed:<\/strong><\/p>\n<ul>\n<li>Br\u00e4nd: TASKI<\/li>\n<li>SKU konfiguratsioon: 2&#215;5 L<\/li>\n<li>Kauba pakendi t\u00fc\u00fcp: Kast<\/li>\n<li>Pikkus: 287 mm<\/li>\n<li>Laius: 198 mm<\/li>\n<li>K\u00f5rgus: 309 mm<\/li>\n<li>Netokaal: 10.18 kg<\/li>\n<li>Brutokaal: 10.86 kg<\/li>\n<\/ul>\n<p>&nbsp;<\/p>\n<p>&nbsp;<\/p>\n<p>&nbsp;<\/p>\n<p><a href=\"https:\/\/factory.sale\/wp-content\/uploads\/2024\/06\/14-MSDS5341_GB02_BE_.pdf\" target=\"_blank\" rel=\"noopener\">Tooteleht<\/a><\/p>\n<p><a href=\"https:\/\/factory.sale\/wp-content\/uploads\/2024\/06\/13-P99760-MASTER.pdf\" target=\"_blank\" rel=\"noopener\">Ohutusinfo<\/a><\/p>\n","protected":false},"excerpt":{"rendered":"<p>V\u00f5imas raskete tingimuste eemaldaja, mis on spetsiaalselt loodud eemaldama mitut kihti UHS-l\u00e4ikivaks poleeritud p\u00f5randemulsioone ja muid raskeid eemaldust\u00f6id. Selle k\u00f5rgelt lahustatud valem eemaldab t\u00f5husalt igasuguseid p\u00f5randemulsioone ja poolp\u00fcsivaid tihendeid leeliskindlatelt k\u00f5vadel p\u00f5randatelt ning seda saab kasutada linoleumil, et eemaldada mitmekihilist kogunemist.<\/p>\n<p><em>Hind anuma kohta! Minimaalne tellimus 2x5L<\/em><\/p>\n","protected":false},"featured_media":85819,"comment_status":"open","ping_status":"closed","template":"","meta":{"_acf_changed":false},"factory":[],"free-shipment":[],"product_brand":[],"product_cat":[344,282],"product_tag":[],"class_list":{"0":"post-85821","1":"product","2":"type-product","3":"status-publish","4":"has-post-thumbnail","6":"product_cat-keemia","7":"product_cat-proffesionaalsed-puhastus-ja-hooldusvahendid","9":"first","10":"instock","11":"sale","12":"taxable","13":"shipping-taxable","14":"purchasable","15":"product-type-simple"},"acf":[],"_links":{"self":[{"href":"https:\/\/factory.sale\/et\/wp-json\/wp\/v2\/product\/85821","targetHints":{"allow":["GET"]}}],"collection":[{"href":"https:\/\/factory.sale\/et\/wp-json\/wp\/v2\/product"}],"about":[{"href":"https:\/\/factory.sale\/et\/wp-json\/wp\/v2\/types\/product"}],"replies":[{"embeddable":true,"href":"https:\/\/factory.sale\/et\/wp-json\/wp\/v2\/comments?post=85821"}],"wp:featuredmedia":[{"embeddable":true,"href":"https:\/\/factory.sale\/et\/wp-json\/wp\/v2\/media\/85819"}],"wp:attachment":[{"href":"https:\/\/factory.sale\/et\/wp-json\/wp\/v2\/media?parent=85821"}],"wp:term":[{"taxonomy":"factory","embeddable":true,"href":"https:\/\/factory.sale\/et\/wp-json\/wp\/v2\/factory?post=85821"},{"taxonomy":"free-shipment","embeddable":true,"href":"https:\/\/factory.sale\/et\/wp-json\/wp\/v2\/free-shipment?post=85821"},{"taxonomy":"product_brand","embeddable":true,"href":"https:\/\/factory.sale\/et\/wp-json\/wp\/v2\/product_brand?post=85821"},{"taxonomy":"product_cat","embeddable":true,"href":"https:\/\/factory.sale\/et\/wp-json\/wp\/v2\/product_cat?post=85821"},{"taxonomy":"product_tag","embeddable":true,"href":"https:\/\/factory.sale\/et\/wp-json\/wp\/v2\/product_tag?post=85821"}],"curies":[{"name":"wp","href":"https:\/\/api.w.org\/{rel}","templated":true}]}}