{"id":85800,"date":"2024-06-04T10:07:44","date_gmt":"2024-06-04T10:24:11","guid":{"rendered":"https:\/\/factory.sale\/?post_type=product&#038;p=85800"},"modified":"2024-06-25T20:03:02","modified_gmt":"2024-06-25T20:03:02","slug":"taski-jontec-linosafe-f1g-2x5l-linoleumile-ohutu-eemaldusvahend","status":"publish","type":"product","link":"https:\/\/factory.sale\/et\/toode\/taski-jontec-linosafe-f1g-2x5l-linoleumile-ohutu-eemaldusvahend\/","title":{"rendered":"TASKI Jontec Linosafe F1g 2x5L &#8211; Linoleumile ohutu eemaldusvahend"},"content":{"rendered":"<p><strong>Tootekood:<\/strong> 7512688<\/p>\n<p>&nbsp;<\/p>\n<p>&nbsp;<\/p>\n<p>&nbsp;<\/p>\n<p>Linoleumile ohutu eemaldusvahend emulsioonide ja hoolduskilede eemaldamiseks linoleumilt ja teistelt veekindlatelt k\u00f5vadel p\u00f5randatelt. Hoiab \u00e4ra linoleump\u00f5randa v\u00e4rvimuutuse ja kahjustumise.<\/p>\n<p>&nbsp;<\/p>\n<p>&nbsp;<\/p>\n<p><strong>P\u00f5hiomadused<\/strong><\/p>\n<ul>\n<li>V\u00e4ga t\u00f5hus, kergelt aluseline eemaldusvahend<\/li>\n<li>V\u00e4lja t\u00f6\u00f6tatud emulsioonide ohutuks eemaldamiseks linoleump\u00f5randatelt<\/li>\n<li>Kiire toimega, madala vahutavusega<\/li>\n<li>Madala l\u00f5hnaga<\/li>\n<\/ul>\n<p>&nbsp;<\/p>\n<p><strong>Kasu<\/strong><\/p>\n<ul>\n<li>Kiire ja p\u00f5hjalik emulsioonikihtide eemaldamine<\/li>\n<li>Ohutu kasutada k\u00f5igil veekindlatel k\u00f5vadel p\u00f5randatel, eriti linoleumil ja kaltsiumit sisaldavatel kividel (n\u00e4iteks marmor)<\/li>\n<li>Lihtne ja ohutu kasutada<\/li>\n<li>Kergelt l\u00f5hnastatud meeldiva kasutuskogemuse jaoks<\/li>\n<\/ul>\n<p>&nbsp;<\/p>\n<p><strong>Toote kasutusjuhend<\/strong><\/p>\n<ul>\n<li>Doseerige toode masina t\u00e4is veepaaki.<\/li>\n<li>Kandke lahus pinnale.<\/li>\n<li>Laske tootel toimida 5-10 minutit.<\/li>\n<li>\u00c4rge laske p\u00f5randal kuivada.<\/li>\n<li>N\u00fchkige p\u00f5randat \u00fchekettalise masina ja sobiva padjaga, imake m\u00e4\u00e4rdunud lahus m\u00e4rgimuri abil \u00fcles ja loputage p\u00f5hjalikult puhta veega.<\/li>\n<li>Enne t\u00e4iendavate kihtide pealekandmist laske t\u00e4ielikult kuivada.<\/li>\n<\/ul>\n<p>&nbsp;<\/p>\n<p><strong>Tehnilised andmed:<\/strong><\/p>\n<ul>\n<li>Br\u00e4nd: TASKI<\/li>\n<li>SKU konfiguratsioon: 2&#215;5 L<\/li>\n<li>Pakendi t\u00fc\u00fcp: Kast<\/li>\n<li>Pikkus: 280 mm<\/li>\n<li>Laius: 191 mm<\/li>\n<li>K\u00f5rgus: 295 mm<\/li>\n<li>M\u00f5\u00f5t\u00fchik: mm<\/li>\n<li>Netokaal: 10.3 kg<\/li>\n<li>Brutokaal: 10.87 kg<\/li>\n<\/ul>\n<p>&nbsp;<\/p>\n<p><a href=\"https:\/\/factory.sale\/wp-content\/uploads\/2024\/06\/12-P99182-MASTER.pdf\" target=\"_blank\" rel=\"noopener\">Tooteleht<\/a><\/p>\n","protected":false},"excerpt":{"rendered":"<p>Linoleumile ohutu eemaldusvahend emulsioonide ja hoolduskilede eemaldamiseks linoleumilt ja teistelt veekindlatelt k\u00f5vadel p\u00f5randatelt. Hoiab \u00e4ra linoleump\u00f5randa v\u00e4rvimuutuse ja kahjustumise.<\/p>\n<p>Hind \u00fche anuma kohta! Minimaalne tellimus 2x5L<\/p>\n","protected":false},"featured_media":85794,"comment_status":"open","ping_status":"closed","template":"","meta":{"_acf_changed":false},"factory":[],"free-shipment":[],"product_brand":[],"product_cat":[344,282],"product_tag":[],"class_list":{"0":"post-85800","1":"product","2":"type-product","3":"status-publish","4":"has-post-thumbnail","6":"product_cat-keemia","7":"product_cat-proffesionaalsed-puhastus-ja-hooldusvahendid","9":"first","10":"instock","11":"sale","12":"taxable","13":"shipping-taxable","14":"purchasable","15":"product-type-simple"},"acf":[],"_links":{"self":[{"href":"https:\/\/factory.sale\/et\/wp-json\/wp\/v2\/product\/85800","targetHints":{"allow":["GET"]}}],"collection":[{"href":"https:\/\/factory.sale\/et\/wp-json\/wp\/v2\/product"}],"about":[{"href":"https:\/\/factory.sale\/et\/wp-json\/wp\/v2\/types\/product"}],"replies":[{"embeddable":true,"href":"https:\/\/factory.sale\/et\/wp-json\/wp\/v2\/comments?post=85800"}],"wp:featuredmedia":[{"embeddable":true,"href":"https:\/\/factory.sale\/et\/wp-json\/wp\/v2\/media\/85794"}],"wp:attachment":[{"href":"https:\/\/factory.sale\/et\/wp-json\/wp\/v2\/media?parent=85800"}],"wp:term":[{"taxonomy":"factory","embeddable":true,"href":"https:\/\/factory.sale\/et\/wp-json\/wp\/v2\/factory?post=85800"},{"taxonomy":"free-shipment","embeddable":true,"href":"https:\/\/factory.sale\/et\/wp-json\/wp\/v2\/free-shipment?post=85800"},{"taxonomy":"product_brand","embeddable":true,"href":"https:\/\/factory.sale\/et\/wp-json\/wp\/v2\/product_brand?post=85800"},{"taxonomy":"product_cat","embeddable":true,"href":"https:\/\/factory.sale\/et\/wp-json\/wp\/v2\/product_cat?post=85800"},{"taxonomy":"product_tag","embeddable":true,"href":"https:\/\/factory.sale\/et\/wp-json\/wp\/v2\/product_tag?post=85800"}],"curies":[{"name":"wp","href":"https:\/\/api.w.org\/{rel}","templated":true}]}}