{"id":85768,"date":"2024-06-03T18:58:55","date_gmt":"2024-06-03T19:04:15","guid":{"rendered":"https:\/\/factory.sale\/?post_type=product&#038;p=85768"},"modified":"2024-06-25T14:08:16","modified_gmt":"2024-06-25T14:08:16","slug":"taski-sani-100-pur-eco-w1b-6x1l-pesuruumide-puhastusvahend","status":"publish","type":"product","link":"https:\/\/factory.sale\/et\/toode\/taski-sani-100-pur-eco-w1b-6x1l-pesuruumide-puhastusvahend\/","title":{"rendered":"TASKI Sani 100 Pur-Eco W1b 6x1L &#8211; Pesuruumide puhastusvahend"},"content":{"rendered":"<p><strong>Tootekood:<\/strong> 7520028<\/p>\n<p>&nbsp;<\/p>\n<p>Igap\u00e4evane pesuruumide puhastusvahend veekindlatele, k\u00f5vadele pindadele ja p\u00f5randatele, takistab lubjakivi ja seebi kogunemist.<\/p>\n<p>&nbsp;<\/p>\n<p><strong>P\u00f5hiomadused<\/strong><\/p>\n<ul>\n<li>Aluseline<\/li>\n<li>Puhastab j\u00e4tmata j\u00e4\u00e4ke<\/li>\n<li>\u00dchtne v\u00e4rske l\u00f5hn kogu Pur-Eco sarjas<\/li>\n<\/ul>\n<p>&nbsp;<\/p>\n<p><strong>Kasu<\/strong><\/p>\n<p>T\u00e4iuslik emaili, kroomi, portselani, keraamiliste plaatide, marmori, s\u00fcnteetiliste ja v\u00e4rvitud pindade, klaasi jms puhastamiseks. V\u00e4ga t\u00f5hus tavap\u00e4raste pesuruumi mustuste eemaldamisel, nt kehafett, kosmeetika- ja seebij\u00e4\u00e4gid. Regulaarne kasutamine takistab lubjakivi ja seebij\u00e4\u00e4kide kogunemist. J\u00e4tab k\u00f5ik puhastatud alad meeldiva laimih\u00f5ngulise l\u00f5hnaga.<\/p>\n<p><strong>Tehnilised andmed:<\/strong><\/p>\n<ul>\n<li>Br\u00e4nd: TASKI<\/li>\n<li>SKU konfiguratsioon: 6&#215;1 L<\/li>\n<li>Pakendi t\u00fc\u00fcp: Kast<\/li>\n<li>Pikkus: 236 mm<\/li>\n<li>Laius: 160 mm<\/li>\n<li>K\u00f5rgus: 303 mm<\/li>\n<li>M\u00f5\u00f5t\u00fchik: mm<\/li>\n<li>Netokaal: 6.35 kg<\/li>\n<li>Brutokaal: 6.93 kg<\/li>\n<\/ul>\n<p>&nbsp;<\/p>\n<p><a href=\"https:\/\/factory.sale\/wp-content\/uploads\/2024\/06\/sani-100-P84979-MASTER.pdf\" target=\"_blank\" rel=\"noopener\">Toote infokaart<\/a><\/p>\n","protected":false},"excerpt":{"rendered":"<p>Igap\u00e4evane pesuruumide puhastusvahend veekindlatele, k\u00f5vadele pindadele ja p\u00f5randatele, takistab lubjakivi ja seebi kogunemist.<\/p>\n","protected":false},"featured_media":85765,"comment_status":"open","ping_status":"closed","template":"","meta":{"_acf_changed":false},"factory":[],"free-shipment":[],"product_brand":[],"product_cat":[344,282],"product_tag":[],"class_list":{"0":"post-85768","1":"product","2":"type-product","3":"status-publish","4":"has-post-thumbnail","6":"product_cat-keemia","7":"product_cat-proffesionaalsed-puhastus-ja-hooldusvahendid","9":"first","10":"instock","11":"sale","12":"taxable","13":"shipping-taxable","14":"purchasable","15":"product-type-simple"},"acf":[],"_links":{"self":[{"href":"https:\/\/factory.sale\/et\/wp-json\/wp\/v2\/product\/85768","targetHints":{"allow":["GET"]}}],"collection":[{"href":"https:\/\/factory.sale\/et\/wp-json\/wp\/v2\/product"}],"about":[{"href":"https:\/\/factory.sale\/et\/wp-json\/wp\/v2\/types\/product"}],"replies":[{"embeddable":true,"href":"https:\/\/factory.sale\/et\/wp-json\/wp\/v2\/comments?post=85768"}],"wp:featuredmedia":[{"embeddable":true,"href":"https:\/\/factory.sale\/et\/wp-json\/wp\/v2\/media\/85765"}],"wp:attachment":[{"href":"https:\/\/factory.sale\/et\/wp-json\/wp\/v2\/media?parent=85768"}],"wp:term":[{"taxonomy":"factory","embeddable":true,"href":"https:\/\/factory.sale\/et\/wp-json\/wp\/v2\/factory?post=85768"},{"taxonomy":"free-shipment","embeddable":true,"href":"https:\/\/factory.sale\/et\/wp-json\/wp\/v2\/free-shipment?post=85768"},{"taxonomy":"product_brand","embeddable":true,"href":"https:\/\/factory.sale\/et\/wp-json\/wp\/v2\/product_brand?post=85768"},{"taxonomy":"product_cat","embeddable":true,"href":"https:\/\/factory.sale\/et\/wp-json\/wp\/v2\/product_cat?post=85768"},{"taxonomy":"product_tag","embeddable":true,"href":"https:\/\/factory.sale\/et\/wp-json\/wp\/v2\/product_tag?post=85768"}],"curies":[{"name":"wp","href":"https:\/\/api.w.org\/{rel}","templated":true}]}}