{"id":85738,"date":"2024-06-03T15:58:39","date_gmt":"2024-06-03T16:08:03","guid":{"rendered":"https:\/\/factory.sale\/?post_type=product&#038;p=85738"},"modified":"2024-06-26T03:11:07","modified_gmt":"2024-06-26T03:11:07","slug":"taski-jontec-300-f4a-6x1l-madala-vahuga-neutraalne-porandapuhastusvahend","status":"publish","type":"product","link":"https:\/\/factory.sale\/et\/toode\/taski-jontec-300-f4a-6x1l-madala-vahuga-neutraalne-porandapuhastusvahend\/","title":{"rendered":"TASKI Jontec 300 F4a 6x1L &#8211; Madala vahuga, neutraalne p\u00f5randapuhastusvahend"},"content":{"rendered":"<p><strong>Tootekood:<\/strong> 7512923<\/p>\n<p>&nbsp;<\/p>\n<p>&nbsp;<\/p>\n<p>Madala vahuga igap\u00e4evane puhastusvahend veekindlatele k\u00f5vadele p\u00f5randatele, sobib kasutamiseks nii k\u00e4sitsi kui ka masinatega.<\/p>\n<p>&nbsp;<\/p>\n<p><strong>P\u00f5hiomadused<\/strong><\/p>\n<ul>\n<li>pH-neutraalne<\/li>\n<li>Erinevat t\u00fc\u00fcpi pindaktiivsete ainete segu<\/li>\n<li>Sisaldab O.N.T. l\u00f5hnaneutraliseerimistehnoloogiat<\/li>\n<li>Kiire kuivamisaeg<\/li>\n<li>Madal vahutavus, kiire toime<\/li>\n<li>Mitmek\u00fclgne kasutamine<\/li>\n<\/ul>\n<p>&nbsp;<\/p>\n<p><strong>Kasu<\/strong><\/p>\n<p>Sobib k\u00f5ikidele veekindlatele k\u00f5vadele p\u00f5randatele. \u00d6konoomne puhastamine t\u00e4nu t\u00f5husale toimimisele madalate doosidega. Kiire kuivamisaeg ilma triipudeta. Sisaldab l\u00f5hnaneutraliseerimistehnoloogiat, mis h\u00e4vitab halva l\u00f5hna molekulid, j\u00e4ttes kauakestva v\u00e4rske l\u00f5hna. Ideaalne p\u00f5randapesumasinatele: madal vahutavus kiireks lahuse \u00fcleskorjamiseks ja optimaalseks paagikasutuseks. Sobib ka pihustuspuhastamiseks \u00fchekettaliste masinatega ja k\u00e4sitsi puhastamiseks sobiva m\u00e4rgpesus\u00fcsteemiga.<\/p>\n<p>&nbsp;<\/p>\n<p><strong>Toote kasutusjuhend<\/strong><\/p>\n<p><strong>Masinmeetod:<\/strong><\/p>\n<ol>\n<li>Doseerige toode \u00fchekettalise masina v\u00f5i p\u00f5randapesumasina t\u00e4is veepaaki.<\/li>\n<li>Laske m\u00f5juda, n\u00fchkige ja eemaldage m\u00e4\u00e4rdunud lahus.<\/li>\n<\/ol>\n<p>&nbsp;<\/p>\n<p><strong>K\u00e4sitsi puhastamine:<\/strong><\/p>\n<p><strong>M\u00e4rgpesu:<\/strong><\/p>\n<p>Kandke lahus p\u00f5randale, laske vajadusel m\u00f5juda ja eemaldage m\u00e4\u00e4rdunud lahus.<\/p>\n<p><strong>Tolmupesu<\/strong>:<\/p>\n<p>T\u00e4itke lahus pihustuspudelisse, pihustage lahust s\u00e4\u00e4stlikult mopile ja puhastage. Puhastage v\u00f5i vahetage moppi regulaarselt.<\/p>\n<p>&nbsp;<\/p>\n<p><strong>Tehnilised andmed:<\/strong><\/p>\n<ul>\n<li>Br\u00e4nd: TASKI<\/li>\n<li>SKU konfiguratsioon: 6&#215;1 L<\/li>\n<li>Pakendi t\u00fc\u00fcp: Kast<\/li>\n<li>Pikkus: 236 mm<\/li>\n<li>Laius: 160 mm<\/li>\n<li>K\u00f5rgus: 303 mm<\/li>\n<li>M\u00f5\u00f5t\u00fchik: mm<\/li>\n<li>Netokaal: 6.01 kg<\/li>\n<li>Brutokaal: 6.59 kg<\/li>\n<\/ul>\n<p>&nbsp;<\/p>\n<p>&nbsp;<\/p>\n<p>&nbsp;<\/p>\n<p><a href=\"https:\/\/factory.sale\/wp-content\/uploads\/2024\/06\/8-P90819-MASTER.pdf\" target=\"_blank\" rel=\"noopener\">Toote infokaart<\/a><\/p>\n<p><a href=\"https:\/\/factory.sale\/wp-content\/uploads\/2024\/06\/7MSDS4927_GB02_BE_.pdf\" target=\"_blank\" rel=\"noopener\">Ohutuskaart<\/a><\/p>\n","protected":false},"excerpt":{"rendered":"<p>Madala vahuga igap\u00e4evane puhastusvahend veekindlatele k\u00f5vadele p\u00f5randatele, sobib kasutamiseks nii k\u00e4sitsi kui ka masinatega.<\/p>\n","protected":false},"featured_media":85736,"comment_status":"open","ping_status":"closed","template":"","meta":{"_acf_changed":false},"factory":[],"free-shipment":[],"product_brand":[],"product_cat":[344,282],"product_tag":[],"class_list":{"0":"post-85738","1":"product","2":"type-product","3":"status-publish","4":"has-post-thumbnail","6":"product_cat-keemia","7":"product_cat-proffesionaalsed-puhastus-ja-hooldusvahendid","9":"first","10":"instock","11":"sale","12":"taxable","13":"shipping-taxable","14":"purchasable","15":"product-type-simple"},"acf":[],"_links":{"self":[{"href":"https:\/\/factory.sale\/et\/wp-json\/wp\/v2\/product\/85738","targetHints":{"allow":["GET"]}}],"collection":[{"href":"https:\/\/factory.sale\/et\/wp-json\/wp\/v2\/product"}],"about":[{"href":"https:\/\/factory.sale\/et\/wp-json\/wp\/v2\/types\/product"}],"replies":[{"embeddable":true,"href":"https:\/\/factory.sale\/et\/wp-json\/wp\/v2\/comments?post=85738"}],"wp:featuredmedia":[{"embeddable":true,"href":"https:\/\/factory.sale\/et\/wp-json\/wp\/v2\/media\/85736"}],"wp:attachment":[{"href":"https:\/\/factory.sale\/et\/wp-json\/wp\/v2\/media?parent=85738"}],"wp:term":[{"taxonomy":"factory","embeddable":true,"href":"https:\/\/factory.sale\/et\/wp-json\/wp\/v2\/factory?post=85738"},{"taxonomy":"free-shipment","embeddable":true,"href":"https:\/\/factory.sale\/et\/wp-json\/wp\/v2\/free-shipment?post=85738"},{"taxonomy":"product_brand","embeddable":true,"href":"https:\/\/factory.sale\/et\/wp-json\/wp\/v2\/product_brand?post=85738"},{"taxonomy":"product_cat","embeddable":true,"href":"https:\/\/factory.sale\/et\/wp-json\/wp\/v2\/product_cat?post=85738"},{"taxonomy":"product_tag","embeddable":true,"href":"https:\/\/factory.sale\/et\/wp-json\/wp\/v2\/product_tag?post=85738"}],"curies":[{"name":"wp","href":"https:\/\/api.w.org\/{rel}","templated":true}]}}