{"id":85713,"date":"2024-06-03T15:22:41","date_gmt":"2024-06-03T15:28:03","guid":{"rendered":"https:\/\/factory.sale\/?post_type=product&#038;p=85713"},"modified":"2024-06-26T17:00:01","modified_gmt":"2024-06-26T17:00:01","slug":"sure-interior-surface-cleaner-2x5l-taimne-mitmeotstarbeline-puhastusvahend-2","status":"publish","type":"product","link":"https:\/\/factory.sale\/et\/toode\/sure-interior-surface-cleaner-2x5l-taimne-mitmeotstarbeline-puhastusvahend-2\/","title":{"rendered":"SURE Interior &#038; Surface Cleaner 2x5L &#8211; Taimne mitmeotstarbeline puhastusvahend"},"content":{"rendered":"<p><strong>Tootekood:<\/strong> 100892011<\/p>\n<p>&nbsp;<\/p>\n<p>SURE Interior &amp; Surface Cleaner on taimsetest koostisosadest kontsentreeritud universaalne puhastusvahend k\u00f5vade pindade puhastamiseks, sobib kasutamiseks p\u00f5randatel, seintel, ustel, lagedel ja \u00fcldise varustuse puhastamiseks. Ilma l\u00f5hna- ja v\u00e4rvaineteta sobib kasutamiseks toiduruumides ning sobib ka laudade ja klaaspindade puhastamiseks. ELi Lillekese sertifikaadiga.<\/p>\n<p>&nbsp;<\/p>\n<p>&nbsp;<\/p>\n<p><strong>P\u00f5hiomadused<\/strong><\/p>\n<ul>\n<li>Sobib k\u00f5ikide veekindlate k\u00f5vade pindade, sealhulgas alumiiniumi ja muude pehmete metallide puhastamiseks<\/li>\n<li>T\u00f5hus k\u00f5ikides veetingimustes<\/li>\n<li>L\u00f5hna- ja v\u00e4rvaineteta<\/li>\n<li>Sisaldab taimseid koostisosi taastuvatest allikatest<\/li>\n<li>100% biolagunev ja looduslike protsesside poolt lagundatav<\/li>\n<li>Puuduvad keskkonnaohtlikkuse klassifikatsioonid, kasutajale pole ohutusalaseid hoiatusi<\/li>\n<\/ul>\n<p>&nbsp;<\/p>\n<p><strong>Kasu<\/strong><\/p>\n<p>Kontsentreeritud koostis tagab suurep\u00e4rase \u00f6konoomsuse kasutamisel. J\u00e4tab pinnad triibuvabaks ja l\u00e4ikivaks. Kiire toimega, kiiresti kuivav. Eemaldab rasva ja kuivanud toiduj\u00e4\u00e4gid. V\u00e4hendatud keskkonnam\u00f5ju.<\/p>\n<p>&nbsp;<\/p>\n<p><strong>Toote kasutusjuhend<\/strong><\/p>\n<p><strong>Pihustuspuhastus:<\/strong><\/p>\n<ol>\n<li>T\u00e4itke 750 ml pihustuspudel veega ja lisage 7,5 ml (1%) SURE Interior &amp; Surface Cleaner. Tugeva m\u00e4\u00e4rdumise korral suurendage kuni 10 ml (1,3%).<\/li>\n<li>Eemaldage enne toote pealekandmist prahi.<\/li>\n<li>Pihustage lahust pinnale ja puhastage niiske lapiga.<\/li>\n<li>Loputage toiduga kokkupuutuvaid pindu puhta veega ja laske \u00f5hu k\u00e4es kuivada.<\/li>\n<\/ol>\n<p>&nbsp;<\/p>\n<p><strong>\u00dcldine \u00e4mbri\/p\u00f5randapuhastus:<\/strong><\/p>\n<ol>\n<li>Doseerige 3 ml SURE Interior &amp; Surface Cleaner \u00fche liitri k\u00e4esooja vee kohta \u00e4mbris (kontsentratsioon 0,3%).<\/li>\n<li>Tugeva m\u00e4\u00e4rdumise korral suurendage kuni 15 ml (1,5%).<\/li>\n<li>Eemaldage enne toote pealekandmist prahi.<\/li>\n<li>Kandke lahus pinnale ja puhastage pinnad lapi, harja v\u00f5i mopiga.<\/li>\n<li>Loputage toiduga kokkupuutuvaid pindu puhta veega ja laske \u00f5hu k\u00e4es kuivada.<\/li>\n<\/ol>\n<p>&nbsp;<\/p>\n<p><strong>Tehnilised andmed:<\/strong><\/p>\n<ul>\n<li>Br\u00e4nd: SURE<\/li>\n<li>SKU konfiguratsioon: 2&#215;5 L<\/li>\n<li>Pakendi t\u00fc\u00fcp: Kast<\/li>\n<li>Pikkus: 280 mm<\/li>\n<li>Laius: 191 mm<\/li>\n<li>K\u00f5rgus: 295 mm<\/li>\n<li>M\u00f5\u00f5t\u00fchik: mm<\/li>\n<li>Netokaal: 10.1 kg<\/li>\n<li>Brutokaal: 10.67 kg<\/li>\n<\/ul>\n<p>&nbsp;<\/p>\n<p><a href=\"https:\/\/factory.sale\/wp-content\/uploads\/2024\/06\/5K00115-MASTER.pdf\" target=\"_blank\" rel=\"noopener\">Tooteleht<\/a><\/p>\n<p><a href=\"https:\/\/factory.sale\/wp-content\/uploads\/2024\/06\/safety-sheet.pdf\" target=\"_blank\" rel=\"noopener\">Ohutuskaart<\/a><\/p>\n","protected":false},"excerpt":{"rendered":"<p>SURE Interior &amp; Surface Cleaner on taimsetest koostisosadest kontsentreeritud universaalne puhastusvahend k\u00f5vade pindade puhastamiseks, sobib kasutamiseks p\u00f5randatel, seintel, ustel, lagedel ja \u00fcldise varustuse puhastamiseks. Ilma l\u00f5hna- ja v\u00e4rvaineteta sobib kasutamiseks toiduruumides ning sobib ka laudade ja klaaspindade puhastamiseks. ELi Lillekese sertifikaadiga.<\/p>\n","protected":false},"featured_media":85701,"comment_status":"open","ping_status":"closed","template":"","meta":{"_acf_changed":false},"factory":[],"free-shipment":[],"product_brand":[],"product_cat":[344,282],"product_tag":[],"class_list":{"0":"post-85713","1":"product","2":"type-product","3":"status-publish","4":"has-post-thumbnail","6":"product_cat-keemia","7":"product_cat-proffesionaalsed-puhastus-ja-hooldusvahendid","9":"first","10":"instock","11":"sale","12":"taxable","13":"shipping-taxable","14":"purchasable","15":"product-type-simple"},"acf":[],"_links":{"self":[{"href":"https:\/\/factory.sale\/et\/wp-json\/wp\/v2\/product\/85713","targetHints":{"allow":["GET"]}}],"collection":[{"href":"https:\/\/factory.sale\/et\/wp-json\/wp\/v2\/product"}],"about":[{"href":"https:\/\/factory.sale\/et\/wp-json\/wp\/v2\/types\/product"}],"replies":[{"embeddable":true,"href":"https:\/\/factory.sale\/et\/wp-json\/wp\/v2\/comments?post=85713"}],"wp:featuredmedia":[{"embeddable":true,"href":"https:\/\/factory.sale\/et\/wp-json\/wp\/v2\/media\/85701"}],"wp:attachment":[{"href":"https:\/\/factory.sale\/et\/wp-json\/wp\/v2\/media?parent=85713"}],"wp:term":[{"taxonomy":"factory","embeddable":true,"href":"https:\/\/factory.sale\/et\/wp-json\/wp\/v2\/factory?post=85713"},{"taxonomy":"free-shipment","embeddable":true,"href":"https:\/\/factory.sale\/et\/wp-json\/wp\/v2\/free-shipment?post=85713"},{"taxonomy":"product_brand","embeddable":true,"href":"https:\/\/factory.sale\/et\/wp-json\/wp\/v2\/product_brand?post=85713"},{"taxonomy":"product_cat","embeddable":true,"href":"https:\/\/factory.sale\/et\/wp-json\/wp\/v2\/product_cat?post=85713"},{"taxonomy":"product_tag","embeddable":true,"href":"https:\/\/factory.sale\/et\/wp-json\/wp\/v2\/product_tag?post=85713"}],"curies":[{"name":"wp","href":"https:\/\/api.w.org\/{rel}","templated":true}]}}