{"id":85653,"date":"2024-06-03T10:27:04","date_gmt":"2024-06-03T10:29:25","guid":{"rendered":"https:\/\/factory.sale\/?post_type=product&#038;p=85653"},"modified":"2024-06-25T16:56:09","modified_gmt":"2024-06-25T16:56:09","slug":"sure-floor-cleaner-6x1l-igapaevane-porandapuhastusvahend","status":"publish","type":"product","link":"https:\/\/factory.sale\/et\/toode\/sure-floor-cleaner-6x1l-igapaevane-porandapuhastusvahend\/","title":{"rendered":"SURE Floor Cleaner 6x1L &#8211; Igap\u00e4evane p\u00f5randapuhastusvahend"},"content":{"rendered":"<p><strong>Tootekood:<\/strong> 100891586<\/p>\n<p>&nbsp;<\/p>\n<p>Unikaalse valiku taimsetest, 100% biolagunevatest professionaalsetest puhastusvahenditest, mis katavad k\u00f5ik igap\u00e4evased puhastusvajadused. SURE Floor Cleaner on kontsentreeritud madala vahuga igap\u00e4evane puhastusvahend k\u00f5igile veekindlatele k\u00f5vadele p\u00f5randatele. Soovitatav k\u00f5ikidele puhastusmeetoditele, sealhulgas \u00e4mber ja p\u00f5randapesumasinaga kasutamiseks.<\/p>\n<p>&nbsp;<\/p>\n<p><strong>P\u00f5hiomadused<\/strong><\/p>\n<ul>\n<li>Ei j\u00e4ta p\u00f5randale j\u00e4\u00e4ke ega kogune<\/li>\n<li>Madala vahuga t\u00f5hus puhastus<\/li>\n<li>L\u00f5hna- ja v\u00e4rvaineteta<\/li>\n<li>Sisaldab taimseid koostisosi taastuvatest allikatest<\/li>\n<li>100% biolagunev ja looduslike protsesside poolt lagundatav<\/li>\n<li>Puuduvad keskkonnaohtlikkuse klassifikatsioonid, kasutajale pole ohutusalaseid hoiatusi<\/li>\n<\/ul>\n<p>&nbsp;<\/p>\n<p><strong>Kasu<\/strong><\/p>\n<p>Kontsentreeritud koostis tagab suurep\u00e4rase \u00f6konoomsuse kasutamisel. Ohutu kasutada k\u00f5igil veekindlatel p\u00f5randatel. Ei j\u00e4ta p\u00f5randaid halliks ega rasvaseks. V\u00e4hendatud keskkonnam\u00f5ju.<\/p>\n<p>&nbsp;<\/p>\n<p><strong>Toote kasutusjuhend<\/strong><\/p>\n<p><strong>Masin\/\u00e4mbri meetod:<\/strong> Puhastage suuri alasid automaatse p\u00f5randapesumasina ja\/v\u00f5i mopiga, eelistatavalt eelnevalt pesumasinas SURE Floor Cleaner lahusega immutatud mopiga. Puhastuslahust v\u00f5ib pihustada, et eelnevalt t\u00f6\u00f6delda raskesti eemaldatavaid plekke\/mustust enne pinna puhastamist.<\/p>\n<p>&nbsp;<\/p>\n<p><strong>Tehniline teave:<\/strong><\/p>\n<ul>\n<li>Br\u00e4nd: SURE<\/li>\n<li>SKU konfiguratsioon: 6&#215;1 L<\/li>\n<li>Pakendi t\u00fc\u00fcp: Kast<\/li>\n<li>Pikkus: 236 mm<\/li>\n<li>Laius: 160 mm<\/li>\n<li>K\u00f5rgus: 303 mm<\/li>\n<li>Netokaal: 6.12 kg<\/li>\n<li>Brutokaal: 6.7 kg<\/li>\n<\/ul>\n<p>&nbsp;<\/p>\n<p><a href=\"https:\/\/factory.sale\/wp-content\/uploads\/2024\/06\/SURE-K00188-MASTER.pdf\" target=\"_blank\" rel=\"noopener\">Toote infoleht<\/a><\/p>\n","protected":false},"excerpt":{"rendered":"<p>Unikaalse valiku taimsetest, 100% biolagunevatest professionaalsetest puhastusvahenditest, mis katavad k\u00f5ik igap\u00e4evased puhastusvajadused. SURE Floor Cleaner on kontsentreeritud madala vahuga igap\u00e4evane puhastusvahend k\u00f5igile veekindlatele k\u00f5vadele p\u00f5randatele. Soovitatav k\u00f5ikidele puhastusmeetoditele, sealhulgas \u00e4mber ja p\u00f5randapesumasinaga kasutamiseks.<\/p>\n","protected":false},"featured_media":85648,"comment_status":"open","ping_status":"closed","template":"","meta":{"_acf_changed":false},"factory":[],"free-shipment":[],"product_brand":[],"product_cat":[345,310],"product_tag":[],"class_list":{"0":"post-85653","1":"product","2":"type-product","3":"status-publish","4":"has-post-thumbnail","6":"product_cat-chemistry","7":"product_cat-professional-cleaning-and-care-products-2","9":"first","10":"instock","11":"sale","12":"taxable","13":"shipping-taxable","14":"purchasable","15":"product-type-simple"},"acf":[],"_links":{"self":[{"href":"https:\/\/factory.sale\/et\/wp-json\/wp\/v2\/product\/85653","targetHints":{"allow":["GET"]}}],"collection":[{"href":"https:\/\/factory.sale\/et\/wp-json\/wp\/v2\/product"}],"about":[{"href":"https:\/\/factory.sale\/et\/wp-json\/wp\/v2\/types\/product"}],"replies":[{"embeddable":true,"href":"https:\/\/factory.sale\/et\/wp-json\/wp\/v2\/comments?post=85653"}],"wp:featuredmedia":[{"embeddable":true,"href":"https:\/\/factory.sale\/et\/wp-json\/wp\/v2\/media\/85648"}],"wp:attachment":[{"href":"https:\/\/factory.sale\/et\/wp-json\/wp\/v2\/media?parent=85653"}],"wp:term":[{"taxonomy":"factory","embeddable":true,"href":"https:\/\/factory.sale\/et\/wp-json\/wp\/v2\/factory?post=85653"},{"taxonomy":"free-shipment","embeddable":true,"href":"https:\/\/factory.sale\/et\/wp-json\/wp\/v2\/free-shipment?post=85653"},{"taxonomy":"product_brand","embeddable":true,"href":"https:\/\/factory.sale\/et\/wp-json\/wp\/v2\/product_brand?post=85653"},{"taxonomy":"product_cat","embeddable":true,"href":"https:\/\/factory.sale\/et\/wp-json\/wp\/v2\/product_cat?post=85653"},{"taxonomy":"product_tag","embeddable":true,"href":"https:\/\/factory.sale\/et\/wp-json\/wp\/v2\/product_tag?post=85653"}],"curies":[{"name":"wp","href":"https:\/\/api.w.org\/{rel}","templated":true}]}}