{"id":85638,"date":"2024-06-03T09:54:37","date_gmt":"2024-06-03T10:04:09","guid":{"rendered":"https:\/\/factory.sale\/?post_type=product&#038;p=85638"},"modified":"2024-06-26T16:26:02","modified_gmt":"2024-06-26T16:26:02","slug":"taski-jontec-300-free-f4a-2x5l-neutraalne-porandapuhastusvahend-madala-vahuga-kontsentraat","status":"publish","type":"product","link":"https:\/\/factory.sale\/et\/toode\/taski-jontec-300-free-f4a-2x5l-neutraalne-porandapuhastusvahend-madala-vahuga-kontsentraat\/","title":{"rendered":"TASKI Jontec 300 free F4a 2x5L &#8211; Neutraalne p\u00f5randapuhastusvahend, madala vahuga kontsentraat"},"content":{"rendered":"<p><strong>Tootekood:<\/strong> 7513117<\/p>\n<p>V\u00e4ga kontsentreeritud, madala vahuga neutraalne puhastusvahend. Sobib k\u00f5igile veekindlatele k\u00f5vap\u00f5randatele, olgu need kaetud v\u00f5i katmata. Toode on siltidel ohuklassifikatsioonita, pakkudes maksimaalset ohutust k\u00e4sitsemisel ning v\u00f5imaldades ohutut transporti ja ladustamist.<\/p>\n<p>&nbsp;<\/p>\n<p><strong>P\u00f5hiomadused<\/strong><\/p>\n<ul>\n<li>pH-neutraalne<\/li>\n<li>Ei j\u00e4ta p\u00f5randale j\u00e4\u00e4ke ega kogune<\/li>\n<li>L\u00f5hna- ja v\u00e4rvaineteta<\/li>\n<li>Madala vahuga t\u00f5hus puhastus v\u00e4ga v\u00e4ikese annusega<\/li>\n<li>V\u00e4ga kontsentreeritud segu erinevat t\u00fc\u00fcpi pindaktiivsetest ainetest<\/li>\n<\/ul>\n<p>&nbsp;<\/p>\n<p><strong>Kasu<\/strong><\/p>\n<p>Ohutu kasutada k\u00f5igil veekindlatel p\u00f5randatel. Puhastustulemuste j\u00e4rjepidevus ja kvaliteet. Ei j\u00e4ta p\u00f5randaid halliks ega rasvaseks. Minimaalne risk tundlikele inimestele. V\u00e4ga \u00f6konoomne t\u00e4nu suurep\u00e4rasele puhastustulemusele madala annusega. Keskkonnas\u00f5bralik. Sobib k\u00f5ikidele puhastusmeetoditele, sealhulgas p\u00f5randapesumasinad, \u00fchekettalised masinad, mopp ja \u00e4mber puhastus.<\/p>\n<p>&nbsp;<\/p>\n<p><strong>Toote kasutusjuhend<\/strong><\/p>\n<p><strong>\u00c4mbri meetod:<\/strong><\/p>\n<ol>\n<li>Kandke lahus mopiga, eelistatavalt eelnevalt pesumasinas TASKI Jontec 300 free lahusega immutatud mopiga.<\/li>\n<li>Laske m\u00f5juda. Vajadusel n\u00fchkige.<\/li>\n<li>Eemaldage m\u00e4\u00e4rdunud lahus.<\/li>\n<\/ol>\n<p>&nbsp;<\/p>\n<p><strong>Masinpesu &#8211; otsene meetod:<\/strong><\/p>\n<p>Kandke lahus p\u00f5randale, n\u00fchkige padjandite v\u00f5i harjadega ja eemaldage m\u00e4\u00e4rdunud lahus.<\/p>\n<p>&nbsp;<\/p>\n<p><strong>Masinpesu &#8211; kaudne meetod \/ tugev mustus:<\/strong><\/p>\n<ol>\n<li>Kandke lahus koos n\u00fchkiva toimega ja t\u00f5stetud kummiteraga, laske m\u00f5juda enne teistkordset n\u00fchkimist koos kummitera alla laskmisega, et eemaldada lahus.<\/li>\n<li>Vajadusel loputage puhta veega.<\/li>\n<\/ol>\n<p>&nbsp;<\/p>\n<p><strong>Pihustuspuhastus &#8211; \u00fchekettaline masin:<\/strong><\/p>\n<ol>\n<li>Pihustage lahus pinnale.<\/li>\n<li>Puhastage pinda p\u00f5randapadjaga (nt TASKI Intellipad).<\/li>\n<li>Laske pinnal kuivada.<\/li>\n<\/ol>\n<p>&nbsp;<\/p>\n<p><strong>Tehniline teave:<\/strong><\/p>\n<ul>\n<li>Br\u00e4nd: TASKI<\/li>\n<li>SKU konfiguratsioon: 2&#215;5 L<\/li>\n<li>Pakendi t\u00fc\u00fcp: Kast<\/li>\n<li>Pikkus: 280 mm<\/li>\n<li>Laius: 191 mm<\/li>\n<li>K\u00f5rgus: 295 mm<\/li>\n<li>Netokaal: 10.05 kg<\/li>\n<li>Brutokaal: 10.62 kg<\/li>\n<\/ul>\n<p>&nbsp;<\/p>\n<p><a href=\"https:\/\/factory.sale\/wp-content\/uploads\/2024\/06\/P90817-MASTER-2.pdf\" target=\"_blank\" rel=\"noopener\">Toote infokaart<\/a><\/p>\n","protected":false},"excerpt":{"rendered":"<p>V\u00e4ga kontsentreeritud, madala vahuga neutraalne puhastusvahend. Sobib k\u00f5igile veekindlatele k\u00f5vap\u00f5randatele, olgu need kaetud v\u00f5i katmata. Toode on siltidel ohuklassifikatsioonita, pakkudes maksimaalset ohutust k\u00e4sitsemisel ning v\u00f5imaldades ohutut transporti ja ladustamist.<\/p>\n","protected":false},"featured_media":85636,"comment_status":"open","ping_status":"closed","template":"","meta":{"_acf_changed":false},"factory":[],"free-shipment":[],"product_brand":[],"product_cat":[344,282],"product_tag":[],"class_list":{"0":"post-85638","1":"product","2":"type-product","3":"status-publish","4":"has-post-thumbnail","6":"product_cat-keemia","7":"product_cat-proffesionaalsed-puhastus-ja-hooldusvahendid","9":"first","10":"instock","11":"sale","12":"taxable","13":"shipping-taxable","14":"purchasable","15":"product-type-simple"},"acf":[],"_links":{"self":[{"href":"https:\/\/factory.sale\/et\/wp-json\/wp\/v2\/product\/85638","targetHints":{"allow":["GET"]}}],"collection":[{"href":"https:\/\/factory.sale\/et\/wp-json\/wp\/v2\/product"}],"about":[{"href":"https:\/\/factory.sale\/et\/wp-json\/wp\/v2\/types\/product"}],"replies":[{"embeddable":true,"href":"https:\/\/factory.sale\/et\/wp-json\/wp\/v2\/comments?post=85638"}],"wp:featuredmedia":[{"embeddable":true,"href":"https:\/\/factory.sale\/et\/wp-json\/wp\/v2\/media\/85636"}],"wp:attachment":[{"href":"https:\/\/factory.sale\/et\/wp-json\/wp\/v2\/media?parent=85638"}],"wp:term":[{"taxonomy":"factory","embeddable":true,"href":"https:\/\/factory.sale\/et\/wp-json\/wp\/v2\/factory?post=85638"},{"taxonomy":"free-shipment","embeddable":true,"href":"https:\/\/factory.sale\/et\/wp-json\/wp\/v2\/free-shipment?post=85638"},{"taxonomy":"product_brand","embeddable":true,"href":"https:\/\/factory.sale\/et\/wp-json\/wp\/v2\/product_brand?post=85638"},{"taxonomy":"product_cat","embeddable":true,"href":"https:\/\/factory.sale\/et\/wp-json\/wp\/v2\/product_cat?post=85638"},{"taxonomy":"product_tag","embeddable":true,"href":"https:\/\/factory.sale\/et\/wp-json\/wp\/v2\/product_tag?post=85638"}],"curies":[{"name":"wp","href":"https:\/\/api.w.org\/{rel}","templated":true}]}}