{"id":85626,"date":"2024-06-03T08:41:34","date_gmt":"2024-06-03T09:26:38","guid":{"rendered":"https:\/\/factory.sale\/?post_type=product&#038;p=85626"},"modified":"2024-06-25T11:13:47","modified_gmt":"2024-06-25T11:13:47","slug":"taski-sprint-200-pur-eco-e1b-2x5l-mitmeotstarbeline-puhastusvahend","status":"publish","type":"product","link":"https:\/\/factory.sale\/et\/toode\/taski-sprint-200-pur-eco-e1b-2x5l-mitmeotstarbeline-puhastusvahend\/","title":{"rendered":"TASKI Sprint 200 Pur-Eco E1b 2x5L &#8211; Mitmeotstarbeline puhastusvahend"},"content":{"rendered":"<p><strong>Tootekood:<\/strong> 7515240<\/p>\n<p>&nbsp;<\/p>\n<p>Alkoholip\u00f5hine igap\u00e4evane mitmeotstarbeline puhastusvahend triipudevabaks puhastamiseks k\u00f5igilt veekindlatelt k\u00f5vadel pindadel.<\/p>\n<p>&nbsp;<\/p>\n<p>&nbsp;<\/p>\n<p><strong>P\u00f5hiomadused<\/strong><\/p>\n<ul>\n<li>pH neutraalne kasutuslahuses<\/li>\n<li>Kiiretoimeline, kiiresti kuivav<\/li>\n<li>P\u00f5hineb t\u00f5husal kombinatsioonil alkoholist ja looduslikest taimsetest allikatest p\u00e4rit pindaktiivsetest ainetest, et v\u00e4hendada keskkonnam\u00f5ju ja tagada ohutum kasutamine<\/li>\n<li>\u00dchtne v\u00e4rske l\u00f5hn kogu Pur-Eco sarjas<\/li>\n<\/ul>\n<p>&nbsp;<\/p>\n<p><strong>Eelised<\/strong><\/p>\n<p>Sobib kasutamiseks veekindlatel k\u00f5vadel pindadel, sealhulgas aknad, peeglid, glasuuritud keraamika ja plastpinnad. J\u00e4tab pinnad puhtaks ja triibuvabaks. Suurep\u00e4rane s\u00f5rmej\u00e4lgede ja kergelt kleepuvate m\u00e4\u00e4rdumisplekkide eemaldamiseks. J\u00e4tab k\u00f5ik puhastatud alad meeldiva laimih\u00f5ngulise l\u00f5hnaga.<\/p>\n<p>&nbsp;<\/p>\n<p><strong>Kasutamine<\/strong><\/p>\n<p>Pihustamismeetod: Pihustage lahus niiskele lapile ja p\u00fchkige. Kasutage k\u00e4sna padja, et eemaldada kangekaelset mustust, loputage v\u00f5i vahetage lappi regulaarselt.<\/p>\n<p>\u00c4mbri meetod: Kandke lahus lapiga\/k\u00e4snaga v\u00f5i mopiga ja p\u00fchkige. Kasutage k\u00e4sna padja, et eemaldada kangekaelset mustust.<\/p>\n<p>&nbsp;<\/p>\n<p><strong>Tehnilised andmed:<\/strong><\/p>\n<ul>\n<li>Br\u00e4nd: TASKI<\/li>\n<li>SKU konfiguratsioon: 2&#215;5 L<\/li>\n<li>Pakendi t\u00fc\u00fcp: Kast<\/li>\n<li>Pikkus: 280 mm<\/li>\n<li>Laius: 191 mm<\/li>\n<li>K\u00f5rgus: 295 mm<\/li>\n<li>Netokaal: 9.85 kg<\/li>\n<li>Brutokaal: 10.42 kg<\/li>\n<\/ul>\n<p>&nbsp;<\/p>\n<p><a href=\"https:\/\/factory.sale\/wp-content\/uploads\/2024\/06\/Diversey_safety_data_sheet.pdf\" target=\"_blank\" rel=\"noopener\">Ohutuskaart<\/a><\/p>\n<p><a href=\"https:\/\/factory.sale\/wp-content\/uploads\/2024\/06\/P84404-MASTER.pdf\" target=\"_blank\" rel=\"noopener\">Infokaart <\/a><\/p>\n","protected":false},"excerpt":{"rendered":"<p>Alkoholip\u00f5hine igap\u00e4evane mitmeotstarbeline puhastusvahend triipudevabaks puhastamiseks k\u00f5igilt veekindlatelt k\u00f5vadel pindadelt.<\/p>\n","protected":false},"featured_media":85623,"comment_status":"open","ping_status":"closed","template":"","meta":{"_acf_changed":false},"factory":[],"free-shipment":[],"product_brand":[],"product_cat":[345,310],"product_tag":[],"class_list":{"0":"post-85626","1":"product","2":"type-product","3":"status-publish","4":"has-post-thumbnail","6":"product_cat-chemistry","7":"product_cat-professional-cleaning-and-care-products-2","9":"first","10":"instock","11":"sale","12":"taxable","13":"shipping-taxable","14":"purchasable","15":"product-type-simple"},"acf":[],"_links":{"self":[{"href":"https:\/\/factory.sale\/et\/wp-json\/wp\/v2\/product\/85626","targetHints":{"allow":["GET"]}}],"collection":[{"href":"https:\/\/factory.sale\/et\/wp-json\/wp\/v2\/product"}],"about":[{"href":"https:\/\/factory.sale\/et\/wp-json\/wp\/v2\/types\/product"}],"replies":[{"embeddable":true,"href":"https:\/\/factory.sale\/et\/wp-json\/wp\/v2\/comments?post=85626"}],"wp:featuredmedia":[{"embeddable":true,"href":"https:\/\/factory.sale\/et\/wp-json\/wp\/v2\/media\/85623"}],"wp:attachment":[{"href":"https:\/\/factory.sale\/et\/wp-json\/wp\/v2\/media?parent=85626"}],"wp:term":[{"taxonomy":"factory","embeddable":true,"href":"https:\/\/factory.sale\/et\/wp-json\/wp\/v2\/factory?post=85626"},{"taxonomy":"free-shipment","embeddable":true,"href":"https:\/\/factory.sale\/et\/wp-json\/wp\/v2\/free-shipment?post=85626"},{"taxonomy":"product_brand","embeddable":true,"href":"https:\/\/factory.sale\/et\/wp-json\/wp\/v2\/product_brand?post=85626"},{"taxonomy":"product_cat","embeddable":true,"href":"https:\/\/factory.sale\/et\/wp-json\/wp\/v2\/product_cat?post=85626"},{"taxonomy":"product_tag","embeddable":true,"href":"https:\/\/factory.sale\/et\/wp-json\/wp\/v2\/product_tag?post=85626"}],"curies":[{"name":"wp","href":"https:\/\/api.w.org\/{rel}","templated":true}]}}