{"id":85477,"date":"2024-05-29T12:52:35","date_gmt":"2024-05-29T13:01:00","guid":{"rendered":"https:\/\/factory.sale\/?post_type=product&#038;p=85477"},"modified":"2024-06-25T20:57:34","modified_gmt":"2024-06-25T20:57:34","slug":"varikatus-milano-3000-hall-309x309cm","status":"publish","type":"product","link":"https:\/\/factory.sale\/et\/toode\/varikatus-milano-3000-hall-309x309cm\/","title":{"rendered":"Varikatus Milano 3000 HALL 309x309cm"},"content":{"rendered":"<p>Palram-Canopia Milano 3000 on vastupidav ja stiilne varikatus. Paviljonil on vastupidav, roostekindel ja antratsiithalli pulberv\u00e4rvitud alumiiniumraam ning tsingitud terasest liigendid. Praktiliselt purunematud, 100% UV-kaitsega 6 mm pol\u00fckarbonaat paneelid kaitsevad kahjulike UV-kiirte, vihma ja lume eest.<br \/>\nPronksitooni paneelid lasevad loomulikku valgust l\u00e4bi ja annavad siiski piisavalt varju.<br \/>\nVarikatuse paigaldamine on lihtne kahele inimesele ning eelpuuritud profiilid ja eell\u00f5igatud paneelid ja kruvid on komplektis.<br \/>\nIntegreeritud 40 mm vihmaveerennid v\u00f5imaldavad koguda vihmavett. Pakett sisaldab kinnitusvahendeid ning ruudukujulist paviljoni on lihtne liigutada ja mis tahes platvormile ankurdada. Varikatuse \u00e4\u00e4rtesse on integreeritud siinid ja konksud kardinate v\u00f5i s\u00e4\u00e4sev\u00f5rkude kinnitamiseks.<\/p>\n<p>&nbsp;<\/p>\n<p><strong>TOOTE TEAVE:<\/strong><\/p>\n<p>Kood: 6001703<br \/>\nV\u00e4rv: hall<br \/>\nMaterjal: Metall<br \/>\nK\u00f5rgus: 2210\/2250 mm<br \/>\nPindala: 9,6 m2<br \/>\nLumekoormus: 75 kg\/m2<br \/>\nTuuletakistus: 90 km\/h<br \/>\nValguse l\u00e4bilaskvus: 0%<br \/>\nSisaldab ankurdus- ja jalaplaate<br \/>\nKaasas kardinapuud<br \/>\nSisaldab vihmaveetorusid ja vihmaveetorusid<br \/>\nStiilne ja vastupidav konstruktsioon<\/p>\n<p>&nbsp;<\/p>\n<p><strong>LUMEKOORMUS:<\/strong><\/p>\n<p>Katustelt tuleb alati eemaldada liigne lumekoormus. Garantii ei kata lumekoormuse liigsest kaalust tingitud katuse sissevajumist.<\/p>\n","protected":false},"excerpt":{"rendered":"<p>Palram-Canopia Milano 3000 on vastupidav ja stiilne varikatus. Paviljonil on vastupidav, roostekindel ja antratsiithalli pulberv\u00e4rvitud alumiiniumraam ning tsingitud terasest liigendid. Praktiliselt purunematud, 100% UV-kaitsega 6 mm pol\u00fckarbonaat paneelid kaitsevad kahjulike UV-kiirte, vihma ja lume eest.<\/p>\n","protected":false},"featured_media":85464,"comment_status":"open","ping_status":"closed","template":"","meta":{"_acf_changed":false},"factory":[],"free-shipment":[],"product_brand":[],"product_cat":[924,1912],"product_tag":[1918,1483,1484],"class_list":{"0":"post-85477","1":"product","2":"type-product","3":"status-publish","4":"has-post-thumbnail","6":"product_cat-aiatooted","7":"product_cat-varikatused","8":"product_tag-canopies-et","9":"product_tag-garden-et","10":"product_tag-yard-et","12":"first","13":"instock","14":"sale","15":"taxable","16":"shipping-taxable","17":"purchasable","18":"product-type-simple"},"acf":[],"_links":{"self":[{"href":"https:\/\/factory.sale\/et\/wp-json\/wp\/v2\/product\/85477","targetHints":{"allow":["GET"]}}],"collection":[{"href":"https:\/\/factory.sale\/et\/wp-json\/wp\/v2\/product"}],"about":[{"href":"https:\/\/factory.sale\/et\/wp-json\/wp\/v2\/types\/product"}],"replies":[{"embeddable":true,"href":"https:\/\/factory.sale\/et\/wp-json\/wp\/v2\/comments?post=85477"}],"wp:featuredmedia":[{"embeddable":true,"href":"https:\/\/factory.sale\/et\/wp-json\/wp\/v2\/media\/85464"}],"wp:attachment":[{"href":"https:\/\/factory.sale\/et\/wp-json\/wp\/v2\/media?parent=85477"}],"wp:term":[{"taxonomy":"factory","embeddable":true,"href":"https:\/\/factory.sale\/et\/wp-json\/wp\/v2\/factory?post=85477"},{"taxonomy":"free-shipment","embeddable":true,"href":"https:\/\/factory.sale\/et\/wp-json\/wp\/v2\/free-shipment?post=85477"},{"taxonomy":"product_brand","embeddable":true,"href":"https:\/\/factory.sale\/et\/wp-json\/wp\/v2\/product_brand?post=85477"},{"taxonomy":"product_cat","embeddable":true,"href":"https:\/\/factory.sale\/et\/wp-json\/wp\/v2\/product_cat?post=85477"},{"taxonomy":"product_tag","embeddable":true,"href":"https:\/\/factory.sale\/et\/wp-json\/wp\/v2\/product_tag?post=85477"}],"curies":[{"name":"wp","href":"https:\/\/api.w.org\/{rel}","templated":true}]}}