{"id":85454,"date":"2024-05-28T16:41:56","date_gmt":"2024-05-28T16:43:44","guid":{"rendered":"https:\/\/factory.sale\/?post_type=product&#038;p=85454"},"modified":"2024-06-25T13:50:26","modified_gmt":"2024-06-25T13:50:26","slug":"varikatus-martinique-4300-hall-295x430cm","status":"publish","type":"product","link":"https:\/\/factory.sale\/et\/toode\/varikatus-martinique-4300-hall-295x430cm\/","title":{"rendered":"Varikatus Martinique 4300 HALL 295x430cm"},"content":{"rendered":"<p>Palram-Canopia MARTINIQUE 4300 on vastupidav ja stiilne varikatus. Paviljonil on vastupidav, roostekindel ja antratsiithalli pulberv\u00e4rvitud alumiiniumraam ning tsingitud terasest liigendid. Praktiliselt purunematud, 100% UV-kaitsega 6 mm pol\u00fckarbonaat paneelid kaitsevad kahjulike UV-kiirte, vihma ja lume eest.<br \/>\nPronksitooni paneelid lasevad loomulikku valgust l\u00e4bi ja annavad siiski piisavalt varju.<br \/>\nVarikatuse paigaldamine on lihtne kahele inimesele ning eelpuuritud profiilid ja eell\u00f5igatud paneelid ja kruvid on komplektis.<br \/>\nIntegreeritud 40 mm vihmaveerennid v\u00f5imaldavad koguda vihmavett. Pakett sisaldab kinnitusvahendeid ning ruudukujulist paviljoni on lihtne liigutada ja mis tahes platvormile ankurdada. Varikatuse \u00e4\u00e4rtesse on integreeritud siinid ja konksud kardinate v\u00f5i s\u00e4\u00e4sev\u00f5rkude kinnitamiseks.<\/p>\n<p>&nbsp;<\/p>\n<p><strong>TOOTE TEAVE:<\/strong><\/p>\n<p>Kood: 6001704<br \/>\nK\u00f5rgus : 274,5 cm<br \/>\nLaius: 295,5 cm<br \/>\nS\u00fcgavus : 430 cm<br \/>\nSuurus : 3 x 4,3 m<br \/>\nToote kaal : 87,8 kg<br \/>\nV\u00e4rv: hall<br \/>\nV\u00e4rvi spetsifikatsioon: hall RAL 7012<br \/>\nMaterjali spetsifikatsioon: Pulberv\u00e4rvitud alumiiniumraam, katus 6 mm paksune pol\u00fckarbonaat<br \/>\nK\u00f5rgus rennini: 217 cm<br \/>\nLumekoormuskindlus: 75 kg\/m\u00b2<br \/>\nTuuletakistus: 25 m\/s<br \/>\nPindala: 12,7 m\u00b2<br \/>\nLaepaneelide v\u00e4rvus: pronks<\/p>\n<p>&nbsp;<\/p>\n<p><strong>LUMEKOORMUS:<\/strong><\/p>\n<p>Katustelt tuleb alati eemaldada liigne lumekoormus. Garantii ei kata lumekoormuse liigsest kaalust tingitud katuse sissevajumist.<\/p>\n<p>&nbsp;<\/p>\n<div class=\"video-wrapper \"><iframe loading=\"lazy\" title=\"How to Assemble Martinique Garden Gazebo | Canopia by Palram [FULL GUIDE]\" width=\"500\" height=\"281\" src=\"https:\/\/www.youtube.com\/embed\/oSZK3DLxfPY?feature=oembed\" frameborder=\"0\" allow=\"accelerometer; autoplay; clipboard-write; encrypted-media; gyroscope; picture-in-picture; web-share\" referrerpolicy=\"strict-origin-when-cross-origin\" allowfullscreen><\/iframe><\/div>\n","protected":false},"excerpt":{"rendered":"<p>Palram-Canopia MARTINIQUE 4300 on vastupidav ja stiilne varikatus. Paviljonil on vastupidav, roostekindel ja antratsiithalli pulberv\u00e4rvitud alumiiniumraam ning tsingitud terasest liigendid. Praktiliselt purunematud, 100% UV-kaitsega 6 mm pol\u00fckarbonaat paneelid kaitsevad kahjulike UV-kiirte, vihma ja lume eest.<\/p>\n","protected":false},"featured_media":85432,"comment_status":"open","ping_status":"closed","template":"","meta":{"_acf_changed":false},"factory":[],"free-shipment":[],"product_brand":[],"product_cat":[924,1912],"product_tag":[1918,2714],"class_list":{"0":"post-85454","1":"product","2":"type-product","3":"status-publish","4":"has-post-thumbnail","6":"product_cat-aiatooted","7":"product_cat-varikatused","8":"product_tag-canopies-et","9":"product_tag-yard-and-garden-et","11":"first","12":"instock","13":"sale","14":"taxable","15":"shipping-taxable","16":"purchasable","17":"product-type-simple"},"acf":[],"_links":{"self":[{"href":"https:\/\/factory.sale\/et\/wp-json\/wp\/v2\/product\/85454","targetHints":{"allow":["GET"]}}],"collection":[{"href":"https:\/\/factory.sale\/et\/wp-json\/wp\/v2\/product"}],"about":[{"href":"https:\/\/factory.sale\/et\/wp-json\/wp\/v2\/types\/product"}],"replies":[{"embeddable":true,"href":"https:\/\/factory.sale\/et\/wp-json\/wp\/v2\/comments?post=85454"}],"wp:featuredmedia":[{"embeddable":true,"href":"https:\/\/factory.sale\/et\/wp-json\/wp\/v2\/media\/85432"}],"wp:attachment":[{"href":"https:\/\/factory.sale\/et\/wp-json\/wp\/v2\/media?parent=85454"}],"wp:term":[{"taxonomy":"factory","embeddable":true,"href":"https:\/\/factory.sale\/et\/wp-json\/wp\/v2\/factory?post=85454"},{"taxonomy":"free-shipment","embeddable":true,"href":"https:\/\/factory.sale\/et\/wp-json\/wp\/v2\/free-shipment?post=85454"},{"taxonomy":"product_brand","embeddable":true,"href":"https:\/\/factory.sale\/et\/wp-json\/wp\/v2\/product_brand?post=85454"},{"taxonomy":"product_cat","embeddable":true,"href":"https:\/\/factory.sale\/et\/wp-json\/wp\/v2\/product_cat?post=85454"},{"taxonomy":"product_tag","embeddable":true,"href":"https:\/\/factory.sale\/et\/wp-json\/wp\/v2\/product_tag?post=85454"}],"curies":[{"name":"wp","href":"https:\/\/api.w.org\/{rel}","templated":true}]}}