{"id":85440,"date":"2024-05-28T16:25:58","date_gmt":"2024-05-28T16:27:51","guid":{"rendered":"https:\/\/factory.sale\/?post_type=product&#038;p=85440"},"modified":"2024-06-25T13:50:05","modified_gmt":"2024-06-25T13:50:05","slug":"varikatus-martinique-3600-hall-295x360-cm","status":"publish","type":"product","link":"https:\/\/factory.sale\/et\/toode\/varikatus-martinique-3600-hall-295x360-cm\/","title":{"rendered":"Varikatus Martinique 3600 HALL 295\u00d7360 cm"},"content":{"rendered":"<p>Palram-Canopia MARTINIQUE 4300 on vastupidav ja stiilne varikatus. Paviljonil on vastupidav, roostekindel ja antratsiithalli pulberv\u00e4rvitud alumiiniumraam ning tsingitud terasest liigendid. Praktiliselt purunematud, 100% UV-kaitsega 6 mm pol\u00fckarbonaat paneelid kaitsevad kahjulike UV-kiirte, vihma ja lume eest.<br \/>\nPronksitooni paneelid lasevad loomulikku valgust l\u00e4bi ja annavad siiski piisavalt varju.<br \/>\nVarikatuse paigaldamine on lihtne kahele inimesele ning eelpuuritud profiilid ja eell\u00f5igatud paneelid ja kruvid on komplektis.<br \/>\nIntegreeritud 40 mm vihmaveerennid v\u00f5imaldavad koguda vihmavett. Pakett sisaldab kinnitusvahendeid ning ruudukujulist paviljoni on lihtne liigutada ja mis tahes platvormile ankurdada. Varikatuse \u00e4\u00e4rtesse on integreeritud siinid ja konksud kardinate v\u00f5i s\u00e4\u00e4sev\u00f5rkude kinnitamiseks.<\/p>\n<p>&nbsp;<\/p>\n<p><strong>TOOTE TEAVE:<\/strong><\/p>\n<p>Kood: 6001705<br \/>\nK\u00f5rgus (cm): 274,5 cm<br \/>\nLaius (cm): 296 cm<br \/>\nS\u00fcgavus (cm): 360 cm<br \/>\nSuurus (m x m): 3 x 3,6 m<br \/>\nV\u00e4rv: hall<br \/>\nMaterjal: alumiinium, pol\u00fckarbonaat<br \/>\nMaterjali spetsifikatsioon: pulberv\u00e4rvitud alumiiniumraam, katus 6 mm paksusest, l\u00f6\u00f6gikindel ja 100% UV-kaitsega pol\u00fckarbonaatpaneel<br \/>\nKaane v\u00e4rv: Toonitud pronks<br \/>\nIntegreeritud renn: Jah, 40 mm vihmaveerennid, v\u00f5imaldavad koguda vett<br \/>\nPaigaldamine: Saab paigaldada kaks inimest, saab liigutada ja ankurdada mis tahes platvormile<br \/>\nLae tuulutusava: Jah, v\u00f5imaldab \u00f5huvoolu ja suitsu eemaldamist<br \/>\nTuuletakistus: 90 km\/h<br \/>\nvalguse l\u00e4bilaskvus: 15%<br \/>\nLumekoormus: 75 kg\/m\u00b2<\/p>\n<p>&nbsp;<\/p>\n<p>Tarne sisu: eelpuuritud profiilid, katusepaneelid, kruvid, ankurdus- ja jalaplaadid ja vihmaveerennid<\/p>\n<p>&nbsp;<\/p>\n<p><strong>LUMEKOORMUS:<\/strong><\/p>\n<p>Katustelt tuleb alati eemaldada liigne lumekoormus. Garantii ei kata lumekoormuse liigsest kaalust tingitud katuse sissevajumist.<\/p>\n","protected":false},"excerpt":{"rendered":"<p>Palram-Canopia MARTINIQUE 4300 on vastupidav ja stiilne varikatus. Paviljonil on vastupidav, roostekindel ja antratsiithalli pulberv\u00e4rvitud alumiiniumraam ning tsingitud terasest liigendid. Praktiliselt purunematud, 100% UV-kaitsega 6 mm pol\u00fckarbonaat paneelid kaitsevad kahjulike UV-kiirte, vihma ja lume eest.<\/p>\n","protected":false},"featured_media":85432,"comment_status":"open","ping_status":"closed","template":"","meta":{"_acf_changed":false},"factory":[],"free-shipment":[],"product_brand":[],"product_cat":[924,1912],"product_tag":[1918,1483,1484,2714],"class_list":{"0":"post-85440","1":"product","2":"type-product","3":"status-publish","4":"has-post-thumbnail","6":"product_cat-aiatooted","7":"product_cat-varikatused","8":"product_tag-canopies-et","9":"product_tag-garden-et","10":"product_tag-yard-et","11":"product_tag-yard-and-garden-et","13":"first","14":"instock","15":"sale","16":"taxable","17":"shipping-taxable","18":"purchasable","19":"product-type-simple"},"acf":[],"_links":{"self":[{"href":"https:\/\/factory.sale\/et\/wp-json\/wp\/v2\/product\/85440","targetHints":{"allow":["GET"]}}],"collection":[{"href":"https:\/\/factory.sale\/et\/wp-json\/wp\/v2\/product"}],"about":[{"href":"https:\/\/factory.sale\/et\/wp-json\/wp\/v2\/types\/product"}],"replies":[{"embeddable":true,"href":"https:\/\/factory.sale\/et\/wp-json\/wp\/v2\/comments?post=85440"}],"wp:featuredmedia":[{"embeddable":true,"href":"https:\/\/factory.sale\/et\/wp-json\/wp\/v2\/media\/85432"}],"wp:attachment":[{"href":"https:\/\/factory.sale\/et\/wp-json\/wp\/v2\/media?parent=85440"}],"wp:term":[{"taxonomy":"factory","embeddable":true,"href":"https:\/\/factory.sale\/et\/wp-json\/wp\/v2\/factory?post=85440"},{"taxonomy":"free-shipment","embeddable":true,"href":"https:\/\/factory.sale\/et\/wp-json\/wp\/v2\/free-shipment?post=85440"},{"taxonomy":"product_brand","embeddable":true,"href":"https:\/\/factory.sale\/et\/wp-json\/wp\/v2\/product_brand?post=85440"},{"taxonomy":"product_cat","embeddable":true,"href":"https:\/\/factory.sale\/et\/wp-json\/wp\/v2\/product_cat?post=85440"},{"taxonomy":"product_tag","embeddable":true,"href":"https:\/\/factory.sale\/et\/wp-json\/wp\/v2\/product_tag?post=85440"}],"curies":[{"name":"wp","href":"https:\/\/api.w.org\/{rel}","templated":true}]}}