{"id":85425,"date":"2024-05-28T16:12:17","date_gmt":"2024-05-28T16:15:59","guid":{"rendered":"https:\/\/factory.sale\/?post_type=product&#038;p=85425"},"modified":"2024-06-27T02:31:50","modified_gmt":"2024-06-27T02:31:50","slug":"varikatus-terrassile-olympia-3x305-hall-kirgas","status":"publish","type":"product","link":"https:\/\/factory.sale\/et\/toode\/varikatus-terrassile-olympia-3x305-hall-kirgas\/","title":{"rendered":"Varikatus terrassile Olympia 3\u00d73,05 hall\/kirgas"},"content":{"rendered":"<p>L\u00f5\u00f5gastu ja naudi \u00f5ues olemist Palram-Copy 3\u00d73 meetrise Olympia terrassivarikatuse all. Varikatus on loodud vastu pidama karmidele ilmastikutingimustele, suurele lumekoormusele ja tugevale tuulele. Praktiliselt purunematud 16 mm pol\u00fckarbonaadist k\u00e4rglehest laepaneelid on 100% UV-kaitsega ning blokeerivad kahjulikku UV-kiirgust. Paigaldamine saab toimuda ohutult, kiiresti ja lihtsalt liugustega laepaneelide ja eelpuuritud profiilide abil. Kruvid on tarnega kaasas.<\/p>\n<p>Varikatus on reguleeritava seina\u00fchendusega ja vabalt positsioneeritavate tugevate 8\u00d78 cm esipostidega. Tugev konstruktsioon koosneb tugevatest ja korrosioonikindlatest pulberv\u00e4rvitud alumiiniumprofiilidest ja tsingitud terasest liigenditest. Tarne sisaldab ankurdus- ja jalaplaate, millega saad kinnitada terrassi varikatuse enda valitud platvormile. Integreeritud 50 mm r\u00e4\u00e4stas\u00fcsteem v\u00f5imaldab vihmavett juhtida ja kastmiss\u00fcsteemi koguda. Hooldusvaba varikatus ei roosteta, m\u00e4dane ega purune.<\/p>\n<p>&nbsp;<\/p>\n<p>&nbsp;<\/p>\n<p><strong>TOOTE M\u00d5\u00d5DUD:<\/strong><\/p>\n<p>Kood: 6001673<br \/>\nHarja k\u00f5rgus : 305 cm<br \/>\nR\u00e4\u00e4sta k\u00f5rgus : 210 cm<br \/>\nLaius : 307 cm<br \/>\nS\u00fcgavus : 295 cm<br \/>\nPindala : 9,1 m\u00b2<\/p>\n<p>&nbsp;<\/p>\n<p><strong>TOOTE OMADUSED:<\/strong><\/p>\n<p>V\u00e4rv: hall<br \/>\nMaterjal: Alumiinium<br \/>\nPind: Pulberv\u00e4rv<br \/>\nKatuse pindala : 9 m\u00b2<br \/>\nGarantii: 12 aastat<br \/>\nTuulekindlus: 120 km\/h<br \/>\nKatuse paneelid: Kirgas 61 %<br \/>\nKaal: 58.3 kg<br \/>\nLiugpaneelid<br \/>\nSisaldab vihmaveerenne ja torusid<\/p>\n<p>&nbsp;<\/p>\n<p>Komplekti kuuluvad ankurdus ja jalaplaadid, millega saate terrassikatuse oma valitud alusele kinnitada.<\/p>\n","protected":false},"excerpt":{"rendered":"<p>L\u00f5\u00f5gastu ja naudi \u00f5ues olemist Palram-Copy 3\u00d73 meetrise Olympia terrassivarikatuse all. Varikatus on loodud vastu pidama karmidele ilmastikutingimustele, suurele lumekoormusele ja tugevale tuulele. Praktiliselt purunematud 16 mm pol\u00fckarbonaadist k\u00e4rglehest laepaneelid on 100% UV-kaitsega ning blokeerivad kahjulikku UV-kiirgust. Paigaldamine saab toimuda ohutult, kiiresti ja lihtsalt liugustega laepaneelide ja eelpuuritud profiilide abil. Kruvid on tarnega kaasas.<\/p>\n","protected":false},"featured_media":85417,"comment_status":"open","ping_status":"closed","template":"","meta":{"_acf_changed":false},"factory":[],"free-shipment":[],"product_brand":[],"product_cat":[924,1912],"product_tag":[1483,1484],"class_list":{"0":"post-85425","1":"product","2":"type-product","3":"status-publish","4":"has-post-thumbnail","6":"product_cat-aiatooted","7":"product_cat-varikatused","8":"product_tag-garden-et","9":"product_tag-yard-et","11":"first","12":"instock","13":"sale","14":"taxable","15":"shipping-taxable","16":"purchasable","17":"product-type-simple"},"acf":[],"_links":{"self":[{"href":"https:\/\/factory.sale\/et\/wp-json\/wp\/v2\/product\/85425","targetHints":{"allow":["GET"]}}],"collection":[{"href":"https:\/\/factory.sale\/et\/wp-json\/wp\/v2\/product"}],"about":[{"href":"https:\/\/factory.sale\/et\/wp-json\/wp\/v2\/types\/product"}],"replies":[{"embeddable":true,"href":"https:\/\/factory.sale\/et\/wp-json\/wp\/v2\/comments?post=85425"}],"wp:featuredmedia":[{"embeddable":true,"href":"https:\/\/factory.sale\/et\/wp-json\/wp\/v2\/media\/85417"}],"wp:attachment":[{"href":"https:\/\/factory.sale\/et\/wp-json\/wp\/v2\/media?parent=85425"}],"wp:term":[{"taxonomy":"factory","embeddable":true,"href":"https:\/\/factory.sale\/et\/wp-json\/wp\/v2\/factory?post=85425"},{"taxonomy":"free-shipment","embeddable":true,"href":"https:\/\/factory.sale\/et\/wp-json\/wp\/v2\/free-shipment?post=85425"},{"taxonomy":"product_brand","embeddable":true,"href":"https:\/\/factory.sale\/et\/wp-json\/wp\/v2\/product_brand?post=85425"},{"taxonomy":"product_cat","embeddable":true,"href":"https:\/\/factory.sale\/et\/wp-json\/wp\/v2\/product_cat?post=85425"},{"taxonomy":"product_tag","embeddable":true,"href":"https:\/\/factory.sale\/et\/wp-json\/wp\/v2\/product_tag?post=85425"}],"curies":[{"name":"wp","href":"https:\/\/api.w.org\/{rel}","templated":true}]}}