{"id":85408,"date":"2024-05-28T15:52:53","date_gmt":"2024-05-28T15:54:47","guid":{"rendered":"https:\/\/factory.sale\/?post_type=product&#038;p=85408"},"modified":"2024-06-25T13:49:17","modified_gmt":"2024-06-25T13:49:17","slug":"varikatus-3x4m-sevilla","status":"publish","type":"product","link":"https:\/\/factory.sale\/et\/toode\/varikatus-3x4m-sevilla\/","title":{"rendered":"Varikatus 3x4m Sevilla"},"content":{"rendered":"<p>Varikatus pakub leevendust kuuma p\u00e4ikese eest ja ka kergemate tuulepuhangute korral.<br \/>\nTootel on pol\u00fckarbonaadist katus, mille paksus on 6mm.<br \/>\nPol\u00fckarbonaat ehk kihtplastik on tugev ja keskkonnas\u00f5bralik materjal, mis on vastupidav ka muutlikes ilmastikutingimustes.<br \/>\nSamuti on materjalil hea valguse l\u00e4bilaskvus ja k\u00f5rge temperatuuritaluvus.<br \/>\nVarikatuse k\u00fcljekardinad on valmistatud pol\u00fcesterkangast 180g\/m\u00b2.<\/p>\n<p>&nbsp;<\/p>\n<p>Kood: 6001663<\/p>\n<p>V\u00e4rv: bee\u017e<\/p>\n<p>Varikatuse juurde kuuluvad ka nailonist s\u00e4\u00e4sev\u00f5rgud.<\/p>\n<p>Toote pruun alumiiniumraam on pulberv\u00e4rvitud.<\/p>\n<p>K\u00fclje postide m\u00f5\u00f5dud on 76x76x1mm, risttala m\u00f5\u00f5dud 110x50mm ning katuseribad 30x26mm.<\/p>\n<p>Varikatuse kogum\u00f5\u00f5dud on 3x3x2,6m ja 3x4x2,6m.<\/p>\n<p>&nbsp;<\/p>\n<p><strong><em>HOIATUS: varikatus tuleb kasutamisel fikseerida aluspinnale. Toode ei ole m\u00f5eldud kasutamiseks tugeva tuule, vihma ja lume korral.<\/em><\/strong><\/p>\n","protected":false},"excerpt":{"rendered":"<p>Varikatus pakub leevendust kuuma p\u00e4ikese eest ja ka kergemate tuulepuhangute korral.<\/p>\n","protected":false},"featured_media":85395,"comment_status":"open","ping_status":"closed","template":"","meta":{"_acf_changed":false},"factory":[],"free-shipment":[],"product_brand":[],"product_cat":[924,1912],"product_tag":[1918,1484,2714],"class_list":{"0":"post-85408","1":"product","2":"type-product","3":"status-publish","4":"has-post-thumbnail","6":"product_cat-aiatooted","7":"product_cat-varikatused","8":"product_tag-canopies-et","9":"product_tag-yard-et","10":"product_tag-yard-and-garden-et","12":"first","13":"instock","14":"sale","15":"taxable","16":"shipping-taxable","17":"purchasable","18":"product-type-simple"},"acf":[],"_links":{"self":[{"href":"https:\/\/factory.sale\/et\/wp-json\/wp\/v2\/product\/85408","targetHints":{"allow":["GET"]}}],"collection":[{"href":"https:\/\/factory.sale\/et\/wp-json\/wp\/v2\/product"}],"about":[{"href":"https:\/\/factory.sale\/et\/wp-json\/wp\/v2\/types\/product"}],"replies":[{"embeddable":true,"href":"https:\/\/factory.sale\/et\/wp-json\/wp\/v2\/comments?post=85408"}],"wp:featuredmedia":[{"embeddable":true,"href":"https:\/\/factory.sale\/et\/wp-json\/wp\/v2\/media\/85395"}],"wp:attachment":[{"href":"https:\/\/factory.sale\/et\/wp-json\/wp\/v2\/media?parent=85408"}],"wp:term":[{"taxonomy":"factory","embeddable":true,"href":"https:\/\/factory.sale\/et\/wp-json\/wp\/v2\/factory?post=85408"},{"taxonomy":"free-shipment","embeddable":true,"href":"https:\/\/factory.sale\/et\/wp-json\/wp\/v2\/free-shipment?post=85408"},{"taxonomy":"product_brand","embeddable":true,"href":"https:\/\/factory.sale\/et\/wp-json\/wp\/v2\/product_brand?post=85408"},{"taxonomy":"product_cat","embeddable":true,"href":"https:\/\/factory.sale\/et\/wp-json\/wp\/v2\/product_cat?post=85408"},{"taxonomy":"product_tag","embeddable":true,"href":"https:\/\/factory.sale\/et\/wp-json\/wp\/v2\/product_tag?post=85408"}],"curies":[{"name":"wp","href":"https:\/\/api.w.org\/{rel}","templated":true}]}}