{"id":85294,"date":"2024-05-24T19:48:09","date_gmt":"2024-05-24T19:50:04","guid":{"rendered":"https:\/\/factory.sale\/?post_type=product&#038;p=85294"},"modified":"2024-06-25T12:05:09","modified_gmt":"2024-06-25T12:05:09","slug":"pink-modo8-35","status":"publish","type":"product","link":"https:\/\/factory.sale\/et\/toode\/pink-modo8-35\/","title":{"rendered":"Pink MODO8 35"},"content":{"rendered":"<p>Pingi jalad on valmistatud malmist, v\u00e4rvitud s\u00fcnteetilise vaigu baasil emailiga, mis annab sepistatud metalli v\u00e4limuse.<\/p>\n<p>&nbsp;<\/p>\n<p>T\u00e4iendava metallribaga.<\/p>\n<p>6 v\u00f5i 5 troopilist puitlauda 100 x 35 x 1800 mm.<\/p>\n<p>Lauad on \u00f5litatud vastavalt valitud v\u00e4rvile.<\/p>\n<p>Roostevabast terasest kruvid.<\/p>\n<p>Ilmastikukindel.<\/p>\n<p>Pink on kohandatud betoonaluse k\u00fclge ankurdamiseks.<\/p>\n","protected":false},"excerpt":{"rendered":"<p>Pingi jalad on valmistatud malmist, v\u00e4rvitud s\u00fcnteetilise vaigu baasil emailiga, mis annab sepistatud metalli v\u00e4limuse.<\/p>\n","protected":false},"featured_media":85292,"comment_status":"open","ping_status":"closed","template":"","meta":{"_acf_changed":false},"factory":[],"free-shipment":[],"product_brand":[],"product_cat":[1100,1114],"product_tag":[2713,2714],"class_list":{"0":"post-85294","1":"product","2":"type-product","3":"status-publish","4":"has-post-thumbnail","6":"product_cat-linnamoobel","7":"product_cat-pingid","8":"product_tag-bench-et","9":"product_tag-yard-and-garden-et","11":"first","12":"instock","13":"sale","14":"taxable","15":"shipping-taxable","16":"purchasable","17":"product-type-simple"},"acf":[],"_links":{"self":[{"href":"https:\/\/factory.sale\/et\/wp-json\/wp\/v2\/product\/85294","targetHints":{"allow":["GET"]}}],"collection":[{"href":"https:\/\/factory.sale\/et\/wp-json\/wp\/v2\/product"}],"about":[{"href":"https:\/\/factory.sale\/et\/wp-json\/wp\/v2\/types\/product"}],"replies":[{"embeddable":true,"href":"https:\/\/factory.sale\/et\/wp-json\/wp\/v2\/comments?post=85294"}],"wp:featuredmedia":[{"embeddable":true,"href":"https:\/\/factory.sale\/et\/wp-json\/wp\/v2\/media\/85292"}],"wp:attachment":[{"href":"https:\/\/factory.sale\/et\/wp-json\/wp\/v2\/media?parent=85294"}],"wp:term":[{"taxonomy":"factory","embeddable":true,"href":"https:\/\/factory.sale\/et\/wp-json\/wp\/v2\/factory?post=85294"},{"taxonomy":"free-shipment","embeddable":true,"href":"https:\/\/factory.sale\/et\/wp-json\/wp\/v2\/free-shipment?post=85294"},{"taxonomy":"product_brand","embeddable":true,"href":"https:\/\/factory.sale\/et\/wp-json\/wp\/v2\/product_brand?post=85294"},{"taxonomy":"product_cat","embeddable":true,"href":"https:\/\/factory.sale\/et\/wp-json\/wp\/v2\/product_cat?post=85294"},{"taxonomy":"product_tag","embeddable":true,"href":"https:\/\/factory.sale\/et\/wp-json\/wp\/v2\/product_tag?post=85294"}],"curies":[{"name":"wp","href":"https:\/\/api.w.org\/{rel}","templated":true}]}}